{"id":576,"date":"2024-11-04T11:01:22","date_gmt":"2024-11-04T10:01:22","guid":{"rendered":"https:\/\/monpendulehowood.com\/?page_id=576"},"modified":"2025-01-22T15:14:45","modified_gmt":"2025-01-22T14:14:45","slug":"mentions-legales-howood-royan-charente-maritime-creation-artisanale-pendule-bois","status":"publish","type":"page","link":"https:\/\/howood.fr\/index.php\/mentions-legales-howood-royan-charente-maritime-creation-artisanale-pendule-bois\/","title":{"rendered":"Mentions l\u00e9gales"},"content":{"rendered":"\t\t<div data-elementor-type=\"wp-page\" data-elementor-id=\"576\" class=\"elementor elementor-576\" data-elementor-post-type=\"page\">\n\t\t\t\t<div class=\"elementor-element elementor-element-f59fd92 e-flex e-con-boxed e-con e-parent\" data-id=\"f59fd92\" data-element_type=\"container\" data-e-type=\"container\">\n\t\t\t\t\t<div class=\"e-con-inner\">\n\t\t\t\t<div class=\"elementor-element elementor-element-687ca5f elementor-widget elementor-widget-heading\" data-id=\"687ca5f\" data-element_type=\"widget\" data-e-type=\"widget\" data-widget_type=\"heading.default\">\n\t\t\t\t<div class=\"elementor-widget-container\">\n\t\t\t\t\t<h1 class=\"elementor-heading-title elementor-size-default\">Mentions l\u00e9gales<\/h1>\t\t\t\t<\/div>\n\t\t\t\t<\/div>\n\t\t\t\t<div class=\"elementor-element elementor-element-4da1be3 elementor-widget elementor-widget-text-editor\" data-id=\"4da1be3\" data-element_type=\"widget\" data-e-type=\"widget\" data-widget_type=\"text-editor.default\">\n\t\t\t\t<div class=\"elementor-widget-container\">\n\t\t\t\t\t\t\t\t\t<p>Conform\u00e9ment aux dispositions des articles 6-III et 19 de la Loi n\u00b0 2004-575 du 21 juin 2004 pour la Confiance dans l&rsquo;\u00e9conomie num\u00e9rique, dite L.C.E.N., nous portons \u00e0 la connaissance des utilisateurs et visiteurs du site howood.fr\u00a0les informations suivantes :<\/p>\t\t\t\t\t\t\t\t<\/div>\n\t\t\t\t<\/div>\n\t\t\t\t<div class=\"elementor-element elementor-element-359d987 elementor-widget-mobile__width-inherit elementor-widget elementor-widget-heading\" data-id=\"359d987\" data-element_type=\"widget\" data-e-type=\"widget\" data-widget_type=\"heading.default\">\n\t\t\t\t<div class=\"elementor-widget-container\">\n\t\t\t\t\t<h2 class=\"elementor-heading-title elementor-size-default\">Propri\u00e9t\u00e9 du site<\/h2>\t\t\t\t<\/div>\n\t\t\t\t<\/div>\n\t\t\t\t<div class=\"elementor-element elementor-element-16c5bbe elementor-icon-list--layout-traditional elementor-list-item-link-full_width elementor-widget elementor-widget-icon-list\" data-id=\"16c5bbe\" data-element_type=\"widget\" data-e-type=\"widget\" data-widget_type=\"icon-list.default\">\n\t\t\t\t<div class=\"elementor-widget-container\">\n\t\t\t\t\t\t\t<ul class=\"elementor-icon-list-items\">\n\t\t\t\t\t\t\t<li class=\"elementor-icon-list-item\">\n\t\t\t\t\t\t\t\t\t\t\t<span class=\"elementor-icon-list-icon\">\n\t\t\t\t\t\t\t<svg aria-hidden=\"true\" class=\"e-font-icon-svg e-fas-square-full\" viewBox=\"0 0 512 512\" xmlns=\"http:\/\/www.w3.org\/2000\/svg\"><path d=\"M512 512H0V0h512v512z\"><\/path><\/svg>\t\t\t\t\t\t<\/span>\n\t\t\t\t\t\t\t\t\t\t<span class=\"elementor-icon-list-text\">Le site https:\/\/howood.fr est la propri\u00e9t\u00e9 de Corinne LIGEARD ind\u00e9pendant 81779225200014 - 36 avenue du Val Joyeux 17200 ROYAN<\/span>\n\t\t\t\t\t\t\t\t\t<\/li>\n\t\t\t\t\t\t<\/ul>\n\t\t\t\t\t\t<\/div>\n\t\t\t\t<\/div>\n\t\t\t\t<div class=\"elementor-element elementor-element-4c2dff6 elementor-icon-list--layout-traditional elementor-list-item-link-full_width elementor-widget elementor-widget-icon-list\" data-id=\"4c2dff6\" data-element_type=\"widget\" data-e-type=\"widget\" data-widget_type=\"icon-list.default\">\n\t\t\t\t<div class=\"elementor-widget-container\">\n\t\t\t\t\t\t\t<ul class=\"elementor-icon-list-items\">\n\t\t\t\t\t\t\t<li class=\"elementor-icon-list-item\">\n\t\t\t\t\t\t\t\t\t\t\t<span class=\"elementor-icon-list-icon\">\n\t\t\t\t\t\t\t<svg aria-hidden=\"true\" class=\"e-font-icon-svg e-fas-square-full\" viewBox=\"0 0 512 512\" xmlns=\"http:\/\/www.w3.org\/2000\/svg\"><path d=\"M512 512H0V0h512v512z\"><\/path><\/svg>\t\t\t\t\t\t<\/span>\n\t\t\t\t\t\t\t\t\t\t<span class=\"elementor-icon-list-text\">Directrice du publication : Corinne LIGEARD<\/span>\n\t\t\t\t\t\t\t\t\t<\/li>\n\t\t\t\t\t\t<\/ul>\n\t\t\t\t\t\t<\/div>\n\t\t\t\t<\/div>\n\t\t\t\t<div class=\"elementor-element elementor-element-b870323 elementor-widget elementor-widget-text-editor\" data-id=\"b870323\" data-element_type=\"widget\" data-e-type=\"widget\" data-widget_type=\"text-editor.default\">\n\t\t\t\t<div class=\"elementor-widget-container\">\n\t\t\t\t\t\t\t\t\t<p>Tous les \u00e9l\u00e9ments contenus sur le site monpendulehowood.com que ce soient le \u00a0graphisme, les logos, images, textes, pictogrammes etc\u2026 sont la propri\u00e9t\u00e9 exclusive de Corinne LIGEARD. Toute utilisation de ces contenus est soumise \u00e0 autorisation \u00e9crite.<\/p>\t\t\t\t\t\t\t\t<\/div>\n\t\t\t\t<\/div>\n\t\t\t\t<div class=\"elementor-element elementor-element-46024ec elementor-widget-mobile__width-inherit elementor-widget elementor-widget-heading\" data-id=\"46024ec\" data-element_type=\"widget\" data-e-type=\"widget\" data-widget_type=\"heading.default\">\n\t\t\t\t<div class=\"elementor-widget-container\">\n\t\t\t\t\t<h2 class=\"elementor-heading-title elementor-size-default\">Cr\u00e9ation du site internet <\/h2>\t\t\t\t<\/div>\n\t\t\t\t<\/div>\n\t\t\t\t<div class=\"elementor-element elementor-element-d8de3a5 elementor-widget elementor-widget-text-editor\" data-id=\"d8de3a5\" data-element_type=\"widget\" data-e-type=\"widget\" data-widget_type=\"text-editor.default\">\n\t\t\t\t<div class=\"elementor-widget-container\">\n\t\t\t\t\t\t\t\t\t<p>Le site web https:\/\/howood.fr a \u00e9t\u00e9 r\u00e9alis\u00e9 par la Soci\u00e9t\u00e9 <a href=\"_wp_link_placeholder\" data-wplink-edit=\"true\">JCGRAPHISM<\/a>, immatricul\u00e9e sous le num\u00e9ro de SIRET: 414 623 637 00074. Cr\u00e9dits photographiques : Corinne LIGEARD &#8211; JCGRAPHISM &#8211; AdobeStock .<\/p>\t\t\t\t\t\t\t\t<\/div>\n\t\t\t\t<\/div>\n\t\t\t\t<div class=\"elementor-element elementor-element-c0c9fb9 elementor-widget-mobile__width-inherit elementor-widget elementor-widget-heading\" data-id=\"c0c9fb9\" data-element_type=\"widget\" data-e-type=\"widget\" data-widget_type=\"heading.default\">\n\t\t\t\t<div class=\"elementor-widget-container\">\n\t\t\t\t\t<h2 class=\"elementor-heading-title elementor-size-default\">H\u00e9bergement<\/h2>\t\t\t\t<\/div>\n\t\t\t\t<\/div>\n\t\t\t\t<div class=\"elementor-element elementor-element-32472be elementor-widget elementor-widget-text-editor\" data-id=\"32472be\" data-element_type=\"widget\" data-e-type=\"widget\" data-widget_type=\"text-editor.default\">\n\t\t\t\t<div class=\"elementor-widget-container\">\n\t\t\t\t\t\t\t\t\t<p>Le site est h\u00e9berg\u00e9 par la soci\u00e9t\u00e9 <a href=\"https:\/\/www.ovhcloud.com\/fr\/\">OVH<\/a>\u00a0\u2013 SAS au capital de 10 059 500 \u20ac RCS Lille M\u00e9tropole 424 761 419 00045 Si\u00e8ge social : 2, rue Kellermann \u2013 59100 Roubaix<\/p>\t\t\t\t\t\t\t\t<\/div>\n\t\t\t\t<\/div>\n\t\t\t\t\t<\/div>\n\t\t\t\t<\/div>\n\t\t\t\t<\/div>\n\t\t","protected":false},"excerpt":{"rendered":"<p>Mentions l\u00e9gales Conform\u00e9ment aux dispositions des articles 6-III et 19 de la Loi n\u00b0 2004-575 du 21 juin 2004 pour la Confiance dans l&rsquo;\u00e9conomie num\u00e9rique, dite L.C.E.N., nous portons \u00e0 la connaissance des utilisateurs et visiteurs du site howood.fr\u00a0les informations suivantes : Propri\u00e9t\u00e9 du site Le site https:\/\/howood.fr est la propri\u00e9t\u00e9 de Corinne LIGEARD ind\u00e9pendant [&hellip;]<\/p>\n","protected":false},"author":3,"featured_media":0,"parent":0,"menu_order":0,"comment_status":"closed","ping_status":"closed","template":"elementor_header_footer","meta":{"footnotes":""},"class_list":["post-576","page","type-page","status-publish","hentry"],"yoast_head":"<!-- This site is optimized with the Yoast SEO plugin v27.4 - https:\/\/yoast.com\/product\/yoast-seo-wordpress\/ -->\n<title>Mentions l\u00e9gales - HoWood<\/title>\n<meta name=\"description\" content=\"Mentions l\u00e9gales du site. D\u00e9couvrez les informations l\u00e9gales obligatoires concernant la propri\u00e9t\u00e9, la cr\u00e9ation et l&#039;h\u00e9bergement de ce site.\" \/>\n<meta name=\"robots\" content=\"index, follow, max-snippet:-1, max-image-preview:large, max-video-preview:-1\" \/>\n<link rel=\"canonical\" href=\"https:\/\/howood.fr\/index.php\/mentions-legales-howood-royan-charente-maritime-creation-artisanale-pendule-bois\/\" \/>\n<meta property=\"og:locale\" content=\"fr_FR\" \/>\n<meta property=\"og:type\" content=\"article\" \/>\n<meta property=\"og:title\" content=\"Mentions l\u00e9gales - HoWood\" \/>\n<meta property=\"og:description\" content=\"Mentions l\u00e9gales du site. D\u00e9couvrez les informations l\u00e9gales obligatoires concernant la propri\u00e9t\u00e9, la cr\u00e9ation et l&#039;h\u00e9bergement de ce site.\" \/>\n<meta property=\"og:url\" content=\"https:\/\/howood.fr\/index.php\/mentions-legales-howood-royan-charente-maritime-creation-artisanale-pendule-bois\/\" \/>\n<meta property=\"og:site_name\" content=\"HoWood\" \/>\n<meta property=\"article:modified_time\" content=\"2025-01-22T14:14:45+00:00\" \/>\n<meta property=\"og:image\" content=\"https:\/\/howood.fr\/wp-content\/uploads\/2024\/10\/cropped-logo-HW-300.webp\" \/>\n\t<meta property=\"og:image:width\" content=\"512\" \/>\n\t<meta property=\"og:image:height\" content=\"512\" \/>\n\t<meta property=\"og:image:type\" content=\"image\/webp\" \/>\n<meta name=\"twitter:card\" content=\"summary_large_image\" \/>\n<meta name=\"twitter:label1\" content=\"Dur\u00e9e de lecture estim\u00e9e\" \/>\n\t<meta name=\"twitter:data1\" content=\"1 minute\" \/>\n<script type=\"application\/ld+json\" class=\"yoast-schema-graph\">{\"@context\":\"https:\\\/\\\/schema.org\",\"@graph\":[{\"@type\":\"WebPage\",\"@id\":\"https:\\\/\\\/howood.fr\\\/index.php\\\/mentions-legales-howood-royan-charente-maritime-creation-artisanale-pendule-bois\\\/\",\"url\":\"https:\\\/\\\/howood.fr\\\/index.php\\\/mentions-legales-howood-royan-charente-maritime-creation-artisanale-pendule-bois\\\/\",\"name\":\"Mentions l\u00e9gales - HoWood\",\"isPartOf\":{\"@id\":\"https:\\\/\\\/howood.fr\\\/#website\"},\"datePublished\":\"2024-11-04T10:01:22+00:00\",\"dateModified\":\"2025-01-22T14:14:45+00:00\",\"description\":\"Mentions l\u00e9gales du site. D\u00e9couvrez les informations l\u00e9gales obligatoires concernant la propri\u00e9t\u00e9, la cr\u00e9ation et l'h\u00e9bergement de ce site.\",\"breadcrumb\":{\"@id\":\"https:\\\/\\\/howood.fr\\\/index.php\\\/mentions-legales-howood-royan-charente-maritime-creation-artisanale-pendule-bois\\\/#breadcrumb\"},\"inLanguage\":\"fr-FR\",\"potentialAction\":[{\"@type\":\"ReadAction\",\"target\":[\"https:\\\/\\\/howood.fr\\\/index.php\\\/mentions-legales-howood-royan-charente-maritime-creation-artisanale-pendule-bois\\\/\"]}]},{\"@type\":\"BreadcrumbList\",\"@id\":\"https:\\\/\\\/howood.fr\\\/index.php\\\/mentions-legales-howood-royan-charente-maritime-creation-artisanale-pendule-bois\\\/#breadcrumb\",\"itemListElement\":[{\"@type\":\"ListItem\",\"position\":1,\"name\":\"Accueil\",\"item\":\"https:\\\/\\\/howood.fr\\\/\"},{\"@type\":\"ListItem\",\"position\":2,\"name\":\"Mentions l\u00e9gales\"}]},{\"@type\":\"WebSite\",\"@id\":\"https:\\\/\\\/howood.fr\\\/#website\",\"url\":\"https:\\\/\\\/howood.fr\\\/\",\"name\":\"HoWood\",\"description\":\"pendule de radiesth\u00e9sie Artisanal HoWood\",\"publisher\":{\"@id\":\"https:\\\/\\\/howood.fr\\\/#organization\"},\"potentialAction\":[{\"@type\":\"SearchAction\",\"target\":{\"@type\":\"EntryPoint\",\"urlTemplate\":\"https:\\\/\\\/howood.fr\\\/?s={search_term_string}\"},\"query-input\":{\"@type\":\"PropertyValueSpecification\",\"valueRequired\":true,\"valueName\":\"search_term_string\"}}],\"inLanguage\":\"fr-FR\"},{\"@type\":\"Organization\",\"@id\":\"https:\\\/\\\/howood.fr\\\/#organization\",\"name\":\"HoWood\",\"url\":\"https:\\\/\\\/howood.fr\\\/\",\"logo\":{\"@type\":\"ImageObject\",\"inLanguage\":\"fr-FR\",\"@id\":\"https:\\\/\\\/howood.fr\\\/#\\\/schema\\\/logo\\\/image\\\/\",\"url\":\"https:\\\/\\\/howood.fr\\\/wp-content\\\/uploads\\\/2024\\\/10\\\/logo-HW-150.webp\",\"contentUrl\":\"https:\\\/\\\/howood.fr\\\/wp-content\\\/uploads\\\/2024\\\/10\\\/logo-HW-150.webp\",\"width\":150,\"height\":150,\"caption\":\"HoWood\"},\"image\":{\"@id\":\"https:\\\/\\\/howood.fr\\\/#\\\/schema\\\/logo\\\/image\\\/\"}}]}<\/script>\n<!-- \/ Yoast SEO plugin. -->","yoast_head_json":{"title":"Mentions l\u00e9gales - HoWood","description":"Mentions l\u00e9gales du site. D\u00e9couvrez les informations l\u00e9gales obligatoires concernant la propri\u00e9t\u00e9, la cr\u00e9ation et l'h\u00e9bergement de ce site.","robots":{"index":"index","follow":"follow","max-snippet":"max-snippet:-1","max-image-preview":"max-image-preview:large","max-video-preview":"max-video-preview:-1"},"canonical":"https:\/\/howood.fr\/index.php\/mentions-legales-howood-royan-charente-maritime-creation-artisanale-pendule-bois\/","og_locale":"fr_FR","og_type":"article","og_title":"Mentions l\u00e9gales - HoWood","og_description":"Mentions l\u00e9gales du site. D\u00e9couvrez les informations l\u00e9gales obligatoires concernant la propri\u00e9t\u00e9, la cr\u00e9ation et l'h\u00e9bergement de ce site.","og_url":"https:\/\/howood.fr\/index.php\/mentions-legales-howood-royan-charente-maritime-creation-artisanale-pendule-bois\/","og_site_name":"HoWood","article_modified_time":"2025-01-22T14:14:45+00:00","og_image":[{"width":512,"height":512,"url":"https:\/\/howood.fr\/wp-content\/uploads\/2024\/10\/cropped-logo-HW-300.webp","type":"image\/webp"}],"twitter_card":"summary_large_image","twitter_misc":{"Dur\u00e9e de lecture estim\u00e9e":"1 minute"},"schema":{"@context":"https:\/\/schema.org","@graph":[{"@type":"WebPage","@id":"https:\/\/howood.fr\/index.php\/mentions-legales-howood-royan-charente-maritime-creation-artisanale-pendule-bois\/","url":"https:\/\/howood.fr\/index.php\/mentions-legales-howood-royan-charente-maritime-creation-artisanale-pendule-bois\/","name":"Mentions l\u00e9gales - HoWood","isPartOf":{"@id":"https:\/\/howood.fr\/#website"},"datePublished":"2024-11-04T10:01:22+00:00","dateModified":"2025-01-22T14:14:45+00:00","description":"Mentions l\u00e9gales du site. D\u00e9couvrez les informations l\u00e9gales obligatoires concernant la propri\u00e9t\u00e9, la cr\u00e9ation et l'h\u00e9bergement de ce site.","breadcrumb":{"@id":"https:\/\/howood.fr\/index.php\/mentions-legales-howood-royan-charente-maritime-creation-artisanale-pendule-bois\/#breadcrumb"},"inLanguage":"fr-FR","potentialAction":[{"@type":"ReadAction","target":["https:\/\/howood.fr\/index.php\/mentions-legales-howood-royan-charente-maritime-creation-artisanale-pendule-bois\/"]}]},{"@type":"BreadcrumbList","@id":"https:\/\/howood.fr\/index.php\/mentions-legales-howood-royan-charente-maritime-creation-artisanale-pendule-bois\/#breadcrumb","itemListElement":[{"@type":"ListItem","position":1,"name":"Accueil","item":"https:\/\/howood.fr\/"},{"@type":"ListItem","position":2,"name":"Mentions l\u00e9gales"}]},{"@type":"WebSite","@id":"https:\/\/howood.fr\/#website","url":"https:\/\/howood.fr\/","name":"HoWood","description":"pendule de radiesth\u00e9sie Artisanal HoWood","publisher":{"@id":"https:\/\/howood.fr\/#organization"},"potentialAction":[{"@type":"SearchAction","target":{"@type":"EntryPoint","urlTemplate":"https:\/\/howood.fr\/?s={search_term_string}"},"query-input":{"@type":"PropertyValueSpecification","valueRequired":true,"valueName":"search_term_string"}}],"inLanguage":"fr-FR"},{"@type":"Organization","@id":"https:\/\/howood.fr\/#organization","name":"HoWood","url":"https:\/\/howood.fr\/","logo":{"@type":"ImageObject","inLanguage":"fr-FR","@id":"https:\/\/howood.fr\/#\/schema\/logo\/image\/","url":"https:\/\/howood.fr\/wp-content\/uploads\/2024\/10\/logo-HW-150.webp","contentUrl":"https:\/\/howood.fr\/wp-content\/uploads\/2024\/10\/logo-HW-150.webp","width":150,"height":150,"caption":"HoWood"},"image":{"@id":"https:\/\/howood.fr\/#\/schema\/logo\/image\/"}}]}},"_links":{"self":[{"href":"https:\/\/howood.fr\/index.php\/wp-json\/wp\/v2\/pages\/576","targetHints":{"allow":["GET"]}}],"collection":[{"href":"https:\/\/howood.fr\/index.php\/wp-json\/wp\/v2\/pages"}],"about":[{"href":"https:\/\/howood.fr\/index.php\/wp-json\/wp\/v2\/types\/page"}],"author":[{"embeddable":true,"href":"https:\/\/howood.fr\/index.php\/wp-json\/wp\/v2\/users\/3"}],"replies":[{"embeddable":true,"href":"https:\/\/howood.fr\/index.php\/wp-json\/wp\/v2\/comments?post=576"}],"version-history":[{"count":20,"href":"https:\/\/howood.fr\/index.php\/wp-json\/wp\/v2\/pages\/576\/revisions"}],"predecessor-version":[{"id":1708,"href":"https:\/\/howood.fr\/index.php\/wp-json\/wp\/v2\/pages\/576\/revisions\/1708"}],"wp:attachment":[{"href":"https:\/\/howood.fr\/index.php\/wp-json\/wp\/v2\/media?parent=576"}],"curies":[{"name":"wp","href":"https:\/\/api.w.org\/{rel}","templated":true}]}}