{"id":82,"date":"2024-10-07T15:32:05","date_gmt":"2024-10-07T13:32:05","guid":{"rendered":"https:\/\/monpendulehowood.com\/index.php\/about\/"},"modified":"2025-11-06T16:09:49","modified_gmt":"2025-11-06T15:09:49","slug":"corinne-ligeard-hypnose-sophrologie-pendule-divinatoire-tournage-bois-fait-main-royan-charente-maritime-france-howood-geobiologie-sourcier-magnetiseur","status":"publish","type":"page","link":"https:\/\/howood.fr\/index.php\/corinne-ligeard-hypnose-sophrologie-pendule-divinatoire-tournage-bois-fait-main-royan-charente-maritime-france-howood-geobiologie-sourcier-magnetiseur\/","title":{"rendered":"Mon histoire"},"content":{"rendered":"\t\t<div data-elementor-type=\"wp-page\" data-elementor-id=\"82\" class=\"elementor elementor-82\" data-elementor-post-type=\"page\">\n\t\t\t\t<div class=\"elementor-element elementor-element-73aff768 e-con-full e-flex e-con e-parent\" data-id=\"73aff768\" data-element_type=\"container\" data-e-type=\"container\">\n\t\t<div class=\"elementor-element elementor-element-3d3f47f3 e-con-full e-flex e-con e-child\" data-id=\"3d3f47f3\" data-element_type=\"container\" data-e-type=\"container\" data-settings=\"{&quot;background_background&quot;:&quot;classic&quot;}\">\n\t\t\t\t<div class=\"elementor-element elementor-element-4b60d0d2 elementor-cta--skin-classic elementor-animated-content elementor-bg-transform elementor-bg-transform-zoom-in elementor-widget elementor-widget-call-to-action\" data-id=\"4b60d0d2\" data-element_type=\"widget\" data-e-type=\"widget\" data-widget_type=\"call-to-action.default\">\n\t\t\t\t<div class=\"elementor-widget-container\">\n\t\t\t\t\t\t\t<div class=\"elementor-cta\">\n\t\t\t\t\t\t\t<div class=\"elementor-cta__content\">\n\t\t\t\t\n\t\t\t\t\t\t\t\t\t<h1 class=\"elementor-cta__title elementor-cta__content-item elementor-content-item\">\n\t\t\t\t\t\tToute une histoire\t\t\t\t\t<\/h1>\n\t\t\t\t\n\t\t\t\t\t\t\t\t\t<div class=\"elementor-cta__description elementor-cta__content-item elementor-content-item\">\n\t\t\t\t\t\tLe bois est vivant\t\t\t\t\t<\/div>\n\t\t\t\t\n\t\t\t\t\t\t\t<\/div>\n\t\t\t\t\t\t<\/div>\n\t\t\t\t\t\t<\/div>\n\t\t\t\t<\/div>\n\t\t\t\t<\/div>\n\t\t\t\t<\/div>\n\t\t<div class=\"elementor-element elementor-element-a29dc42 e-flex e-con-boxed e-con e-parent\" data-id=\"a29dc42\" data-element_type=\"container\" data-e-type=\"container\">\n\t\t\t\t\t<div class=\"e-con-inner\">\n\t\t<div class=\"elementor-element elementor-element-6eb2f38 e-con-full e-flex e-con e-child\" data-id=\"6eb2f38\" data-element_type=\"container\" data-e-type=\"container\">\n\t\t<div class=\"elementor-element elementor-element-7cbad7a e-con-full e-flex e-con e-child\" data-id=\"7cbad7a\" data-element_type=\"container\" data-e-type=\"container\">\n\t\t\t\t<div class=\"elementor-element elementor-element-464743f elementor-widget__width-initial elementor-widget elementor-widget-image\" data-id=\"464743f\" data-element_type=\"widget\" data-e-type=\"widget\" data-widget_type=\"image.default\">\n\t\t\t\t<div class=\"elementor-widget-container\">\n\t\t\t\t\t\t\t\t\t\t\t\t\t\t\t<img fetchpriority=\"high\" decoding=\"async\" width=\"300\" height=\"366\" src=\"https:\/\/howood.fr\/wp-content\/uploads\/2024\/11\/Corinne-ligeard-howood-royan.png\" class=\"attachment-full size-full wp-image-662\" alt=\"Corinne LIGEARD, fondatrice de HoWood. Pendules et stylos fait main en tournage sur bois\" srcset=\"https:\/\/howood.fr\/wp-content\/uploads\/2024\/11\/Corinne-ligeard-howood-royan.png 300w, https:\/\/howood.fr\/wp-content\/uploads\/2024\/11\/Corinne-ligeard-howood-royan-246x300.png 246w\" sizes=\"(max-width: 300px) 100vw, 300px\" \/>\t\t\t\t\t\t\t\t\t\t\t\t\t\t\t<\/div>\n\t\t\t\t<\/div>\n\t\t\t\t<div class=\"elementor-element elementor-element-233eaa8 elementor-widget elementor-widget-heading\" data-id=\"233eaa8\" data-element_type=\"widget\" data-e-type=\"widget\" data-widget_type=\"heading.default\">\n\t\t\t\t<div class=\"elementor-widget-container\">\n\t\t\t\t\t<h2 class=\"elementor-heading-title elementor-size-default\">Comment est-ce arriv\u00e9 ?<\/h2>\t\t\t\t<\/div>\n\t\t\t\t<\/div>\n\t\t\t\t<\/div>\n\t\t\t\t<div class=\"elementor-element elementor-element-eca237d elementor-widget elementor-widget-text-editor\" data-id=\"eca237d\" data-element_type=\"widget\" data-e-type=\"widget\" data-widget_type=\"text-editor.default\">\n\t\t\t\t<div class=\"elementor-widget-container\">\n\t\t\t\t\t\t\t\t\t<p>Dans le jardin, un arbre s&rsquo;est fendu la temp\u00eate a d\u00e9chir\u00e9 son tronc. Je ne l&rsquo;avais jamais tant regard\u00e9 qu&rsquo;une fois tomb\u00e9.<br \/>J&rsquo;\u00e9tais si triste que j&rsquo;ai ramass\u00e9 son bois. Il me semblait si pr\u00e9cieux, si beau couleur abricot. C&rsquo;est comme si les branches cass\u00e9es m&rsquo;avaient chuchot\u00e9 de les tourner pour leur fa\u00e7onner une deuxi\u00e8me vie&#8230;<\/p><p><b>Alors je me suis mise \u00e0 les tourner.<\/b><\/p><p>Et puis un jour, elles sont devenues des pendules de radiesth\u00e9sie, des stylos-plume, des porte-cl\u00e9s&#8230;<\/p><p>En qualit\u00e9 de sophrologue, je travaille avec les blessures humaines pour r\u00e9v\u00e9ler la force cach\u00e9e derri\u00e8re nos f\u00ealures et continuer d&rsquo;avancer.<\/p><p>Pour le bois, la vie continue aussi avec ses failles, son veinage laissant \u00e9merger tant de noblesse et de beaut\u00e9.<\/p><p>Je vous souhaite une jolie balade dans ma boutique.<\/p><p>Si une cr\u00e9ation vous parle (comme lorsque l&rsquo;on se sent touch\u00e9 par un animal qui nous choisit), alors contactez-moi pour la r\u00e9server&#8230;<\/p>\t\t\t\t\t\t\t\t<\/div>\n\t\t\t\t<\/div>\n\t\t\t\t<\/div>\n\t\t<div class=\"elementor-element elementor-element-adf9fdd e-con-full e-flex e-con e-child\" data-id=\"adf9fdd\" data-element_type=\"container\" data-e-type=\"container\">\n\t\t<div class=\"elementor-element elementor-element-5a238dd9 e-con-full elementor-hidden-mobile e-flex e-con e-child\" data-id=\"5a238dd9\" data-element_type=\"container\" data-e-type=\"container\" data-settings=\"{&quot;background_background&quot;:&quot;classic&quot;,&quot;background_motion_fx_motion_fx_scrolling&quot;:&quot;yes&quot;,&quot;background_motion_fx_scale_effect&quot;:&quot;yes&quot;,&quot;background_motion_fx_scale_direction&quot;:&quot;in-out&quot;,&quot;background_motion_fx_scale_range&quot;:{&quot;unit&quot;:&quot;%&quot;,&quot;size&quot;:&quot;&quot;,&quot;sizes&quot;:{&quot;start&quot;:0,&quot;end&quot;:50}},&quot;background_motion_fx_scale_speed&quot;:{&quot;unit&quot;:&quot;px&quot;,&quot;size&quot;:4,&quot;sizes&quot;:[]},&quot;background_motion_fx_devices&quot;:[&quot;desktop&quot;,&quot;tablet&quot;,&quot;mobile&quot;]}\">\n\t\t\t\t<\/div>\n\t\t\t\t<\/div>\n\t\t\t\t\t<\/div>\n\t\t\t\t<\/div>\n\t\t<div class=\"elementor-element elementor-element-38d08c4 e-flex e-con-boxed e-con e-parent\" data-id=\"38d08c4\" data-element_type=\"container\" data-e-type=\"container\">\n\t\t\t\t\t<div class=\"e-con-inner\">\n\t\t<div class=\"elementor-element elementor-element-da8b8d5 e-con-full e-flex e-con e-child\" data-id=\"da8b8d5\" data-element_type=\"container\" data-e-type=\"container\">\n\t\t<div class=\"elementor-element elementor-element-eef9ff5 e-con-full e-flex e-con e-child\" data-id=\"eef9ff5\" data-element_type=\"container\" data-e-type=\"container\" data-settings=\"{&quot;background_background&quot;:&quot;classic&quot;,&quot;background_motion_fx_motion_fx_scrolling&quot;:&quot;yes&quot;,&quot;background_motion_fx_scale_effect&quot;:&quot;yes&quot;,&quot;background_motion_fx_scale_direction&quot;:&quot;in-out&quot;,&quot;background_motion_fx_scale_range&quot;:{&quot;unit&quot;:&quot;%&quot;,&quot;size&quot;:&quot;&quot;,&quot;sizes&quot;:{&quot;start&quot;:0,&quot;end&quot;:50}},&quot;background_motion_fx_scale_speed&quot;:{&quot;unit&quot;:&quot;px&quot;,&quot;size&quot;:4,&quot;sizes&quot;:[]},&quot;background_motion_fx_devices&quot;:[&quot;desktop&quot;,&quot;tablet&quot;,&quot;mobile&quot;]}\">\n\t\t\t\t<\/div>\n\t\t\t\t<\/div>\n\t\t<div class=\"elementor-element elementor-element-1cb5ff7 e-con-full e-flex e-con e-child\" data-id=\"1cb5ff7\" data-element_type=\"container\" data-e-type=\"container\">\n\t\t<div class=\"elementor-element elementor-element-e25bf2f e-con-full e-flex e-con e-child\" data-id=\"e25bf2f\" data-element_type=\"container\" data-e-type=\"container\">\n\t\t\t\t<div class=\"elementor-element elementor-element-abee63d elementor-widget elementor-widget-heading\" data-id=\"abee63d\" data-element_type=\"widget\" data-e-type=\"widget\" data-widget_type=\"heading.default\">\n\t\t\t\t<div class=\"elementor-widget-container\">\n\t\t\t\t\t<h2 class=\"elementor-heading-title elementor-size-default\">Ma d\u00e9marche<\/h2>\t\t\t\t<\/div>\n\t\t\t\t<\/div>\n\t\t\t\t<div class=\"elementor-element elementor-element-f88b3c7 elementor-widget elementor-widget-text-editor\" data-id=\"f88b3c7\" data-element_type=\"widget\" data-e-type=\"widget\" data-widget_type=\"text-editor.default\">\n\t\t\t\t<div class=\"elementor-widget-container\">\n\t\t\t\t\t\t\t\t\t<p>Dans mon atelier, chaque cr\u00e9ation est une invitation \u00e0 explorer la beaut\u00e9 brute et l\u2019\u00e9nergie du bois.<\/p><p>Je fa\u00e7onne des pendules et des stylos en prenant soin de sublimer les qualit\u00e9s intrins\u00e8ques de chaque pi\u00e8ce.\u00a0<\/p><p>Mon travail consiste \u00e0 r\u00e9v\u00e9ler l\u2019harmonie et l\u2019\u00e9quilibre qui r\u00e9sident dans les essences bois\u00e9es \u00e0 travers des formes et des finitions soign\u00e9es. Chaque pi\u00e8ce est ainsi pens\u00e9e pour offrir \u00e0 son futur propri\u00e9taire un objet empreint de sens et d\u2019authenticit\u00e9, un lien tangible avec la nature et les \u00e9nergies qui nous entourent.<\/p>\t\t\t\t\t\t\t\t<\/div>\n\t\t\t\t<\/div>\n\t\t\t\t<\/div>\n\t\t\t\t<\/div>\n\t\t\t\t\t<\/div>\n\t\t\t\t<\/div>\n\t\t<div class=\"elementor-element elementor-element-178c6ab e-flex e-con-boxed e-con e-parent\" data-id=\"178c6ab\" data-element_type=\"container\" data-e-type=\"container\" data-settings=\"{&quot;background_background&quot;:&quot;classic&quot;}\">\n\t\t\t\t\t<div class=\"e-con-inner\">\n\t\t<div class=\"elementor-element elementor-element-ca9c00a e-con-full e-flex e-con e-child\" data-id=\"ca9c00a\" data-element_type=\"container\" data-e-type=\"container\">\n\t\t\t\t<div class=\"elementor-element elementor-element-52df7896 elementor-widget elementor-widget-heading\" data-id=\"52df7896\" data-element_type=\"widget\" data-e-type=\"widget\" data-widget_type=\"heading.default\">\n\t\t\t\t<div class=\"elementor-widget-container\">\n\t\t\t\t\t<h2 class=\"elementor-heading-title elementor-size-default\">Remerciement<\/h2>\t\t\t\t<\/div>\n\t\t\t\t<\/div>\n\t\t\t\t<div class=\"elementor-element elementor-element-2aaf98f elementor-widget elementor-widget-text-editor\" data-id=\"2aaf98f\" data-element_type=\"widget\" data-e-type=\"widget\" data-widget_type=\"text-editor.default\">\n\t\t\t\t<div class=\"elementor-widget-container\">\n\t\t\t\t\t\t\t\t\t<p><em><strong>L&rsquo;\u00e9nergie suit la pens\u00e9e&#8230;<\/strong><\/em><\/p><p>Lorsque j&rsquo;ai su que j&rsquo;allais fa\u00e7onner des pendules de radiesth\u00e9sie, je n&rsquo;avais encore jamais travaill\u00e9 le bois.<\/p><p>Et comme par hasard ! J&rsquo;ai rencontr\u00e9 un tourneur : <a href=\"https:\/\/www.arlot-bois-tourne.fr\/a-propos\" target=\"_blank\" rel=\"noopener\">Patrick ARLOT<\/a> (Meilleur Ouvrier de France 2023), qui dans mes mains posera mes premi\u00e8res gouges \u00e0 fa\u00e7onner le bois.<\/p>\t\t\t\t\t\t\t\t<\/div>\n\t\t\t\t<\/div>\n\t\t\t\t<\/div>\n\t\t<div class=\"elementor-element elementor-element-5e82e0c e-con-full e-flex e-con e-child\" data-id=\"5e82e0c\" data-element_type=\"container\" data-e-type=\"container\">\n\t\t\t\t<div class=\"elementor-element elementor-element-17d819d7 elementor-widget-tablet__width-initial elementor-widget elementor-widget-image\" data-id=\"17d819d7\" data-element_type=\"widget\" data-e-type=\"widget\" data-widget_type=\"image.default\">\n\t\t\t\t<div class=\"elementor-widget-container\">\n\t\t\t\t\t\t\t\t\t\t\t\t\t\t\t<img decoding=\"async\" width=\"450\" height=\"559\" src=\"https:\/\/howood.fr\/wp-content\/uploads\/2024\/12\/patrick-arlot-corinne-ligeard-3.jpg\" class=\"attachment-full size-full wp-image-1525\" alt=\"Patrick ARLOT meilleur ouvrier de France 2023 et son \u00e9l\u00e8ve Corinne Ligeard\" srcset=\"https:\/\/howood.fr\/wp-content\/uploads\/2024\/12\/patrick-arlot-corinne-ligeard-3.jpg 450w, https:\/\/howood.fr\/wp-content\/uploads\/2024\/12\/patrick-arlot-corinne-ligeard-3-242x300.jpg 242w\" sizes=\"(max-width: 450px) 100vw, 450px\" \/>\t\t\t\t\t\t\t\t\t\t\t\t\t\t\t<\/div>\n\t\t\t\t<\/div>\n\t\t\t\t<\/div>\n\t\t\t\t\t<\/div>\n\t\t\t\t<\/div>\n\t\t\t\t<\/div>\n\t\t","protected":false},"excerpt":{"rendered":"<p>Toute une histoire Le bois est vivant Comment est-ce arriv\u00e9 ? Dans le jardin, un arbre s&rsquo;est fendu la temp\u00eate a d\u00e9chir\u00e9 son tronc. Je ne l&rsquo;avais jamais tant regard\u00e9 qu&rsquo;une fois tomb\u00e9.J&rsquo;\u00e9tais si triste que j&rsquo;ai ramass\u00e9 son bois. Il me semblait si pr\u00e9cieux, si beau couleur abricot. C&rsquo;est comme si les branches cass\u00e9es [&hellip;]<\/p>\n","protected":false},"author":3,"featured_media":420,"parent":0,"menu_order":0,"comment_status":"closed","ping_status":"closed","template":"elementor_header_footer","meta":{"footnotes":""},"class_list":["post-82","page","type-page","status-publish","has-post-thumbnail","hentry"],"yoast_head":"<!-- This site is optimized with the Yoast SEO plugin v27.4 - https:\/\/yoast.com\/product\/yoast-seo-wordpress\/ -->\n<title>Mon histoire - HoWood<\/title>\n<meta name=\"description\" content=\"Corinne Ligeard praticienne en Sophrologie et en Hypnose et cr\u00e9atrice de pendules divinatoires et de radiesth\u00e9sie en tournage sur bois.\" \/>\n<meta name=\"robots\" content=\"index, follow, max-snippet:-1, max-image-preview:large, max-video-preview:-1\" \/>\n<link rel=\"canonical\" href=\"https:\/\/howood.fr\/index.php\/corinne-ligeard-hypnose-sophrologie-pendule-divinatoire-tournage-bois-fait-main-royan-charente-maritime-france-howood-geobiologie-sourcier-magnetiseur\/\" \/>\n<meta property=\"og:locale\" content=\"fr_FR\" \/>\n<meta property=\"og:type\" content=\"article\" \/>\n<meta property=\"og:title\" content=\"Mon histoire - HoWood\" \/>\n<meta property=\"og:description\" content=\"Corinne Ligeard praticienne en Sophrologie et en Hypnose et cr\u00e9atrice de pendules divinatoires et de radiesth\u00e9sie en tournage sur bois.\" \/>\n<meta property=\"og:url\" content=\"https:\/\/howood.fr\/index.php\/corinne-ligeard-hypnose-sophrologie-pendule-divinatoire-tournage-bois-fait-main-royan-charente-maritime-france-howood-geobiologie-sourcier-magnetiseur\/\" \/>\n<meta property=\"og:site_name\" content=\"HoWood\" \/>\n<meta property=\"article:modified_time\" content=\"2025-11-06T15:09:49+00:00\" \/>\n<meta property=\"og:image\" content=\"https:\/\/howood.fr\/wp-content\/uploads\/2024\/10\/corinne-3-e1729243031629.png\" \/>\n\t<meta property=\"og:image:width\" content=\"200\" \/>\n\t<meta property=\"og:image:height\" content=\"248\" \/>\n\t<meta property=\"og:image:type\" content=\"image\/png\" \/>\n<meta name=\"twitter:card\" content=\"summary_large_image\" \/>\n<meta name=\"twitter:label1\" content=\"Dur\u00e9e de lecture estim\u00e9e\" \/>\n\t<meta name=\"twitter:data1\" content=\"2 minutes\" \/>\n<script type=\"application\/ld+json\" class=\"yoast-schema-graph\">{\"@context\":\"https:\\\/\\\/schema.org\",\"@graph\":[{\"@type\":\"WebPage\",\"@id\":\"https:\\\/\\\/howood.fr\\\/index.php\\\/corinne-ligeard-hypnose-sophrologie-pendule-divinatoire-tournage-bois-fait-main-royan-charente-maritime-france-howood-geobiologie-sourcier-magnetiseur\\\/\",\"url\":\"https:\\\/\\\/howood.fr\\\/index.php\\\/corinne-ligeard-hypnose-sophrologie-pendule-divinatoire-tournage-bois-fait-main-royan-charente-maritime-france-howood-geobiologie-sourcier-magnetiseur\\\/\",\"name\":\"Mon histoire - HoWood\",\"isPartOf\":{\"@id\":\"https:\\\/\\\/howood.fr\\\/#website\"},\"primaryImageOfPage\":{\"@id\":\"https:\\\/\\\/howood.fr\\\/index.php\\\/corinne-ligeard-hypnose-sophrologie-pendule-divinatoire-tournage-bois-fait-main-royan-charente-maritime-france-howood-geobiologie-sourcier-magnetiseur\\\/#primaryimage\"},\"image\":{\"@id\":\"https:\\\/\\\/howood.fr\\\/index.php\\\/corinne-ligeard-hypnose-sophrologie-pendule-divinatoire-tournage-bois-fait-main-royan-charente-maritime-france-howood-geobiologie-sourcier-magnetiseur\\\/#primaryimage\"},\"thumbnailUrl\":\"https:\\\/\\\/howood.fr\\\/wp-content\\\/uploads\\\/2024\\\/10\\\/corinne-3-e1729243031629.png\",\"datePublished\":\"2024-10-07T13:32:05+00:00\",\"dateModified\":\"2025-11-06T15:09:49+00:00\",\"description\":\"Corinne Ligeard praticienne en Sophrologie et en Hypnose et cr\u00e9atrice de pendules divinatoires et de radiesth\u00e9sie en tournage sur bois.\",\"breadcrumb\":{\"@id\":\"https:\\\/\\\/howood.fr\\\/index.php\\\/corinne-ligeard-hypnose-sophrologie-pendule-divinatoire-tournage-bois-fait-main-royan-charente-maritime-france-howood-geobiologie-sourcier-magnetiseur\\\/#breadcrumb\"},\"inLanguage\":\"fr-FR\",\"potentialAction\":[{\"@type\":\"ReadAction\",\"target\":[\"https:\\\/\\\/howood.fr\\\/index.php\\\/corinne-ligeard-hypnose-sophrologie-pendule-divinatoire-tournage-bois-fait-main-royan-charente-maritime-france-howood-geobiologie-sourcier-magnetiseur\\\/\"]}]},{\"@type\":\"ImageObject\",\"inLanguage\":\"fr-FR\",\"@id\":\"https:\\\/\\\/howood.fr\\\/index.php\\\/corinne-ligeard-hypnose-sophrologie-pendule-divinatoire-tournage-bois-fait-main-royan-charente-maritime-france-howood-geobiologie-sourcier-magnetiseur\\\/#primaryimage\",\"url\":\"https:\\\/\\\/howood.fr\\\/wp-content\\\/uploads\\\/2024\\\/10\\\/corinne-3-e1729243031629.png\",\"contentUrl\":\"https:\\\/\\\/howood.fr\\\/wp-content\\\/uploads\\\/2024\\\/10\\\/corinne-3-e1729243031629.png\",\"width\":200,\"height\":248,\"caption\":\"Corinne Ligeard praticienne en Sophrologie Cayc\u00e9dienne et en Hypnose Ericksonienne et cr\u00e9atrice de pendule divinatoire et de radiesth\u00e9sie en tournage sur bois.\"},{\"@type\":\"BreadcrumbList\",\"@id\":\"https:\\\/\\\/howood.fr\\\/index.php\\\/corinne-ligeard-hypnose-sophrologie-pendule-divinatoire-tournage-bois-fait-main-royan-charente-maritime-france-howood-geobiologie-sourcier-magnetiseur\\\/#breadcrumb\",\"itemListElement\":[{\"@type\":\"ListItem\",\"position\":1,\"name\":\"Accueil\",\"item\":\"https:\\\/\\\/howood.fr\\\/\"},{\"@type\":\"ListItem\",\"position\":2,\"name\":\"Mon histoire\"}]},{\"@type\":\"WebSite\",\"@id\":\"https:\\\/\\\/howood.fr\\\/#website\",\"url\":\"https:\\\/\\\/howood.fr\\\/\",\"name\":\"HoWood\",\"description\":\"pendule de radiesth\u00e9sie Artisanal HoWood\",\"publisher\":{\"@id\":\"https:\\\/\\\/howood.fr\\\/#organization\"},\"potentialAction\":[{\"@type\":\"SearchAction\",\"target\":{\"@type\":\"EntryPoint\",\"urlTemplate\":\"https:\\\/\\\/howood.fr\\\/?s={search_term_string}\"},\"query-input\":{\"@type\":\"PropertyValueSpecification\",\"valueRequired\":true,\"valueName\":\"search_term_string\"}}],\"inLanguage\":\"fr-FR\"},{\"@type\":\"Organization\",\"@id\":\"https:\\\/\\\/howood.fr\\\/#organization\",\"name\":\"HoWood\",\"url\":\"https:\\\/\\\/howood.fr\\\/\",\"logo\":{\"@type\":\"ImageObject\",\"inLanguage\":\"fr-FR\",\"@id\":\"https:\\\/\\\/howood.fr\\\/#\\\/schema\\\/logo\\\/image\\\/\",\"url\":\"https:\\\/\\\/howood.fr\\\/wp-content\\\/uploads\\\/2024\\\/10\\\/logo-HW-150.webp\",\"contentUrl\":\"https:\\\/\\\/howood.fr\\\/wp-content\\\/uploads\\\/2024\\\/10\\\/logo-HW-150.webp\",\"width\":150,\"height\":150,\"caption\":\"HoWood\"},\"image\":{\"@id\":\"https:\\\/\\\/howood.fr\\\/#\\\/schema\\\/logo\\\/image\\\/\"}}]}<\/script>\n<!-- \/ Yoast SEO plugin. -->","yoast_head_json":{"title":"Mon histoire - HoWood","description":"Corinne Ligeard praticienne en Sophrologie et en Hypnose et cr\u00e9atrice de pendules divinatoires et de radiesth\u00e9sie en tournage sur bois.","robots":{"index":"index","follow":"follow","max-snippet":"max-snippet:-1","max-image-preview":"max-image-preview:large","max-video-preview":"max-video-preview:-1"},"canonical":"https:\/\/howood.fr\/index.php\/corinne-ligeard-hypnose-sophrologie-pendule-divinatoire-tournage-bois-fait-main-royan-charente-maritime-france-howood-geobiologie-sourcier-magnetiseur\/","og_locale":"fr_FR","og_type":"article","og_title":"Mon histoire - HoWood","og_description":"Corinne Ligeard praticienne en Sophrologie et en Hypnose et cr\u00e9atrice de pendules divinatoires et de radiesth\u00e9sie en tournage sur bois.","og_url":"https:\/\/howood.fr\/index.php\/corinne-ligeard-hypnose-sophrologie-pendule-divinatoire-tournage-bois-fait-main-royan-charente-maritime-france-howood-geobiologie-sourcier-magnetiseur\/","og_site_name":"HoWood","article_modified_time":"2025-11-06T15:09:49+00:00","og_image":[{"width":200,"height":248,"url":"https:\/\/howood.fr\/wp-content\/uploads\/2024\/10\/corinne-3-e1729243031629.png","type":"image\/png"}],"twitter_card":"summary_large_image","twitter_misc":{"Dur\u00e9e de lecture estim\u00e9e":"2 minutes"},"schema":{"@context":"https:\/\/schema.org","@graph":[{"@type":"WebPage","@id":"https:\/\/howood.fr\/index.php\/corinne-ligeard-hypnose-sophrologie-pendule-divinatoire-tournage-bois-fait-main-royan-charente-maritime-france-howood-geobiologie-sourcier-magnetiseur\/","url":"https:\/\/howood.fr\/index.php\/corinne-ligeard-hypnose-sophrologie-pendule-divinatoire-tournage-bois-fait-main-royan-charente-maritime-france-howood-geobiologie-sourcier-magnetiseur\/","name":"Mon histoire - HoWood","isPartOf":{"@id":"https:\/\/howood.fr\/#website"},"primaryImageOfPage":{"@id":"https:\/\/howood.fr\/index.php\/corinne-ligeard-hypnose-sophrologie-pendule-divinatoire-tournage-bois-fait-main-royan-charente-maritime-france-howood-geobiologie-sourcier-magnetiseur\/#primaryimage"},"image":{"@id":"https:\/\/howood.fr\/index.php\/corinne-ligeard-hypnose-sophrologie-pendule-divinatoire-tournage-bois-fait-main-royan-charente-maritime-france-howood-geobiologie-sourcier-magnetiseur\/#primaryimage"},"thumbnailUrl":"https:\/\/howood.fr\/wp-content\/uploads\/2024\/10\/corinne-3-e1729243031629.png","datePublished":"2024-10-07T13:32:05+00:00","dateModified":"2025-11-06T15:09:49+00:00","description":"Corinne Ligeard praticienne en Sophrologie et en Hypnose et cr\u00e9atrice de pendules divinatoires et de radiesth\u00e9sie en tournage sur bois.","breadcrumb":{"@id":"https:\/\/howood.fr\/index.php\/corinne-ligeard-hypnose-sophrologie-pendule-divinatoire-tournage-bois-fait-main-royan-charente-maritime-france-howood-geobiologie-sourcier-magnetiseur\/#breadcrumb"},"inLanguage":"fr-FR","potentialAction":[{"@type":"ReadAction","target":["https:\/\/howood.fr\/index.php\/corinne-ligeard-hypnose-sophrologie-pendule-divinatoire-tournage-bois-fait-main-royan-charente-maritime-france-howood-geobiologie-sourcier-magnetiseur\/"]}]},{"@type":"ImageObject","inLanguage":"fr-FR","@id":"https:\/\/howood.fr\/index.php\/corinne-ligeard-hypnose-sophrologie-pendule-divinatoire-tournage-bois-fait-main-royan-charente-maritime-france-howood-geobiologie-sourcier-magnetiseur\/#primaryimage","url":"https:\/\/howood.fr\/wp-content\/uploads\/2024\/10\/corinne-3-e1729243031629.png","contentUrl":"https:\/\/howood.fr\/wp-content\/uploads\/2024\/10\/corinne-3-e1729243031629.png","width":200,"height":248,"caption":"Corinne Ligeard praticienne en Sophrologie Cayc\u00e9dienne et en Hypnose Ericksonienne et cr\u00e9atrice de pendule divinatoire et de radiesth\u00e9sie en tournage sur bois."},{"@type":"BreadcrumbList","@id":"https:\/\/howood.fr\/index.php\/corinne-ligeard-hypnose-sophrologie-pendule-divinatoire-tournage-bois-fait-main-royan-charente-maritime-france-howood-geobiologie-sourcier-magnetiseur\/#breadcrumb","itemListElement":[{"@type":"ListItem","position":1,"name":"Accueil","item":"https:\/\/howood.fr\/"},{"@type":"ListItem","position":2,"name":"Mon histoire"}]},{"@type":"WebSite","@id":"https:\/\/howood.fr\/#website","url":"https:\/\/howood.fr\/","name":"HoWood","description":"pendule de radiesth\u00e9sie Artisanal HoWood","publisher":{"@id":"https:\/\/howood.fr\/#organization"},"potentialAction":[{"@type":"SearchAction","target":{"@type":"EntryPoint","urlTemplate":"https:\/\/howood.fr\/?s={search_term_string}"},"query-input":{"@type":"PropertyValueSpecification","valueRequired":true,"valueName":"search_term_string"}}],"inLanguage":"fr-FR"},{"@type":"Organization","@id":"https:\/\/howood.fr\/#organization","name":"HoWood","url":"https:\/\/howood.fr\/","logo":{"@type":"ImageObject","inLanguage":"fr-FR","@id":"https:\/\/howood.fr\/#\/schema\/logo\/image\/","url":"https:\/\/howood.fr\/wp-content\/uploads\/2024\/10\/logo-HW-150.webp","contentUrl":"https:\/\/howood.fr\/wp-content\/uploads\/2024\/10\/logo-HW-150.webp","width":150,"height":150,"caption":"HoWood"},"image":{"@id":"https:\/\/howood.fr\/#\/schema\/logo\/image\/"}}]}},"_links":{"self":[{"href":"https:\/\/howood.fr\/index.php\/wp-json\/wp\/v2\/pages\/82","targetHints":{"allow":["GET"]}}],"collection":[{"href":"https:\/\/howood.fr\/index.php\/wp-json\/wp\/v2\/pages"}],"about":[{"href":"https:\/\/howood.fr\/index.php\/wp-json\/wp\/v2\/types\/page"}],"author":[{"embeddable":true,"href":"https:\/\/howood.fr\/index.php\/wp-json\/wp\/v2\/users\/3"}],"replies":[{"embeddable":true,"href":"https:\/\/howood.fr\/index.php\/wp-json\/wp\/v2\/comments?post=82"}],"version-history":[{"count":141,"href":"https:\/\/howood.fr\/index.php\/wp-json\/wp\/v2\/pages\/82\/revisions"}],"predecessor-version":[{"id":2621,"href":"https:\/\/howood.fr\/index.php\/wp-json\/wp\/v2\/pages\/82\/revisions\/2621"}],"wp:featuredmedia":[{"embeddable":true,"href":"https:\/\/howood.fr\/index.php\/wp-json\/wp\/v2\/media\/420"}],"wp:attachment":[{"href":"https:\/\/howood.fr\/index.php\/wp-json\/wp\/v2\/media?parent=82"}],"curies":[{"name":"wp","href":"https:\/\/api.w.org\/{rel}","templated":true}]}}