{"id":1269,"date":"2024-11-22T10:33:55","date_gmt":"2024-11-22T09:33:55","guid":{"rendered":"https:\/\/monpendulehowood.com\/?post_type=product&#038;p=1269"},"modified":"2026-01-13T20:34:35","modified_gmt":"2026-01-13T19:34:35","slug":"stylo-plume-en-if-dore-tournage-bois-fait-main-unique-royan-charente-maritime-rochefort-larochelle-saintes","status":"publish","type":"product","link":"https:\/\/howood.fr\/index.php\/produit\/stylo-plume-en-if-dore-tournage-bois-fait-main-unique-royan-charente-maritime-rochefort-larochelle-saintes\/","title":{"rendered":"Stylo plume en If &#8211; dor\u00e9"},"content":{"rendered":"\t\t<div data-elementor-type=\"product-post\" data-elementor-id=\"1269\" class=\"elementor elementor-1269\" data-elementor-post-type=\"product\">\n\t\t\t\t<div class=\"elementor-element elementor-element-711e8e66 e-flex e-con-boxed e-con e-parent\" data-id=\"711e8e66\" data-element_type=\"container\" data-e-type=\"container\">\n\t\t\t\t\t<div class=\"e-con-inner\">\n\t\t\t\t<div class=\"elementor-element elementor-element-fb3fe7 elementor-widget elementor-widget-text-editor\" data-id=\"fb3fe7\" data-element_type=\"widget\" data-e-type=\"widget\" data-widget_type=\"text-editor.default\">\n\t\t\t\t<div class=\"elementor-widget-container\">\n\t\t\t\t\t\t\t\t\t<p><b>Je suis un stylo plume dor\u00e9 en bois d&rsquo;if. <\/b><\/p><p>Mon arbre a \u00e9t\u00e9 coup\u00e9 et beaucoup d\u2019autres autour de moi. Peut-\u00eatre pour d\u00e9gager la vue ? Pourtant je n&rsquo;\u00e9tais pas grand. Heureusement quelques unes de mes branches ont \u00e9t\u00e9 sauv\u00e9es. Aujourd\u2019hui je porte l\u2019essence de mon arbre dans ce stylo plume que je suis devenu. Mes courbes \u00e9pouseront ta main, qu\u2019elle soit masculine ou f\u00e9minine. Ensemble nous continueront \u00e0 \u00e9crire nos vies\u2026<\/p><p>Frais de port offert<\/p>\t\t\t\t\t\t\t\t<\/div>\n\t\t\t\t<\/div>\n\t\t\t\t\t<\/div>\n\t\t\t\t<\/div>\n\t\t\t\t<\/div>\n\t\t","protected":false},"excerpt":{"rendered":"<p>Je suis un stylo plume dor\u00e9 en bois d&rsquo;if. Mon arbre a \u00e9t\u00e9 coup\u00e9 et beaucoup d\u2019autres autour de moi. Peut-\u00eatre pour d\u00e9gager la vue ? Pourtant je n&rsquo;\u00e9tais pas grand. Heureusement quelques unes de mes branches ont \u00e9t\u00e9 sauv\u00e9es. Aujourd\u2019hui je porte l\u2019essence de mon arbre dans ce stylo plume que je suis devenu. [&hellip;]<\/p>\n","protected":false},"featured_media":1258,"comment_status":"open","ping_status":"closed","template":"","meta":[],"product_brand":[],"product_cat":[47],"product_tag":[34,51,43,48],"class_list":{"0":"post-1269","1":"product","2":"type-product","3":"status-publish","4":"has-post-thumbnail","6":"product_cat-stylo-plume-tournage-bois-fait-main","7":"product_tag-bois","8":"product_tag-dore","9":"product_tag-if","10":"product_tag-stylo-plume","11":"product_shipping_class-pendules-colliers-porte-cles-stylo-a-bille-stylo-a-plume","13":"first","14":"instock","15":"sold-individually","16":"purchasable","17":"product-type-simple"},"yoast_head":"<!-- This site is optimized with the Yoast SEO plugin v27.4 - https:\/\/yoast.com\/product\/yoast-seo-wordpress\/ -->\n<title>Stylo plume en If - dor\u00e9 - HoWood<\/title>\n<meta name=\"description\" content=\"D\u00e9couvrez ce stylo plume unique en bois d\u2019If, un symbole de r\u00e9silience et d\u2019histoire. Fabriqu\u00e9 \u00e0 partir de branches sauv\u00e9es, il allie \u00e9l\u00e9gance et authenticit\u00e9 pour \u00e9crire avec douceur et harmonie.\" \/>\n<meta name=\"robots\" content=\"index, follow, max-snippet:-1, max-image-preview:large, max-video-preview:-1\" \/>\n<link rel=\"canonical\" href=\"https:\/\/howood.fr\/index.php\/produit\/stylo-plume-en-if-dore-tournage-bois-fait-main-unique-royan-charente-maritime-rochefort-larochelle-saintes\/\" \/>\n<meta property=\"og:locale\" content=\"fr_FR\" \/>\n<meta property=\"og:type\" content=\"article\" \/>\n<meta property=\"og:title\" content=\"Stylo plume en If - dor\u00e9 - HoWood\" \/>\n<meta property=\"og:description\" content=\"D\u00e9couvrez ce stylo plume unique en bois d\u2019If, un symbole de r\u00e9silience et d\u2019histoire. Fabriqu\u00e9 \u00e0 partir de branches sauv\u00e9es, il allie \u00e9l\u00e9gance et authenticit\u00e9 pour \u00e9crire avec douceur et harmonie.\" \/>\n<meta property=\"og:url\" content=\"https:\/\/howood.fr\/index.php\/produit\/stylo-plume-en-if-dore-tournage-bois-fait-main-unique-royan-charente-maritime-rochefort-larochelle-saintes\/\" \/>\n<meta property=\"og:site_name\" content=\"HoWood\" \/>\n<meta property=\"article:modified_time\" content=\"2026-01-13T19:34:35+00:00\" \/>\n<meta property=\"og:image\" content=\"https:\/\/howood.fr\/wp-content\/uploads\/2024\/11\/Plume-en-If-P11.24-015.jpg\" \/>\n\t<meta property=\"og:image:width\" content=\"1080\" \/>\n\t<meta property=\"og:image:height\" content=\"1080\" \/>\n\t<meta property=\"og:image:type\" content=\"image\/jpeg\" \/>\n<meta name=\"twitter:card\" content=\"summary_large_image\" \/>\n<meta name=\"twitter:label1\" content=\"Dur\u00e9e de lecture estim\u00e9e\" \/>\n\t<meta name=\"twitter:data1\" content=\"1 minute\" \/>\n<script type=\"application\/ld+json\" class=\"yoast-schema-graph\">{\"@context\":\"https:\\\/\\\/schema.org\",\"@graph\":[{\"@type\":\"WebPage\",\"@id\":\"https:\\\/\\\/howood.fr\\\/index.php\\\/produit\\\/stylo-plume-en-if-dore-tournage-bois-fait-main-unique-royan-charente-maritime-rochefort-larochelle-saintes\\\/\",\"url\":\"https:\\\/\\\/howood.fr\\\/index.php\\\/produit\\\/stylo-plume-en-if-dore-tournage-bois-fait-main-unique-royan-charente-maritime-rochefort-larochelle-saintes\\\/\",\"name\":\"Stylo plume en If - dor\u00e9 - HoWood\",\"isPartOf\":{\"@id\":\"https:\\\/\\\/howood.fr\\\/#website\"},\"primaryImageOfPage\":{\"@id\":\"https:\\\/\\\/howood.fr\\\/index.php\\\/produit\\\/stylo-plume-en-if-dore-tournage-bois-fait-main-unique-royan-charente-maritime-rochefort-larochelle-saintes\\\/#primaryimage\"},\"image\":{\"@id\":\"https:\\\/\\\/howood.fr\\\/index.php\\\/produit\\\/stylo-plume-en-if-dore-tournage-bois-fait-main-unique-royan-charente-maritime-rochefort-larochelle-saintes\\\/#primaryimage\"},\"thumbnailUrl\":\"https:\\\/\\\/howood.fr\\\/wp-content\\\/uploads\\\/2024\\\/11\\\/Plume-en-If-P11.24-015.jpg\",\"datePublished\":\"2024-11-22T09:33:55+00:00\",\"dateModified\":\"2026-01-13T19:34:35+00:00\",\"description\":\"D\u00e9couvrez ce stylo plume unique en bois d\u2019If, un symbole de r\u00e9silience et d\u2019histoire. Fabriqu\u00e9 \u00e0 partir de branches sauv\u00e9es, il allie \u00e9l\u00e9gance et authenticit\u00e9 pour \u00e9crire avec douceur et harmonie.\",\"breadcrumb\":{\"@id\":\"https:\\\/\\\/howood.fr\\\/index.php\\\/produit\\\/stylo-plume-en-if-dore-tournage-bois-fait-main-unique-royan-charente-maritime-rochefort-larochelle-saintes\\\/#breadcrumb\"},\"inLanguage\":\"fr-FR\",\"potentialAction\":[{\"@type\":\"ReadAction\",\"target\":[\"https:\\\/\\\/howood.fr\\\/index.php\\\/produit\\\/stylo-plume-en-if-dore-tournage-bois-fait-main-unique-royan-charente-maritime-rochefort-larochelle-saintes\\\/\"]}]},{\"@type\":\"ImageObject\",\"inLanguage\":\"fr-FR\",\"@id\":\"https:\\\/\\\/howood.fr\\\/index.php\\\/produit\\\/stylo-plume-en-if-dore-tournage-bois-fait-main-unique-royan-charente-maritime-rochefort-larochelle-saintes\\\/#primaryimage\",\"url\":\"https:\\\/\\\/howood.fr\\\/wp-content\\\/uploads\\\/2024\\\/11\\\/Plume-en-If-P11.24-015.jpg\",\"contentUrl\":\"https:\\\/\\\/howood.fr\\\/wp-content\\\/uploads\\\/2024\\\/11\\\/Plume-en-If-P11.24-015.jpg\",\"width\":1080,\"height\":1080,\"caption\":\"Stylo Plume en If Dor\u00e9 mod\u00e8le unique fait main\"},{\"@type\":\"BreadcrumbList\",\"@id\":\"https:\\\/\\\/howood.fr\\\/index.php\\\/produit\\\/stylo-plume-en-if-dore-tournage-bois-fait-main-unique-royan-charente-maritime-rochefort-larochelle-saintes\\\/#breadcrumb\",\"itemListElement\":[{\"@type\":\"ListItem\",\"position\":1,\"name\":\"Accueil\",\"item\":\"https:\\\/\\\/howood.fr\\\/\"},{\"@type\":\"ListItem\",\"position\":2,\"name\":\"Produits\",\"item\":\"https:\\\/\\\/howood.fr\\\/index.php\\\/shop\\\/\"},{\"@type\":\"ListItem\",\"position\":3,\"name\":\"Stylo plume en If &#8211; dor\u00e9\"}]},{\"@type\":\"WebSite\",\"@id\":\"https:\\\/\\\/howood.fr\\\/#website\",\"url\":\"https:\\\/\\\/howood.fr\\\/\",\"name\":\"HoWood\",\"description\":\"pendule de radiesth\u00e9sie Artisanal HoWood\",\"publisher\":{\"@id\":\"https:\\\/\\\/howood.fr\\\/#organization\"},\"potentialAction\":[{\"@type\":\"SearchAction\",\"target\":{\"@type\":\"EntryPoint\",\"urlTemplate\":\"https:\\\/\\\/howood.fr\\\/?s={search_term_string}\"},\"query-input\":{\"@type\":\"PropertyValueSpecification\",\"valueRequired\":true,\"valueName\":\"search_term_string\"}}],\"inLanguage\":\"fr-FR\"},{\"@type\":\"Organization\",\"@id\":\"https:\\\/\\\/howood.fr\\\/#organization\",\"name\":\"HoWood\",\"url\":\"https:\\\/\\\/howood.fr\\\/\",\"logo\":{\"@type\":\"ImageObject\",\"inLanguage\":\"fr-FR\",\"@id\":\"https:\\\/\\\/howood.fr\\\/#\\\/schema\\\/logo\\\/image\\\/\",\"url\":\"https:\\\/\\\/howood.fr\\\/wp-content\\\/uploads\\\/2024\\\/10\\\/logo-HW-150.webp\",\"contentUrl\":\"https:\\\/\\\/howood.fr\\\/wp-content\\\/uploads\\\/2024\\\/10\\\/logo-HW-150.webp\",\"width\":150,\"height\":150,\"caption\":\"HoWood\"},\"image\":{\"@id\":\"https:\\\/\\\/howood.fr\\\/#\\\/schema\\\/logo\\\/image\\\/\"}}]}<\/script>\n<!-- \/ Yoast SEO plugin. -->","yoast_head_json":{"title":"Stylo plume en If - dor\u00e9 - HoWood","description":"D\u00e9couvrez ce stylo plume unique en bois d\u2019If, un symbole de r\u00e9silience et d\u2019histoire. Fabriqu\u00e9 \u00e0 partir de branches sauv\u00e9es, il allie \u00e9l\u00e9gance et authenticit\u00e9 pour \u00e9crire avec douceur et harmonie.","robots":{"index":"index","follow":"follow","max-snippet":"max-snippet:-1","max-image-preview":"max-image-preview:large","max-video-preview":"max-video-preview:-1"},"canonical":"https:\/\/howood.fr\/index.php\/produit\/stylo-plume-en-if-dore-tournage-bois-fait-main-unique-royan-charente-maritime-rochefort-larochelle-saintes\/","og_locale":"fr_FR","og_type":"article","og_title":"Stylo plume en If - dor\u00e9 - HoWood","og_description":"D\u00e9couvrez ce stylo plume unique en bois d\u2019If, un symbole de r\u00e9silience et d\u2019histoire. Fabriqu\u00e9 \u00e0 partir de branches sauv\u00e9es, il allie \u00e9l\u00e9gance et authenticit\u00e9 pour \u00e9crire avec douceur et harmonie.","og_url":"https:\/\/howood.fr\/index.php\/produit\/stylo-plume-en-if-dore-tournage-bois-fait-main-unique-royan-charente-maritime-rochefort-larochelle-saintes\/","og_site_name":"HoWood","article_modified_time":"2026-01-13T19:34:35+00:00","og_image":[{"width":1080,"height":1080,"url":"https:\/\/howood.fr\/wp-content\/uploads\/2024\/11\/Plume-en-If-P11.24-015.jpg","type":"image\/jpeg"}],"twitter_card":"summary_large_image","twitter_misc":{"Dur\u00e9e de lecture estim\u00e9e":"1 minute"},"schema":{"@context":"https:\/\/schema.org","@graph":[{"@type":"WebPage","@id":"https:\/\/howood.fr\/index.php\/produit\/stylo-plume-en-if-dore-tournage-bois-fait-main-unique-royan-charente-maritime-rochefort-larochelle-saintes\/","url":"https:\/\/howood.fr\/index.php\/produit\/stylo-plume-en-if-dore-tournage-bois-fait-main-unique-royan-charente-maritime-rochefort-larochelle-saintes\/","name":"Stylo plume en If - dor\u00e9 - HoWood","isPartOf":{"@id":"https:\/\/howood.fr\/#website"},"primaryImageOfPage":{"@id":"https:\/\/howood.fr\/index.php\/produit\/stylo-plume-en-if-dore-tournage-bois-fait-main-unique-royan-charente-maritime-rochefort-larochelle-saintes\/#primaryimage"},"image":{"@id":"https:\/\/howood.fr\/index.php\/produit\/stylo-plume-en-if-dore-tournage-bois-fait-main-unique-royan-charente-maritime-rochefort-larochelle-saintes\/#primaryimage"},"thumbnailUrl":"https:\/\/howood.fr\/wp-content\/uploads\/2024\/11\/Plume-en-If-P11.24-015.jpg","datePublished":"2024-11-22T09:33:55+00:00","dateModified":"2026-01-13T19:34:35+00:00","description":"D\u00e9couvrez ce stylo plume unique en bois d\u2019If, un symbole de r\u00e9silience et d\u2019histoire. Fabriqu\u00e9 \u00e0 partir de branches sauv\u00e9es, il allie \u00e9l\u00e9gance et authenticit\u00e9 pour \u00e9crire avec douceur et harmonie.","breadcrumb":{"@id":"https:\/\/howood.fr\/index.php\/produit\/stylo-plume-en-if-dore-tournage-bois-fait-main-unique-royan-charente-maritime-rochefort-larochelle-saintes\/#breadcrumb"},"inLanguage":"fr-FR","potentialAction":[{"@type":"ReadAction","target":["https:\/\/howood.fr\/index.php\/produit\/stylo-plume-en-if-dore-tournage-bois-fait-main-unique-royan-charente-maritime-rochefort-larochelle-saintes\/"]}]},{"@type":"ImageObject","inLanguage":"fr-FR","@id":"https:\/\/howood.fr\/index.php\/produit\/stylo-plume-en-if-dore-tournage-bois-fait-main-unique-royan-charente-maritime-rochefort-larochelle-saintes\/#primaryimage","url":"https:\/\/howood.fr\/wp-content\/uploads\/2024\/11\/Plume-en-If-P11.24-015.jpg","contentUrl":"https:\/\/howood.fr\/wp-content\/uploads\/2024\/11\/Plume-en-If-P11.24-015.jpg","width":1080,"height":1080,"caption":"Stylo Plume en If Dor\u00e9 mod\u00e8le unique fait main"},{"@type":"BreadcrumbList","@id":"https:\/\/howood.fr\/index.php\/produit\/stylo-plume-en-if-dore-tournage-bois-fait-main-unique-royan-charente-maritime-rochefort-larochelle-saintes\/#breadcrumb","itemListElement":[{"@type":"ListItem","position":1,"name":"Accueil","item":"https:\/\/howood.fr\/"},{"@type":"ListItem","position":2,"name":"Produits","item":"https:\/\/howood.fr\/index.php\/shop\/"},{"@type":"ListItem","position":3,"name":"Stylo plume en If &#8211; dor\u00e9"}]},{"@type":"WebSite","@id":"https:\/\/howood.fr\/#website","url":"https:\/\/howood.fr\/","name":"HoWood","description":"pendule de radiesth\u00e9sie Artisanal HoWood","publisher":{"@id":"https:\/\/howood.fr\/#organization"},"potentialAction":[{"@type":"SearchAction","target":{"@type":"EntryPoint","urlTemplate":"https:\/\/howood.fr\/?s={search_term_string}"},"query-input":{"@type":"PropertyValueSpecification","valueRequired":true,"valueName":"search_term_string"}}],"inLanguage":"fr-FR"},{"@type":"Organization","@id":"https:\/\/howood.fr\/#organization","name":"HoWood","url":"https:\/\/howood.fr\/","logo":{"@type":"ImageObject","inLanguage":"fr-FR","@id":"https:\/\/howood.fr\/#\/schema\/logo\/image\/","url":"https:\/\/howood.fr\/wp-content\/uploads\/2024\/10\/logo-HW-150.webp","contentUrl":"https:\/\/howood.fr\/wp-content\/uploads\/2024\/10\/logo-HW-150.webp","width":150,"height":150,"caption":"HoWood"},"image":{"@id":"https:\/\/howood.fr\/#\/schema\/logo\/image\/"}}]}},"_links":{"self":[{"href":"https:\/\/howood.fr\/index.php\/wp-json\/wp\/v2\/product\/1269","targetHints":{"allow":["GET"]}}],"collection":[{"href":"https:\/\/howood.fr\/index.php\/wp-json\/wp\/v2\/product"}],"about":[{"href":"https:\/\/howood.fr\/index.php\/wp-json\/wp\/v2\/types\/product"}],"replies":[{"embeddable":true,"href":"https:\/\/howood.fr\/index.php\/wp-json\/wp\/v2\/comments?post=1269"}],"version-history":[{"count":5,"href":"https:\/\/howood.fr\/index.php\/wp-json\/wp\/v2\/product\/1269\/revisions"}],"predecessor-version":[{"id":3340,"href":"https:\/\/howood.fr\/index.php\/wp-json\/wp\/v2\/product\/1269\/revisions\/3340"}],"wp:featuredmedia":[{"embeddable":true,"href":"https:\/\/howood.fr\/index.php\/wp-json\/wp\/v2\/media\/1258"}],"wp:attachment":[{"href":"https:\/\/howood.fr\/index.php\/wp-json\/wp\/v2\/media?parent=1269"}],"wp:term":[{"taxonomy":"product_brand","embeddable":true,"href":"https:\/\/howood.fr\/index.php\/wp-json\/wp\/v2\/product_brand?post=1269"},{"taxonomy":"product_cat","embeddable":true,"href":"https:\/\/howood.fr\/index.php\/wp-json\/wp\/v2\/product_cat?post=1269"},{"taxonomy":"product_tag","embeddable":true,"href":"https:\/\/howood.fr\/index.php\/wp-json\/wp\/v2\/product_tag?post=1269"}],"curies":[{"name":"wp","href":"https:\/\/api.w.org\/{rel}","templated":true}]}}