{"id":1593,"date":"2024-12-31T15:04:35","date_gmt":"2024-12-31T14:04:35","guid":{"rendered":"https:\/\/monpendulehowood.com\/?post_type=product&#038;p=1593"},"modified":"2026-01-15T22:31:48","modified_gmt":"2026-01-15T21:31:48","slug":"stylo-bille-arbre-de-judee-calligraphie-tournage-bois-fait-main-royan-artisana-charente-maritime","status":"publish","type":"product","link":"https:\/\/howood.fr\/index.php\/produit\/stylo-bille-arbre-de-judee-calligraphie-tournage-bois-fait-main-royan-artisana-charente-maritime\/","title":{"rendered":"Stylo en bois d&rsquo;Arbre de Jud\u00e9e Collection \u00e9l\u00e9gance"},"content":{"rendered":"<p><strong>Arbre de Jud\u00e9e de mon jardin \u00e0 Royan en Charente Maritime au veinage somptueux. Cette pi\u00e8ce est rare car peu de tourneurs osent fa\u00e7onner des stylos avec cette essence de bois.<\/strong><\/p>\n<p>Encre noire rechargeable<\/p>\n<p>Frais de port offert<\/p>\n","protected":false},"excerpt":{"rendered":"<p>Arbre de Jud\u00e9e de mon jardin \u00e0 Royan en Charente Maritime au veinage somptueux. Cette pi\u00e8ce est rare car peu de tourneurs osent fa\u00e7onner des stylos avec cette essence de bois. Encre noire rechargeable Frais de port offert<\/p>\n","protected":false},"featured_media":1569,"template":"","meta":[],"product_brand":[],"product_cat":[52],"product_tag":[55,34,53],"class_list":{"0":"post-1593","1":"product","2":"type-product","3":"status-publish","4":"has-post-thumbnail","6":"product_cat-stylos-bille","7":"product_tag-arbre-de-judee","8":"product_tag-bois","9":"product_tag-stylo-bille","10":"product_shipping_class-pendules-colliers-porte-cles-stylo-a-bille-stylo-a-plume","12":"first","13":"instock","14":"sold-individually","15":"purchasable","16":"product-type-simple"},"yoast_head":"<!-- This site is optimized with the Yoast SEO plugin v27.5 - https:\/\/yoast.com\/product\/yoast-seo-wordpress\/ -->\n<title>Stylo en bois d&#039;Arbre de Jud\u00e9e Collection \u00e9l\u00e9gance - HoWood<\/title>\n<meta name=\"description\" content=\"D\u00e9couvrez ce stylo \u00e0 bille, enti\u00e8rement r\u00e9alis\u00e9 \u00e0 la main. Sublimez votre \u00e9criture avec l\u2019\u00e9l\u00e9gance, parfait pour un cadeau ou pour votre propre collection.\" \/>\n<meta name=\"robots\" content=\"index, follow, max-snippet:-1, max-image-preview:large, max-video-preview:-1\" \/>\n<link rel=\"canonical\" href=\"https:\/\/howood.fr\/index.php\/produit\/stylo-bille-arbre-de-judee-calligraphie-tournage-bois-fait-main-royan-artisana-charente-maritime\/\" \/>\n<meta property=\"og:locale\" content=\"fr_FR\" \/>\n<meta property=\"og:type\" content=\"article\" \/>\n<meta property=\"og:title\" content=\"Stylo en bois d&#039;Arbre de Jud\u00e9e Collection \u00e9l\u00e9gance - HoWood\" \/>\n<meta property=\"og:description\" content=\"D\u00e9couvrez ce stylo \u00e0 bille, enti\u00e8rement r\u00e9alis\u00e9 \u00e0 la main. Sublimez votre \u00e9criture avec l\u2019\u00e9l\u00e9gance, parfait pour un cadeau ou pour votre propre collection.\" \/>\n<meta property=\"og:url\" content=\"https:\/\/howood.fr\/index.php\/produit\/stylo-bille-arbre-de-judee-calligraphie-tournage-bois-fait-main-royan-artisana-charente-maritime\/\" \/>\n<meta property=\"og:site_name\" content=\"HoWood\" \/>\n<meta property=\"article:modified_time\" content=\"2026-01-15T21:31:48+00:00\" \/>\n<meta property=\"og:image\" content=\"https:\/\/howood.fr\/wp-content\/uploads\/2024\/12\/SE-1224-03-3.jpg\" \/>\n\t<meta property=\"og:image:width\" content=\"1080\" \/>\n\t<meta property=\"og:image:height\" content=\"1080\" \/>\n\t<meta property=\"og:image:type\" content=\"image\/jpeg\" \/>\n<meta name=\"twitter:card\" content=\"summary_large_image\" \/>\n<meta name=\"twitter:label1\" content=\"Dur\u00e9e de lecture estim\u00e9e\" \/>\n\t<meta name=\"twitter:data1\" content=\"1 minute\" \/>\n<script type=\"application\/ld+json\" class=\"yoast-schema-graph\">{\"@context\":\"https:\\\/\\\/schema.org\",\"@graph\":[{\"@type\":\"WebPage\",\"@id\":\"https:\\\/\\\/howood.fr\\\/index.php\\\/produit\\\/stylo-bille-arbre-de-judee-calligraphie-tournage-bois-fait-main-royan-artisana-charente-maritime\\\/\",\"url\":\"https:\\\/\\\/howood.fr\\\/index.php\\\/produit\\\/stylo-bille-arbre-de-judee-calligraphie-tournage-bois-fait-main-royan-artisana-charente-maritime\\\/\",\"name\":\"Stylo en bois d'Arbre de Jud\u00e9e Collection \u00e9l\u00e9gance - HoWood\",\"isPartOf\":{\"@id\":\"https:\\\/\\\/howood.fr\\\/#website\"},\"primaryImageOfPage\":{\"@id\":\"https:\\\/\\\/howood.fr\\\/index.php\\\/produit\\\/stylo-bille-arbre-de-judee-calligraphie-tournage-bois-fait-main-royan-artisana-charente-maritime\\\/#primaryimage\"},\"image\":{\"@id\":\"https:\\\/\\\/howood.fr\\\/index.php\\\/produit\\\/stylo-bille-arbre-de-judee-calligraphie-tournage-bois-fait-main-royan-artisana-charente-maritime\\\/#primaryimage\"},\"thumbnailUrl\":\"https:\\\/\\\/howood.fr\\\/wp-content\\\/uploads\\\/2024\\\/12\\\/SE-1224-03-3.jpg\",\"datePublished\":\"2024-12-31T14:04:35+00:00\",\"dateModified\":\"2026-01-15T21:31:48+00:00\",\"description\":\"D\u00e9couvrez ce stylo \u00e0 bille, enti\u00e8rement r\u00e9alis\u00e9 \u00e0 la main. Sublimez votre \u00e9criture avec l\u2019\u00e9l\u00e9gance, parfait pour un cadeau ou pour votre propre collection.\",\"breadcrumb\":{\"@id\":\"https:\\\/\\\/howood.fr\\\/index.php\\\/produit\\\/stylo-bille-arbre-de-judee-calligraphie-tournage-bois-fait-main-royan-artisana-charente-maritime\\\/#breadcrumb\"},\"inLanguage\":\"fr-FR\",\"potentialAction\":[{\"@type\":\"ReadAction\",\"target\":[\"https:\\\/\\\/howood.fr\\\/index.php\\\/produit\\\/stylo-bille-arbre-de-judee-calligraphie-tournage-bois-fait-main-royan-artisana-charente-maritime\\\/\"]}]},{\"@type\":\"ImageObject\",\"inLanguage\":\"fr-FR\",\"@id\":\"https:\\\/\\\/howood.fr\\\/index.php\\\/produit\\\/stylo-bille-arbre-de-judee-calligraphie-tournage-bois-fait-main-royan-artisana-charente-maritime\\\/#primaryimage\",\"url\":\"https:\\\/\\\/howood.fr\\\/wp-content\\\/uploads\\\/2024\\\/12\\\/SE-1224-03-3.jpg\",\"contentUrl\":\"https:\\\/\\\/howood.fr\\\/wp-content\\\/uploads\\\/2024\\\/12\\\/SE-1224-03-3.jpg\",\"width\":1080,\"height\":1080,\"caption\":\"Stylo Arbre de Jud\u00e9e ligne \u00e9l\u00e9gance mod\u00e8le unique fait main\"},{\"@type\":\"BreadcrumbList\",\"@id\":\"https:\\\/\\\/howood.fr\\\/index.php\\\/produit\\\/stylo-bille-arbre-de-judee-calligraphie-tournage-bois-fait-main-royan-artisana-charente-maritime\\\/#breadcrumb\",\"itemListElement\":[{\"@type\":\"ListItem\",\"position\":1,\"name\":\"Accueil\",\"item\":\"https:\\\/\\\/howood.fr\\\/\"},{\"@type\":\"ListItem\",\"position\":2,\"name\":\"Produits\",\"item\":\"https:\\\/\\\/howood.fr\\\/index.php\\\/shop\\\/\"},{\"@type\":\"ListItem\",\"position\":3,\"name\":\"Stylo en bois d&rsquo;Arbre de Jud\u00e9e Collection \u00e9l\u00e9gance\"}]},{\"@type\":\"WebSite\",\"@id\":\"https:\\\/\\\/howood.fr\\\/#website\",\"url\":\"https:\\\/\\\/howood.fr\\\/\",\"name\":\"HoWood\",\"description\":\"pendule de radiesth\u00e9sie Artisanal HoWood\",\"publisher\":{\"@id\":\"https:\\\/\\\/howood.fr\\\/#organization\"},\"potentialAction\":[{\"@type\":\"SearchAction\",\"target\":{\"@type\":\"EntryPoint\",\"urlTemplate\":\"https:\\\/\\\/howood.fr\\\/?s={search_term_string}\"},\"query-input\":{\"@type\":\"PropertyValueSpecification\",\"valueRequired\":true,\"valueName\":\"search_term_string\"}}],\"inLanguage\":\"fr-FR\"},{\"@type\":\"Organization\",\"@id\":\"https:\\\/\\\/howood.fr\\\/#organization\",\"name\":\"HoWood\",\"url\":\"https:\\\/\\\/howood.fr\\\/\",\"logo\":{\"@type\":\"ImageObject\",\"inLanguage\":\"fr-FR\",\"@id\":\"https:\\\/\\\/howood.fr\\\/#\\\/schema\\\/logo\\\/image\\\/\",\"url\":\"https:\\\/\\\/howood.fr\\\/wp-content\\\/uploads\\\/2024\\\/10\\\/logo-HW-150.webp\",\"contentUrl\":\"https:\\\/\\\/howood.fr\\\/wp-content\\\/uploads\\\/2024\\\/10\\\/logo-HW-150.webp\",\"width\":150,\"height\":150,\"caption\":\"HoWood\"},\"image\":{\"@id\":\"https:\\\/\\\/howood.fr\\\/#\\\/schema\\\/logo\\\/image\\\/\"}}]}<\/script>\n<!-- \/ Yoast SEO plugin. -->","yoast_head_json":{"title":"Stylo en bois d'Arbre de Jud\u00e9e Collection \u00e9l\u00e9gance - HoWood","description":"D\u00e9couvrez ce stylo \u00e0 bille, enti\u00e8rement r\u00e9alis\u00e9 \u00e0 la main. Sublimez votre \u00e9criture avec l\u2019\u00e9l\u00e9gance, parfait pour un cadeau ou pour votre propre collection.","robots":{"index":"index","follow":"follow","max-snippet":"max-snippet:-1","max-image-preview":"max-image-preview:large","max-video-preview":"max-video-preview:-1"},"canonical":"https:\/\/howood.fr\/index.php\/produit\/stylo-bille-arbre-de-judee-calligraphie-tournage-bois-fait-main-royan-artisana-charente-maritime\/","og_locale":"fr_FR","og_type":"article","og_title":"Stylo en bois d'Arbre de Jud\u00e9e Collection \u00e9l\u00e9gance - HoWood","og_description":"D\u00e9couvrez ce stylo \u00e0 bille, enti\u00e8rement r\u00e9alis\u00e9 \u00e0 la main. Sublimez votre \u00e9criture avec l\u2019\u00e9l\u00e9gance, parfait pour un cadeau ou pour votre propre collection.","og_url":"https:\/\/howood.fr\/index.php\/produit\/stylo-bille-arbre-de-judee-calligraphie-tournage-bois-fait-main-royan-artisana-charente-maritime\/","og_site_name":"HoWood","article_modified_time":"2026-01-15T21:31:48+00:00","og_image":[{"width":1080,"height":1080,"url":"https:\/\/howood.fr\/wp-content\/uploads\/2024\/12\/SE-1224-03-3.jpg","type":"image\/jpeg"}],"twitter_card":"summary_large_image","twitter_misc":{"Dur\u00e9e de lecture estim\u00e9e":"1 minute"},"schema":{"@context":"https:\/\/schema.org","@graph":[{"@type":"WebPage","@id":"https:\/\/howood.fr\/index.php\/produit\/stylo-bille-arbre-de-judee-calligraphie-tournage-bois-fait-main-royan-artisana-charente-maritime\/","url":"https:\/\/howood.fr\/index.php\/produit\/stylo-bille-arbre-de-judee-calligraphie-tournage-bois-fait-main-royan-artisana-charente-maritime\/","name":"Stylo en bois d'Arbre de Jud\u00e9e Collection \u00e9l\u00e9gance - HoWood","isPartOf":{"@id":"https:\/\/howood.fr\/#website"},"primaryImageOfPage":{"@id":"https:\/\/howood.fr\/index.php\/produit\/stylo-bille-arbre-de-judee-calligraphie-tournage-bois-fait-main-royan-artisana-charente-maritime\/#primaryimage"},"image":{"@id":"https:\/\/howood.fr\/index.php\/produit\/stylo-bille-arbre-de-judee-calligraphie-tournage-bois-fait-main-royan-artisana-charente-maritime\/#primaryimage"},"thumbnailUrl":"https:\/\/howood.fr\/wp-content\/uploads\/2024\/12\/SE-1224-03-3.jpg","datePublished":"2024-12-31T14:04:35+00:00","dateModified":"2026-01-15T21:31:48+00:00","description":"D\u00e9couvrez ce stylo \u00e0 bille, enti\u00e8rement r\u00e9alis\u00e9 \u00e0 la main. Sublimez votre \u00e9criture avec l\u2019\u00e9l\u00e9gance, parfait pour un cadeau ou pour votre propre collection.","breadcrumb":{"@id":"https:\/\/howood.fr\/index.php\/produit\/stylo-bille-arbre-de-judee-calligraphie-tournage-bois-fait-main-royan-artisana-charente-maritime\/#breadcrumb"},"inLanguage":"fr-FR","potentialAction":[{"@type":"ReadAction","target":["https:\/\/howood.fr\/index.php\/produit\/stylo-bille-arbre-de-judee-calligraphie-tournage-bois-fait-main-royan-artisana-charente-maritime\/"]}]},{"@type":"ImageObject","inLanguage":"fr-FR","@id":"https:\/\/howood.fr\/index.php\/produit\/stylo-bille-arbre-de-judee-calligraphie-tournage-bois-fait-main-royan-artisana-charente-maritime\/#primaryimage","url":"https:\/\/howood.fr\/wp-content\/uploads\/2024\/12\/SE-1224-03-3.jpg","contentUrl":"https:\/\/howood.fr\/wp-content\/uploads\/2024\/12\/SE-1224-03-3.jpg","width":1080,"height":1080,"caption":"Stylo Arbre de Jud\u00e9e ligne \u00e9l\u00e9gance mod\u00e8le unique fait main"},{"@type":"BreadcrumbList","@id":"https:\/\/howood.fr\/index.php\/produit\/stylo-bille-arbre-de-judee-calligraphie-tournage-bois-fait-main-royan-artisana-charente-maritime\/#breadcrumb","itemListElement":[{"@type":"ListItem","position":1,"name":"Accueil","item":"https:\/\/howood.fr\/"},{"@type":"ListItem","position":2,"name":"Produits","item":"https:\/\/howood.fr\/index.php\/shop\/"},{"@type":"ListItem","position":3,"name":"Stylo en bois d&rsquo;Arbre de Jud\u00e9e Collection \u00e9l\u00e9gance"}]},{"@type":"WebSite","@id":"https:\/\/howood.fr\/#website","url":"https:\/\/howood.fr\/","name":"HoWood","description":"pendule de radiesth\u00e9sie Artisanal HoWood","publisher":{"@id":"https:\/\/howood.fr\/#organization"},"potentialAction":[{"@type":"SearchAction","target":{"@type":"EntryPoint","urlTemplate":"https:\/\/howood.fr\/?s={search_term_string}"},"query-input":{"@type":"PropertyValueSpecification","valueRequired":true,"valueName":"search_term_string"}}],"inLanguage":"fr-FR"},{"@type":"Organization","@id":"https:\/\/howood.fr\/#organization","name":"HoWood","url":"https:\/\/howood.fr\/","logo":{"@type":"ImageObject","inLanguage":"fr-FR","@id":"https:\/\/howood.fr\/#\/schema\/logo\/image\/","url":"https:\/\/howood.fr\/wp-content\/uploads\/2024\/10\/logo-HW-150.webp","contentUrl":"https:\/\/howood.fr\/wp-content\/uploads\/2024\/10\/logo-HW-150.webp","width":150,"height":150,"caption":"HoWood"},"image":{"@id":"https:\/\/howood.fr\/#\/schema\/logo\/image\/"}}]}},"_links":{"self":[{"href":"https:\/\/howood.fr\/index.php\/wp-json\/wp\/v2\/product\/1593","targetHints":{"allow":["GET"]}}],"collection":[{"href":"https:\/\/howood.fr\/index.php\/wp-json\/wp\/v2\/product"}],"about":[{"href":"https:\/\/howood.fr\/index.php\/wp-json\/wp\/v2\/types\/product"}],"version-history":[{"count":3,"href":"https:\/\/howood.fr\/index.php\/wp-json\/wp\/v2\/product\/1593\/revisions"}],"predecessor-version":[{"id":3345,"href":"https:\/\/howood.fr\/index.php\/wp-json\/wp\/v2\/product\/1593\/revisions\/3345"}],"wp:featuredmedia":[{"embeddable":true,"href":"https:\/\/howood.fr\/index.php\/wp-json\/wp\/v2\/media\/1569"}],"wp:attachment":[{"href":"https:\/\/howood.fr\/index.php\/wp-json\/wp\/v2\/media?parent=1593"}],"wp:term":[{"taxonomy":"product_brand","embeddable":true,"href":"https:\/\/howood.fr\/index.php\/wp-json\/wp\/v2\/product_brand?post=1593"},{"taxonomy":"product_cat","embeddable":true,"href":"https:\/\/howood.fr\/index.php\/wp-json\/wp\/v2\/product_cat?post=1593"},{"taxonomy":"product_tag","embeddable":true,"href":"https:\/\/howood.fr\/index.php\/wp-json\/wp\/v2\/product_tag?post=1593"}],"curies":[{"name":"wp","href":"https:\/\/api.w.org\/{rel}","templated":true}]}}