{"id":1853,"date":"2025-01-31T19:26:40","date_gmt":"2025-01-31T18:26:40","guid":{"rendered":"https:\/\/howood.fr\/?post_type=product&#038;p=1853"},"modified":"2026-01-15T22:29:57","modified_gmt":"2026-01-15T21:29:57","slug":"pendule-en-bois-de-buis","status":"publish","type":"product","link":"https:\/\/howood.fr\/index.php\/produit\/pendule-en-bois-de-buis\/","title":{"rendered":"Pendule de radiesth\u00e9sie en bois de Buis"},"content":{"rendered":"<p>Magnifique pendule\u00a0 de radiesth\u00e9sie sph\u00e9rique en bois de BUIS avec une petite pointe arrondie en m\u00e9tal dor\u00e9.<\/p>\n<p><b>Mesures \u00e0 quelques variables pr\u00e8s <\/b><\/p>\n<ul>\n<li>Hauteur : 4 cm<\/li>\n<li>Largeur\u00a0 maxi : 4,3 cm<\/li>\n<li>Poids : 26 gr<\/li>\n<li>Cha\u00eenette en m\u00e9tal dor\u00e9.<\/li>\n<\/ul>\n<p>&nbsp;<\/p>\n<p><b>Livraison <\/b><\/p>\n<p>Frais de livraison offert pour un envoi en France M\u00e9tropolitaine<br \/>\n(courrier suivi)<\/p>\n","protected":false},"excerpt":{"rendered":"<p>Magnifique pendule\u00a0 de radiesth\u00e9sie sph\u00e9rique en bois de BUIS avec une petite pointe arrondie en m\u00e9tal dor\u00e9. Mesures \u00e0 quelques variables pr\u00e8s Hauteur : 4 cm Largeur\u00a0 maxi : 4,3 cm Poids : 26 gr Cha\u00eenette en m\u00e9tal dor\u00e9. &nbsp; Livraison Frais de livraison offert pour un envoi en France M\u00e9tropolitaine (courrier suivi)<\/p>\n","protected":false},"featured_media":1787,"comment_status":"closed","ping_status":"closed","template":"","meta":[],"product_brand":[],"product_cat":[32],"product_tag":[34,42,51,40,33],"class_list":{"0":"post-1853","1":"product","2":"type-product","3":"status-publish","4":"has-post-thumbnail","6":"product_cat-pendules-de-radiesthesie","7":"product_tag-bois","8":"product_tag-buis","9":"product_tag-dore","10":"product_tag-metal","11":"product_tag-pendule","12":"product_shipping_class-pendules-colliers-porte-cles-stylo-a-bille-stylo-a-plume","14":"first","15":"instock","16":"sold-individually","17":"purchasable","18":"product-type-simple"},"yoast_head":"<!-- This site is optimized with the Yoast SEO plugin v27.4 - https:\/\/yoast.com\/product\/yoast-seo-wordpress\/ -->\n<title>Pendule de radiesth\u00e9sie en bois de Buis - HoWood<\/title>\n<meta name=\"description\" content=\"Pendule sph\u00e9rique en bois de Buis fait main \u00e0 Royan, alliant finesse et pr\u00e9cision. Ce pendule naturel, issu de bois local, est id\u00e9al pour la radiesth\u00e9sie et les pratiques \u00e9nerg\u00e9tiques. Sa forme sph\u00e9rique assure une excellente stabilit\u00e9 et sensibilit\u00e9 vibratoire.\" \/>\n<meta name=\"robots\" content=\"index, follow, max-snippet:-1, max-image-preview:large, max-video-preview:-1\" \/>\n<link rel=\"canonical\" href=\"https:\/\/howood.fr\/index.php\/produit\/pendule-en-bois-de-buis\/\" \/>\n<meta property=\"og:locale\" content=\"fr_FR\" \/>\n<meta property=\"og:type\" content=\"article\" \/>\n<meta property=\"og:title\" content=\"Pendule de radiesth\u00e9sie en bois de Buis - HoWood\" \/>\n<meta property=\"og:description\" content=\"Pendule sph\u00e9rique en bois de Buis fait main \u00e0 Royan, alliant finesse et pr\u00e9cision. Ce pendule naturel, issu de bois local, est id\u00e9al pour la radiesth\u00e9sie et les pratiques \u00e9nerg\u00e9tiques. Sa forme sph\u00e9rique assure une excellente stabilit\u00e9 et sensibilit\u00e9 vibratoire.\" \/>\n<meta property=\"og:url\" content=\"https:\/\/howood.fr\/index.php\/produit\/pendule-en-bois-de-buis\/\" \/>\n<meta property=\"og:site_name\" content=\"HoWood\" \/>\n<meta property=\"article:modified_time\" content=\"2026-01-15T21:29:57+00:00\" \/>\n<meta property=\"og:image\" content=\"https:\/\/howood.fr\/wp-content\/uploads\/2025\/01\/0125-05-buis-40E-1.jpg\" \/>\n\t<meta property=\"og:image:width\" content=\"1080\" \/>\n\t<meta property=\"og:image:height\" content=\"1080\" \/>\n\t<meta property=\"og:image:type\" content=\"image\/jpeg\" \/>\n<meta name=\"twitter:card\" content=\"summary_large_image\" \/>\n<meta name=\"twitter:label1\" content=\"Dur\u00e9e de lecture estim\u00e9e\" \/>\n\t<meta name=\"twitter:data1\" content=\"1 minute\" \/>\n<script type=\"application\/ld+json\" class=\"yoast-schema-graph\">{\"@context\":\"https:\\\/\\\/schema.org\",\"@graph\":[{\"@type\":\"WebPage\",\"@id\":\"https:\\\/\\\/howood.fr\\\/index.php\\\/produit\\\/pendule-en-bois-de-buis\\\/\",\"url\":\"https:\\\/\\\/howood.fr\\\/index.php\\\/produit\\\/pendule-en-bois-de-buis\\\/\",\"name\":\"Pendule de radiesth\u00e9sie en bois de Buis - HoWood\",\"isPartOf\":{\"@id\":\"https:\\\/\\\/howood.fr\\\/#website\"},\"primaryImageOfPage\":{\"@id\":\"https:\\\/\\\/howood.fr\\\/index.php\\\/produit\\\/pendule-en-bois-de-buis\\\/#primaryimage\"},\"image\":{\"@id\":\"https:\\\/\\\/howood.fr\\\/index.php\\\/produit\\\/pendule-en-bois-de-buis\\\/#primaryimage\"},\"thumbnailUrl\":\"https:\\\/\\\/howood.fr\\\/wp-content\\\/uploads\\\/2025\\\/01\\\/0125-05-buis-40E-1.jpg\",\"datePublished\":\"2025-01-31T18:26:40+00:00\",\"dateModified\":\"2026-01-15T21:29:57+00:00\",\"description\":\"Pendule sph\u00e9rique en bois de Buis fait main \u00e0 Royan, alliant finesse et pr\u00e9cision. Ce pendule naturel, issu de bois local, est id\u00e9al pour la radiesth\u00e9sie et les pratiques \u00e9nerg\u00e9tiques. Sa forme sph\u00e9rique assure une excellente stabilit\u00e9 et sensibilit\u00e9 vibratoire.\",\"breadcrumb\":{\"@id\":\"https:\\\/\\\/howood.fr\\\/index.php\\\/produit\\\/pendule-en-bois-de-buis\\\/#breadcrumb\"},\"inLanguage\":\"fr-FR\",\"potentialAction\":[{\"@type\":\"ReadAction\",\"target\":[\"https:\\\/\\\/howood.fr\\\/index.php\\\/produit\\\/pendule-en-bois-de-buis\\\/\"]}]},{\"@type\":\"ImageObject\",\"inLanguage\":\"fr-FR\",\"@id\":\"https:\\\/\\\/howood.fr\\\/index.php\\\/produit\\\/pendule-en-bois-de-buis\\\/#primaryimage\",\"url\":\"https:\\\/\\\/howood.fr\\\/wp-content\\\/uploads\\\/2025\\\/01\\\/0125-05-buis-40E-1.jpg\",\"contentUrl\":\"https:\\\/\\\/howood.fr\\\/wp-content\\\/uploads\\\/2025\\\/01\\\/0125-05-buis-40E-1.jpg\",\"width\":1080,\"height\":1080,\"caption\":\"Pendule artisanal de radiesth\u00e9sie fait main \u00e0 Royan en bois de buis\"},{\"@type\":\"BreadcrumbList\",\"@id\":\"https:\\\/\\\/howood.fr\\\/index.php\\\/produit\\\/pendule-en-bois-de-buis\\\/#breadcrumb\",\"itemListElement\":[{\"@type\":\"ListItem\",\"position\":1,\"name\":\"Accueil\",\"item\":\"https:\\\/\\\/howood.fr\\\/\"},{\"@type\":\"ListItem\",\"position\":2,\"name\":\"Produits\",\"item\":\"https:\\\/\\\/howood.fr\\\/index.php\\\/shop\\\/\"},{\"@type\":\"ListItem\",\"position\":3,\"name\":\"Pendule de radiesth\u00e9sie en bois de Buis\"}]},{\"@type\":\"WebSite\",\"@id\":\"https:\\\/\\\/howood.fr\\\/#website\",\"url\":\"https:\\\/\\\/howood.fr\\\/\",\"name\":\"HoWood\",\"description\":\"pendule de radiesth\u00e9sie Artisanal HoWood\",\"publisher\":{\"@id\":\"https:\\\/\\\/howood.fr\\\/#organization\"},\"potentialAction\":[{\"@type\":\"SearchAction\",\"target\":{\"@type\":\"EntryPoint\",\"urlTemplate\":\"https:\\\/\\\/howood.fr\\\/?s={search_term_string}\"},\"query-input\":{\"@type\":\"PropertyValueSpecification\",\"valueRequired\":true,\"valueName\":\"search_term_string\"}}],\"inLanguage\":\"fr-FR\"},{\"@type\":\"Organization\",\"@id\":\"https:\\\/\\\/howood.fr\\\/#organization\",\"name\":\"HoWood\",\"url\":\"https:\\\/\\\/howood.fr\\\/\",\"logo\":{\"@type\":\"ImageObject\",\"inLanguage\":\"fr-FR\",\"@id\":\"https:\\\/\\\/howood.fr\\\/#\\\/schema\\\/logo\\\/image\\\/\",\"url\":\"https:\\\/\\\/howood.fr\\\/wp-content\\\/uploads\\\/2024\\\/10\\\/logo-HW-150.webp\",\"contentUrl\":\"https:\\\/\\\/howood.fr\\\/wp-content\\\/uploads\\\/2024\\\/10\\\/logo-HW-150.webp\",\"width\":150,\"height\":150,\"caption\":\"HoWood\"},\"image\":{\"@id\":\"https:\\\/\\\/howood.fr\\\/#\\\/schema\\\/logo\\\/image\\\/\"}}]}<\/script>\n<!-- \/ Yoast SEO plugin. -->","yoast_head_json":{"title":"Pendule de radiesth\u00e9sie en bois de Buis - HoWood","description":"Pendule sph\u00e9rique en bois de Buis fait main \u00e0 Royan, alliant finesse et pr\u00e9cision. Ce pendule naturel, issu de bois local, est id\u00e9al pour la radiesth\u00e9sie et les pratiques \u00e9nerg\u00e9tiques. Sa forme sph\u00e9rique assure une excellente stabilit\u00e9 et sensibilit\u00e9 vibratoire.","robots":{"index":"index","follow":"follow","max-snippet":"max-snippet:-1","max-image-preview":"max-image-preview:large","max-video-preview":"max-video-preview:-1"},"canonical":"https:\/\/howood.fr\/index.php\/produit\/pendule-en-bois-de-buis\/","og_locale":"fr_FR","og_type":"article","og_title":"Pendule de radiesth\u00e9sie en bois de Buis - HoWood","og_description":"Pendule sph\u00e9rique en bois de Buis fait main \u00e0 Royan, alliant finesse et pr\u00e9cision. Ce pendule naturel, issu de bois local, est id\u00e9al pour la radiesth\u00e9sie et les pratiques \u00e9nerg\u00e9tiques. Sa forme sph\u00e9rique assure une excellente stabilit\u00e9 et sensibilit\u00e9 vibratoire.","og_url":"https:\/\/howood.fr\/index.php\/produit\/pendule-en-bois-de-buis\/","og_site_name":"HoWood","article_modified_time":"2026-01-15T21:29:57+00:00","og_image":[{"width":1080,"height":1080,"url":"https:\/\/howood.fr\/wp-content\/uploads\/2025\/01\/0125-05-buis-40E-1.jpg","type":"image\/jpeg"}],"twitter_card":"summary_large_image","twitter_misc":{"Dur\u00e9e de lecture estim\u00e9e":"1 minute"},"schema":{"@context":"https:\/\/schema.org","@graph":[{"@type":"WebPage","@id":"https:\/\/howood.fr\/index.php\/produit\/pendule-en-bois-de-buis\/","url":"https:\/\/howood.fr\/index.php\/produit\/pendule-en-bois-de-buis\/","name":"Pendule de radiesth\u00e9sie en bois de Buis - HoWood","isPartOf":{"@id":"https:\/\/howood.fr\/#website"},"primaryImageOfPage":{"@id":"https:\/\/howood.fr\/index.php\/produit\/pendule-en-bois-de-buis\/#primaryimage"},"image":{"@id":"https:\/\/howood.fr\/index.php\/produit\/pendule-en-bois-de-buis\/#primaryimage"},"thumbnailUrl":"https:\/\/howood.fr\/wp-content\/uploads\/2025\/01\/0125-05-buis-40E-1.jpg","datePublished":"2025-01-31T18:26:40+00:00","dateModified":"2026-01-15T21:29:57+00:00","description":"Pendule sph\u00e9rique en bois de Buis fait main \u00e0 Royan, alliant finesse et pr\u00e9cision. Ce pendule naturel, issu de bois local, est id\u00e9al pour la radiesth\u00e9sie et les pratiques \u00e9nerg\u00e9tiques. Sa forme sph\u00e9rique assure une excellente stabilit\u00e9 et sensibilit\u00e9 vibratoire.","breadcrumb":{"@id":"https:\/\/howood.fr\/index.php\/produit\/pendule-en-bois-de-buis\/#breadcrumb"},"inLanguage":"fr-FR","potentialAction":[{"@type":"ReadAction","target":["https:\/\/howood.fr\/index.php\/produit\/pendule-en-bois-de-buis\/"]}]},{"@type":"ImageObject","inLanguage":"fr-FR","@id":"https:\/\/howood.fr\/index.php\/produit\/pendule-en-bois-de-buis\/#primaryimage","url":"https:\/\/howood.fr\/wp-content\/uploads\/2025\/01\/0125-05-buis-40E-1.jpg","contentUrl":"https:\/\/howood.fr\/wp-content\/uploads\/2025\/01\/0125-05-buis-40E-1.jpg","width":1080,"height":1080,"caption":"Pendule artisanal de radiesth\u00e9sie fait main \u00e0 Royan en bois de buis"},{"@type":"BreadcrumbList","@id":"https:\/\/howood.fr\/index.php\/produit\/pendule-en-bois-de-buis\/#breadcrumb","itemListElement":[{"@type":"ListItem","position":1,"name":"Accueil","item":"https:\/\/howood.fr\/"},{"@type":"ListItem","position":2,"name":"Produits","item":"https:\/\/howood.fr\/index.php\/shop\/"},{"@type":"ListItem","position":3,"name":"Pendule de radiesth\u00e9sie en bois de Buis"}]},{"@type":"WebSite","@id":"https:\/\/howood.fr\/#website","url":"https:\/\/howood.fr\/","name":"HoWood","description":"pendule de radiesth\u00e9sie Artisanal HoWood","publisher":{"@id":"https:\/\/howood.fr\/#organization"},"potentialAction":[{"@type":"SearchAction","target":{"@type":"EntryPoint","urlTemplate":"https:\/\/howood.fr\/?s={search_term_string}"},"query-input":{"@type":"PropertyValueSpecification","valueRequired":true,"valueName":"search_term_string"}}],"inLanguage":"fr-FR"},{"@type":"Organization","@id":"https:\/\/howood.fr\/#organization","name":"HoWood","url":"https:\/\/howood.fr\/","logo":{"@type":"ImageObject","inLanguage":"fr-FR","@id":"https:\/\/howood.fr\/#\/schema\/logo\/image\/","url":"https:\/\/howood.fr\/wp-content\/uploads\/2024\/10\/logo-HW-150.webp","contentUrl":"https:\/\/howood.fr\/wp-content\/uploads\/2024\/10\/logo-HW-150.webp","width":150,"height":150,"caption":"HoWood"},"image":{"@id":"https:\/\/howood.fr\/#\/schema\/logo\/image\/"}}]}},"_links":{"self":[{"href":"https:\/\/howood.fr\/index.php\/wp-json\/wp\/v2\/product\/1853","targetHints":{"allow":["GET"]}}],"collection":[{"href":"https:\/\/howood.fr\/index.php\/wp-json\/wp\/v2\/product"}],"about":[{"href":"https:\/\/howood.fr\/index.php\/wp-json\/wp\/v2\/types\/product"}],"replies":[{"embeddable":true,"href":"https:\/\/howood.fr\/index.php\/wp-json\/wp\/v2\/comments?post=1853"}],"version-history":[{"count":4,"href":"https:\/\/howood.fr\/index.php\/wp-json\/wp\/v2\/product\/1853\/revisions"}],"predecessor-version":[{"id":1908,"href":"https:\/\/howood.fr\/index.php\/wp-json\/wp\/v2\/product\/1853\/revisions\/1908"}],"wp:featuredmedia":[{"embeddable":true,"href":"https:\/\/howood.fr\/index.php\/wp-json\/wp\/v2\/media\/1787"}],"wp:attachment":[{"href":"https:\/\/howood.fr\/index.php\/wp-json\/wp\/v2\/media?parent=1853"}],"wp:term":[{"taxonomy":"product_brand","embeddable":true,"href":"https:\/\/howood.fr\/index.php\/wp-json\/wp\/v2\/product_brand?post=1853"},{"taxonomy":"product_cat","embeddable":true,"href":"https:\/\/howood.fr\/index.php\/wp-json\/wp\/v2\/product_cat?post=1853"},{"taxonomy":"product_tag","embeddable":true,"href":"https:\/\/howood.fr\/index.php\/wp-json\/wp\/v2\/product_tag?post=1853"}],"curies":[{"name":"wp","href":"https:\/\/api.w.org\/{rel}","templated":true}]}}