{"id":1868,"date":"2025-01-31T20:21:26","date_gmt":"2025-01-31T19:21:26","guid":{"rendered":"https:\/\/howood.fr\/?post_type=product&#038;p=1868"},"modified":"2026-01-05T22:21:50","modified_gmt":"2026-01-05T21:21:50","slug":"pendule-catalyseur-en-bois-abricotier-artisanat","status":"publish","type":"product","link":"https:\/\/howood.fr\/index.php\/produit\/pendule-catalyseur-en-bois-abricotier-artisanat\/","title":{"rendered":"THE DRIVER, Pendule de radiesth\u00e9sie &#8211; Catalyseur en bois d&rsquo;Abricotier"},"content":{"rendered":"<p>Je m&rsquo;appelle The DRIVER. Je suis un pendule de radiesth\u00e9sie et un \u00ab\u00a0Catalyseur\u00a0\u00bb HOWOOD en ABRICOTIER du jardin. Je d\u00e9gage une \u00e9nergie ph\u00e9nom\u00e9nale. Je suis \u00e0 suspendre dans une pi\u00e8ce, une salle de soin ou \u00e0 poser sur un socle. J&rsquo;\u00e9quilibre, j&rsquo;harmonise, je dynamise et parfois, je fais pleurer \u263a\ufe0f Tenez-moi entre vos mains et vous sentirez&#8230;<br \/>\nJe suis disponible avec mon partenaire le \u00ab\u00a0<a href=\"https:\/\/howood.fr\/index.php\/produit\/pendule-en-bois-dabricotier-charente\/\">Ti\u2019pendule<\/a>\u00a0\u00bb (Trop tard, il se trouve dans les cr\u00e9ations d\u00e9j\u00e0 adopt\u00e9es)<\/p>\n<p><b>Mesures \u00e0 quelques variables pr\u00e8s <\/b><\/p>\n<ul>\n<li>Hauteur : 13,5 cm<\/li>\n<li>Largeur\u00a0 maxi : 7,2 cm<\/li>\n<li>Poids : 254 gr<\/li>\n<li>Lani\u00e8re en cuir.<\/li>\n<\/ul>\n<p><b>Livraison <\/b><\/p>\n<p>Frais de livraison offert pour un envoi en France M\u00e9tropolitaine<br \/>\n(courrier suivi)<\/p>\n","protected":false},"excerpt":{"rendered":"<p>Je m&rsquo;appelle The DRIVER. Je suis un pendule de radiesth\u00e9sie et un \u00ab\u00a0Catalyseur\u00a0\u00bb HOWOOD en ABRICOTIER du jardin. Je d\u00e9gage une \u00e9nergie ph\u00e9nom\u00e9nale. Je suis \u00e0 suspendre dans une pi\u00e8ce, une salle de soin ou \u00e0 poser sur un socle. J&rsquo;\u00e9quilibre, j&rsquo;harmonise, je dynamise et parfois, je fais pleurer \u263a\ufe0f Tenez-moi entre vos mains et [&hellip;]<\/p>\n","protected":false},"featured_media":1811,"comment_status":"closed","ping_status":"closed","template":"","meta":[],"product_brand":[],"product_cat":[44],"product_tag":[36,34,62,33],"class_list":{"0":"post-1868","1":"product","2":"type-product","3":"status-publish","4":"has-post-thumbnail","6":"product_cat-vendu-pendule-stylo-bille-plume-bois-fait-main-royan","7":"product_tag-abricotier","8":"product_tag-bois","9":"product_tag-catalyseur","10":"product_tag-pendule","11":"product_shipping_class-pendules-catalyseurs","13":"first","14":"outofstock","15":"sold-individually","16":"taxable","17":"shipping-taxable","18":"product-type-simple"},"yoast_head":"<!-- This site is optimized with the Yoast SEO plugin v27.4 - https:\/\/yoast.com\/product\/yoast-seo-wordpress\/ -->\n<title>THE DRIVER, Pendule de radiesth\u00e9sie - Catalyseur en bois d&#039;Abricotier - HoWood<\/title>\n<meta name=\"description\" content=\"Grand pendule en bois d\u2019abricotier fait main. Son bois chaleureux et \u00e9nerg\u00e9tiquement puissant en fait un outil id\u00e9al pour la m\u00e9ditation et l&#039;harmonisation.\" \/>\n<meta name=\"robots\" content=\"index, follow, max-snippet:-1, max-image-preview:large, max-video-preview:-1\" \/>\n<link rel=\"canonical\" href=\"https:\/\/howood.fr\/index.php\/produit\/pendule-catalyseur-en-bois-abricotier-artisanat\/\" \/>\n<meta property=\"og:locale\" content=\"fr_FR\" \/>\n<meta property=\"og:type\" content=\"article\" \/>\n<meta property=\"og:title\" content=\"THE DRIVER, Pendule de radiesth\u00e9sie - Catalyseur en bois d&#039;Abricotier - HoWood\" \/>\n<meta property=\"og:description\" content=\"Grand pendule en bois d\u2019abricotier fait main. Son bois chaleureux et \u00e9nerg\u00e9tiquement puissant en fait un outil id\u00e9al pour la m\u00e9ditation et l&#039;harmonisation.\" \/>\n<meta property=\"og:url\" content=\"https:\/\/howood.fr\/index.php\/produit\/pendule-catalyseur-en-bois-abricotier-artisanat\/\" \/>\n<meta property=\"og:site_name\" content=\"HoWood\" \/>\n<meta property=\"article:modified_time\" content=\"2026-01-05T21:21:50+00:00\" \/>\n<meta property=\"og:image\" content=\"https:\/\/howood.fr\/wp-content\/uploads\/2025\/01\/0125-09-abricotier-catal-150E-D.jpg\" \/>\n\t<meta property=\"og:image:width\" content=\"1080\" \/>\n\t<meta property=\"og:image:height\" content=\"1080\" \/>\n\t<meta property=\"og:image:type\" content=\"image\/jpeg\" \/>\n<meta name=\"twitter:card\" content=\"summary_large_image\" \/>\n<meta name=\"twitter:label1\" content=\"Dur\u00e9e de lecture estim\u00e9e\" \/>\n\t<meta name=\"twitter:data1\" content=\"1 minute\" \/>\n<script type=\"application\/ld+json\" class=\"yoast-schema-graph\">{\"@context\":\"https:\\\/\\\/schema.org\",\"@graph\":[{\"@type\":\"WebPage\",\"@id\":\"https:\\\/\\\/howood.fr\\\/index.php\\\/produit\\\/pendule-catalyseur-en-bois-abricotier-artisanat\\\/\",\"url\":\"https:\\\/\\\/howood.fr\\\/index.php\\\/produit\\\/pendule-catalyseur-en-bois-abricotier-artisanat\\\/\",\"name\":\"THE DRIVER, Pendule de radiesth\u00e9sie - Catalyseur en bois d'Abricotier - HoWood\",\"isPartOf\":{\"@id\":\"https:\\\/\\\/howood.fr\\\/#website\"},\"primaryImageOfPage\":{\"@id\":\"https:\\\/\\\/howood.fr\\\/index.php\\\/produit\\\/pendule-catalyseur-en-bois-abricotier-artisanat\\\/#primaryimage\"},\"image\":{\"@id\":\"https:\\\/\\\/howood.fr\\\/index.php\\\/produit\\\/pendule-catalyseur-en-bois-abricotier-artisanat\\\/#primaryimage\"},\"thumbnailUrl\":\"https:\\\/\\\/howood.fr\\\/wp-content\\\/uploads\\\/2025\\\/01\\\/0125-09-abricotier-catal-150E-D.jpg\",\"datePublished\":\"2025-01-31T19:21:26+00:00\",\"dateModified\":\"2026-01-05T21:21:50+00:00\",\"description\":\"Grand pendule en bois d\u2019abricotier fait main. Son bois chaleureux et \u00e9nerg\u00e9tiquement puissant en fait un outil id\u00e9al pour la m\u00e9ditation et l'harmonisation.\",\"breadcrumb\":{\"@id\":\"https:\\\/\\\/howood.fr\\\/index.php\\\/produit\\\/pendule-catalyseur-en-bois-abricotier-artisanat\\\/#breadcrumb\"},\"inLanguage\":\"fr-FR\",\"potentialAction\":[{\"@type\":\"ReadAction\",\"target\":[\"https:\\\/\\\/howood.fr\\\/index.php\\\/produit\\\/pendule-catalyseur-en-bois-abricotier-artisanat\\\/\"]}]},{\"@type\":\"ImageObject\",\"inLanguage\":\"fr-FR\",\"@id\":\"https:\\\/\\\/howood.fr\\\/index.php\\\/produit\\\/pendule-catalyseur-en-bois-abricotier-artisanat\\\/#primaryimage\",\"url\":\"https:\\\/\\\/howood.fr\\\/wp-content\\\/uploads\\\/2025\\\/01\\\/0125-09-abricotier-catal-150E-D.jpg\",\"contentUrl\":\"https:\\\/\\\/howood.fr\\\/wp-content\\\/uploads\\\/2025\\\/01\\\/0125-09-abricotier-catal-150E-D.jpg\",\"width\":1080,\"height\":1080,\"caption\":\"Pendule artisanal de radiesth\u00e9sie fait main \u00e0 Royan en bois d'abricotier\"},{\"@type\":\"BreadcrumbList\",\"@id\":\"https:\\\/\\\/howood.fr\\\/index.php\\\/produit\\\/pendule-catalyseur-en-bois-abricotier-artisanat\\\/#breadcrumb\",\"itemListElement\":[{\"@type\":\"ListItem\",\"position\":1,\"name\":\"Accueil\",\"item\":\"https:\\\/\\\/howood.fr\\\/\"},{\"@type\":\"ListItem\",\"position\":2,\"name\":\"Produits\",\"item\":\"https:\\\/\\\/howood.fr\\\/index.php\\\/shop\\\/\"},{\"@type\":\"ListItem\",\"position\":3,\"name\":\"THE DRIVER, Pendule de radiesth\u00e9sie &#8211; Catalyseur en bois d&rsquo;Abricotier\"}]},{\"@type\":\"WebSite\",\"@id\":\"https:\\\/\\\/howood.fr\\\/#website\",\"url\":\"https:\\\/\\\/howood.fr\\\/\",\"name\":\"HoWood\",\"description\":\"pendule de radiesth\u00e9sie Artisanal HoWood\",\"publisher\":{\"@id\":\"https:\\\/\\\/howood.fr\\\/#organization\"},\"potentialAction\":[{\"@type\":\"SearchAction\",\"target\":{\"@type\":\"EntryPoint\",\"urlTemplate\":\"https:\\\/\\\/howood.fr\\\/?s={search_term_string}\"},\"query-input\":{\"@type\":\"PropertyValueSpecification\",\"valueRequired\":true,\"valueName\":\"search_term_string\"}}],\"inLanguage\":\"fr-FR\"},{\"@type\":\"Organization\",\"@id\":\"https:\\\/\\\/howood.fr\\\/#organization\",\"name\":\"HoWood\",\"url\":\"https:\\\/\\\/howood.fr\\\/\",\"logo\":{\"@type\":\"ImageObject\",\"inLanguage\":\"fr-FR\",\"@id\":\"https:\\\/\\\/howood.fr\\\/#\\\/schema\\\/logo\\\/image\\\/\",\"url\":\"https:\\\/\\\/howood.fr\\\/wp-content\\\/uploads\\\/2024\\\/10\\\/logo-HW-150.webp\",\"contentUrl\":\"https:\\\/\\\/howood.fr\\\/wp-content\\\/uploads\\\/2024\\\/10\\\/logo-HW-150.webp\",\"width\":150,\"height\":150,\"caption\":\"HoWood\"},\"image\":{\"@id\":\"https:\\\/\\\/howood.fr\\\/#\\\/schema\\\/logo\\\/image\\\/\"}}]}<\/script>\n<!-- \/ Yoast SEO plugin. -->","yoast_head_json":{"title":"THE DRIVER, Pendule de radiesth\u00e9sie - Catalyseur en bois d'Abricotier - HoWood","description":"Grand pendule en bois d\u2019abricotier fait main. Son bois chaleureux et \u00e9nerg\u00e9tiquement puissant en fait un outil id\u00e9al pour la m\u00e9ditation et l'harmonisation.","robots":{"index":"index","follow":"follow","max-snippet":"max-snippet:-1","max-image-preview":"max-image-preview:large","max-video-preview":"max-video-preview:-1"},"canonical":"https:\/\/howood.fr\/index.php\/produit\/pendule-catalyseur-en-bois-abricotier-artisanat\/","og_locale":"fr_FR","og_type":"article","og_title":"THE DRIVER, Pendule de radiesth\u00e9sie - Catalyseur en bois d'Abricotier - HoWood","og_description":"Grand pendule en bois d\u2019abricotier fait main. Son bois chaleureux et \u00e9nerg\u00e9tiquement puissant en fait un outil id\u00e9al pour la m\u00e9ditation et l'harmonisation.","og_url":"https:\/\/howood.fr\/index.php\/produit\/pendule-catalyseur-en-bois-abricotier-artisanat\/","og_site_name":"HoWood","article_modified_time":"2026-01-05T21:21:50+00:00","og_image":[{"width":1080,"height":1080,"url":"https:\/\/howood.fr\/wp-content\/uploads\/2025\/01\/0125-09-abricotier-catal-150E-D.jpg","type":"image\/jpeg"}],"twitter_card":"summary_large_image","twitter_misc":{"Dur\u00e9e de lecture estim\u00e9e":"1 minute"},"schema":{"@context":"https:\/\/schema.org","@graph":[{"@type":"WebPage","@id":"https:\/\/howood.fr\/index.php\/produit\/pendule-catalyseur-en-bois-abricotier-artisanat\/","url":"https:\/\/howood.fr\/index.php\/produit\/pendule-catalyseur-en-bois-abricotier-artisanat\/","name":"THE DRIVER, Pendule de radiesth\u00e9sie - Catalyseur en bois d'Abricotier - HoWood","isPartOf":{"@id":"https:\/\/howood.fr\/#website"},"primaryImageOfPage":{"@id":"https:\/\/howood.fr\/index.php\/produit\/pendule-catalyseur-en-bois-abricotier-artisanat\/#primaryimage"},"image":{"@id":"https:\/\/howood.fr\/index.php\/produit\/pendule-catalyseur-en-bois-abricotier-artisanat\/#primaryimage"},"thumbnailUrl":"https:\/\/howood.fr\/wp-content\/uploads\/2025\/01\/0125-09-abricotier-catal-150E-D.jpg","datePublished":"2025-01-31T19:21:26+00:00","dateModified":"2026-01-05T21:21:50+00:00","description":"Grand pendule en bois d\u2019abricotier fait main. Son bois chaleureux et \u00e9nerg\u00e9tiquement puissant en fait un outil id\u00e9al pour la m\u00e9ditation et l'harmonisation.","breadcrumb":{"@id":"https:\/\/howood.fr\/index.php\/produit\/pendule-catalyseur-en-bois-abricotier-artisanat\/#breadcrumb"},"inLanguage":"fr-FR","potentialAction":[{"@type":"ReadAction","target":["https:\/\/howood.fr\/index.php\/produit\/pendule-catalyseur-en-bois-abricotier-artisanat\/"]}]},{"@type":"ImageObject","inLanguage":"fr-FR","@id":"https:\/\/howood.fr\/index.php\/produit\/pendule-catalyseur-en-bois-abricotier-artisanat\/#primaryimage","url":"https:\/\/howood.fr\/wp-content\/uploads\/2025\/01\/0125-09-abricotier-catal-150E-D.jpg","contentUrl":"https:\/\/howood.fr\/wp-content\/uploads\/2025\/01\/0125-09-abricotier-catal-150E-D.jpg","width":1080,"height":1080,"caption":"Pendule artisanal de radiesth\u00e9sie fait main \u00e0 Royan en bois d'abricotier"},{"@type":"BreadcrumbList","@id":"https:\/\/howood.fr\/index.php\/produit\/pendule-catalyseur-en-bois-abricotier-artisanat\/#breadcrumb","itemListElement":[{"@type":"ListItem","position":1,"name":"Accueil","item":"https:\/\/howood.fr\/"},{"@type":"ListItem","position":2,"name":"Produits","item":"https:\/\/howood.fr\/index.php\/shop\/"},{"@type":"ListItem","position":3,"name":"THE DRIVER, Pendule de radiesth\u00e9sie &#8211; Catalyseur en bois d&rsquo;Abricotier"}]},{"@type":"WebSite","@id":"https:\/\/howood.fr\/#website","url":"https:\/\/howood.fr\/","name":"HoWood","description":"pendule de radiesth\u00e9sie Artisanal HoWood","publisher":{"@id":"https:\/\/howood.fr\/#organization"},"potentialAction":[{"@type":"SearchAction","target":{"@type":"EntryPoint","urlTemplate":"https:\/\/howood.fr\/?s={search_term_string}"},"query-input":{"@type":"PropertyValueSpecification","valueRequired":true,"valueName":"search_term_string"}}],"inLanguage":"fr-FR"},{"@type":"Organization","@id":"https:\/\/howood.fr\/#organization","name":"HoWood","url":"https:\/\/howood.fr\/","logo":{"@type":"ImageObject","inLanguage":"fr-FR","@id":"https:\/\/howood.fr\/#\/schema\/logo\/image\/","url":"https:\/\/howood.fr\/wp-content\/uploads\/2024\/10\/logo-HW-150.webp","contentUrl":"https:\/\/howood.fr\/wp-content\/uploads\/2024\/10\/logo-HW-150.webp","width":150,"height":150,"caption":"HoWood"},"image":{"@id":"https:\/\/howood.fr\/#\/schema\/logo\/image\/"}}]}},"_links":{"self":[{"href":"https:\/\/howood.fr\/index.php\/wp-json\/wp\/v2\/product\/1868","targetHints":{"allow":["GET"]}}],"collection":[{"href":"https:\/\/howood.fr\/index.php\/wp-json\/wp\/v2\/product"}],"about":[{"href":"https:\/\/howood.fr\/index.php\/wp-json\/wp\/v2\/types\/product"}],"replies":[{"embeddable":true,"href":"https:\/\/howood.fr\/index.php\/wp-json\/wp\/v2\/comments?post=1868"}],"version-history":[{"count":8,"href":"https:\/\/howood.fr\/index.php\/wp-json\/wp\/v2\/product\/1868\/revisions"}],"predecessor-version":[{"id":3316,"href":"https:\/\/howood.fr\/index.php\/wp-json\/wp\/v2\/product\/1868\/revisions\/3316"}],"wp:featuredmedia":[{"embeddable":true,"href":"https:\/\/howood.fr\/index.php\/wp-json\/wp\/v2\/media\/1811"}],"wp:attachment":[{"href":"https:\/\/howood.fr\/index.php\/wp-json\/wp\/v2\/media?parent=1868"}],"wp:term":[{"taxonomy":"product_brand","embeddable":true,"href":"https:\/\/howood.fr\/index.php\/wp-json\/wp\/v2\/product_brand?post=1868"},{"taxonomy":"product_cat","embeddable":true,"href":"https:\/\/howood.fr\/index.php\/wp-json\/wp\/v2\/product_cat?post=1868"},{"taxonomy":"product_tag","embeddable":true,"href":"https:\/\/howood.fr\/index.php\/wp-json\/wp\/v2\/product_tag?post=1868"}],"curies":[{"name":"wp","href":"https:\/\/api.w.org\/{rel}","templated":true}]}}