{"id":1876,"date":"2025-01-31T20:43:51","date_gmt":"2025-01-31T19:43:51","guid":{"rendered":"https:\/\/howood.fr\/?post_type=product&#038;p=1876"},"modified":"2026-01-15T22:35:14","modified_gmt":"2026-01-15T21:35:14","slug":"pendule-catalyseur-en-buis","status":"publish","type":"product","link":"https:\/\/howood.fr\/index.php\/produit\/pendule-catalyseur-en-buis\/","title":{"rendered":"Pendule de radiesth\u00e9sie et Catalyseur en Buis"},"content":{"rendered":"<p>Je suis un Pendule de radisth\u00e9sie -Catalyseur HOWOOD.<br \/>\nJ&rsquo;aime vivre suspendu dans une pi\u00e8ce o\u00f9 je ferai mon p&rsquo;tit effet \u00e9nerg\u00e9tique ! Si vous \u00eates sensible vous sentirez mon \u00e9nergie. Et si ce n&rsquo;est pas le cas, vous me trouverez tr\u00e8s beau embellissant votre lieu de vie. Au touch\u00e9, vous palperez ma douce puissance dans le lissage de mon bois. Je suis en BUIS et une partie de mon \u00e9corce est encore visible. Mon bois continue de travailler et mes failles apparaissent embellissant mon veinage. Je suis vivant oui ! Malgr\u00e9 quelques d\u00e9cennies de s\u00e9chage, je porte toujours en moi le lieu de vie o\u00f9 j&rsquo;ai grandi, ma vibration est toujours l\u00e0.<\/p>\n<p><b>Mesures \u00e0 quelques variables pr\u00e8s <\/b><\/p>\n<ul>\n<li>Hauteur : 15,5 cm<\/li>\n<li>Largeur\u00a0 maxi : 7,3 cm<\/li>\n<li>Poids : 196 gr<\/li>\n<li>Ficelle de jute<\/li>\n<\/ul>\n<p>&nbsp;<\/p>\n<p><b>Livraison <\/b><\/p>\n<p>Frais de livraison offert pour un envoi en France M\u00e9tropolitaine<br \/>\n(courrier suivi)<\/p>\n","protected":false},"excerpt":{"rendered":"<p>Je suis un Pendule de radisth\u00e9sie -Catalyseur HOWOOD. J&rsquo;aime vivre suspendu dans une pi\u00e8ce o\u00f9 je ferai mon p&rsquo;tit effet \u00e9nerg\u00e9tique ! Si vous \u00eates sensible vous sentirez mon \u00e9nergie. Et si ce n&rsquo;est pas le cas, vous me trouverez tr\u00e8s beau embellissant votre lieu de vie. Au touch\u00e9, vous palperez ma douce puissance dans [&hellip;]<\/p>\n","protected":false},"featured_media":1821,"comment_status":"closed","ping_status":"closed","template":"","meta":[],"product_brand":[],"product_cat":[61],"product_tag":[34,42,62,33],"class_list":{"0":"post-1876","1":"product","2":"type-product","3":"status-publish","4":"has-post-thumbnail","6":"product_cat-pendule-catalyseur","7":"product_tag-bois","8":"product_tag-buis","9":"product_tag-catalyseur","10":"product_tag-pendule","11":"product_shipping_class-pendules-catalyseurs","13":"first","14":"instock","15":"sold-individually","16":"taxable","17":"shipping-taxable","18":"purchasable","19":"product-type-simple"},"yoast_head":"<!-- This site is optimized with the Yoast SEO plugin v27.4 - https:\/\/yoast.com\/product\/yoast-seo-wordpress\/ -->\n<title>Pendule de radiesth\u00e9sie et Catalyseur en Buis - HoWood<\/title>\n<meta name=\"description\" content=\"Pendule en bois de buis tourn\u00e9 \u00e0 la main, con\u00e7u pour l\u2019harmonisation des \u00e9nergies. Son bois noble et sa forme \u00e9quilibr\u00e9e en font un outil id\u00e9al pour la radiesth\u00e9sie et le travail vibratoire.\" \/>\n<meta name=\"robots\" content=\"index, follow, max-snippet:-1, max-image-preview:large, max-video-preview:-1\" \/>\n<link rel=\"canonical\" href=\"https:\/\/howood.fr\/index.php\/produit\/pendule-catalyseur-en-buis\/\" \/>\n<meta property=\"og:locale\" content=\"fr_FR\" \/>\n<meta property=\"og:type\" content=\"article\" \/>\n<meta property=\"og:title\" content=\"Pendule de radiesth\u00e9sie et Catalyseur en Buis - HoWood\" \/>\n<meta property=\"og:description\" content=\"Pendule en bois de buis tourn\u00e9 \u00e0 la main, con\u00e7u pour l\u2019harmonisation des \u00e9nergies. Son bois noble et sa forme \u00e9quilibr\u00e9e en font un outil id\u00e9al pour la radiesth\u00e9sie et le travail vibratoire.\" \/>\n<meta property=\"og:url\" content=\"https:\/\/howood.fr\/index.php\/produit\/pendule-catalyseur-en-buis\/\" \/>\n<meta property=\"og:site_name\" content=\"HoWood\" \/>\n<meta property=\"article:modified_time\" content=\"2026-01-15T21:35:14+00:00\" \/>\n<meta property=\"og:image\" content=\"https:\/\/howood.fr\/wp-content\/uploads\/2025\/01\/0125-11-buis-catal-150E-3.jpg\" \/>\n\t<meta property=\"og:image:width\" content=\"1080\" \/>\n\t<meta property=\"og:image:height\" content=\"1080\" \/>\n\t<meta property=\"og:image:type\" content=\"image\/jpeg\" \/>\n<meta name=\"twitter:card\" content=\"summary_large_image\" \/>\n<meta name=\"twitter:label1\" content=\"Dur\u00e9e de lecture estim\u00e9e\" \/>\n\t<meta name=\"twitter:data1\" content=\"1 minute\" \/>\n<script type=\"application\/ld+json\" class=\"yoast-schema-graph\">{\"@context\":\"https:\\\/\\\/schema.org\",\"@graph\":[{\"@type\":\"WebPage\",\"@id\":\"https:\\\/\\\/howood.fr\\\/index.php\\\/produit\\\/pendule-catalyseur-en-buis\\\/\",\"url\":\"https:\\\/\\\/howood.fr\\\/index.php\\\/produit\\\/pendule-catalyseur-en-buis\\\/\",\"name\":\"Pendule de radiesth\u00e9sie et Catalyseur en Buis - HoWood\",\"isPartOf\":{\"@id\":\"https:\\\/\\\/howood.fr\\\/#website\"},\"primaryImageOfPage\":{\"@id\":\"https:\\\/\\\/howood.fr\\\/index.php\\\/produit\\\/pendule-catalyseur-en-buis\\\/#primaryimage\"},\"image\":{\"@id\":\"https:\\\/\\\/howood.fr\\\/index.php\\\/produit\\\/pendule-catalyseur-en-buis\\\/#primaryimage\"},\"thumbnailUrl\":\"https:\\\/\\\/howood.fr\\\/wp-content\\\/uploads\\\/2025\\\/01\\\/0125-11-buis-catal-150E-3.jpg\",\"datePublished\":\"2025-01-31T19:43:51+00:00\",\"dateModified\":\"2026-01-15T21:35:14+00:00\",\"description\":\"Pendule en bois de buis tourn\u00e9 \u00e0 la main, con\u00e7u pour l\u2019harmonisation des \u00e9nergies. Son bois noble et sa forme \u00e9quilibr\u00e9e en font un outil id\u00e9al pour la radiesth\u00e9sie et le travail vibratoire.\",\"breadcrumb\":{\"@id\":\"https:\\\/\\\/howood.fr\\\/index.php\\\/produit\\\/pendule-catalyseur-en-buis\\\/#breadcrumb\"},\"inLanguage\":\"fr-FR\",\"potentialAction\":[{\"@type\":\"ReadAction\",\"target\":[\"https:\\\/\\\/howood.fr\\\/index.php\\\/produit\\\/pendule-catalyseur-en-buis\\\/\"]}]},{\"@type\":\"ImageObject\",\"inLanguage\":\"fr-FR\",\"@id\":\"https:\\\/\\\/howood.fr\\\/index.php\\\/produit\\\/pendule-catalyseur-en-buis\\\/#primaryimage\",\"url\":\"https:\\\/\\\/howood.fr\\\/wp-content\\\/uploads\\\/2025\\\/01\\\/0125-11-buis-catal-150E-3.jpg\",\"contentUrl\":\"https:\\\/\\\/howood.fr\\\/wp-content\\\/uploads\\\/2025\\\/01\\\/0125-11-buis-catal-150E-3.jpg\",\"width\":1080,\"height\":1080,\"caption\":\"Pendule artisanal de radiesth\u00e9sie fait main \u00e0 Royan en bois de buis\"},{\"@type\":\"BreadcrumbList\",\"@id\":\"https:\\\/\\\/howood.fr\\\/index.php\\\/produit\\\/pendule-catalyseur-en-buis\\\/#breadcrumb\",\"itemListElement\":[{\"@type\":\"ListItem\",\"position\":1,\"name\":\"Accueil\",\"item\":\"https:\\\/\\\/howood.fr\\\/\"},{\"@type\":\"ListItem\",\"position\":2,\"name\":\"Produits\",\"item\":\"https:\\\/\\\/howood.fr\\\/index.php\\\/shop\\\/\"},{\"@type\":\"ListItem\",\"position\":3,\"name\":\"Pendule de radiesth\u00e9sie et Catalyseur en Buis\"}]},{\"@type\":\"WebSite\",\"@id\":\"https:\\\/\\\/howood.fr\\\/#website\",\"url\":\"https:\\\/\\\/howood.fr\\\/\",\"name\":\"HoWood\",\"description\":\"pendule de radiesth\u00e9sie Artisanal HoWood\",\"publisher\":{\"@id\":\"https:\\\/\\\/howood.fr\\\/#organization\"},\"potentialAction\":[{\"@type\":\"SearchAction\",\"target\":{\"@type\":\"EntryPoint\",\"urlTemplate\":\"https:\\\/\\\/howood.fr\\\/?s={search_term_string}\"},\"query-input\":{\"@type\":\"PropertyValueSpecification\",\"valueRequired\":true,\"valueName\":\"search_term_string\"}}],\"inLanguage\":\"fr-FR\"},{\"@type\":\"Organization\",\"@id\":\"https:\\\/\\\/howood.fr\\\/#organization\",\"name\":\"HoWood\",\"url\":\"https:\\\/\\\/howood.fr\\\/\",\"logo\":{\"@type\":\"ImageObject\",\"inLanguage\":\"fr-FR\",\"@id\":\"https:\\\/\\\/howood.fr\\\/#\\\/schema\\\/logo\\\/image\\\/\",\"url\":\"https:\\\/\\\/howood.fr\\\/wp-content\\\/uploads\\\/2024\\\/10\\\/logo-HW-150.webp\",\"contentUrl\":\"https:\\\/\\\/howood.fr\\\/wp-content\\\/uploads\\\/2024\\\/10\\\/logo-HW-150.webp\",\"width\":150,\"height\":150,\"caption\":\"HoWood\"},\"image\":{\"@id\":\"https:\\\/\\\/howood.fr\\\/#\\\/schema\\\/logo\\\/image\\\/\"}}]}<\/script>\n<!-- \/ Yoast SEO plugin. -->","yoast_head_json":{"title":"Pendule de radiesth\u00e9sie et Catalyseur en Buis - HoWood","description":"Pendule en bois de buis tourn\u00e9 \u00e0 la main, con\u00e7u pour l\u2019harmonisation des \u00e9nergies. Son bois noble et sa forme \u00e9quilibr\u00e9e en font un outil id\u00e9al pour la radiesth\u00e9sie et le travail vibratoire.","robots":{"index":"index","follow":"follow","max-snippet":"max-snippet:-1","max-image-preview":"max-image-preview:large","max-video-preview":"max-video-preview:-1"},"canonical":"https:\/\/howood.fr\/index.php\/produit\/pendule-catalyseur-en-buis\/","og_locale":"fr_FR","og_type":"article","og_title":"Pendule de radiesth\u00e9sie et Catalyseur en Buis - HoWood","og_description":"Pendule en bois de buis tourn\u00e9 \u00e0 la main, con\u00e7u pour l\u2019harmonisation des \u00e9nergies. Son bois noble et sa forme \u00e9quilibr\u00e9e en font un outil id\u00e9al pour la radiesth\u00e9sie et le travail vibratoire.","og_url":"https:\/\/howood.fr\/index.php\/produit\/pendule-catalyseur-en-buis\/","og_site_name":"HoWood","article_modified_time":"2026-01-15T21:35:14+00:00","og_image":[{"width":1080,"height":1080,"url":"https:\/\/howood.fr\/wp-content\/uploads\/2025\/01\/0125-11-buis-catal-150E-3.jpg","type":"image\/jpeg"}],"twitter_card":"summary_large_image","twitter_misc":{"Dur\u00e9e de lecture estim\u00e9e":"1 minute"},"schema":{"@context":"https:\/\/schema.org","@graph":[{"@type":"WebPage","@id":"https:\/\/howood.fr\/index.php\/produit\/pendule-catalyseur-en-buis\/","url":"https:\/\/howood.fr\/index.php\/produit\/pendule-catalyseur-en-buis\/","name":"Pendule de radiesth\u00e9sie et Catalyseur en Buis - HoWood","isPartOf":{"@id":"https:\/\/howood.fr\/#website"},"primaryImageOfPage":{"@id":"https:\/\/howood.fr\/index.php\/produit\/pendule-catalyseur-en-buis\/#primaryimage"},"image":{"@id":"https:\/\/howood.fr\/index.php\/produit\/pendule-catalyseur-en-buis\/#primaryimage"},"thumbnailUrl":"https:\/\/howood.fr\/wp-content\/uploads\/2025\/01\/0125-11-buis-catal-150E-3.jpg","datePublished":"2025-01-31T19:43:51+00:00","dateModified":"2026-01-15T21:35:14+00:00","description":"Pendule en bois de buis tourn\u00e9 \u00e0 la main, con\u00e7u pour l\u2019harmonisation des \u00e9nergies. Son bois noble et sa forme \u00e9quilibr\u00e9e en font un outil id\u00e9al pour la radiesth\u00e9sie et le travail vibratoire.","breadcrumb":{"@id":"https:\/\/howood.fr\/index.php\/produit\/pendule-catalyseur-en-buis\/#breadcrumb"},"inLanguage":"fr-FR","potentialAction":[{"@type":"ReadAction","target":["https:\/\/howood.fr\/index.php\/produit\/pendule-catalyseur-en-buis\/"]}]},{"@type":"ImageObject","inLanguage":"fr-FR","@id":"https:\/\/howood.fr\/index.php\/produit\/pendule-catalyseur-en-buis\/#primaryimage","url":"https:\/\/howood.fr\/wp-content\/uploads\/2025\/01\/0125-11-buis-catal-150E-3.jpg","contentUrl":"https:\/\/howood.fr\/wp-content\/uploads\/2025\/01\/0125-11-buis-catal-150E-3.jpg","width":1080,"height":1080,"caption":"Pendule artisanal de radiesth\u00e9sie fait main \u00e0 Royan en bois de buis"},{"@type":"BreadcrumbList","@id":"https:\/\/howood.fr\/index.php\/produit\/pendule-catalyseur-en-buis\/#breadcrumb","itemListElement":[{"@type":"ListItem","position":1,"name":"Accueil","item":"https:\/\/howood.fr\/"},{"@type":"ListItem","position":2,"name":"Produits","item":"https:\/\/howood.fr\/index.php\/shop\/"},{"@type":"ListItem","position":3,"name":"Pendule de radiesth\u00e9sie et Catalyseur en Buis"}]},{"@type":"WebSite","@id":"https:\/\/howood.fr\/#website","url":"https:\/\/howood.fr\/","name":"HoWood","description":"pendule de radiesth\u00e9sie Artisanal HoWood","publisher":{"@id":"https:\/\/howood.fr\/#organization"},"potentialAction":[{"@type":"SearchAction","target":{"@type":"EntryPoint","urlTemplate":"https:\/\/howood.fr\/?s={search_term_string}"},"query-input":{"@type":"PropertyValueSpecification","valueRequired":true,"valueName":"search_term_string"}}],"inLanguage":"fr-FR"},{"@type":"Organization","@id":"https:\/\/howood.fr\/#organization","name":"HoWood","url":"https:\/\/howood.fr\/","logo":{"@type":"ImageObject","inLanguage":"fr-FR","@id":"https:\/\/howood.fr\/#\/schema\/logo\/image\/","url":"https:\/\/howood.fr\/wp-content\/uploads\/2024\/10\/logo-HW-150.webp","contentUrl":"https:\/\/howood.fr\/wp-content\/uploads\/2024\/10\/logo-HW-150.webp","width":150,"height":150,"caption":"HoWood"},"image":{"@id":"https:\/\/howood.fr\/#\/schema\/logo\/image\/"}}]}},"_links":{"self":[{"href":"https:\/\/howood.fr\/index.php\/wp-json\/wp\/v2\/product\/1876","targetHints":{"allow":["GET"]}}],"collection":[{"href":"https:\/\/howood.fr\/index.php\/wp-json\/wp\/v2\/product"}],"about":[{"href":"https:\/\/howood.fr\/index.php\/wp-json\/wp\/v2\/types\/product"}],"replies":[{"embeddable":true,"href":"https:\/\/howood.fr\/index.php\/wp-json\/wp\/v2\/comments?post=1876"}],"version-history":[{"count":5,"href":"https:\/\/howood.fr\/index.php\/wp-json\/wp\/v2\/product\/1876\/revisions"}],"predecessor-version":[{"id":1899,"href":"https:\/\/howood.fr\/index.php\/wp-json\/wp\/v2\/product\/1876\/revisions\/1899"}],"wp:featuredmedia":[{"embeddable":true,"href":"https:\/\/howood.fr\/index.php\/wp-json\/wp\/v2\/media\/1821"}],"wp:attachment":[{"href":"https:\/\/howood.fr\/index.php\/wp-json\/wp\/v2\/media?parent=1876"}],"wp:term":[{"taxonomy":"product_brand","embeddable":true,"href":"https:\/\/howood.fr\/index.php\/wp-json\/wp\/v2\/product_brand?post=1876"},{"taxonomy":"product_cat","embeddable":true,"href":"https:\/\/howood.fr\/index.php\/wp-json\/wp\/v2\/product_cat?post=1876"},{"taxonomy":"product_tag","embeddable":true,"href":"https:\/\/howood.fr\/index.php\/wp-json\/wp\/v2\/product_tag?post=1876"}],"curies":[{"name":"wp","href":"https:\/\/api.w.org\/{rel}","templated":true}]}}