{"id":2334,"date":"2025-07-19T18:00:23","date_gmt":"2025-07-19T16:00:23","guid":{"rendered":"https:\/\/howood.fr\/?post_type=product&#038;p=2334"},"modified":"2026-02-09T23:34:29","modified_gmt":"2026-02-09T22:34:29","slug":"pendule-radiesthesie-catalyseur-en-bois-if-corinne-ligeard-baguette-sourcier-divinatoire","status":"publish","type":"product","link":"https:\/\/howood.fr\/index.php\/produit\/pendule-radiesthesie-catalyseur-en-bois-if-corinne-ligeard-baguette-sourcier-divinatoire\/","title":{"rendered":"Pendule artisanal de radiesth\u00e9sie en bois d&rsquo;if"},"content":{"rendered":"<p>Je suis un grand pendule en bois d&rsquo;if du d\u00e9partement 86. Mon arbre est class\u00e9 car il a plus de 600 ans. C&rsquo;est tr\u00e8s rare car il y avait des petites for\u00eats d\u2019if fut un temps mais pour prot\u00e9ger le b\u00e9tail de la toxicit\u00e9 de la taxine que je porte et bien on m\u2019a fait dispara\u00eetre un peu. On s\u2019est aussi servi de moi pour construire des arcs pour les batailles il y a longtemps et maintenant on se sert de moi pour des traitements m\u00e9dicaux. Les luthiers m\u2019appr\u00e9cient beaucoup\u2026<\/p>\n<p><b>Mesures \u00e0 quelques variables pr\u00e8s <\/b><\/p>\n<ul>\n<li>Hauteur : 15cm<\/li>\n<li>Largeur\u00a0 maxi : 4,5 cm<\/li>\n<li>Poids : 97,4 gr<\/li>\n<li>Cha\u00eenette : Cordon coton 15 cm<\/li>\n<li>Finition\u00a0: Cire de Carnauba (cire extraite des feuilles de palmier carnauba)<\/li>\n<\/ul>\n<p><b>Livraison<\/b><\/p>\n<ul>\n<li>Frais de livraison offert pour un envoi en France M\u00e9tropolitaine (courrier suivi)<\/li>\n<\/ul>\n","protected":false},"excerpt":{"rendered":"<p>Je suis un grand pendule en bois d&rsquo;if du d\u00e9partement 86. Mon arbre est class\u00e9 car il a plus de 600 ans. C&rsquo;est tr\u00e8s rare car il y avait des petites for\u00eats d\u2019if fut un temps mais pour prot\u00e9ger le b\u00e9tail de la toxicit\u00e9 de la taxine que je porte et bien on m\u2019a fait [&hellip;]<\/p>\n","protected":false},"featured_media":2332,"comment_status":"closed","ping_status":"closed","template":"","meta":[],"product_brand":[],"product_cat":[32],"product_tag":[],"class_list":{"0":"post-2334","1":"product","2":"type-product","3":"status-publish","4":"has-post-thumbnail","6":"product_cat-pendules-de-radiesthesie","7":"product_shipping_class-pendules-colliers-porte-cles-stylo-a-bille-stylo-a-plume","9":"first","10":"instock","11":"purchasable","12":"product-type-simple"},"yoast_head":"<!-- This site is optimized with the Yoast SEO plugin v27.4 - https:\/\/yoast.com\/product\/yoast-seo-wordpress\/ -->\n<title>Pendule artisanal de radiesth\u00e9sie en bois d&#039;if - HoWood<\/title>\n<meta name=\"description\" content=\"Grand pendule en bois d&#039;if pour soins \u00e9nerg\u00e9tique et toutes recherches (eau, r\u00e9seau tellurique, g\u00e9obiologie) Fais main par Corinne LIGEARD\" \/>\n<meta name=\"robots\" content=\"index, follow, max-snippet:-1, max-image-preview:large, max-video-preview:-1\" \/>\n<link rel=\"canonical\" href=\"https:\/\/howood.fr\/index.php\/produit\/pendule-radiesthesie-catalyseur-en-bois-if-corinne-ligeard-baguette-sourcier-divinatoire\/\" \/>\n<meta property=\"og:locale\" content=\"fr_FR\" \/>\n<meta property=\"og:type\" content=\"article\" \/>\n<meta property=\"og:title\" content=\"Pendule artisanal de radiesth\u00e9sie en bois d&#039;if - HoWood\" \/>\n<meta property=\"og:description\" content=\"Grand pendule en bois d&#039;if pour soins \u00e9nerg\u00e9tique et toutes recherches (eau, r\u00e9seau tellurique, g\u00e9obiologie) Fais main par Corinne LIGEARD\" \/>\n<meta property=\"og:url\" content=\"https:\/\/howood.fr\/index.php\/produit\/pendule-radiesthesie-catalyseur-en-bois-if-corinne-ligeard-baguette-sourcier-divinatoire\/\" \/>\n<meta property=\"og:site_name\" content=\"HoWood\" \/>\n<meta property=\"article:modified_time\" content=\"2026-02-09T22:34:29+00:00\" \/>\n<meta property=\"og:image\" content=\"https:\/\/howood.fr\/wp-content\/uploads\/2025\/07\/Ref.-072503-if-95e-5-min-scaled.jpg\" \/>\n\t<meta property=\"og:image:width\" content=\"1742\" \/>\n\t<meta property=\"og:image:height\" content=\"2560\" \/>\n\t<meta property=\"og:image:type\" content=\"image\/jpeg\" \/>\n<meta name=\"twitter:card\" content=\"summary_large_image\" \/>\n<meta name=\"twitter:label1\" content=\"Dur\u00e9e de lecture estim\u00e9e\" \/>\n\t<meta name=\"twitter:data1\" content=\"1 minute\" \/>\n<script type=\"application\/ld+json\" class=\"yoast-schema-graph\">{\"@context\":\"https:\\\/\\\/schema.org\",\"@graph\":[{\"@type\":\"WebPage\",\"@id\":\"https:\\\/\\\/howood.fr\\\/index.php\\\/produit\\\/pendule-radiesthesie-catalyseur-en-bois-if-corinne-ligeard-baguette-sourcier-divinatoire\\\/\",\"url\":\"https:\\\/\\\/howood.fr\\\/index.php\\\/produit\\\/pendule-radiesthesie-catalyseur-en-bois-if-corinne-ligeard-baguette-sourcier-divinatoire\\\/\",\"name\":\"Pendule artisanal de radiesth\u00e9sie en bois d'if - HoWood\",\"isPartOf\":{\"@id\":\"https:\\\/\\\/howood.fr\\\/#website\"},\"primaryImageOfPage\":{\"@id\":\"https:\\\/\\\/howood.fr\\\/index.php\\\/produit\\\/pendule-radiesthesie-catalyseur-en-bois-if-corinne-ligeard-baguette-sourcier-divinatoire\\\/#primaryimage\"},\"image\":{\"@id\":\"https:\\\/\\\/howood.fr\\\/index.php\\\/produit\\\/pendule-radiesthesie-catalyseur-en-bois-if-corinne-ligeard-baguette-sourcier-divinatoire\\\/#primaryimage\"},\"thumbnailUrl\":\"https:\\\/\\\/howood.fr\\\/wp-content\\\/uploads\\\/2025\\\/07\\\/Ref.-072503-if-95e-5-min-scaled.jpg\",\"datePublished\":\"2025-07-19T16:00:23+00:00\",\"dateModified\":\"2026-02-09T22:34:29+00:00\",\"description\":\"Grand pendule en bois d'if pour soins \u00e9nerg\u00e9tique et toutes recherches (eau, r\u00e9seau tellurique, g\u00e9obiologie) Fais main par Corinne LIGEARD\",\"breadcrumb\":{\"@id\":\"https:\\\/\\\/howood.fr\\\/index.php\\\/produit\\\/pendule-radiesthesie-catalyseur-en-bois-if-corinne-ligeard-baguette-sourcier-divinatoire\\\/#breadcrumb\"},\"inLanguage\":\"fr-FR\",\"potentialAction\":[{\"@type\":\"ReadAction\",\"target\":[\"https:\\\/\\\/howood.fr\\\/index.php\\\/produit\\\/pendule-radiesthesie-catalyseur-en-bois-if-corinne-ligeard-baguette-sourcier-divinatoire\\\/\"]}]},{\"@type\":\"ImageObject\",\"inLanguage\":\"fr-FR\",\"@id\":\"https:\\\/\\\/howood.fr\\\/index.php\\\/produit\\\/pendule-radiesthesie-catalyseur-en-bois-if-corinne-ligeard-baguette-sourcier-divinatoire\\\/#primaryimage\",\"url\":\"https:\\\/\\\/howood.fr\\\/wp-content\\\/uploads\\\/2025\\\/07\\\/Ref.-072503-if-95e-5-min-scaled.jpg\",\"contentUrl\":\"https:\\\/\\\/howood.fr\\\/wp-content\\\/uploads\\\/2025\\\/07\\\/Ref.-072503-if-95e-5-min-scaled.jpg\",\"width\":1742,\"height\":2560,\"caption\":\"Pendule de radiesth\u00e9sie Howood en bois d'if tourn\u00e9 par Corinne Ligeard\"},{\"@type\":\"BreadcrumbList\",\"@id\":\"https:\\\/\\\/howood.fr\\\/index.php\\\/produit\\\/pendule-radiesthesie-catalyseur-en-bois-if-corinne-ligeard-baguette-sourcier-divinatoire\\\/#breadcrumb\",\"itemListElement\":[{\"@type\":\"ListItem\",\"position\":1,\"name\":\"Accueil\",\"item\":\"https:\\\/\\\/howood.fr\\\/\"},{\"@type\":\"ListItem\",\"position\":2,\"name\":\"Produits\",\"item\":\"https:\\\/\\\/howood.fr\\\/index.php\\\/shop\\\/\"},{\"@type\":\"ListItem\",\"position\":3,\"name\":\"Pendule artisanal de radiesth\u00e9sie en bois d&rsquo;if\"}]},{\"@type\":\"WebSite\",\"@id\":\"https:\\\/\\\/howood.fr\\\/#website\",\"url\":\"https:\\\/\\\/howood.fr\\\/\",\"name\":\"HoWood\",\"description\":\"pendule de radiesth\u00e9sie Artisanal HoWood\",\"publisher\":{\"@id\":\"https:\\\/\\\/howood.fr\\\/#organization\"},\"potentialAction\":[{\"@type\":\"SearchAction\",\"target\":{\"@type\":\"EntryPoint\",\"urlTemplate\":\"https:\\\/\\\/howood.fr\\\/?s={search_term_string}\"},\"query-input\":{\"@type\":\"PropertyValueSpecification\",\"valueRequired\":true,\"valueName\":\"search_term_string\"}}],\"inLanguage\":\"fr-FR\"},{\"@type\":\"Organization\",\"@id\":\"https:\\\/\\\/howood.fr\\\/#organization\",\"name\":\"HoWood\",\"url\":\"https:\\\/\\\/howood.fr\\\/\",\"logo\":{\"@type\":\"ImageObject\",\"inLanguage\":\"fr-FR\",\"@id\":\"https:\\\/\\\/howood.fr\\\/#\\\/schema\\\/logo\\\/image\\\/\",\"url\":\"https:\\\/\\\/howood.fr\\\/wp-content\\\/uploads\\\/2024\\\/10\\\/logo-HW-150.webp\",\"contentUrl\":\"https:\\\/\\\/howood.fr\\\/wp-content\\\/uploads\\\/2024\\\/10\\\/logo-HW-150.webp\",\"width\":150,\"height\":150,\"caption\":\"HoWood\"},\"image\":{\"@id\":\"https:\\\/\\\/howood.fr\\\/#\\\/schema\\\/logo\\\/image\\\/\"}}]}<\/script>\n<!-- \/ Yoast SEO plugin. -->","yoast_head_json":{"title":"Pendule artisanal de radiesth\u00e9sie en bois d'if - HoWood","description":"Grand pendule en bois d'if pour soins \u00e9nerg\u00e9tique et toutes recherches (eau, r\u00e9seau tellurique, g\u00e9obiologie) Fais main par Corinne LIGEARD","robots":{"index":"index","follow":"follow","max-snippet":"max-snippet:-1","max-image-preview":"max-image-preview:large","max-video-preview":"max-video-preview:-1"},"canonical":"https:\/\/howood.fr\/index.php\/produit\/pendule-radiesthesie-catalyseur-en-bois-if-corinne-ligeard-baguette-sourcier-divinatoire\/","og_locale":"fr_FR","og_type":"article","og_title":"Pendule artisanal de radiesth\u00e9sie en bois d'if - HoWood","og_description":"Grand pendule en bois d'if pour soins \u00e9nerg\u00e9tique et toutes recherches (eau, r\u00e9seau tellurique, g\u00e9obiologie) Fais main par Corinne LIGEARD","og_url":"https:\/\/howood.fr\/index.php\/produit\/pendule-radiesthesie-catalyseur-en-bois-if-corinne-ligeard-baguette-sourcier-divinatoire\/","og_site_name":"HoWood","article_modified_time":"2026-02-09T22:34:29+00:00","og_image":[{"width":1742,"height":2560,"url":"https:\/\/howood.fr\/wp-content\/uploads\/2025\/07\/Ref.-072503-if-95e-5-min-scaled.jpg","type":"image\/jpeg"}],"twitter_card":"summary_large_image","twitter_misc":{"Dur\u00e9e de lecture estim\u00e9e":"1 minute"},"schema":{"@context":"https:\/\/schema.org","@graph":[{"@type":"WebPage","@id":"https:\/\/howood.fr\/index.php\/produit\/pendule-radiesthesie-catalyseur-en-bois-if-corinne-ligeard-baguette-sourcier-divinatoire\/","url":"https:\/\/howood.fr\/index.php\/produit\/pendule-radiesthesie-catalyseur-en-bois-if-corinne-ligeard-baguette-sourcier-divinatoire\/","name":"Pendule artisanal de radiesth\u00e9sie en bois d'if - HoWood","isPartOf":{"@id":"https:\/\/howood.fr\/#website"},"primaryImageOfPage":{"@id":"https:\/\/howood.fr\/index.php\/produit\/pendule-radiesthesie-catalyseur-en-bois-if-corinne-ligeard-baguette-sourcier-divinatoire\/#primaryimage"},"image":{"@id":"https:\/\/howood.fr\/index.php\/produit\/pendule-radiesthesie-catalyseur-en-bois-if-corinne-ligeard-baguette-sourcier-divinatoire\/#primaryimage"},"thumbnailUrl":"https:\/\/howood.fr\/wp-content\/uploads\/2025\/07\/Ref.-072503-if-95e-5-min-scaled.jpg","datePublished":"2025-07-19T16:00:23+00:00","dateModified":"2026-02-09T22:34:29+00:00","description":"Grand pendule en bois d'if pour soins \u00e9nerg\u00e9tique et toutes recherches (eau, r\u00e9seau tellurique, g\u00e9obiologie) Fais main par Corinne LIGEARD","breadcrumb":{"@id":"https:\/\/howood.fr\/index.php\/produit\/pendule-radiesthesie-catalyseur-en-bois-if-corinne-ligeard-baguette-sourcier-divinatoire\/#breadcrumb"},"inLanguage":"fr-FR","potentialAction":[{"@type":"ReadAction","target":["https:\/\/howood.fr\/index.php\/produit\/pendule-radiesthesie-catalyseur-en-bois-if-corinne-ligeard-baguette-sourcier-divinatoire\/"]}]},{"@type":"ImageObject","inLanguage":"fr-FR","@id":"https:\/\/howood.fr\/index.php\/produit\/pendule-radiesthesie-catalyseur-en-bois-if-corinne-ligeard-baguette-sourcier-divinatoire\/#primaryimage","url":"https:\/\/howood.fr\/wp-content\/uploads\/2025\/07\/Ref.-072503-if-95e-5-min-scaled.jpg","contentUrl":"https:\/\/howood.fr\/wp-content\/uploads\/2025\/07\/Ref.-072503-if-95e-5-min-scaled.jpg","width":1742,"height":2560,"caption":"Pendule de radiesth\u00e9sie Howood en bois d'if tourn\u00e9 par Corinne Ligeard"},{"@type":"BreadcrumbList","@id":"https:\/\/howood.fr\/index.php\/produit\/pendule-radiesthesie-catalyseur-en-bois-if-corinne-ligeard-baguette-sourcier-divinatoire\/#breadcrumb","itemListElement":[{"@type":"ListItem","position":1,"name":"Accueil","item":"https:\/\/howood.fr\/"},{"@type":"ListItem","position":2,"name":"Produits","item":"https:\/\/howood.fr\/index.php\/shop\/"},{"@type":"ListItem","position":3,"name":"Pendule artisanal de radiesth\u00e9sie en bois d&rsquo;if"}]},{"@type":"WebSite","@id":"https:\/\/howood.fr\/#website","url":"https:\/\/howood.fr\/","name":"HoWood","description":"pendule de radiesth\u00e9sie Artisanal HoWood","publisher":{"@id":"https:\/\/howood.fr\/#organization"},"potentialAction":[{"@type":"SearchAction","target":{"@type":"EntryPoint","urlTemplate":"https:\/\/howood.fr\/?s={search_term_string}"},"query-input":{"@type":"PropertyValueSpecification","valueRequired":true,"valueName":"search_term_string"}}],"inLanguage":"fr-FR"},{"@type":"Organization","@id":"https:\/\/howood.fr\/#organization","name":"HoWood","url":"https:\/\/howood.fr\/","logo":{"@type":"ImageObject","inLanguage":"fr-FR","@id":"https:\/\/howood.fr\/#\/schema\/logo\/image\/","url":"https:\/\/howood.fr\/wp-content\/uploads\/2024\/10\/logo-HW-150.webp","contentUrl":"https:\/\/howood.fr\/wp-content\/uploads\/2024\/10\/logo-HW-150.webp","width":150,"height":150,"caption":"HoWood"},"image":{"@id":"https:\/\/howood.fr\/#\/schema\/logo\/image\/"}}]}},"_links":{"self":[{"href":"https:\/\/howood.fr\/index.php\/wp-json\/wp\/v2\/product\/2334","targetHints":{"allow":["GET"]}}],"collection":[{"href":"https:\/\/howood.fr\/index.php\/wp-json\/wp\/v2\/product"}],"about":[{"href":"https:\/\/howood.fr\/index.php\/wp-json\/wp\/v2\/types\/product"}],"replies":[{"embeddable":true,"href":"https:\/\/howood.fr\/index.php\/wp-json\/wp\/v2\/comments?post=2334"}],"version-history":[{"count":1,"href":"https:\/\/howood.fr\/index.php\/wp-json\/wp\/v2\/product\/2334\/revisions"}],"predecessor-version":[{"id":2336,"href":"https:\/\/howood.fr\/index.php\/wp-json\/wp\/v2\/product\/2334\/revisions\/2336"}],"wp:featuredmedia":[{"embeddable":true,"href":"https:\/\/howood.fr\/index.php\/wp-json\/wp\/v2\/media\/2332"}],"wp:attachment":[{"href":"https:\/\/howood.fr\/index.php\/wp-json\/wp\/v2\/media?parent=2334"}],"wp:term":[{"taxonomy":"product_brand","embeddable":true,"href":"https:\/\/howood.fr\/index.php\/wp-json\/wp\/v2\/product_brand?post=2334"},{"taxonomy":"product_cat","embeddable":true,"href":"https:\/\/howood.fr\/index.php\/wp-json\/wp\/v2\/product_cat?post=2334"},{"taxonomy":"product_tag","embeddable":true,"href":"https:\/\/howood.fr\/index.php\/wp-json\/wp\/v2\/product_tag?post=2334"}],"curies":[{"name":"wp","href":"https:\/\/api.w.org\/{rel}","templated":true}]}}