{"id":2342,"date":"2025-07-19T23:54:57","date_gmt":"2025-07-19T21:54:57","guid":{"rendered":"https:\/\/howood.fr\/?post_type=product&#038;p=2342"},"modified":"2026-01-15T22:35:14","modified_gmt":"2026-01-15T21:35:14","slug":"pendule-radiesthesie-catalyseur-en-bois-buis-corinne-ligeard-baguette-sourcier-divinatoire-soins-energetique","status":"publish","type":"product","link":"https:\/\/howood.fr\/index.php\/produit\/pendule-radiesthesie-catalyseur-en-bois-buis-corinne-ligeard-baguette-sourcier-divinatoire-soins-energetique\/","title":{"rendered":"Pendule de radiesth\u00e9sie et Catalyseur en Buis"},"content":{"rendered":"<p>Je suis un Pendule de radiesth\u00e9sie et un Catalyseur d&rsquo;\u00e9nergie.<br \/>\nJ\u2019aime vivre suspendu dans une pi\u00e8ce o\u00f9 je ferai mon p\u2019tit effet \u00e9nerg\u00e9tique ! Je peux aussi \u00eatre pos\u00e9 sur le c\u00f4t\u00e9 car j&rsquo;ai deux faces plates ce qui fait la particularit\u00e9 de ma circonf\u00e9rence. M&rsquo;utiliser comme presse papier serait une injure, mais sous une photo, au service du soin, pourquoi pas ! Mon veinage et mon \u00e9corce sont comme une robe \u00e9l\u00e9gante et protectrice. En g\u00e9obiologie, je peux \u0153uvrer notamment lorsque l&rsquo;eau passe souterraine, mais c&rsquo;est \u00e0 vous de voir. En parlant de voir, baleine ou dauphin ?<\/p>\n<p>&nbsp;<\/p>\n<p><b>Mesures \u00e0 quelques variables pr\u00e8s <\/b><\/p>\n<ul>\n<li>Hauteur : 6.5 cm m\u00e9tal compris<\/li>\n<li>Largeur\u00a0 maxi : 9,5 cm<\/li>\n<li>Poids : 201,6 gr<\/li>\n<li>Cordon naturel<\/li>\n<\/ul>\n<p>&nbsp;<\/p>\n<p><b>Livraison <\/b><\/p>\n<p>Frais de livraison offert pour un envoi en France M\u00e9tropolitaine<br \/>\n(courrier suivi)<\/p>\n","protected":false},"excerpt":{"rendered":"<p>Je suis un Pendule de radiesth\u00e9sie et un Catalyseur d&rsquo;\u00e9nergie. J\u2019aime vivre suspendu dans une pi\u00e8ce o\u00f9 je ferai mon p\u2019tit effet \u00e9nerg\u00e9tique ! Je peux aussi \u00eatre pos\u00e9 sur le c\u00f4t\u00e9 car j&rsquo;ai deux faces plates ce qui fait la particularit\u00e9 de ma circonf\u00e9rence. M&rsquo;utiliser comme presse papier serait une injure, mais sous une [&hellip;]<\/p>\n","protected":false},"featured_media":2367,"template":"","meta":[],"product_brand":[],"product_cat":[61],"product_tag":[42,62,33],"class_list":{"0":"post-2342","1":"product","2":"type-product","3":"status-publish","4":"has-post-thumbnail","6":"product_cat-pendule-catalyseur","7":"product_tag-buis","8":"product_tag-catalyseur","9":"product_tag-pendule","10":"product_shipping_class-pendules-catalyseurs","12":"first","13":"instock","14":"featured","15":"sold-individually","16":"purchasable","17":"product-type-simple"},"yoast_head":"<!-- This site is optimized with the Yoast SEO plugin v27.5 - https:\/\/yoast.com\/product\/yoast-seo-wordpress\/ -->\n<title>Pendule de radiesth\u00e9sie et Catalyseur en Buis - HoWood<\/title>\n<meta name=\"description\" content=\"Pendule de radiesth\u00e9sie et Catalyseur d&#039;\u00e9nergie en bois de buis tourn\u00e9 par Corinne Ligeard \u00e0 Royan Fabrication artisanal fran\u00e7aise\" \/>\n<meta name=\"robots\" content=\"index, follow, max-snippet:-1, max-image-preview:large, max-video-preview:-1\" \/>\n<link rel=\"canonical\" href=\"https:\/\/howood.fr\/index.php\/produit\/pendule-radiesthesie-catalyseur-en-bois-buis-corinne-ligeard-baguette-sourcier-divinatoire-soins-energetique\/\" \/>\n<meta property=\"og:locale\" content=\"fr_FR\" \/>\n<meta property=\"og:type\" content=\"article\" \/>\n<meta property=\"og:title\" content=\"Pendule de radiesth\u00e9sie et Catalyseur en Buis - HoWood\" \/>\n<meta property=\"og:description\" content=\"Pendule de radiesth\u00e9sie et Catalyseur d&#039;\u00e9nergie en bois de buis tourn\u00e9 par Corinne Ligeard \u00e0 Royan Fabrication artisanal fran\u00e7aise\" \/>\n<meta property=\"og:url\" content=\"https:\/\/howood.fr\/index.php\/produit\/pendule-radiesthesie-catalyseur-en-bois-buis-corinne-ligeard-baguette-sourcier-divinatoire-soins-energetique\/\" \/>\n<meta property=\"og:site_name\" content=\"HoWood\" \/>\n<meta property=\"article:modified_time\" content=\"2026-01-15T21:35:14+00:00\" \/>\n<meta property=\"og:image\" content=\"https:\/\/howood.fr\/wp-content\/uploads\/2025\/07\/Ref.-072505-catalyseur-Buis-90e-7-min-scaled.jpg\" \/>\n\t<meta property=\"og:image:width\" content=\"2515\" \/>\n\t<meta property=\"og:image:height\" content=\"2560\" \/>\n\t<meta property=\"og:image:type\" content=\"image\/jpeg\" \/>\n<meta name=\"twitter:card\" content=\"summary_large_image\" \/>\n<meta name=\"twitter:label1\" content=\"Dur\u00e9e de lecture estim\u00e9e\" \/>\n\t<meta name=\"twitter:data1\" content=\"1 minute\" \/>\n<script type=\"application\/ld+json\" class=\"yoast-schema-graph\">{\"@context\":\"https:\\\/\\\/schema.org\",\"@graph\":[{\"@type\":\"WebPage\",\"@id\":\"https:\\\/\\\/howood.fr\\\/index.php\\\/produit\\\/pendule-radiesthesie-catalyseur-en-bois-buis-corinne-ligeard-baguette-sourcier-divinatoire-soins-energetique\\\/\",\"url\":\"https:\\\/\\\/howood.fr\\\/index.php\\\/produit\\\/pendule-radiesthesie-catalyseur-en-bois-buis-corinne-ligeard-baguette-sourcier-divinatoire-soins-energetique\\\/\",\"name\":\"Pendule de radiesth\u00e9sie et Catalyseur en Buis - HoWood\",\"isPartOf\":{\"@id\":\"https:\\\/\\\/howood.fr\\\/#website\"},\"primaryImageOfPage\":{\"@id\":\"https:\\\/\\\/howood.fr\\\/index.php\\\/produit\\\/pendule-radiesthesie-catalyseur-en-bois-buis-corinne-ligeard-baguette-sourcier-divinatoire-soins-energetique\\\/#primaryimage\"},\"image\":{\"@id\":\"https:\\\/\\\/howood.fr\\\/index.php\\\/produit\\\/pendule-radiesthesie-catalyseur-en-bois-buis-corinne-ligeard-baguette-sourcier-divinatoire-soins-energetique\\\/#primaryimage\"},\"thumbnailUrl\":\"https:\\\/\\\/howood.fr\\\/wp-content\\\/uploads\\\/2025\\\/07\\\/Ref.-072505-catalyseur-Buis-90e-7-min-scaled.jpg\",\"datePublished\":\"2025-07-19T21:54:57+00:00\",\"dateModified\":\"2026-01-15T21:35:14+00:00\",\"description\":\"Pendule de radiesth\u00e9sie et Catalyseur d'\u00e9nergie en bois de buis tourn\u00e9 par Corinne Ligeard \u00e0 Royan Fabrication artisanal fran\u00e7aise\",\"breadcrumb\":{\"@id\":\"https:\\\/\\\/howood.fr\\\/index.php\\\/produit\\\/pendule-radiesthesie-catalyseur-en-bois-buis-corinne-ligeard-baguette-sourcier-divinatoire-soins-energetique\\\/#breadcrumb\"},\"inLanguage\":\"fr-FR\",\"potentialAction\":[{\"@type\":\"ReadAction\",\"target\":[\"https:\\\/\\\/howood.fr\\\/index.php\\\/produit\\\/pendule-radiesthesie-catalyseur-en-bois-buis-corinne-ligeard-baguette-sourcier-divinatoire-soins-energetique\\\/\"]}]},{\"@type\":\"ImageObject\",\"inLanguage\":\"fr-FR\",\"@id\":\"https:\\\/\\\/howood.fr\\\/index.php\\\/produit\\\/pendule-radiesthesie-catalyseur-en-bois-buis-corinne-ligeard-baguette-sourcier-divinatoire-soins-energetique\\\/#primaryimage\",\"url\":\"https:\\\/\\\/howood.fr\\\/wp-content\\\/uploads\\\/2025\\\/07\\\/Ref.-072505-catalyseur-Buis-90e-7-min-scaled.jpg\",\"contentUrl\":\"https:\\\/\\\/howood.fr\\\/wp-content\\\/uploads\\\/2025\\\/07\\\/Ref.-072505-catalyseur-Buis-90e-7-min-scaled.jpg\",\"width\":2515,\"height\":2560,\"caption\":\"Pendule de radiesth\u00e9sie en bois tourn\u00e9 par Corinne LIGEARD, fait main. Fabrication fran\u00e7aise,\"},{\"@type\":\"BreadcrumbList\",\"@id\":\"https:\\\/\\\/howood.fr\\\/index.php\\\/produit\\\/pendule-radiesthesie-catalyseur-en-bois-buis-corinne-ligeard-baguette-sourcier-divinatoire-soins-energetique\\\/#breadcrumb\",\"itemListElement\":[{\"@type\":\"ListItem\",\"position\":1,\"name\":\"Accueil\",\"item\":\"https:\\\/\\\/howood.fr\\\/\"},{\"@type\":\"ListItem\",\"position\":2,\"name\":\"Produits\",\"item\":\"https:\\\/\\\/howood.fr\\\/index.php\\\/shop\\\/\"},{\"@type\":\"ListItem\",\"position\":3,\"name\":\"Pendule de radiesth\u00e9sie et Catalyseur en Buis\"}]},{\"@type\":\"WebSite\",\"@id\":\"https:\\\/\\\/howood.fr\\\/#website\",\"url\":\"https:\\\/\\\/howood.fr\\\/\",\"name\":\"HoWood\",\"description\":\"pendule de radiesth\u00e9sie Artisanal HoWood\",\"publisher\":{\"@id\":\"https:\\\/\\\/howood.fr\\\/#organization\"},\"potentialAction\":[{\"@type\":\"SearchAction\",\"target\":{\"@type\":\"EntryPoint\",\"urlTemplate\":\"https:\\\/\\\/howood.fr\\\/?s={search_term_string}\"},\"query-input\":{\"@type\":\"PropertyValueSpecification\",\"valueRequired\":true,\"valueName\":\"search_term_string\"}}],\"inLanguage\":\"fr-FR\"},{\"@type\":\"Organization\",\"@id\":\"https:\\\/\\\/howood.fr\\\/#organization\",\"name\":\"HoWood\",\"url\":\"https:\\\/\\\/howood.fr\\\/\",\"logo\":{\"@type\":\"ImageObject\",\"inLanguage\":\"fr-FR\",\"@id\":\"https:\\\/\\\/howood.fr\\\/#\\\/schema\\\/logo\\\/image\\\/\",\"url\":\"https:\\\/\\\/howood.fr\\\/wp-content\\\/uploads\\\/2024\\\/10\\\/logo-HW-150.webp\",\"contentUrl\":\"https:\\\/\\\/howood.fr\\\/wp-content\\\/uploads\\\/2024\\\/10\\\/logo-HW-150.webp\",\"width\":150,\"height\":150,\"caption\":\"HoWood\"},\"image\":{\"@id\":\"https:\\\/\\\/howood.fr\\\/#\\\/schema\\\/logo\\\/image\\\/\"}}]}<\/script>\n<!-- \/ Yoast SEO plugin. -->","yoast_head_json":{"title":"Pendule de radiesth\u00e9sie et Catalyseur en Buis - HoWood","description":"Pendule de radiesth\u00e9sie et Catalyseur d'\u00e9nergie en bois de buis tourn\u00e9 par Corinne Ligeard \u00e0 Royan Fabrication artisanal fran\u00e7aise","robots":{"index":"index","follow":"follow","max-snippet":"max-snippet:-1","max-image-preview":"max-image-preview:large","max-video-preview":"max-video-preview:-1"},"canonical":"https:\/\/howood.fr\/index.php\/produit\/pendule-radiesthesie-catalyseur-en-bois-buis-corinne-ligeard-baguette-sourcier-divinatoire-soins-energetique\/","og_locale":"fr_FR","og_type":"article","og_title":"Pendule de radiesth\u00e9sie et Catalyseur en Buis - HoWood","og_description":"Pendule de radiesth\u00e9sie et Catalyseur d'\u00e9nergie en bois de buis tourn\u00e9 par Corinne Ligeard \u00e0 Royan Fabrication artisanal fran\u00e7aise","og_url":"https:\/\/howood.fr\/index.php\/produit\/pendule-radiesthesie-catalyseur-en-bois-buis-corinne-ligeard-baguette-sourcier-divinatoire-soins-energetique\/","og_site_name":"HoWood","article_modified_time":"2026-01-15T21:35:14+00:00","og_image":[{"width":2515,"height":2560,"url":"https:\/\/howood.fr\/wp-content\/uploads\/2025\/07\/Ref.-072505-catalyseur-Buis-90e-7-min-scaled.jpg","type":"image\/jpeg"}],"twitter_card":"summary_large_image","twitter_misc":{"Dur\u00e9e de lecture estim\u00e9e":"1 minute"},"schema":{"@context":"https:\/\/schema.org","@graph":[{"@type":"WebPage","@id":"https:\/\/howood.fr\/index.php\/produit\/pendule-radiesthesie-catalyseur-en-bois-buis-corinne-ligeard-baguette-sourcier-divinatoire-soins-energetique\/","url":"https:\/\/howood.fr\/index.php\/produit\/pendule-radiesthesie-catalyseur-en-bois-buis-corinne-ligeard-baguette-sourcier-divinatoire-soins-energetique\/","name":"Pendule de radiesth\u00e9sie et Catalyseur en Buis - HoWood","isPartOf":{"@id":"https:\/\/howood.fr\/#website"},"primaryImageOfPage":{"@id":"https:\/\/howood.fr\/index.php\/produit\/pendule-radiesthesie-catalyseur-en-bois-buis-corinne-ligeard-baguette-sourcier-divinatoire-soins-energetique\/#primaryimage"},"image":{"@id":"https:\/\/howood.fr\/index.php\/produit\/pendule-radiesthesie-catalyseur-en-bois-buis-corinne-ligeard-baguette-sourcier-divinatoire-soins-energetique\/#primaryimage"},"thumbnailUrl":"https:\/\/howood.fr\/wp-content\/uploads\/2025\/07\/Ref.-072505-catalyseur-Buis-90e-7-min-scaled.jpg","datePublished":"2025-07-19T21:54:57+00:00","dateModified":"2026-01-15T21:35:14+00:00","description":"Pendule de radiesth\u00e9sie et Catalyseur d'\u00e9nergie en bois de buis tourn\u00e9 par Corinne Ligeard \u00e0 Royan Fabrication artisanal fran\u00e7aise","breadcrumb":{"@id":"https:\/\/howood.fr\/index.php\/produit\/pendule-radiesthesie-catalyseur-en-bois-buis-corinne-ligeard-baguette-sourcier-divinatoire-soins-energetique\/#breadcrumb"},"inLanguage":"fr-FR","potentialAction":[{"@type":"ReadAction","target":["https:\/\/howood.fr\/index.php\/produit\/pendule-radiesthesie-catalyseur-en-bois-buis-corinne-ligeard-baguette-sourcier-divinatoire-soins-energetique\/"]}]},{"@type":"ImageObject","inLanguage":"fr-FR","@id":"https:\/\/howood.fr\/index.php\/produit\/pendule-radiesthesie-catalyseur-en-bois-buis-corinne-ligeard-baguette-sourcier-divinatoire-soins-energetique\/#primaryimage","url":"https:\/\/howood.fr\/wp-content\/uploads\/2025\/07\/Ref.-072505-catalyseur-Buis-90e-7-min-scaled.jpg","contentUrl":"https:\/\/howood.fr\/wp-content\/uploads\/2025\/07\/Ref.-072505-catalyseur-Buis-90e-7-min-scaled.jpg","width":2515,"height":2560,"caption":"Pendule de radiesth\u00e9sie en bois tourn\u00e9 par Corinne LIGEARD, fait main. Fabrication fran\u00e7aise,"},{"@type":"BreadcrumbList","@id":"https:\/\/howood.fr\/index.php\/produit\/pendule-radiesthesie-catalyseur-en-bois-buis-corinne-ligeard-baguette-sourcier-divinatoire-soins-energetique\/#breadcrumb","itemListElement":[{"@type":"ListItem","position":1,"name":"Accueil","item":"https:\/\/howood.fr\/"},{"@type":"ListItem","position":2,"name":"Produits","item":"https:\/\/howood.fr\/index.php\/shop\/"},{"@type":"ListItem","position":3,"name":"Pendule de radiesth\u00e9sie et Catalyseur en Buis"}]},{"@type":"WebSite","@id":"https:\/\/howood.fr\/#website","url":"https:\/\/howood.fr\/","name":"HoWood","description":"pendule de radiesth\u00e9sie Artisanal HoWood","publisher":{"@id":"https:\/\/howood.fr\/#organization"},"potentialAction":[{"@type":"SearchAction","target":{"@type":"EntryPoint","urlTemplate":"https:\/\/howood.fr\/?s={search_term_string}"},"query-input":{"@type":"PropertyValueSpecification","valueRequired":true,"valueName":"search_term_string"}}],"inLanguage":"fr-FR"},{"@type":"Organization","@id":"https:\/\/howood.fr\/#organization","name":"HoWood","url":"https:\/\/howood.fr\/","logo":{"@type":"ImageObject","inLanguage":"fr-FR","@id":"https:\/\/howood.fr\/#\/schema\/logo\/image\/","url":"https:\/\/howood.fr\/wp-content\/uploads\/2024\/10\/logo-HW-150.webp","contentUrl":"https:\/\/howood.fr\/wp-content\/uploads\/2024\/10\/logo-HW-150.webp","width":150,"height":150,"caption":"HoWood"},"image":{"@id":"https:\/\/howood.fr\/#\/schema\/logo\/image\/"}}]}},"_links":{"self":[{"href":"https:\/\/howood.fr\/index.php\/wp-json\/wp\/v2\/product\/2342","targetHints":{"allow":["GET"]}}],"collection":[{"href":"https:\/\/howood.fr\/index.php\/wp-json\/wp\/v2\/product"}],"about":[{"href":"https:\/\/howood.fr\/index.php\/wp-json\/wp\/v2\/types\/product"}],"version-history":[{"count":3,"href":"https:\/\/howood.fr\/index.php\/wp-json\/wp\/v2\/product\/2342\/revisions"}],"predecessor-version":[{"id":2372,"href":"https:\/\/howood.fr\/index.php\/wp-json\/wp\/v2\/product\/2342\/revisions\/2372"}],"wp:featuredmedia":[{"embeddable":true,"href":"https:\/\/howood.fr\/index.php\/wp-json\/wp\/v2\/media\/2367"}],"wp:attachment":[{"href":"https:\/\/howood.fr\/index.php\/wp-json\/wp\/v2\/media?parent=2342"}],"wp:term":[{"taxonomy":"product_brand","embeddable":true,"href":"https:\/\/howood.fr\/index.php\/wp-json\/wp\/v2\/product_brand?post=2342"},{"taxonomy":"product_cat","embeddable":true,"href":"https:\/\/howood.fr\/index.php\/wp-json\/wp\/v2\/product_cat?post=2342"},{"taxonomy":"product_tag","embeddable":true,"href":"https:\/\/howood.fr\/index.php\/wp-json\/wp\/v2\/product_tag?post=2342"}],"curies":[{"name":"wp","href":"https:\/\/api.w.org\/{rel}","templated":true}]}}