{"id":2429,"date":"2025-07-20T12:00:16","date_gmt":"2025-07-20T10:00:16","guid":{"rendered":"https:\/\/howood.fr\/?post_type=product&#038;p=2429"},"modified":"2026-01-13T20:22:01","modified_gmt":"2026-01-13T19:22:01","slug":"pendule-radiesthesie-en-bois-buis-corinne-ligeard-baguette-sourcier-divinatoire-soins-energetique-geobiologie","status":"publish","type":"product","link":"https:\/\/howood.fr\/index.php\/produit\/pendule-radiesthesie-en-bois-buis-corinne-ligeard-baguette-sourcier-divinatoire-soins-energetique-geobiologie\/","title":{"rendered":"Pendule de radiesth\u00e9sie en bois de Buis"},"content":{"rendered":"<div class=\"elementor-element elementor-element-1c49f7e4 elementor-widget__width-initial elementor-widget elementor-widget-woocommerce-product-content\" data-id=\"1c49f7e4\" data-element_type=\"widget\" data-widget_type=\"woocommerce-product-content.default\">\n<div class=\"elementor-widget-container\">\n<div class=\"elementor elementor-2324\" data-elementor-type=\"product-post\" data-elementor-id=\"2324\" data-elementor-post-type=\"product\">\n<div class=\"elementor-element elementor-element-70a311e0 e-flex e-con-boxed e-con e-parent e-lazyloaded\" data-id=\"70a311e0\" data-element_type=\"container\">\n<div class=\"e-con-inner\">\n<div class=\"elementor-element elementor-element-cd09d4f elementor-widget elementor-widget-text-editor\" data-id=\"cd09d4f\" data-element_type=\"widget\" data-widget_type=\"text-editor.default\">\n<div class=\"elementor-widget-container\">\n<div class=\"elementor-element elementor-element-1c49f7e4 elementor-widget__width-initial elementor-widget elementor-widget-woocommerce-product-content\" data-id=\"1c49f7e4\" data-element_type=\"widget\" data-widget_type=\"woocommerce-product-content.default\">\n<div class=\"elementor-widget-container\">Magnifique pendule en BUIS. Longiligne le veinage est somptueux se confond avec sa faille de son bois qui travaille.<\/div>\n<div><\/div>\n<div class=\"elementor-widget-container\">\n<p><b>Mesures \u00e0 quelques variables pr\u00e8s <\/b><\/p>\n<ul>\n<li>Hauteur : 8,2 cm<\/li>\n<li>Largeur\u00a0 maxi : 1,9 cm<\/li>\n<li>Poids : 14,58gr<\/li>\n<li>Cordon rouge coton.<\/li>\n<\/ul>\n<p><b>Livraison <\/b> Frais de livraison offert pour un envoi en France M\u00e9tropolitaine (courrier suivi)<\/p>\n<\/div>\n<\/div>\n<\/div>\n<\/div>\n<\/div>\n<\/div>\n<div class=\"elementor-element elementor-element-8abac74 e-flex e-con-boxed e-con e-parent e-lazyloaded\" data-id=\"8abac74\" data-element_type=\"container\">\n<div class=\"e-con-inner\"><\/div>\n<\/div>\n<\/div>\n<\/div>\n<\/div>\n","protected":false},"excerpt":{"rendered":"<p>Magnifique pendule en BUIS. Longiligne le veinage est somptueux se confond avec sa faille de son bois qui travaille. Mesures \u00e0 quelques variables pr\u00e8s Hauteur : 8,2 cm Largeur\u00a0 maxi : 1,9 cm Poids : 14,58gr Cordon rouge coton. Livraison Frais de livraison offert pour un envoi en France M\u00e9tropolitaine (courrier suivi)<\/p>\n","protected":false},"featured_media":2418,"comment_status":"closed","ping_status":"closed","template":"","meta":[],"product_brand":[],"product_cat":[32],"product_tag":[34,42,71,72],"class_list":{"0":"post-2429","1":"product","2":"type-product","3":"status-publish","4":"has-post-thumbnail","6":"product_cat-pendules-de-radiesthesie","7":"product_tag-bois","8":"product_tag-buis","9":"product_tag-geobiologie","10":"product_tag-soins-energetiques","11":"product_shipping_class-pendules-colliers-porte-cles-stylo-a-bille-stylo-a-plume","13":"first","14":"instock","15":"featured","16":"purchasable","17":"product-type-simple"},"yoast_head":"<!-- This site is optimized with the Yoast SEO plugin v27.4 - https:\/\/yoast.com\/product\/yoast-seo-wordpress\/ -->\n<title>Pendule de radiesth\u00e9sie en bois de Buis - HoWood<\/title>\n<meta name=\"description\" content=\"Pendule de radiesth\u00e9sie howood en bois de buis tourn\u00e9 par Corinne Ligeard \u00e0 Royan Fabrication artisanal fran\u00e7aise convient pour g\u00e9obiologie et soins\" \/>\n<meta name=\"robots\" content=\"index, follow, max-snippet:-1, max-image-preview:large, max-video-preview:-1\" \/>\n<link rel=\"canonical\" href=\"https:\/\/howood.fr\/index.php\/produit\/pendule-radiesthesie-en-bois-buis-corinne-ligeard-baguette-sourcier-divinatoire-soins-energetique-geobiologie\/\" \/>\n<meta property=\"og:locale\" content=\"fr_FR\" \/>\n<meta property=\"og:type\" content=\"article\" \/>\n<meta property=\"og:title\" content=\"Pendule de radiesth\u00e9sie en bois de Buis - HoWood\" \/>\n<meta property=\"og:description\" content=\"Pendule de radiesth\u00e9sie howood en bois de buis tourn\u00e9 par Corinne Ligeard \u00e0 Royan Fabrication artisanal fran\u00e7aise convient pour g\u00e9obiologie et soins\" \/>\n<meta property=\"og:url\" content=\"https:\/\/howood.fr\/index.php\/produit\/pendule-radiesthesie-en-bois-buis-corinne-ligeard-baguette-sourcier-divinatoire-soins-energetique-geobiologie\/\" \/>\n<meta property=\"og:site_name\" content=\"HoWood\" \/>\n<meta property=\"article:modified_time\" content=\"2026-01-13T19:22:01+00:00\" \/>\n<meta property=\"og:image\" content=\"https:\/\/howood.fr\/wp-content\/uploads\/2025\/07\/Ref.-072507-BUIS-60e-iloveimg3.jpg\" \/>\n\t<meta property=\"og:image:width\" content=\"1051\" \/>\n\t<meta property=\"og:image:height\" content=\"1153\" \/>\n\t<meta property=\"og:image:type\" content=\"image\/jpeg\" \/>\n<meta name=\"twitter:card\" content=\"summary_large_image\" \/>\n<meta name=\"twitter:label1\" content=\"Dur\u00e9e de lecture estim\u00e9e\" \/>\n\t<meta name=\"twitter:data1\" content=\"1 minute\" \/>\n<script type=\"application\/ld+json\" class=\"yoast-schema-graph\">{\"@context\":\"https:\\\/\\\/schema.org\",\"@graph\":[{\"@type\":\"WebPage\",\"@id\":\"https:\\\/\\\/howood.fr\\\/index.php\\\/produit\\\/pendule-radiesthesie-en-bois-buis-corinne-ligeard-baguette-sourcier-divinatoire-soins-energetique-geobiologie\\\/\",\"url\":\"https:\\\/\\\/howood.fr\\\/index.php\\\/produit\\\/pendule-radiesthesie-en-bois-buis-corinne-ligeard-baguette-sourcier-divinatoire-soins-energetique-geobiologie\\\/\",\"name\":\"Pendule de radiesth\u00e9sie en bois de Buis - HoWood\",\"isPartOf\":{\"@id\":\"https:\\\/\\\/howood.fr\\\/#website\"},\"primaryImageOfPage\":{\"@id\":\"https:\\\/\\\/howood.fr\\\/index.php\\\/produit\\\/pendule-radiesthesie-en-bois-buis-corinne-ligeard-baguette-sourcier-divinatoire-soins-energetique-geobiologie\\\/#primaryimage\"},\"image\":{\"@id\":\"https:\\\/\\\/howood.fr\\\/index.php\\\/produit\\\/pendule-radiesthesie-en-bois-buis-corinne-ligeard-baguette-sourcier-divinatoire-soins-energetique-geobiologie\\\/#primaryimage\"},\"thumbnailUrl\":\"https:\\\/\\\/howood.fr\\\/wp-content\\\/uploads\\\/2025\\\/07\\\/Ref.-072507-BUIS-60e-iloveimg3.jpg\",\"datePublished\":\"2025-07-20T10:00:16+00:00\",\"dateModified\":\"2026-01-13T19:22:01+00:00\",\"description\":\"Pendule de radiesth\u00e9sie howood en bois de buis tourn\u00e9 par Corinne Ligeard \u00e0 Royan Fabrication artisanal fran\u00e7aise convient pour g\u00e9obiologie et soins\",\"breadcrumb\":{\"@id\":\"https:\\\/\\\/howood.fr\\\/index.php\\\/produit\\\/pendule-radiesthesie-en-bois-buis-corinne-ligeard-baguette-sourcier-divinatoire-soins-energetique-geobiologie\\\/#breadcrumb\"},\"inLanguage\":\"fr-FR\",\"potentialAction\":[{\"@type\":\"ReadAction\",\"target\":[\"https:\\\/\\\/howood.fr\\\/index.php\\\/produit\\\/pendule-radiesthesie-en-bois-buis-corinne-ligeard-baguette-sourcier-divinatoire-soins-energetique-geobiologie\\\/\"]}]},{\"@type\":\"ImageObject\",\"inLanguage\":\"fr-FR\",\"@id\":\"https:\\\/\\\/howood.fr\\\/index.php\\\/produit\\\/pendule-radiesthesie-en-bois-buis-corinne-ligeard-baguette-sourcier-divinatoire-soins-energetique-geobiologie\\\/#primaryimage\",\"url\":\"https:\\\/\\\/howood.fr\\\/wp-content\\\/uploads\\\/2025\\\/07\\\/Ref.-072507-BUIS-60e-iloveimg3.jpg\",\"contentUrl\":\"https:\\\/\\\/howood.fr\\\/wp-content\\\/uploads\\\/2025\\\/07\\\/Ref.-072507-BUIS-60e-iloveimg3.jpg\",\"width\":1051,\"height\":1153,\"caption\":\"Joli pendule de radiesth\u00e9sie en buis au veinage verticale et longiligne. bois qui continue de travailler, faille visible.\"},{\"@type\":\"BreadcrumbList\",\"@id\":\"https:\\\/\\\/howood.fr\\\/index.php\\\/produit\\\/pendule-radiesthesie-en-bois-buis-corinne-ligeard-baguette-sourcier-divinatoire-soins-energetique-geobiologie\\\/#breadcrumb\",\"itemListElement\":[{\"@type\":\"ListItem\",\"position\":1,\"name\":\"Accueil\",\"item\":\"https:\\\/\\\/howood.fr\\\/\"},{\"@type\":\"ListItem\",\"position\":2,\"name\":\"Produits\",\"item\":\"https:\\\/\\\/howood.fr\\\/index.php\\\/shop\\\/\"},{\"@type\":\"ListItem\",\"position\":3,\"name\":\"Pendule de radiesth\u00e9sie en bois de Buis\"}]},{\"@type\":\"WebSite\",\"@id\":\"https:\\\/\\\/howood.fr\\\/#website\",\"url\":\"https:\\\/\\\/howood.fr\\\/\",\"name\":\"HoWood\",\"description\":\"pendule de radiesth\u00e9sie Artisanal HoWood\",\"publisher\":{\"@id\":\"https:\\\/\\\/howood.fr\\\/#organization\"},\"potentialAction\":[{\"@type\":\"SearchAction\",\"target\":{\"@type\":\"EntryPoint\",\"urlTemplate\":\"https:\\\/\\\/howood.fr\\\/?s={search_term_string}\"},\"query-input\":{\"@type\":\"PropertyValueSpecification\",\"valueRequired\":true,\"valueName\":\"search_term_string\"}}],\"inLanguage\":\"fr-FR\"},{\"@type\":\"Organization\",\"@id\":\"https:\\\/\\\/howood.fr\\\/#organization\",\"name\":\"HoWood\",\"url\":\"https:\\\/\\\/howood.fr\\\/\",\"logo\":{\"@type\":\"ImageObject\",\"inLanguage\":\"fr-FR\",\"@id\":\"https:\\\/\\\/howood.fr\\\/#\\\/schema\\\/logo\\\/image\\\/\",\"url\":\"https:\\\/\\\/howood.fr\\\/wp-content\\\/uploads\\\/2024\\\/10\\\/logo-HW-150.webp\",\"contentUrl\":\"https:\\\/\\\/howood.fr\\\/wp-content\\\/uploads\\\/2024\\\/10\\\/logo-HW-150.webp\",\"width\":150,\"height\":150,\"caption\":\"HoWood\"},\"image\":{\"@id\":\"https:\\\/\\\/howood.fr\\\/#\\\/schema\\\/logo\\\/image\\\/\"}}]}<\/script>\n<!-- \/ Yoast SEO plugin. -->","yoast_head_json":{"title":"Pendule de radiesth\u00e9sie en bois de Buis - HoWood","description":"Pendule de radiesth\u00e9sie howood en bois de buis tourn\u00e9 par Corinne Ligeard \u00e0 Royan Fabrication artisanal fran\u00e7aise convient pour g\u00e9obiologie et soins","robots":{"index":"index","follow":"follow","max-snippet":"max-snippet:-1","max-image-preview":"max-image-preview:large","max-video-preview":"max-video-preview:-1"},"canonical":"https:\/\/howood.fr\/index.php\/produit\/pendule-radiesthesie-en-bois-buis-corinne-ligeard-baguette-sourcier-divinatoire-soins-energetique-geobiologie\/","og_locale":"fr_FR","og_type":"article","og_title":"Pendule de radiesth\u00e9sie en bois de Buis - HoWood","og_description":"Pendule de radiesth\u00e9sie howood en bois de buis tourn\u00e9 par Corinne Ligeard \u00e0 Royan Fabrication artisanal fran\u00e7aise convient pour g\u00e9obiologie et soins","og_url":"https:\/\/howood.fr\/index.php\/produit\/pendule-radiesthesie-en-bois-buis-corinne-ligeard-baguette-sourcier-divinatoire-soins-energetique-geobiologie\/","og_site_name":"HoWood","article_modified_time":"2026-01-13T19:22:01+00:00","og_image":[{"width":1051,"height":1153,"url":"https:\/\/howood.fr\/wp-content\/uploads\/2025\/07\/Ref.-072507-BUIS-60e-iloveimg3.jpg","type":"image\/jpeg"}],"twitter_card":"summary_large_image","twitter_misc":{"Dur\u00e9e de lecture estim\u00e9e":"1 minute"},"schema":{"@context":"https:\/\/schema.org","@graph":[{"@type":"WebPage","@id":"https:\/\/howood.fr\/index.php\/produit\/pendule-radiesthesie-en-bois-buis-corinne-ligeard-baguette-sourcier-divinatoire-soins-energetique-geobiologie\/","url":"https:\/\/howood.fr\/index.php\/produit\/pendule-radiesthesie-en-bois-buis-corinne-ligeard-baguette-sourcier-divinatoire-soins-energetique-geobiologie\/","name":"Pendule de radiesth\u00e9sie en bois de Buis - HoWood","isPartOf":{"@id":"https:\/\/howood.fr\/#website"},"primaryImageOfPage":{"@id":"https:\/\/howood.fr\/index.php\/produit\/pendule-radiesthesie-en-bois-buis-corinne-ligeard-baguette-sourcier-divinatoire-soins-energetique-geobiologie\/#primaryimage"},"image":{"@id":"https:\/\/howood.fr\/index.php\/produit\/pendule-radiesthesie-en-bois-buis-corinne-ligeard-baguette-sourcier-divinatoire-soins-energetique-geobiologie\/#primaryimage"},"thumbnailUrl":"https:\/\/howood.fr\/wp-content\/uploads\/2025\/07\/Ref.-072507-BUIS-60e-iloveimg3.jpg","datePublished":"2025-07-20T10:00:16+00:00","dateModified":"2026-01-13T19:22:01+00:00","description":"Pendule de radiesth\u00e9sie howood en bois de buis tourn\u00e9 par Corinne Ligeard \u00e0 Royan Fabrication artisanal fran\u00e7aise convient pour g\u00e9obiologie et soins","breadcrumb":{"@id":"https:\/\/howood.fr\/index.php\/produit\/pendule-radiesthesie-en-bois-buis-corinne-ligeard-baguette-sourcier-divinatoire-soins-energetique-geobiologie\/#breadcrumb"},"inLanguage":"fr-FR","potentialAction":[{"@type":"ReadAction","target":["https:\/\/howood.fr\/index.php\/produit\/pendule-radiesthesie-en-bois-buis-corinne-ligeard-baguette-sourcier-divinatoire-soins-energetique-geobiologie\/"]}]},{"@type":"ImageObject","inLanguage":"fr-FR","@id":"https:\/\/howood.fr\/index.php\/produit\/pendule-radiesthesie-en-bois-buis-corinne-ligeard-baguette-sourcier-divinatoire-soins-energetique-geobiologie\/#primaryimage","url":"https:\/\/howood.fr\/wp-content\/uploads\/2025\/07\/Ref.-072507-BUIS-60e-iloveimg3.jpg","contentUrl":"https:\/\/howood.fr\/wp-content\/uploads\/2025\/07\/Ref.-072507-BUIS-60e-iloveimg3.jpg","width":1051,"height":1153,"caption":"Joli pendule de radiesth\u00e9sie en buis au veinage verticale et longiligne. bois qui continue de travailler, faille visible."},{"@type":"BreadcrumbList","@id":"https:\/\/howood.fr\/index.php\/produit\/pendule-radiesthesie-en-bois-buis-corinne-ligeard-baguette-sourcier-divinatoire-soins-energetique-geobiologie\/#breadcrumb","itemListElement":[{"@type":"ListItem","position":1,"name":"Accueil","item":"https:\/\/howood.fr\/"},{"@type":"ListItem","position":2,"name":"Produits","item":"https:\/\/howood.fr\/index.php\/shop\/"},{"@type":"ListItem","position":3,"name":"Pendule de radiesth\u00e9sie en bois de Buis"}]},{"@type":"WebSite","@id":"https:\/\/howood.fr\/#website","url":"https:\/\/howood.fr\/","name":"HoWood","description":"pendule de radiesth\u00e9sie Artisanal HoWood","publisher":{"@id":"https:\/\/howood.fr\/#organization"},"potentialAction":[{"@type":"SearchAction","target":{"@type":"EntryPoint","urlTemplate":"https:\/\/howood.fr\/?s={search_term_string}"},"query-input":{"@type":"PropertyValueSpecification","valueRequired":true,"valueName":"search_term_string"}}],"inLanguage":"fr-FR"},{"@type":"Organization","@id":"https:\/\/howood.fr\/#organization","name":"HoWood","url":"https:\/\/howood.fr\/","logo":{"@type":"ImageObject","inLanguage":"fr-FR","@id":"https:\/\/howood.fr\/#\/schema\/logo\/image\/","url":"https:\/\/howood.fr\/wp-content\/uploads\/2024\/10\/logo-HW-150.webp","contentUrl":"https:\/\/howood.fr\/wp-content\/uploads\/2024\/10\/logo-HW-150.webp","width":150,"height":150,"caption":"HoWood"},"image":{"@id":"https:\/\/howood.fr\/#\/schema\/logo\/image\/"}}]}},"_links":{"self":[{"href":"https:\/\/howood.fr\/index.php\/wp-json\/wp\/v2\/product\/2429","targetHints":{"allow":["GET"]}}],"collection":[{"href":"https:\/\/howood.fr\/index.php\/wp-json\/wp\/v2\/product"}],"about":[{"href":"https:\/\/howood.fr\/index.php\/wp-json\/wp\/v2\/types\/product"}],"replies":[{"embeddable":true,"href":"https:\/\/howood.fr\/index.php\/wp-json\/wp\/v2\/comments?post=2429"}],"version-history":[{"count":2,"href":"https:\/\/howood.fr\/index.php\/wp-json\/wp\/v2\/product\/2429\/revisions"}],"predecessor-version":[{"id":2442,"href":"https:\/\/howood.fr\/index.php\/wp-json\/wp\/v2\/product\/2429\/revisions\/2442"}],"wp:featuredmedia":[{"embeddable":true,"href":"https:\/\/howood.fr\/index.php\/wp-json\/wp\/v2\/media\/2418"}],"wp:attachment":[{"href":"https:\/\/howood.fr\/index.php\/wp-json\/wp\/v2\/media?parent=2429"}],"wp:term":[{"taxonomy":"product_brand","embeddable":true,"href":"https:\/\/howood.fr\/index.php\/wp-json\/wp\/v2\/product_brand?post=2429"},{"taxonomy":"product_cat","embeddable":true,"href":"https:\/\/howood.fr\/index.php\/wp-json\/wp\/v2\/product_cat?post=2429"},{"taxonomy":"product_tag","embeddable":true,"href":"https:\/\/howood.fr\/index.php\/wp-json\/wp\/v2\/product_tag?post=2429"}],"curies":[{"name":"wp","href":"https:\/\/api.w.org\/{rel}","templated":true}]}}