{"id":2432,"date":"2025-07-20T12:08:06","date_gmt":"2025-07-20T10:08:06","guid":{"rendered":"https:\/\/howood.fr\/?post_type=product&#038;p=2432"},"modified":"2026-01-13T20:22:01","modified_gmt":"2026-01-13T19:22:01","slug":"pendule-radiesthesie-catalyseur-en-bois-dabricotier-corinne-ligeard-baguette-sourcier-divinatoire-2","status":"publish","type":"product","link":"https:\/\/howood.fr\/index.php\/produit\/pendule-radiesthesie-catalyseur-en-bois-dabricotier-corinne-ligeard-baguette-sourcier-divinatoire-2\/","title":{"rendered":"PENDULE DE RADIESTH\u00c9SIE EN BOIS D\u2019ABRICOTIER"},"content":{"rendered":"<div class=\"elementor-element elementor-element-1c49f7e4 elementor-widget__width-initial elementor-widget elementor-widget-woocommerce-product-content\" data-id=\"1c49f7e4\" data-element_type=\"widget\" data-widget_type=\"woocommerce-product-content.default\">\n<div class=\"elementor-widget-container\">\n<p>Pendule de radiesth\u00e9sie et survivant de mon arbre tomb\u00e9 <img decoding=\"async\" class=\"emoji\" role=\"img\" draggable=\"false\" src=\"https:\/\/s.w.org\/images\/core\/emoji\/16.0.1\/svg\/1f333.svg\" alt=\"\ud83c\udf33\" \/> admirez mon veinage bleu gris et mes courbes comme des vagues qui courent. Travaillons ensemble, en g\u00e9obiologie, en soins \u00e9nerg\u00e9tiques ou autres. J\u2019appr\u00e9cie comme tous mes copains pendules ici de voir le jour r\u00e9guli\u00e8rement, non pas en plein soleil car mon bois risquerai d&rsquo;\u00e9clater mes aupr\u00e8s des arbres, car ils sont tous mes fr\u00e8res et s\u0153urs.<\/p>\n<p><b>Mesures \u00e0 quelques variables pr\u00e8s <\/b><\/p>\n<ul>\n<li>Hauteur : 7,3 cm<\/li>\n<li>Largeur\u00a0 maxi : 2,3 cm<\/li>\n<li>Poids : 14,01 gr<\/li>\n<li>Cordon bleu coton<\/li>\n<\/ul>\n<p>Finition\u00a0: Cire de Carnauba (cire extraite des feuilles de palmier carnauba)<\/p>\n<p><b>Livraison <\/b><\/p>\n<p>Frais de livraison offert pour un envoi en France M\u00e9tropolitaine<br \/>\n(courrier suivi)<\/p>\n<\/div>\n<\/div>\n","protected":false},"excerpt":{"rendered":"<p>Pendule de radiesth\u00e9sie et survivant de mon arbre tomb\u00e9 admirez mon veinage bleu gris et mes courbes comme des vagues qui courent. Travaillons ensemble, en g\u00e9obiologie, en soins \u00e9nerg\u00e9tiques ou autres. J\u2019appr\u00e9cie comme tous mes copains pendules ici de voir le jour r\u00e9guli\u00e8rement, non pas en plein soleil car mon bois risquerai d&rsquo;\u00e9clater mes aupr\u00e8s [&hellip;]<\/p>\n","protected":false},"featured_media":2425,"comment_status":"closed","ping_status":"closed","template":"","meta":[],"product_brand":[],"product_cat":[32],"product_tag":[36,34,71],"class_list":{"0":"post-2432","1":"product","2":"type-product","3":"status-publish","4":"has-post-thumbnail","6":"product_cat-pendules-de-radiesthesie","7":"product_tag-abricotier","8":"product_tag-bois","9":"product_tag-geobiologie","10":"product_shipping_class-pendules-colliers-porte-cles-stylo-a-bille-stylo-a-plume","12":"first","13":"instock","14":"purchasable","15":"product-type-simple"},"yoast_head":"<!-- This site is optimized with the Yoast SEO plugin v27.4 - https:\/\/yoast.com\/product\/yoast-seo-wordpress\/ -->\n<title>PENDULE DE RADIESTH\u00c9SIE EN BOIS D\u2019ABRICOTIER - HoWood<\/title>\n<meta name=\"description\" content=\"Pendule de radiesth\u00e9sie howood en bois de d&#039;abricotier tourn\u00e9 par Corinne Ligeard \u00e0 Royan Fabrication artisanal fran\u00e7aise convient pour g\u00e9obiologie et soins\" \/>\n<meta name=\"robots\" content=\"index, follow, max-snippet:-1, max-image-preview:large, max-video-preview:-1\" \/>\n<link rel=\"canonical\" href=\"https:\/\/howood.fr\/index.php\/produit\/pendule-radiesthesie-catalyseur-en-bois-dabricotier-corinne-ligeard-baguette-sourcier-divinatoire-2\/\" \/>\n<meta property=\"og:locale\" content=\"fr_FR\" \/>\n<meta property=\"og:type\" content=\"article\" \/>\n<meta property=\"og:title\" content=\"PENDULE DE RADIESTH\u00c9SIE EN BOIS D\u2019ABRICOTIER - HoWood\" \/>\n<meta property=\"og:description\" content=\"Pendule de radiesth\u00e9sie howood en bois de d&#039;abricotier tourn\u00e9 par Corinne Ligeard \u00e0 Royan Fabrication artisanal fran\u00e7aise convient pour g\u00e9obiologie et soins\" \/>\n<meta property=\"og:url\" content=\"https:\/\/howood.fr\/index.php\/produit\/pendule-radiesthesie-catalyseur-en-bois-dabricotier-corinne-ligeard-baguette-sourcier-divinatoire-2\/\" \/>\n<meta property=\"og:site_name\" content=\"HoWood\" \/>\n<meta property=\"article:modified_time\" content=\"2026-01-13T19:22:01+00:00\" \/>\n<meta property=\"og:image\" content=\"https:\/\/howood.fr\/wp-content\/uploads\/2025\/07\/Ref.-072508-Abricot-35e-iloveimg-2-1-e1753005841997.jpg\" \/>\n\t<meta property=\"og:image:width\" content=\"1000\" \/>\n\t<meta property=\"og:image:height\" content=\"1201\" \/>\n\t<meta property=\"og:image:type\" content=\"image\/jpeg\" \/>\n<meta name=\"twitter:card\" content=\"summary_large_image\" \/>\n<meta name=\"twitter:label1\" content=\"Dur\u00e9e de lecture estim\u00e9e\" \/>\n\t<meta name=\"twitter:data1\" content=\"1 minute\" \/>\n<script type=\"application\/ld+json\" class=\"yoast-schema-graph\">{\"@context\":\"https:\\\/\\\/schema.org\",\"@graph\":[{\"@type\":\"WebPage\",\"@id\":\"https:\\\/\\\/howood.fr\\\/index.php\\\/produit\\\/pendule-radiesthesie-catalyseur-en-bois-dabricotier-corinne-ligeard-baguette-sourcier-divinatoire-2\\\/\",\"url\":\"https:\\\/\\\/howood.fr\\\/index.php\\\/produit\\\/pendule-radiesthesie-catalyseur-en-bois-dabricotier-corinne-ligeard-baguette-sourcier-divinatoire-2\\\/\",\"name\":\"PENDULE DE RADIESTH\u00c9SIE EN BOIS D\u2019ABRICOTIER - HoWood\",\"isPartOf\":{\"@id\":\"https:\\\/\\\/howood.fr\\\/#website\"},\"primaryImageOfPage\":{\"@id\":\"https:\\\/\\\/howood.fr\\\/index.php\\\/produit\\\/pendule-radiesthesie-catalyseur-en-bois-dabricotier-corinne-ligeard-baguette-sourcier-divinatoire-2\\\/#primaryimage\"},\"image\":{\"@id\":\"https:\\\/\\\/howood.fr\\\/index.php\\\/produit\\\/pendule-radiesthesie-catalyseur-en-bois-dabricotier-corinne-ligeard-baguette-sourcier-divinatoire-2\\\/#primaryimage\"},\"thumbnailUrl\":\"https:\\\/\\\/howood.fr\\\/wp-content\\\/uploads\\\/2025\\\/07\\\/Ref.-072508-Abricot-35e-iloveimg-2-1-e1753005841997.jpg\",\"datePublished\":\"2025-07-20T10:08:06+00:00\",\"dateModified\":\"2026-01-13T19:22:01+00:00\",\"description\":\"Pendule de radiesth\u00e9sie howood en bois de d'abricotier tourn\u00e9 par Corinne Ligeard \u00e0 Royan Fabrication artisanal fran\u00e7aise convient pour g\u00e9obiologie et soins\",\"breadcrumb\":{\"@id\":\"https:\\\/\\\/howood.fr\\\/index.php\\\/produit\\\/pendule-radiesthesie-catalyseur-en-bois-dabricotier-corinne-ligeard-baguette-sourcier-divinatoire-2\\\/#breadcrumb\"},\"inLanguage\":\"fr-FR\",\"potentialAction\":[{\"@type\":\"ReadAction\",\"target\":[\"https:\\\/\\\/howood.fr\\\/index.php\\\/produit\\\/pendule-radiesthesie-catalyseur-en-bois-dabricotier-corinne-ligeard-baguette-sourcier-divinatoire-2\\\/\"]}]},{\"@type\":\"ImageObject\",\"inLanguage\":\"fr-FR\",\"@id\":\"https:\\\/\\\/howood.fr\\\/index.php\\\/produit\\\/pendule-radiesthesie-catalyseur-en-bois-dabricotier-corinne-ligeard-baguette-sourcier-divinatoire-2\\\/#primaryimage\",\"url\":\"https:\\\/\\\/howood.fr\\\/wp-content\\\/uploads\\\/2025\\\/07\\\/Ref.-072508-Abricot-35e-iloveimg-2-1-e1753005841997.jpg\",\"contentUrl\":\"https:\\\/\\\/howood.fr\\\/wp-content\\\/uploads\\\/2025\\\/07\\\/Ref.-072508-Abricot-35e-iloveimg-2-1-e1753005841997.jpg\",\"width\":1000,\"height\":1201,\"caption\":\"Tr\u00e8s joli pendule de radiesth\u00e9sie en abricotier aux reflets bleu gris\"},{\"@type\":\"BreadcrumbList\",\"@id\":\"https:\\\/\\\/howood.fr\\\/index.php\\\/produit\\\/pendule-radiesthesie-catalyseur-en-bois-dabricotier-corinne-ligeard-baguette-sourcier-divinatoire-2\\\/#breadcrumb\",\"itemListElement\":[{\"@type\":\"ListItem\",\"position\":1,\"name\":\"Accueil\",\"item\":\"https:\\\/\\\/howood.fr\\\/\"},{\"@type\":\"ListItem\",\"position\":2,\"name\":\"Produits\",\"item\":\"https:\\\/\\\/howood.fr\\\/index.php\\\/shop\\\/\"},{\"@type\":\"ListItem\",\"position\":3,\"name\":\"PENDULE DE RADIESTH\u00c9SIE EN BOIS D\u2019ABRICOTIER\"}]},{\"@type\":\"WebSite\",\"@id\":\"https:\\\/\\\/howood.fr\\\/#website\",\"url\":\"https:\\\/\\\/howood.fr\\\/\",\"name\":\"HoWood\",\"description\":\"pendule de radiesth\u00e9sie Artisanal HoWood\",\"publisher\":{\"@id\":\"https:\\\/\\\/howood.fr\\\/#organization\"},\"potentialAction\":[{\"@type\":\"SearchAction\",\"target\":{\"@type\":\"EntryPoint\",\"urlTemplate\":\"https:\\\/\\\/howood.fr\\\/?s={search_term_string}\"},\"query-input\":{\"@type\":\"PropertyValueSpecification\",\"valueRequired\":true,\"valueName\":\"search_term_string\"}}],\"inLanguage\":\"fr-FR\"},{\"@type\":\"Organization\",\"@id\":\"https:\\\/\\\/howood.fr\\\/#organization\",\"name\":\"HoWood\",\"url\":\"https:\\\/\\\/howood.fr\\\/\",\"logo\":{\"@type\":\"ImageObject\",\"inLanguage\":\"fr-FR\",\"@id\":\"https:\\\/\\\/howood.fr\\\/#\\\/schema\\\/logo\\\/image\\\/\",\"url\":\"https:\\\/\\\/howood.fr\\\/wp-content\\\/uploads\\\/2024\\\/10\\\/logo-HW-150.webp\",\"contentUrl\":\"https:\\\/\\\/howood.fr\\\/wp-content\\\/uploads\\\/2024\\\/10\\\/logo-HW-150.webp\",\"width\":150,\"height\":150,\"caption\":\"HoWood\"},\"image\":{\"@id\":\"https:\\\/\\\/howood.fr\\\/#\\\/schema\\\/logo\\\/image\\\/\"}}]}<\/script>\n<!-- \/ Yoast SEO plugin. -->","yoast_head_json":{"title":"PENDULE DE RADIESTH\u00c9SIE EN BOIS D\u2019ABRICOTIER - HoWood","description":"Pendule de radiesth\u00e9sie howood en bois de d'abricotier tourn\u00e9 par Corinne Ligeard \u00e0 Royan Fabrication artisanal fran\u00e7aise convient pour g\u00e9obiologie et soins","robots":{"index":"index","follow":"follow","max-snippet":"max-snippet:-1","max-image-preview":"max-image-preview:large","max-video-preview":"max-video-preview:-1"},"canonical":"https:\/\/howood.fr\/index.php\/produit\/pendule-radiesthesie-catalyseur-en-bois-dabricotier-corinne-ligeard-baguette-sourcier-divinatoire-2\/","og_locale":"fr_FR","og_type":"article","og_title":"PENDULE DE RADIESTH\u00c9SIE EN BOIS D\u2019ABRICOTIER - HoWood","og_description":"Pendule de radiesth\u00e9sie howood en bois de d'abricotier tourn\u00e9 par Corinne Ligeard \u00e0 Royan Fabrication artisanal fran\u00e7aise convient pour g\u00e9obiologie et soins","og_url":"https:\/\/howood.fr\/index.php\/produit\/pendule-radiesthesie-catalyseur-en-bois-dabricotier-corinne-ligeard-baguette-sourcier-divinatoire-2\/","og_site_name":"HoWood","article_modified_time":"2026-01-13T19:22:01+00:00","og_image":[{"width":1000,"height":1201,"url":"https:\/\/howood.fr\/wp-content\/uploads\/2025\/07\/Ref.-072508-Abricot-35e-iloveimg-2-1-e1753005841997.jpg","type":"image\/jpeg"}],"twitter_card":"summary_large_image","twitter_misc":{"Dur\u00e9e de lecture estim\u00e9e":"1 minute"},"schema":{"@context":"https:\/\/schema.org","@graph":[{"@type":"WebPage","@id":"https:\/\/howood.fr\/index.php\/produit\/pendule-radiesthesie-catalyseur-en-bois-dabricotier-corinne-ligeard-baguette-sourcier-divinatoire-2\/","url":"https:\/\/howood.fr\/index.php\/produit\/pendule-radiesthesie-catalyseur-en-bois-dabricotier-corinne-ligeard-baguette-sourcier-divinatoire-2\/","name":"PENDULE DE RADIESTH\u00c9SIE EN BOIS D\u2019ABRICOTIER - HoWood","isPartOf":{"@id":"https:\/\/howood.fr\/#website"},"primaryImageOfPage":{"@id":"https:\/\/howood.fr\/index.php\/produit\/pendule-radiesthesie-catalyseur-en-bois-dabricotier-corinne-ligeard-baguette-sourcier-divinatoire-2\/#primaryimage"},"image":{"@id":"https:\/\/howood.fr\/index.php\/produit\/pendule-radiesthesie-catalyseur-en-bois-dabricotier-corinne-ligeard-baguette-sourcier-divinatoire-2\/#primaryimage"},"thumbnailUrl":"https:\/\/howood.fr\/wp-content\/uploads\/2025\/07\/Ref.-072508-Abricot-35e-iloveimg-2-1-e1753005841997.jpg","datePublished":"2025-07-20T10:08:06+00:00","dateModified":"2026-01-13T19:22:01+00:00","description":"Pendule de radiesth\u00e9sie howood en bois de d'abricotier tourn\u00e9 par Corinne Ligeard \u00e0 Royan Fabrication artisanal fran\u00e7aise convient pour g\u00e9obiologie et soins","breadcrumb":{"@id":"https:\/\/howood.fr\/index.php\/produit\/pendule-radiesthesie-catalyseur-en-bois-dabricotier-corinne-ligeard-baguette-sourcier-divinatoire-2\/#breadcrumb"},"inLanguage":"fr-FR","potentialAction":[{"@type":"ReadAction","target":["https:\/\/howood.fr\/index.php\/produit\/pendule-radiesthesie-catalyseur-en-bois-dabricotier-corinne-ligeard-baguette-sourcier-divinatoire-2\/"]}]},{"@type":"ImageObject","inLanguage":"fr-FR","@id":"https:\/\/howood.fr\/index.php\/produit\/pendule-radiesthesie-catalyseur-en-bois-dabricotier-corinne-ligeard-baguette-sourcier-divinatoire-2\/#primaryimage","url":"https:\/\/howood.fr\/wp-content\/uploads\/2025\/07\/Ref.-072508-Abricot-35e-iloveimg-2-1-e1753005841997.jpg","contentUrl":"https:\/\/howood.fr\/wp-content\/uploads\/2025\/07\/Ref.-072508-Abricot-35e-iloveimg-2-1-e1753005841997.jpg","width":1000,"height":1201,"caption":"Tr\u00e8s joli pendule de radiesth\u00e9sie en abricotier aux reflets bleu gris"},{"@type":"BreadcrumbList","@id":"https:\/\/howood.fr\/index.php\/produit\/pendule-radiesthesie-catalyseur-en-bois-dabricotier-corinne-ligeard-baguette-sourcier-divinatoire-2\/#breadcrumb","itemListElement":[{"@type":"ListItem","position":1,"name":"Accueil","item":"https:\/\/howood.fr\/"},{"@type":"ListItem","position":2,"name":"Produits","item":"https:\/\/howood.fr\/index.php\/shop\/"},{"@type":"ListItem","position":3,"name":"PENDULE DE RADIESTH\u00c9SIE EN BOIS D\u2019ABRICOTIER"}]},{"@type":"WebSite","@id":"https:\/\/howood.fr\/#website","url":"https:\/\/howood.fr\/","name":"HoWood","description":"pendule de radiesth\u00e9sie Artisanal HoWood","publisher":{"@id":"https:\/\/howood.fr\/#organization"},"potentialAction":[{"@type":"SearchAction","target":{"@type":"EntryPoint","urlTemplate":"https:\/\/howood.fr\/?s={search_term_string}"},"query-input":{"@type":"PropertyValueSpecification","valueRequired":true,"valueName":"search_term_string"}}],"inLanguage":"fr-FR"},{"@type":"Organization","@id":"https:\/\/howood.fr\/#organization","name":"HoWood","url":"https:\/\/howood.fr\/","logo":{"@type":"ImageObject","inLanguage":"fr-FR","@id":"https:\/\/howood.fr\/#\/schema\/logo\/image\/","url":"https:\/\/howood.fr\/wp-content\/uploads\/2024\/10\/logo-HW-150.webp","contentUrl":"https:\/\/howood.fr\/wp-content\/uploads\/2024\/10\/logo-HW-150.webp","width":150,"height":150,"caption":"HoWood"},"image":{"@id":"https:\/\/howood.fr\/#\/schema\/logo\/image\/"}}]}},"_links":{"self":[{"href":"https:\/\/howood.fr\/index.php\/wp-json\/wp\/v2\/product\/2432","targetHints":{"allow":["GET"]}}],"collection":[{"href":"https:\/\/howood.fr\/index.php\/wp-json\/wp\/v2\/product"}],"about":[{"href":"https:\/\/howood.fr\/index.php\/wp-json\/wp\/v2\/types\/product"}],"replies":[{"embeddable":true,"href":"https:\/\/howood.fr\/index.php\/wp-json\/wp\/v2\/comments?post=2432"}],"version-history":[{"count":2,"href":"https:\/\/howood.fr\/index.php\/wp-json\/wp\/v2\/product\/2432\/revisions"}],"predecessor-version":[{"id":2436,"href":"https:\/\/howood.fr\/index.php\/wp-json\/wp\/v2\/product\/2432\/revisions\/2436"}],"wp:featuredmedia":[{"embeddable":true,"href":"https:\/\/howood.fr\/index.php\/wp-json\/wp\/v2\/media\/2425"}],"wp:attachment":[{"href":"https:\/\/howood.fr\/index.php\/wp-json\/wp\/v2\/media?parent=2432"}],"wp:term":[{"taxonomy":"product_brand","embeddable":true,"href":"https:\/\/howood.fr\/index.php\/wp-json\/wp\/v2\/product_brand?post=2432"},{"taxonomy":"product_cat","embeddable":true,"href":"https:\/\/howood.fr\/index.php\/wp-json\/wp\/v2\/product_cat?post=2432"},{"taxonomy":"product_tag","embeddable":true,"href":"https:\/\/howood.fr\/index.php\/wp-json\/wp\/v2\/product_tag?post=2432"}],"curies":[{"name":"wp","href":"https:\/\/api.w.org\/{rel}","templated":true}]}}