{"id":2817,"date":"2025-11-21T22:42:11","date_gmt":"2025-11-21T21:42:11","guid":{"rendered":"https:\/\/howood.fr\/?post_type=product&#038;p=2817"},"modified":"2025-11-22T10:28:58","modified_gmt":"2025-11-22T09:28:58","slug":"porte-cles-artisanal-bois-metal-argent-hetre","status":"publish","type":"product","link":"https:\/\/howood.fr\/index.php\/produit\/porte-cles-artisanal-bois-metal-argent-hetre\/","title":{"rendered":"Porte-cl\u00e9s en H\u00eatre"},"content":{"rendered":"<p>Tr\u00e8s joli forme pour ce porte-cl\u00e9s en h\u00eatre avec un embout amovible, une petite ouverture secr\u00e8te pour glisser un petit coton parfum\u00e9 ou un mot d&rsquo;amour&#8230;<\/p>\n<p>M\u00e9canisme couleur argent\u00e9<\/p>\n","protected":false},"excerpt":{"rendered":"<p>Tr\u00e8s joli forme pour ce porte-cl\u00e9s en h\u00eatre avec un embout amovible, une petite ouverture secr\u00e8te pour glisser un petit coton parfum\u00e9 ou un mot d&rsquo;amour&#8230; M\u00e9canisme couleur argent\u00e9<\/p>\n","protected":false},"featured_media":2786,"comment_status":"closed","ping_status":"closed","template":"","meta":[],"product_brand":[],"product_cat":[82],"product_tag":[34],"class_list":{"0":"post-2817","1":"product","2":"type-product","3":"status-publish","4":"has-post-thumbnail","6":"product_cat-porte-cles-artisanat-howood-charente-maritime","7":"product_tag-bois","8":"product_shipping_class-pendules-colliers-porte-cles-stylo-a-bille-stylo-a-plume","10":"first","11":"instock","12":"featured","13":"sold-individually","14":"taxable","15":"shipping-taxable","16":"purchasable","17":"product-type-simple"},"yoast_head":"<!-- This site is optimized with the Yoast SEO plugin v27.4 - https:\/\/yoast.com\/product\/yoast-seo-wordpress\/ -->\n<title>Porte-cl\u00e9s en H\u00eatre - HoWood<\/title>\n<meta name=\"description\" content=\"Porte-cl\u00e9s en h\u00eatre avec un embout amovible, une petite ouverture secr\u00e8te pour glisser un petit coton parfum\u00e9 ou un mot d&#039;amour...M\u00e9canisme couleur argent\u00e9\" \/>\n<meta name=\"robots\" content=\"index, follow, max-snippet:-1, max-image-preview:large, max-video-preview:-1\" \/>\n<link rel=\"canonical\" href=\"https:\/\/howood.fr\/index.php\/produit\/porte-cles-artisanal-bois-metal-argent-hetre\/\" \/>\n<meta property=\"og:locale\" content=\"fr_FR\" \/>\n<meta property=\"og:type\" content=\"article\" \/>\n<meta property=\"og:title\" content=\"Porte-cl\u00e9s en H\u00eatre - HoWood\" \/>\n<meta property=\"og:description\" content=\"Porte-cl\u00e9s en h\u00eatre avec un embout amovible, une petite ouverture secr\u00e8te pour glisser un petit coton parfum\u00e9 ou un mot d&#039;amour...M\u00e9canisme couleur argent\u00e9\" \/>\n<meta property=\"og:url\" content=\"https:\/\/howood.fr\/index.php\/produit\/porte-cles-artisanal-bois-metal-argent-hetre\/\" \/>\n<meta property=\"og:site_name\" content=\"HoWood\" \/>\n<meta property=\"article:modified_time\" content=\"2025-11-22T09:28:58+00:00\" \/>\n<meta property=\"og:image\" content=\"https:\/\/howood.fr\/wp-content\/uploads\/2025\/11\/PC-2511.-04-Hetre-3.jpg\" \/>\n\t<meta property=\"og:image:width\" content=\"949\" \/>\n\t<meta property=\"og:image:height\" content=\"1095\" \/>\n\t<meta property=\"og:image:type\" content=\"image\/jpeg\" \/>\n<meta name=\"twitter:card\" content=\"summary_large_image\" \/>\n<meta name=\"twitter:label1\" content=\"Dur\u00e9e de lecture estim\u00e9e\" \/>\n\t<meta name=\"twitter:data1\" content=\"1 minute\" \/>\n<script type=\"application\/ld+json\" class=\"yoast-schema-graph\">{\"@context\":\"https:\\\/\\\/schema.org\",\"@graph\":[{\"@type\":\"WebPage\",\"@id\":\"https:\\\/\\\/howood.fr\\\/index.php\\\/produit\\\/porte-cles-artisanal-bois-metal-argent-hetre\\\/\",\"url\":\"https:\\\/\\\/howood.fr\\\/index.php\\\/produit\\\/porte-cles-artisanal-bois-metal-argent-hetre\\\/\",\"name\":\"Porte-cl\u00e9s en H\u00eatre - HoWood\",\"isPartOf\":{\"@id\":\"https:\\\/\\\/howood.fr\\\/#website\"},\"primaryImageOfPage\":{\"@id\":\"https:\\\/\\\/howood.fr\\\/index.php\\\/produit\\\/porte-cles-artisanal-bois-metal-argent-hetre\\\/#primaryimage\"},\"image\":{\"@id\":\"https:\\\/\\\/howood.fr\\\/index.php\\\/produit\\\/porte-cles-artisanal-bois-metal-argent-hetre\\\/#primaryimage\"},\"thumbnailUrl\":\"https:\\\/\\\/howood.fr\\\/wp-content\\\/uploads\\\/2025\\\/11\\\/PC-2511.-04-Hetre-3.jpg\",\"datePublished\":\"2025-11-21T21:42:11+00:00\",\"dateModified\":\"2025-11-22T09:28:58+00:00\",\"description\":\"Porte-cl\u00e9s en h\u00eatre avec un embout amovible, une petite ouverture secr\u00e8te pour glisser un petit coton parfum\u00e9 ou un mot d'amour...M\u00e9canisme couleur argent\u00e9\",\"breadcrumb\":{\"@id\":\"https:\\\/\\\/howood.fr\\\/index.php\\\/produit\\\/porte-cles-artisanal-bois-metal-argent-hetre\\\/#breadcrumb\"},\"inLanguage\":\"fr-FR\",\"potentialAction\":[{\"@type\":\"ReadAction\",\"target\":[\"https:\\\/\\\/howood.fr\\\/index.php\\\/produit\\\/porte-cles-artisanal-bois-metal-argent-hetre\\\/\"]}]},{\"@type\":\"ImageObject\",\"inLanguage\":\"fr-FR\",\"@id\":\"https:\\\/\\\/howood.fr\\\/index.php\\\/produit\\\/porte-cles-artisanal-bois-metal-argent-hetre\\\/#primaryimage\",\"url\":\"https:\\\/\\\/howood.fr\\\/wp-content\\\/uploads\\\/2025\\\/11\\\/PC-2511.-04-Hetre-3.jpg\",\"contentUrl\":\"https:\\\/\\\/howood.fr\\\/wp-content\\\/uploads\\\/2025\\\/11\\\/PC-2511.-04-Hetre-3.jpg\",\"width\":949,\"height\":1095,\"caption\":\"Voici un porte-cl\u00e9s en H\u00eatre tr\u00e8s lisse au touch\u00e9\"},{\"@type\":\"BreadcrumbList\",\"@id\":\"https:\\\/\\\/howood.fr\\\/index.php\\\/produit\\\/porte-cles-artisanal-bois-metal-argent-hetre\\\/#breadcrumb\",\"itemListElement\":[{\"@type\":\"ListItem\",\"position\":1,\"name\":\"Accueil\",\"item\":\"https:\\\/\\\/howood.fr\\\/\"},{\"@type\":\"ListItem\",\"position\":2,\"name\":\"Produits\",\"item\":\"https:\\\/\\\/howood.fr\\\/index.php\\\/shop\\\/\"},{\"@type\":\"ListItem\",\"position\":3,\"name\":\"Porte-cl\u00e9s en H\u00eatre\"}]},{\"@type\":\"WebSite\",\"@id\":\"https:\\\/\\\/howood.fr\\\/#website\",\"url\":\"https:\\\/\\\/howood.fr\\\/\",\"name\":\"HoWood\",\"description\":\"pendule de radiesth\u00e9sie Artisanal HoWood\",\"publisher\":{\"@id\":\"https:\\\/\\\/howood.fr\\\/#organization\"},\"potentialAction\":[{\"@type\":\"SearchAction\",\"target\":{\"@type\":\"EntryPoint\",\"urlTemplate\":\"https:\\\/\\\/howood.fr\\\/?s={search_term_string}\"},\"query-input\":{\"@type\":\"PropertyValueSpecification\",\"valueRequired\":true,\"valueName\":\"search_term_string\"}}],\"inLanguage\":\"fr-FR\"},{\"@type\":\"Organization\",\"@id\":\"https:\\\/\\\/howood.fr\\\/#organization\",\"name\":\"HoWood\",\"url\":\"https:\\\/\\\/howood.fr\\\/\",\"logo\":{\"@type\":\"ImageObject\",\"inLanguage\":\"fr-FR\",\"@id\":\"https:\\\/\\\/howood.fr\\\/#\\\/schema\\\/logo\\\/image\\\/\",\"url\":\"https:\\\/\\\/howood.fr\\\/wp-content\\\/uploads\\\/2024\\\/10\\\/logo-HW-150.webp\",\"contentUrl\":\"https:\\\/\\\/howood.fr\\\/wp-content\\\/uploads\\\/2024\\\/10\\\/logo-HW-150.webp\",\"width\":150,\"height\":150,\"caption\":\"HoWood\"},\"image\":{\"@id\":\"https:\\\/\\\/howood.fr\\\/#\\\/schema\\\/logo\\\/image\\\/\"}}]}<\/script>\n<!-- \/ Yoast SEO plugin. -->","yoast_head_json":{"title":"Porte-cl\u00e9s en H\u00eatre - HoWood","description":"Porte-cl\u00e9s en h\u00eatre avec un embout amovible, une petite ouverture secr\u00e8te pour glisser un petit coton parfum\u00e9 ou un mot d'amour...M\u00e9canisme couleur argent\u00e9","robots":{"index":"index","follow":"follow","max-snippet":"max-snippet:-1","max-image-preview":"max-image-preview:large","max-video-preview":"max-video-preview:-1"},"canonical":"https:\/\/howood.fr\/index.php\/produit\/porte-cles-artisanal-bois-metal-argent-hetre\/","og_locale":"fr_FR","og_type":"article","og_title":"Porte-cl\u00e9s en H\u00eatre - HoWood","og_description":"Porte-cl\u00e9s en h\u00eatre avec un embout amovible, une petite ouverture secr\u00e8te pour glisser un petit coton parfum\u00e9 ou un mot d'amour...M\u00e9canisme couleur argent\u00e9","og_url":"https:\/\/howood.fr\/index.php\/produit\/porte-cles-artisanal-bois-metal-argent-hetre\/","og_site_name":"HoWood","article_modified_time":"2025-11-22T09:28:58+00:00","og_image":[{"width":949,"height":1095,"url":"https:\/\/howood.fr\/wp-content\/uploads\/2025\/11\/PC-2511.-04-Hetre-3.jpg","type":"image\/jpeg"}],"twitter_card":"summary_large_image","twitter_misc":{"Dur\u00e9e de lecture estim\u00e9e":"1 minute"},"schema":{"@context":"https:\/\/schema.org","@graph":[{"@type":"WebPage","@id":"https:\/\/howood.fr\/index.php\/produit\/porte-cles-artisanal-bois-metal-argent-hetre\/","url":"https:\/\/howood.fr\/index.php\/produit\/porte-cles-artisanal-bois-metal-argent-hetre\/","name":"Porte-cl\u00e9s en H\u00eatre - HoWood","isPartOf":{"@id":"https:\/\/howood.fr\/#website"},"primaryImageOfPage":{"@id":"https:\/\/howood.fr\/index.php\/produit\/porte-cles-artisanal-bois-metal-argent-hetre\/#primaryimage"},"image":{"@id":"https:\/\/howood.fr\/index.php\/produit\/porte-cles-artisanal-bois-metal-argent-hetre\/#primaryimage"},"thumbnailUrl":"https:\/\/howood.fr\/wp-content\/uploads\/2025\/11\/PC-2511.-04-Hetre-3.jpg","datePublished":"2025-11-21T21:42:11+00:00","dateModified":"2025-11-22T09:28:58+00:00","description":"Porte-cl\u00e9s en h\u00eatre avec un embout amovible, une petite ouverture secr\u00e8te pour glisser un petit coton parfum\u00e9 ou un mot d'amour...M\u00e9canisme couleur argent\u00e9","breadcrumb":{"@id":"https:\/\/howood.fr\/index.php\/produit\/porte-cles-artisanal-bois-metal-argent-hetre\/#breadcrumb"},"inLanguage":"fr-FR","potentialAction":[{"@type":"ReadAction","target":["https:\/\/howood.fr\/index.php\/produit\/porte-cles-artisanal-bois-metal-argent-hetre\/"]}]},{"@type":"ImageObject","inLanguage":"fr-FR","@id":"https:\/\/howood.fr\/index.php\/produit\/porte-cles-artisanal-bois-metal-argent-hetre\/#primaryimage","url":"https:\/\/howood.fr\/wp-content\/uploads\/2025\/11\/PC-2511.-04-Hetre-3.jpg","contentUrl":"https:\/\/howood.fr\/wp-content\/uploads\/2025\/11\/PC-2511.-04-Hetre-3.jpg","width":949,"height":1095,"caption":"Voici un porte-cl\u00e9s en H\u00eatre tr\u00e8s lisse au touch\u00e9"},{"@type":"BreadcrumbList","@id":"https:\/\/howood.fr\/index.php\/produit\/porte-cles-artisanal-bois-metal-argent-hetre\/#breadcrumb","itemListElement":[{"@type":"ListItem","position":1,"name":"Accueil","item":"https:\/\/howood.fr\/"},{"@type":"ListItem","position":2,"name":"Produits","item":"https:\/\/howood.fr\/index.php\/shop\/"},{"@type":"ListItem","position":3,"name":"Porte-cl\u00e9s en H\u00eatre"}]},{"@type":"WebSite","@id":"https:\/\/howood.fr\/#website","url":"https:\/\/howood.fr\/","name":"HoWood","description":"pendule de radiesth\u00e9sie Artisanal HoWood","publisher":{"@id":"https:\/\/howood.fr\/#organization"},"potentialAction":[{"@type":"SearchAction","target":{"@type":"EntryPoint","urlTemplate":"https:\/\/howood.fr\/?s={search_term_string}"},"query-input":{"@type":"PropertyValueSpecification","valueRequired":true,"valueName":"search_term_string"}}],"inLanguage":"fr-FR"},{"@type":"Organization","@id":"https:\/\/howood.fr\/#organization","name":"HoWood","url":"https:\/\/howood.fr\/","logo":{"@type":"ImageObject","inLanguage":"fr-FR","@id":"https:\/\/howood.fr\/#\/schema\/logo\/image\/","url":"https:\/\/howood.fr\/wp-content\/uploads\/2024\/10\/logo-HW-150.webp","contentUrl":"https:\/\/howood.fr\/wp-content\/uploads\/2024\/10\/logo-HW-150.webp","width":150,"height":150,"caption":"HoWood"},"image":{"@id":"https:\/\/howood.fr\/#\/schema\/logo\/image\/"}}]}},"_links":{"self":[{"href":"https:\/\/howood.fr\/index.php\/wp-json\/wp\/v2\/product\/2817","targetHints":{"allow":["GET"]}}],"collection":[{"href":"https:\/\/howood.fr\/index.php\/wp-json\/wp\/v2\/product"}],"about":[{"href":"https:\/\/howood.fr\/index.php\/wp-json\/wp\/v2\/types\/product"}],"replies":[{"embeddable":true,"href":"https:\/\/howood.fr\/index.php\/wp-json\/wp\/v2\/comments?post=2817"}],"version-history":[{"count":1,"href":"https:\/\/howood.fr\/index.php\/wp-json\/wp\/v2\/product\/2817\/revisions"}],"predecessor-version":[{"id":2818,"href":"https:\/\/howood.fr\/index.php\/wp-json\/wp\/v2\/product\/2817\/revisions\/2818"}],"wp:featuredmedia":[{"embeddable":true,"href":"https:\/\/howood.fr\/index.php\/wp-json\/wp\/v2\/media\/2786"}],"wp:attachment":[{"href":"https:\/\/howood.fr\/index.php\/wp-json\/wp\/v2\/media?parent=2817"}],"wp:term":[{"taxonomy":"product_brand","embeddable":true,"href":"https:\/\/howood.fr\/index.php\/wp-json\/wp\/v2\/product_brand?post=2817"},{"taxonomy":"product_cat","embeddable":true,"href":"https:\/\/howood.fr\/index.php\/wp-json\/wp\/v2\/product_cat?post=2817"},{"taxonomy":"product_tag","embeddable":true,"href":"https:\/\/howood.fr\/index.php\/wp-json\/wp\/v2\/product_tag?post=2817"}],"curies":[{"name":"wp","href":"https:\/\/api.w.org\/{rel}","templated":true}]}}