{"id":2905,"date":"2025-11-27T11:51:17","date_gmt":"2025-11-27T10:51:17","guid":{"rendered":"https:\/\/howood.fr\/?post_type=product&#038;p=2905"},"modified":"2026-01-13T20:22:01","modified_gmt":"2026-01-13T19:22:01","slug":"pendule-en-bois-metal-radiesthesie-soin-energetique-howood-geobiologie-2","status":"publish","type":"product","link":"https:\/\/howood.fr\/index.php\/produit\/pendule-en-bois-metal-radiesthesie-soin-energetique-howood-geobiologie-2\/","title":{"rendered":"Pendule de radiesth\u00e9sie en ch\u00eane-li\u00e8ge (rare)"},"content":{"rendered":"<p align=\"left\"><span style=\"font-family: Comic Sans MS, serif;\"><span style=\"font-size: large;\"><b>Pendule artisanal de radiesth\u00e9sie en ch\u00eane-li\u00e8ge de Charente-Maritime\u00a0<\/b><\/span><\/span><\/p>\n<p align=\"left\"><span style=\"font-family: Comic Sans MS, serif;\"><span style=\"font-size: large;\">Une pi\u00e8ce unique et rare pour ce joli pendule des plus \u00e9l\u00e9gants. La force du ch\u00eane, la r\u00e9sistance et la souplesse du li\u00e8ge. L&rsquo;association m\u00e9tal dor\u00e9 au bois naturel en fait un vrai bijou au service de votre pratique radiesth\u00e9sique.\u00a0<\/span><\/span><\/p>\n<p align=\"left\"><span style=\"font-family: Comic Sans MS, serif;\"><b>Mesures \u00e0 quelques variables pr\u00e8s <\/b><\/span><\/p>\n<ul>\n<li>\n<p align=\"left\"><span style=\"font-family: Comic Sans MS, serif;\">Hauteur : 8cm<\/span><\/p>\n<\/li>\n<li>\n<p align=\"left\"><span style=\"font-family: Comic Sans MS, serif;\">Largeur\u00a0 maxi : 3cm<\/span><\/p>\n<\/li>\n<li>\n<p align=\"left\"><span style=\"font-family: Comic Sans MS, serif;\">Poids : 25,50 gr<\/span><\/p>\n<\/li>\n<li>\n<p align=\"left\"><span style=\"font-family: Comic Sans MS, serif;\">Cha\u00eene<\/span><span style=\"font-family: Comic Sans MS, serif;\">tte<\/span><span style=\"font-family: Comic Sans MS, serif;\"> : Acier dor\u00e9 19cm<\/span><\/p>\n<\/li>\n<li>\n<p align=\"left\"><span style=\"font-family: Comic Sans MS, serif;\">Finition : Cire de Carnauba (cire extraite des feuilles de palmier carnauba) rien sur le li\u00e8ge.<\/span><\/p>\n<\/li>\n<\/ul>\n<p align=\"left\"><span style=\"font-family: Comic Sans MS, serif;\"><b>Livraison<\/b><\/span><\/p>\n<ul>\n<li>\n<p align=\"left\"><span style=\"font-family: Comic Sans MS, serif;\">Frais de livraison offert pour un envoi en France M\u00e9tropolitaine (courrier suivi)<\/span><\/p>\n<\/li>\n<li>\n<p align=\"left\"><span style=\"font-family: Comic Sans MS, serif;\">Si besoin, vous pouvez me contacter par mail ou me t\u00e9l\u00e9phoner avant de valider votre achat dans le panier. Je r\u00e9pondrai \u00e0 vos questions avec plaisir.<\/span><\/p>\n<\/li>\n<\/ul>\n","protected":false},"excerpt":{"rendered":"<p>Pendule artisanal de radiesth\u00e9sie en ch\u00eane-li\u00e8ge de Charente-Maritime\u00a0 Une pi\u00e8ce unique et rare pour ce joli pendule des plus \u00e9l\u00e9gants. La force du ch\u00eane, la r\u00e9sistance et la souplesse du li\u00e8ge. L&rsquo;association m\u00e9tal dor\u00e9 au bois naturel en fait un vrai bijou au service de votre pratique radiesth\u00e9sique.\u00a0 Mesures \u00e0 quelques variables pr\u00e8s Hauteur : [&hellip;]<\/p>\n","protected":false},"featured_media":2892,"comment_status":"closed","ping_status":"closed","template":"","meta":[],"product_brand":[],"product_cat":[32],"product_tag":[34,78,71,40,33,66],"class_list":{"0":"post-2905","1":"product","2":"type-product","3":"status-publish","4":"has-post-thumbnail","6":"product_cat-pendules-de-radiesthesie","7":"product_tag-bois","8":"product_tag-chene-liege","9":"product_tag-geobiologie","10":"product_tag-metal","11":"product_tag-pendule","12":"product_tag-radiesthesie","13":"product_shipping_class-pendules-colliers-porte-cles-stylo-a-bille-stylo-a-plume","15":"first","16":"instock","17":"purchasable","18":"product-type-simple"},"yoast_head":"<!-- This site is optimized with the Yoast SEO plugin v27.4 - https:\/\/yoast.com\/product\/yoast-seo-wordpress\/ -->\n<title>Pendule de radiesth\u00e9sie en ch\u00eane-li\u00e8ge (rare) - HoWood<\/title>\n<meta name=\"description\" content=\"Pendule artisanal de radiesth\u00e9sie en ch\u00eane-li\u00e8ge de Charente-Maritime\u00a0et m\u00e9tal dor\u00e9 un vrai bijou au service de votre pratique radiesth\u00e9sique et soin .\" \/>\n<meta name=\"robots\" content=\"index, follow, max-snippet:-1, max-image-preview:large, max-video-preview:-1\" \/>\n<link rel=\"canonical\" href=\"https:\/\/howood.fr\/index.php\/produit\/pendule-en-bois-metal-radiesthesie-soin-energetique-howood-geobiologie-2\/\" \/>\n<meta property=\"og:locale\" content=\"fr_FR\" \/>\n<meta property=\"og:type\" content=\"article\" \/>\n<meta property=\"og:title\" content=\"Pendule de radiesth\u00e9sie en ch\u00eane-li\u00e8ge (rare) - HoWood\" \/>\n<meta property=\"og:description\" content=\"Pendule artisanal de radiesth\u00e9sie en ch\u00eane-li\u00e8ge de Charente-Maritime\u00a0et m\u00e9tal dor\u00e9 un vrai bijou au service de votre pratique radiesth\u00e9sique et soin .\" \/>\n<meta property=\"og:url\" content=\"https:\/\/howood.fr\/index.php\/produit\/pendule-en-bois-metal-radiesthesie-soin-energetique-howood-geobiologie-2\/\" \/>\n<meta property=\"og:site_name\" content=\"HoWood\" \/>\n<meta property=\"article:modified_time\" content=\"2026-01-13T19:22:01+00:00\" \/>\n<meta property=\"og:image\" content=\"https:\/\/howood.fr\/wp-content\/uploads\/2025\/11\/1125.12-chene-liege-metal-dore-40e-1.jpg\" \/>\n\t<meta property=\"og:image:width\" content=\"649\" \/>\n\t<meta property=\"og:image:height\" content=\"853\" \/>\n\t<meta property=\"og:image:type\" content=\"image\/jpeg\" \/>\n<meta name=\"twitter:card\" content=\"summary_large_image\" \/>\n<meta name=\"twitter:label1\" content=\"Dur\u00e9e de lecture estim\u00e9e\" \/>\n\t<meta name=\"twitter:data1\" content=\"1 minute\" \/>\n<script type=\"application\/ld+json\" class=\"yoast-schema-graph\">{\"@context\":\"https:\\\/\\\/schema.org\",\"@graph\":[{\"@type\":\"WebPage\",\"@id\":\"https:\\\/\\\/howood.fr\\\/index.php\\\/produit\\\/pendule-en-bois-metal-radiesthesie-soin-energetique-howood-geobiologie-2\\\/\",\"url\":\"https:\\\/\\\/howood.fr\\\/index.php\\\/produit\\\/pendule-en-bois-metal-radiesthesie-soin-energetique-howood-geobiologie-2\\\/\",\"name\":\"Pendule de radiesth\u00e9sie en ch\u00eane-li\u00e8ge (rare) - HoWood\",\"isPartOf\":{\"@id\":\"https:\\\/\\\/howood.fr\\\/#website\"},\"primaryImageOfPage\":{\"@id\":\"https:\\\/\\\/howood.fr\\\/index.php\\\/produit\\\/pendule-en-bois-metal-radiesthesie-soin-energetique-howood-geobiologie-2\\\/#primaryimage\"},\"image\":{\"@id\":\"https:\\\/\\\/howood.fr\\\/index.php\\\/produit\\\/pendule-en-bois-metal-radiesthesie-soin-energetique-howood-geobiologie-2\\\/#primaryimage\"},\"thumbnailUrl\":\"https:\\\/\\\/howood.fr\\\/wp-content\\\/uploads\\\/2025\\\/11\\\/1125.12-chene-liege-metal-dore-40e-1.jpg\",\"datePublished\":\"2025-11-27T10:51:17+00:00\",\"dateModified\":\"2026-01-13T19:22:01+00:00\",\"description\":\"Pendule artisanal de radiesth\u00e9sie en ch\u00eane-li\u00e8ge de Charente-Maritime\u00a0et m\u00e9tal dor\u00e9 un vrai bijou au service de votre pratique radiesth\u00e9sique et soin .\",\"breadcrumb\":{\"@id\":\"https:\\\/\\\/howood.fr\\\/index.php\\\/produit\\\/pendule-en-bois-metal-radiesthesie-soin-energetique-howood-geobiologie-2\\\/#breadcrumb\"},\"inLanguage\":\"fr-FR\",\"potentialAction\":[{\"@type\":\"ReadAction\",\"target\":[\"https:\\\/\\\/howood.fr\\\/index.php\\\/produit\\\/pendule-en-bois-metal-radiesthesie-soin-energetique-howood-geobiologie-2\\\/\"]}]},{\"@type\":\"ImageObject\",\"inLanguage\":\"fr-FR\",\"@id\":\"https:\\\/\\\/howood.fr\\\/index.php\\\/produit\\\/pendule-en-bois-metal-radiesthesie-soin-energetique-howood-geobiologie-2\\\/#primaryimage\",\"url\":\"https:\\\/\\\/howood.fr\\\/wp-content\\\/uploads\\\/2025\\\/11\\\/1125.12-chene-liege-metal-dore-40e-1.jpg\",\"contentUrl\":\"https:\\\/\\\/howood.fr\\\/wp-content\\\/uploads\\\/2025\\\/11\\\/1125.12-chene-liege-metal-dore-40e-1.jpg\",\"width\":649,\"height\":853,\"caption\":\"Pendule artisanal de radiesth\u00e9sie en ch\u00eane-li\u00e8ge de Charente-Maritime\u00a0et m\u00e9tal dor\u00e9\"},{\"@type\":\"BreadcrumbList\",\"@id\":\"https:\\\/\\\/howood.fr\\\/index.php\\\/produit\\\/pendule-en-bois-metal-radiesthesie-soin-energetique-howood-geobiologie-2\\\/#breadcrumb\",\"itemListElement\":[{\"@type\":\"ListItem\",\"position\":1,\"name\":\"Accueil\",\"item\":\"https:\\\/\\\/howood.fr\\\/\"},{\"@type\":\"ListItem\",\"position\":2,\"name\":\"Produits\",\"item\":\"https:\\\/\\\/howood.fr\\\/index.php\\\/shop\\\/\"},{\"@type\":\"ListItem\",\"position\":3,\"name\":\"Pendule de radiesth\u00e9sie en ch\u00eane-li\u00e8ge (rare)\"}]},{\"@type\":\"WebSite\",\"@id\":\"https:\\\/\\\/howood.fr\\\/#website\",\"url\":\"https:\\\/\\\/howood.fr\\\/\",\"name\":\"HoWood\",\"description\":\"pendule de radiesth\u00e9sie Artisanal HoWood\",\"publisher\":{\"@id\":\"https:\\\/\\\/howood.fr\\\/#organization\"},\"potentialAction\":[{\"@type\":\"SearchAction\",\"target\":{\"@type\":\"EntryPoint\",\"urlTemplate\":\"https:\\\/\\\/howood.fr\\\/?s={search_term_string}\"},\"query-input\":{\"@type\":\"PropertyValueSpecification\",\"valueRequired\":true,\"valueName\":\"search_term_string\"}}],\"inLanguage\":\"fr-FR\"},{\"@type\":\"Organization\",\"@id\":\"https:\\\/\\\/howood.fr\\\/#organization\",\"name\":\"HoWood\",\"url\":\"https:\\\/\\\/howood.fr\\\/\",\"logo\":{\"@type\":\"ImageObject\",\"inLanguage\":\"fr-FR\",\"@id\":\"https:\\\/\\\/howood.fr\\\/#\\\/schema\\\/logo\\\/image\\\/\",\"url\":\"https:\\\/\\\/howood.fr\\\/wp-content\\\/uploads\\\/2024\\\/10\\\/logo-HW-150.webp\",\"contentUrl\":\"https:\\\/\\\/howood.fr\\\/wp-content\\\/uploads\\\/2024\\\/10\\\/logo-HW-150.webp\",\"width\":150,\"height\":150,\"caption\":\"HoWood\"},\"image\":{\"@id\":\"https:\\\/\\\/howood.fr\\\/#\\\/schema\\\/logo\\\/image\\\/\"}}]}<\/script>\n<!-- \/ Yoast SEO plugin. -->","yoast_head_json":{"title":"Pendule de radiesth\u00e9sie en ch\u00eane-li\u00e8ge (rare) - HoWood","description":"Pendule artisanal de radiesth\u00e9sie en ch\u00eane-li\u00e8ge de Charente-Maritime\u00a0et m\u00e9tal dor\u00e9 un vrai bijou au service de votre pratique radiesth\u00e9sique et soin .","robots":{"index":"index","follow":"follow","max-snippet":"max-snippet:-1","max-image-preview":"max-image-preview:large","max-video-preview":"max-video-preview:-1"},"canonical":"https:\/\/howood.fr\/index.php\/produit\/pendule-en-bois-metal-radiesthesie-soin-energetique-howood-geobiologie-2\/","og_locale":"fr_FR","og_type":"article","og_title":"Pendule de radiesth\u00e9sie en ch\u00eane-li\u00e8ge (rare) - HoWood","og_description":"Pendule artisanal de radiesth\u00e9sie en ch\u00eane-li\u00e8ge de Charente-Maritime\u00a0et m\u00e9tal dor\u00e9 un vrai bijou au service de votre pratique radiesth\u00e9sique et soin .","og_url":"https:\/\/howood.fr\/index.php\/produit\/pendule-en-bois-metal-radiesthesie-soin-energetique-howood-geobiologie-2\/","og_site_name":"HoWood","article_modified_time":"2026-01-13T19:22:01+00:00","og_image":[{"width":649,"height":853,"url":"https:\/\/howood.fr\/wp-content\/uploads\/2025\/11\/1125.12-chene-liege-metal-dore-40e-1.jpg","type":"image\/jpeg"}],"twitter_card":"summary_large_image","twitter_misc":{"Dur\u00e9e de lecture estim\u00e9e":"1 minute"},"schema":{"@context":"https:\/\/schema.org","@graph":[{"@type":"WebPage","@id":"https:\/\/howood.fr\/index.php\/produit\/pendule-en-bois-metal-radiesthesie-soin-energetique-howood-geobiologie-2\/","url":"https:\/\/howood.fr\/index.php\/produit\/pendule-en-bois-metal-radiesthesie-soin-energetique-howood-geobiologie-2\/","name":"Pendule de radiesth\u00e9sie en ch\u00eane-li\u00e8ge (rare) - HoWood","isPartOf":{"@id":"https:\/\/howood.fr\/#website"},"primaryImageOfPage":{"@id":"https:\/\/howood.fr\/index.php\/produit\/pendule-en-bois-metal-radiesthesie-soin-energetique-howood-geobiologie-2\/#primaryimage"},"image":{"@id":"https:\/\/howood.fr\/index.php\/produit\/pendule-en-bois-metal-radiesthesie-soin-energetique-howood-geobiologie-2\/#primaryimage"},"thumbnailUrl":"https:\/\/howood.fr\/wp-content\/uploads\/2025\/11\/1125.12-chene-liege-metal-dore-40e-1.jpg","datePublished":"2025-11-27T10:51:17+00:00","dateModified":"2026-01-13T19:22:01+00:00","description":"Pendule artisanal de radiesth\u00e9sie en ch\u00eane-li\u00e8ge de Charente-Maritime\u00a0et m\u00e9tal dor\u00e9 un vrai bijou au service de votre pratique radiesth\u00e9sique et soin .","breadcrumb":{"@id":"https:\/\/howood.fr\/index.php\/produit\/pendule-en-bois-metal-radiesthesie-soin-energetique-howood-geobiologie-2\/#breadcrumb"},"inLanguage":"fr-FR","potentialAction":[{"@type":"ReadAction","target":["https:\/\/howood.fr\/index.php\/produit\/pendule-en-bois-metal-radiesthesie-soin-energetique-howood-geobiologie-2\/"]}]},{"@type":"ImageObject","inLanguage":"fr-FR","@id":"https:\/\/howood.fr\/index.php\/produit\/pendule-en-bois-metal-radiesthesie-soin-energetique-howood-geobiologie-2\/#primaryimage","url":"https:\/\/howood.fr\/wp-content\/uploads\/2025\/11\/1125.12-chene-liege-metal-dore-40e-1.jpg","contentUrl":"https:\/\/howood.fr\/wp-content\/uploads\/2025\/11\/1125.12-chene-liege-metal-dore-40e-1.jpg","width":649,"height":853,"caption":"Pendule artisanal de radiesth\u00e9sie en ch\u00eane-li\u00e8ge de Charente-Maritime\u00a0et m\u00e9tal dor\u00e9"},{"@type":"BreadcrumbList","@id":"https:\/\/howood.fr\/index.php\/produit\/pendule-en-bois-metal-radiesthesie-soin-energetique-howood-geobiologie-2\/#breadcrumb","itemListElement":[{"@type":"ListItem","position":1,"name":"Accueil","item":"https:\/\/howood.fr\/"},{"@type":"ListItem","position":2,"name":"Produits","item":"https:\/\/howood.fr\/index.php\/shop\/"},{"@type":"ListItem","position":3,"name":"Pendule de radiesth\u00e9sie en ch\u00eane-li\u00e8ge (rare)"}]},{"@type":"WebSite","@id":"https:\/\/howood.fr\/#website","url":"https:\/\/howood.fr\/","name":"HoWood","description":"pendule de radiesth\u00e9sie Artisanal HoWood","publisher":{"@id":"https:\/\/howood.fr\/#organization"},"potentialAction":[{"@type":"SearchAction","target":{"@type":"EntryPoint","urlTemplate":"https:\/\/howood.fr\/?s={search_term_string}"},"query-input":{"@type":"PropertyValueSpecification","valueRequired":true,"valueName":"search_term_string"}}],"inLanguage":"fr-FR"},{"@type":"Organization","@id":"https:\/\/howood.fr\/#organization","name":"HoWood","url":"https:\/\/howood.fr\/","logo":{"@type":"ImageObject","inLanguage":"fr-FR","@id":"https:\/\/howood.fr\/#\/schema\/logo\/image\/","url":"https:\/\/howood.fr\/wp-content\/uploads\/2024\/10\/logo-HW-150.webp","contentUrl":"https:\/\/howood.fr\/wp-content\/uploads\/2024\/10\/logo-HW-150.webp","width":150,"height":150,"caption":"HoWood"},"image":{"@id":"https:\/\/howood.fr\/#\/schema\/logo\/image\/"}}]}},"_links":{"self":[{"href":"https:\/\/howood.fr\/index.php\/wp-json\/wp\/v2\/product\/2905","targetHints":{"allow":["GET"]}}],"collection":[{"href":"https:\/\/howood.fr\/index.php\/wp-json\/wp\/v2\/product"}],"about":[{"href":"https:\/\/howood.fr\/index.php\/wp-json\/wp\/v2\/types\/product"}],"replies":[{"embeddable":true,"href":"https:\/\/howood.fr\/index.php\/wp-json\/wp\/v2\/comments?post=2905"}],"version-history":[{"count":2,"href":"https:\/\/howood.fr\/index.php\/wp-json\/wp\/v2\/product\/2905\/revisions"}],"predecessor-version":[{"id":2907,"href":"https:\/\/howood.fr\/index.php\/wp-json\/wp\/v2\/product\/2905\/revisions\/2907"}],"wp:featuredmedia":[{"embeddable":true,"href":"https:\/\/howood.fr\/index.php\/wp-json\/wp\/v2\/media\/2892"}],"wp:attachment":[{"href":"https:\/\/howood.fr\/index.php\/wp-json\/wp\/v2\/media?parent=2905"}],"wp:term":[{"taxonomy":"product_brand","embeddable":true,"href":"https:\/\/howood.fr\/index.php\/wp-json\/wp\/v2\/product_brand?post=2905"},{"taxonomy":"product_cat","embeddable":true,"href":"https:\/\/howood.fr\/index.php\/wp-json\/wp\/v2\/product_cat?post=2905"},{"taxonomy":"product_tag","embeddable":true,"href":"https:\/\/howood.fr\/index.php\/wp-json\/wp\/v2\/product_tag?post=2905"}],"curies":[{"name":"wp","href":"https:\/\/api.w.org\/{rel}","templated":true}]}}