{"id":3204,"date":"2025-12-24T22:27:06","date_gmt":"2025-12-24T21:27:06","guid":{"rendered":"https:\/\/howood.fr\/?post_type=product&#038;p=3204"},"modified":"2026-01-23T18:42:00","modified_gmt":"2026-01-23T17:42:00","slug":"pendule-en-bois-buis-radiesthesie-soin-energetique-howood-desenvoutement","status":"publish","type":"product","link":"https:\/\/howood.fr\/index.php\/produit\/pendule-en-bois-buis-radiesthesie-soin-energetique-howood-desenvoutement\/","title":{"rendered":"Pendule de d\u00e9senvo\u00fbtement (BUIS)"},"content":{"rendered":"<p align=\"left\"><span style=\"font-family: Comic Sans MS, serif;\"><span style=\"font-size: large;\"><b>Pi\u00e8ce Unique en bois de Buis pour des praticiens aguerris.<\/b><\/span><\/span><\/p>\n<p align=\"left\">Pendule de radiesth\u00e9sie forme sp\u00e9cifique du \u00ab\u00a0Pendule de d\u00e9senvo\u00fbtement\u00a0\u00bb. Destin\u00e9 \u00e0 \u00e9liminer les ondes n\u00e9gatives qui polluent l&rsquo;aura&#8230; Pendule \u00c9metteur et R\u00e9cepteur.<\/p>\n<p align=\"left\"><span style=\"font-family: Comic Sans MS, serif;\"><b>Mesures \u00e0 quelques variables pr\u00e8s <\/b><\/span><\/p>\n<ul>\n<li>\n<p align=\"left\"><span style=\"font-family: Comic Sans MS, serif;\">Hauteur : 10 cm<\/span><\/p>\n<\/li>\n<li>\n<p align=\"left\"><span style=\"font-family: Comic Sans MS, serif;\">Largeur\u00a0 maxi : 3,5 cm<\/span><\/p>\n<\/li>\n<li>\n<p align=\"left\"><span style=\"font-family: Comic Sans MS, serif;\">Poids : 32 gr<\/span><\/p>\n<\/li>\n<li>\n<p align=\"left\"><span style=\"font-family: Comic Sans MS, serif;\">Cha\u00eene<\/span><span style=\"font-family: Comic Sans MS, serif;\">tte<\/span><span style=\"font-family: Comic Sans MS, serif;\">\u00a0: Acier cm<\/span><\/p>\n<\/li>\n<li>\n<p align=\"left\"><span style=\"font-family: Comic Sans MS, serif;\">Finition\u00a0: Cire de Carnauba (cire extraite des feuilles de palmier carnauba)<\/span><\/p>\n<\/li>\n<\/ul>\n<p align=\"left\"><span style=\"font-family: Comic Sans MS, serif;\"><b>Livraison<\/b><\/span><\/p>\n<ul>\n<li>\n<p align=\"left\"><span style=\"font-family: Comic Sans MS, serif;\">Frais de livraison offert pour un envoi en France M\u00e9tropolitaine (courrier suivi) &#8211; <\/span><span style=\"font-family: Comic Sans MS, serif;\">Frais de livraison pour les envois vers l&rsquo;Europe<\/span><\/p>\n<\/li>\n<li>\n<p align=\"left\"><span style=\"font-family: Comic Sans MS, serif;\">Si besoin, vous pouvez me contacter par mail ou me t\u00e9l\u00e9phoner avant de valider votre achat dans le panier. Je r\u00e9pondrai \u00e0 vos questions avec plaisir.<\/span><\/p>\n<\/li>\n<\/ul>\n","protected":false},"excerpt":{"rendered":"<p>Pi\u00e8ce Unique en bois de Buis pour des praticiens aguerris. Pendule de radiesth\u00e9sie forme sp\u00e9cifique du \u00ab\u00a0Pendule de d\u00e9senvo\u00fbtement\u00a0\u00bb. Destin\u00e9 \u00e0 \u00e9liminer les ondes n\u00e9gatives qui polluent l&rsquo;aura&#8230; Pendule \u00c9metteur et R\u00e9cepteur. Mesures \u00e0 quelques variables pr\u00e8s Hauteur : 10 cm Largeur\u00a0 maxi : 3,5 cm Poids : 32 gr Cha\u00eenette\u00a0: Acier cm Finition\u00a0: Cire [&hellip;]<\/p>\n","protected":false},"featured_media":3201,"template":"","meta":[],"product_brand":[],"product_cat":[98],"product_tag":[89,34,42,73,84,97,33,66],"class_list":{"0":"post-3204","1":"product","2":"type-product","3":"status-publish","4":"has-post-thumbnail","6":"product_cat-pendules-specifiques","7":"product_tag-artisanat","8":"product_tag-bois","9":"product_tag-buis","10":"product_tag-desenvoutement","11":"product_tag-howood","12":"product_tag-magnetisme","13":"product_tag-pendule","14":"product_tag-radiesthesie","15":"product_shipping_class-pendules-colliers-porte-cles-stylo-a-bille-stylo-a-plume","17":"first","18":"instock","19":"sold-individually","20":"purchasable","21":"product-type-simple"},"yoast_head":"<!-- This site is optimized with the Yoast SEO plugin v27.5 - https:\/\/yoast.com\/product\/yoast-seo-wordpress\/ -->\n<title>Pendule de d\u00e9senvo\u00fbtement (BUIS) - HoWood<\/title>\n<meta name=\"description\" content=\"Pendule de d\u00e9senvo\u00fbtement en bois de buis pour magn\u00e9tiseur aguerri fabrication fran\u00e7aise HOWOOD pendule \u00e9metteur et r\u00e9cepteur - Nettoyage de l&#039;aura\" \/>\n<meta name=\"robots\" content=\"index, follow, max-snippet:-1, max-image-preview:large, max-video-preview:-1\" \/>\n<link rel=\"canonical\" href=\"https:\/\/howood.fr\/index.php\/produit\/pendule-en-bois-buis-radiesthesie-soin-energetique-howood-desenvoutement\/\" \/>\n<meta property=\"og:locale\" content=\"fr_FR\" \/>\n<meta property=\"og:type\" content=\"article\" \/>\n<meta property=\"og:title\" content=\"Pendule de d\u00e9senvo\u00fbtement (BUIS) - HoWood\" \/>\n<meta property=\"og:description\" content=\"Pendule de d\u00e9senvo\u00fbtement en bois de buis pour magn\u00e9tiseur aguerri fabrication fran\u00e7aise HOWOOD pendule \u00e9metteur et r\u00e9cepteur - Nettoyage de l&#039;aura\" \/>\n<meta property=\"og:url\" content=\"https:\/\/howood.fr\/index.php\/produit\/pendule-en-bois-buis-radiesthesie-soin-energetique-howood-desenvoutement\/\" \/>\n<meta property=\"og:site_name\" content=\"HoWood\" \/>\n<meta property=\"article:modified_time\" content=\"2026-01-23T17:42:00+00:00\" \/>\n<meta property=\"og:image\" content=\"https:\/\/howood.fr\/wp-content\/uploads\/2025\/12\/1225.08-pendule-Buis-de-desenvoutement-4.jpg\" \/>\n\t<meta property=\"og:image:width\" content=\"274\" \/>\n\t<meta property=\"og:image:height\" content=\"419\" \/>\n\t<meta property=\"og:image:type\" content=\"image\/jpeg\" \/>\n<meta name=\"twitter:card\" content=\"summary_large_image\" \/>\n<meta name=\"twitter:label1\" content=\"Dur\u00e9e de lecture estim\u00e9e\" \/>\n\t<meta name=\"twitter:data1\" content=\"1 minute\" \/>\n<script type=\"application\/ld+json\" class=\"yoast-schema-graph\">{\"@context\":\"https:\\\/\\\/schema.org\",\"@graph\":[{\"@type\":\"WebPage\",\"@id\":\"https:\\\/\\\/howood.fr\\\/index.php\\\/produit\\\/pendule-en-bois-buis-radiesthesie-soin-energetique-howood-desenvoutement\\\/\",\"url\":\"https:\\\/\\\/howood.fr\\\/index.php\\\/produit\\\/pendule-en-bois-buis-radiesthesie-soin-energetique-howood-desenvoutement\\\/\",\"name\":\"Pendule de d\u00e9senvo\u00fbtement (BUIS) - HoWood\",\"isPartOf\":{\"@id\":\"https:\\\/\\\/howood.fr\\\/#website\"},\"primaryImageOfPage\":{\"@id\":\"https:\\\/\\\/howood.fr\\\/index.php\\\/produit\\\/pendule-en-bois-buis-radiesthesie-soin-energetique-howood-desenvoutement\\\/#primaryimage\"},\"image\":{\"@id\":\"https:\\\/\\\/howood.fr\\\/index.php\\\/produit\\\/pendule-en-bois-buis-radiesthesie-soin-energetique-howood-desenvoutement\\\/#primaryimage\"},\"thumbnailUrl\":\"https:\\\/\\\/howood.fr\\\/wp-content\\\/uploads\\\/2025\\\/12\\\/1225.08-pendule-Buis-de-desenvoutement-4.jpg\",\"datePublished\":\"2025-12-24T21:27:06+00:00\",\"dateModified\":\"2026-01-23T17:42:00+00:00\",\"description\":\"Pendule de d\u00e9senvo\u00fbtement en bois de buis pour magn\u00e9tiseur aguerri fabrication fran\u00e7aise HOWOOD pendule \u00e9metteur et r\u00e9cepteur - Nettoyage de l'aura\",\"breadcrumb\":{\"@id\":\"https:\\\/\\\/howood.fr\\\/index.php\\\/produit\\\/pendule-en-bois-buis-radiesthesie-soin-energetique-howood-desenvoutement\\\/#breadcrumb\"},\"inLanguage\":\"fr-FR\",\"potentialAction\":[{\"@type\":\"ReadAction\",\"target\":[\"https:\\\/\\\/howood.fr\\\/index.php\\\/produit\\\/pendule-en-bois-buis-radiesthesie-soin-energetique-howood-desenvoutement\\\/\"]}]},{\"@type\":\"ImageObject\",\"inLanguage\":\"fr-FR\",\"@id\":\"https:\\\/\\\/howood.fr\\\/index.php\\\/produit\\\/pendule-en-bois-buis-radiesthesie-soin-energetique-howood-desenvoutement\\\/#primaryimage\",\"url\":\"https:\\\/\\\/howood.fr\\\/wp-content\\\/uploads\\\/2025\\\/12\\\/1225.08-pendule-Buis-de-desenvoutement-4.jpg\",\"contentUrl\":\"https:\\\/\\\/howood.fr\\\/wp-content\\\/uploads\\\/2025\\\/12\\\/1225.08-pendule-Buis-de-desenvoutement-4.jpg\",\"width\":274,\"height\":419,\"caption\":\"Pendule de d\u00e9senvo\u00fbtement en bois de buis pour magn\u00e9tiseur aguerri\"},{\"@type\":\"BreadcrumbList\",\"@id\":\"https:\\\/\\\/howood.fr\\\/index.php\\\/produit\\\/pendule-en-bois-buis-radiesthesie-soin-energetique-howood-desenvoutement\\\/#breadcrumb\",\"itemListElement\":[{\"@type\":\"ListItem\",\"position\":1,\"name\":\"Accueil\",\"item\":\"https:\\\/\\\/howood.fr\\\/\"},{\"@type\":\"ListItem\",\"position\":2,\"name\":\"Produits\",\"item\":\"https:\\\/\\\/howood.fr\\\/index.php\\\/shop\\\/\"},{\"@type\":\"ListItem\",\"position\":3,\"name\":\"Pendule de d\u00e9senvo\u00fbtement (BUIS)\"}]},{\"@type\":\"WebSite\",\"@id\":\"https:\\\/\\\/howood.fr\\\/#website\",\"url\":\"https:\\\/\\\/howood.fr\\\/\",\"name\":\"HoWood\",\"description\":\"pendule de radiesth\u00e9sie Artisanal HoWood\",\"publisher\":{\"@id\":\"https:\\\/\\\/howood.fr\\\/#organization\"},\"potentialAction\":[{\"@type\":\"SearchAction\",\"target\":{\"@type\":\"EntryPoint\",\"urlTemplate\":\"https:\\\/\\\/howood.fr\\\/?s={search_term_string}\"},\"query-input\":{\"@type\":\"PropertyValueSpecification\",\"valueRequired\":true,\"valueName\":\"search_term_string\"}}],\"inLanguage\":\"fr-FR\"},{\"@type\":\"Organization\",\"@id\":\"https:\\\/\\\/howood.fr\\\/#organization\",\"name\":\"HoWood\",\"url\":\"https:\\\/\\\/howood.fr\\\/\",\"logo\":{\"@type\":\"ImageObject\",\"inLanguage\":\"fr-FR\",\"@id\":\"https:\\\/\\\/howood.fr\\\/#\\\/schema\\\/logo\\\/image\\\/\",\"url\":\"https:\\\/\\\/howood.fr\\\/wp-content\\\/uploads\\\/2024\\\/10\\\/logo-HW-150.webp\",\"contentUrl\":\"https:\\\/\\\/howood.fr\\\/wp-content\\\/uploads\\\/2024\\\/10\\\/logo-HW-150.webp\",\"width\":150,\"height\":150,\"caption\":\"HoWood\"},\"image\":{\"@id\":\"https:\\\/\\\/howood.fr\\\/#\\\/schema\\\/logo\\\/image\\\/\"}}]}<\/script>\n<!-- \/ Yoast SEO plugin. -->","yoast_head_json":{"title":"Pendule de d\u00e9senvo\u00fbtement (BUIS) - HoWood","description":"Pendule de d\u00e9senvo\u00fbtement en bois de buis pour magn\u00e9tiseur aguerri fabrication fran\u00e7aise HOWOOD pendule \u00e9metteur et r\u00e9cepteur - Nettoyage de l'aura","robots":{"index":"index","follow":"follow","max-snippet":"max-snippet:-1","max-image-preview":"max-image-preview:large","max-video-preview":"max-video-preview:-1"},"canonical":"https:\/\/howood.fr\/index.php\/produit\/pendule-en-bois-buis-radiesthesie-soin-energetique-howood-desenvoutement\/","og_locale":"fr_FR","og_type":"article","og_title":"Pendule de d\u00e9senvo\u00fbtement (BUIS) - HoWood","og_description":"Pendule de d\u00e9senvo\u00fbtement en bois de buis pour magn\u00e9tiseur aguerri fabrication fran\u00e7aise HOWOOD pendule \u00e9metteur et r\u00e9cepteur - Nettoyage de l'aura","og_url":"https:\/\/howood.fr\/index.php\/produit\/pendule-en-bois-buis-radiesthesie-soin-energetique-howood-desenvoutement\/","og_site_name":"HoWood","article_modified_time":"2026-01-23T17:42:00+00:00","og_image":[{"width":274,"height":419,"url":"https:\/\/howood.fr\/wp-content\/uploads\/2025\/12\/1225.08-pendule-Buis-de-desenvoutement-4.jpg","type":"image\/jpeg"}],"twitter_card":"summary_large_image","twitter_misc":{"Dur\u00e9e de lecture estim\u00e9e":"1 minute"},"schema":{"@context":"https:\/\/schema.org","@graph":[{"@type":"WebPage","@id":"https:\/\/howood.fr\/index.php\/produit\/pendule-en-bois-buis-radiesthesie-soin-energetique-howood-desenvoutement\/","url":"https:\/\/howood.fr\/index.php\/produit\/pendule-en-bois-buis-radiesthesie-soin-energetique-howood-desenvoutement\/","name":"Pendule de d\u00e9senvo\u00fbtement (BUIS) - HoWood","isPartOf":{"@id":"https:\/\/howood.fr\/#website"},"primaryImageOfPage":{"@id":"https:\/\/howood.fr\/index.php\/produit\/pendule-en-bois-buis-radiesthesie-soin-energetique-howood-desenvoutement\/#primaryimage"},"image":{"@id":"https:\/\/howood.fr\/index.php\/produit\/pendule-en-bois-buis-radiesthesie-soin-energetique-howood-desenvoutement\/#primaryimage"},"thumbnailUrl":"https:\/\/howood.fr\/wp-content\/uploads\/2025\/12\/1225.08-pendule-Buis-de-desenvoutement-4.jpg","datePublished":"2025-12-24T21:27:06+00:00","dateModified":"2026-01-23T17:42:00+00:00","description":"Pendule de d\u00e9senvo\u00fbtement en bois de buis pour magn\u00e9tiseur aguerri fabrication fran\u00e7aise HOWOOD pendule \u00e9metteur et r\u00e9cepteur - Nettoyage de l'aura","breadcrumb":{"@id":"https:\/\/howood.fr\/index.php\/produit\/pendule-en-bois-buis-radiesthesie-soin-energetique-howood-desenvoutement\/#breadcrumb"},"inLanguage":"fr-FR","potentialAction":[{"@type":"ReadAction","target":["https:\/\/howood.fr\/index.php\/produit\/pendule-en-bois-buis-radiesthesie-soin-energetique-howood-desenvoutement\/"]}]},{"@type":"ImageObject","inLanguage":"fr-FR","@id":"https:\/\/howood.fr\/index.php\/produit\/pendule-en-bois-buis-radiesthesie-soin-energetique-howood-desenvoutement\/#primaryimage","url":"https:\/\/howood.fr\/wp-content\/uploads\/2025\/12\/1225.08-pendule-Buis-de-desenvoutement-4.jpg","contentUrl":"https:\/\/howood.fr\/wp-content\/uploads\/2025\/12\/1225.08-pendule-Buis-de-desenvoutement-4.jpg","width":274,"height":419,"caption":"Pendule de d\u00e9senvo\u00fbtement en bois de buis pour magn\u00e9tiseur aguerri"},{"@type":"BreadcrumbList","@id":"https:\/\/howood.fr\/index.php\/produit\/pendule-en-bois-buis-radiesthesie-soin-energetique-howood-desenvoutement\/#breadcrumb","itemListElement":[{"@type":"ListItem","position":1,"name":"Accueil","item":"https:\/\/howood.fr\/"},{"@type":"ListItem","position":2,"name":"Produits","item":"https:\/\/howood.fr\/index.php\/shop\/"},{"@type":"ListItem","position":3,"name":"Pendule de d\u00e9senvo\u00fbtement (BUIS)"}]},{"@type":"WebSite","@id":"https:\/\/howood.fr\/#website","url":"https:\/\/howood.fr\/","name":"HoWood","description":"pendule de radiesth\u00e9sie Artisanal HoWood","publisher":{"@id":"https:\/\/howood.fr\/#organization"},"potentialAction":[{"@type":"SearchAction","target":{"@type":"EntryPoint","urlTemplate":"https:\/\/howood.fr\/?s={search_term_string}"},"query-input":{"@type":"PropertyValueSpecification","valueRequired":true,"valueName":"search_term_string"}}],"inLanguage":"fr-FR"},{"@type":"Organization","@id":"https:\/\/howood.fr\/#organization","name":"HoWood","url":"https:\/\/howood.fr\/","logo":{"@type":"ImageObject","inLanguage":"fr-FR","@id":"https:\/\/howood.fr\/#\/schema\/logo\/image\/","url":"https:\/\/howood.fr\/wp-content\/uploads\/2024\/10\/logo-HW-150.webp","contentUrl":"https:\/\/howood.fr\/wp-content\/uploads\/2024\/10\/logo-HW-150.webp","width":150,"height":150,"caption":"HoWood"},"image":{"@id":"https:\/\/howood.fr\/#\/schema\/logo\/image\/"}}]}},"_links":{"self":[{"href":"https:\/\/howood.fr\/index.php\/wp-json\/wp\/v2\/product\/3204","targetHints":{"allow":["GET"]}}],"collection":[{"href":"https:\/\/howood.fr\/index.php\/wp-json\/wp\/v2\/product"}],"about":[{"href":"https:\/\/howood.fr\/index.php\/wp-json\/wp\/v2\/types\/product"}],"version-history":[{"count":3,"href":"https:\/\/howood.fr\/index.php\/wp-json\/wp\/v2\/product\/3204\/revisions"}],"predecessor-version":[{"id":3692,"href":"https:\/\/howood.fr\/index.php\/wp-json\/wp\/v2\/product\/3204\/revisions\/3692"}],"wp:featuredmedia":[{"embeddable":true,"href":"https:\/\/howood.fr\/index.php\/wp-json\/wp\/v2\/media\/3201"}],"wp:attachment":[{"href":"https:\/\/howood.fr\/index.php\/wp-json\/wp\/v2\/media?parent=3204"}],"wp:term":[{"taxonomy":"product_brand","embeddable":true,"href":"https:\/\/howood.fr\/index.php\/wp-json\/wp\/v2\/product_brand?post=3204"},{"taxonomy":"product_cat","embeddable":true,"href":"https:\/\/howood.fr\/index.php\/wp-json\/wp\/v2\/product_cat?post=3204"},{"taxonomy":"product_tag","embeddable":true,"href":"https:\/\/howood.fr\/index.php\/wp-json\/wp\/v2\/product_tag?post=3204"}],"curies":[{"name":"wp","href":"https:\/\/api.w.org\/{rel}","templated":true}]}}