{"id":3251,"date":"2025-12-31T22:54:51","date_gmt":"2025-12-31T21:54:51","guid":{"rendered":"https:\/\/howood.fr\/?post_type=product&#038;p=3251"},"modified":"2026-03-14T14:48:20","modified_gmt":"2026-03-14T13:48:20","slug":"pendule-en-bois-metal-radiesthesie-soin-energetique-howood-geobiologie-4","status":"publish","type":"product","link":"https:\/\/howood.fr\/index.php\/produit\/pendule-en-bois-metal-radiesthesie-soin-energetique-howood-geobiologie-4\/","title":{"rendered":"Pendule de radiesth\u00e9sie Bois &#8211; M\u00e9tal"},"content":{"rendered":"<p>D\u00e9di\u00e9 aux soins \u00e9nerg\u00e9tiques, \u00e0 la g\u00e9obiologie ce pendule capte les <em>ondes magn\u00e9tiques<\/em> et les <em>ondes \u00e9lectriques<\/em>. Il est en bois de <strong>pommier de mon jardin<\/strong> \u00e0 Royan en Charente-Maritime sans aucun pesticide.<\/p>\n<p align=\"left\"><span style=\"font-family: Comic Sans MS, serif;\"><b>Mesures \u00e0 quelques variables pr\u00e8s <\/b><\/span><\/p>\n<ul>\n<li>\n<p align=\"left\"><span style=\"font-family: Comic Sans MS, serif;\">Hauteur : 7,5 cm<\/span><\/p>\n<\/li>\n<li>\n<p align=\"left\"><span style=\"font-family: Comic Sans MS, serif;\">Largeur\u00a0 maxi : 2,2 cm<\/span><\/p>\n<\/li>\n<li>\n<p align=\"left\"><span style=\"font-family: Comic Sans MS, serif;\">Poids : 15,73 gr<\/span><\/p>\n<\/li>\n<li>\n<p align=\"left\"><span style=\"font-family: Comic Sans MS, serif;\">Cha\u00eene<\/span><span style=\"font-family: Comic Sans MS, serif;\">tte<\/span><span style=\"font-family: Comic Sans MS, serif;\"> : Acier 19 cm<\/span><\/p>\n<\/li>\n<li>\n<p align=\"left\"><span style=\"font-family: Comic Sans MS, serif;\">Finition\u00a0: Cire de Carnauba (cire extraite des feuilles de palmier carnauba)<\/span><\/p>\n<\/li>\n<\/ul>\n<p align=\"left\"><span style=\"font-family: Comic Sans MS, serif;\"><b>Livraison<\/b><\/span><\/p>\n<ul>\n<li>\n<p align=\"left\"><span style=\"font-family: Comic Sans MS, serif;\">Frais de livraison offert pour un envoi en France M\u00e9tropolitaine (courrier suivi)<\/span><\/p>\n<\/li>\n<li>\n<p align=\"left\"><span style=\"font-family: Comic Sans MS, serif;\">Si besoin, vous pouvez me contacter par mail ou me t\u00e9l\u00e9phoner avant de valider votre achat dans le panier. Je r\u00e9pondrai \u00e0 vos questions avec plaisir.<\/span><\/p>\n<\/li>\n<\/ul>\n<p>&nbsp;<\/p>\n","protected":false},"excerpt":{"rendered":"<p>D\u00e9di\u00e9 aux soins \u00e9nerg\u00e9tiques, \u00e0 la g\u00e9obiologie ce pendule capte les ondes magn\u00e9tiques et les ondes \u00e9lectriques. Il est en bois de pommier de mon jardin \u00e0 Royan en Charente-Maritime sans aucun pesticide. Mesures \u00e0 quelques variables pr\u00e8s Hauteur : 7,5 cm Largeur\u00a0 maxi : 2,2 cm Poids : 15,73 gr Cha\u00eenette : Acier 19 [&hellip;]<\/p>\n","protected":false},"featured_media":3244,"comment_status":"closed","ping_status":"closed","template":"","meta":[],"product_brand":[],"product_cat":[44],"product_tag":[34,71,40,33,39,66],"class_list":{"0":"post-3251","1":"product","2":"type-product","3":"status-publish","4":"has-post-thumbnail","6":"product_cat-vendu-pendule-stylo-bille-plume-bois-fait-main-royan","7":"product_tag-bois","8":"product_tag-geobiologie","9":"product_tag-metal","10":"product_tag-pendule","11":"product_tag-pommier","12":"product_tag-radiesthesie","13":"product_shipping_class-pendules-colliers-porte-cles-stylo-a-bille-stylo-a-plume","15":"first","16":"outofstock","17":"purchasable","18":"product-type-simple"},"yoast_head":"<!-- This site is optimized with the Yoast SEO plugin v27.3 - https:\/\/yoast.com\/product\/yoast-seo-wordpress\/ -->\n<title>Pendule de radiesth\u00e9sie Bois - M\u00e9tal - HoWood<\/title>\n<meta name=\"description\" content=\"Pendule de radiesth\u00e9sie moderne bois pommier et m\u00e9tal pour la radiesth\u00e9sie moderne, g\u00e9obiologie, soins \u00e9nerg\u00e9tiques capte ondes \u00e9lectriques et magn\u00e9tiques\" \/>\n<meta name=\"robots\" content=\"index, follow, max-snippet:-1, max-image-preview:large, max-video-preview:-1\" \/>\n<link rel=\"canonical\" href=\"https:\/\/howood.fr\/index.php\/produit\/pendule-en-bois-metal-radiesthesie-soin-energetique-howood-geobiologie-4\/\" \/>\n<meta property=\"og:locale\" content=\"fr_FR\" \/>\n<meta property=\"og:type\" content=\"article\" \/>\n<meta property=\"og:title\" content=\"Pendule de radiesth\u00e9sie Bois - M\u00e9tal - HoWood\" \/>\n<meta property=\"og:description\" content=\"Pendule de radiesth\u00e9sie moderne bois pommier et m\u00e9tal pour la radiesth\u00e9sie moderne, g\u00e9obiologie, soins \u00e9nerg\u00e9tiques capte ondes \u00e9lectriques et magn\u00e9tiques\" \/>\n<meta property=\"og:url\" content=\"https:\/\/howood.fr\/index.php\/produit\/pendule-en-bois-metal-radiesthesie-soin-energetique-howood-geobiologie-4\/\" \/>\n<meta property=\"og:site_name\" content=\"HoWood\" \/>\n<meta property=\"article:modified_time\" content=\"2026-03-14T13:48:20+00:00\" \/>\n<meta property=\"og:image\" content=\"https:\/\/howood.fr\/wp-content\/uploads\/2025\/12\/RM-1225.02-Pommier-2.jpg\" \/>\n\t<meta property=\"og:image:width\" content=\"1051\" \/>\n\t<meta property=\"og:image:height\" content=\"1356\" \/>\n\t<meta property=\"og:image:type\" content=\"image\/jpeg\" \/>\n<meta name=\"twitter:card\" content=\"summary_large_image\" \/>\n<meta name=\"twitter:label1\" content=\"Dur\u00e9e de lecture estim\u00e9e\" \/>\n\t<meta name=\"twitter:data1\" content=\"1 minute\" \/>\n<script type=\"application\/ld+json\" class=\"yoast-schema-graph\">{\"@context\":\"https:\\\/\\\/schema.org\",\"@graph\":[{\"@type\":\"WebPage\",\"@id\":\"https:\\\/\\\/howood.fr\\\/index.php\\\/produit\\\/pendule-en-bois-metal-radiesthesie-soin-energetique-howood-geobiologie-4\\\/\",\"url\":\"https:\\\/\\\/howood.fr\\\/index.php\\\/produit\\\/pendule-en-bois-metal-radiesthesie-soin-energetique-howood-geobiologie-4\\\/\",\"name\":\"Pendule de radiesth\u00e9sie Bois - M\u00e9tal - HoWood\",\"isPartOf\":{\"@id\":\"https:\\\/\\\/howood.fr\\\/#website\"},\"primaryImageOfPage\":{\"@id\":\"https:\\\/\\\/howood.fr\\\/index.php\\\/produit\\\/pendule-en-bois-metal-radiesthesie-soin-energetique-howood-geobiologie-4\\\/#primaryimage\"},\"image\":{\"@id\":\"https:\\\/\\\/howood.fr\\\/index.php\\\/produit\\\/pendule-en-bois-metal-radiesthesie-soin-energetique-howood-geobiologie-4\\\/#primaryimage\"},\"thumbnailUrl\":\"https:\\\/\\\/howood.fr\\\/wp-content\\\/uploads\\\/2025\\\/12\\\/RM-1225.02-Pommier-2.jpg\",\"datePublished\":\"2025-12-31T21:54:51+00:00\",\"dateModified\":\"2026-03-14T13:48:20+00:00\",\"description\":\"Pendule de radiesth\u00e9sie moderne bois pommier et m\u00e9tal pour la radiesth\u00e9sie moderne, g\u00e9obiologie, soins \u00e9nerg\u00e9tiques capte ondes \u00e9lectriques et magn\u00e9tiques\",\"breadcrumb\":{\"@id\":\"https:\\\/\\\/howood.fr\\\/index.php\\\/produit\\\/pendule-en-bois-metal-radiesthesie-soin-energetique-howood-geobiologie-4\\\/#breadcrumb\"},\"inLanguage\":\"fr-FR\",\"potentialAction\":[{\"@type\":\"ReadAction\",\"target\":[\"https:\\\/\\\/howood.fr\\\/index.php\\\/produit\\\/pendule-en-bois-metal-radiesthesie-soin-energetique-howood-geobiologie-4\\\/\"]}]},{\"@type\":\"ImageObject\",\"inLanguage\":\"fr-FR\",\"@id\":\"https:\\\/\\\/howood.fr\\\/index.php\\\/produit\\\/pendule-en-bois-metal-radiesthesie-soin-energetique-howood-geobiologie-4\\\/#primaryimage\",\"url\":\"https:\\\/\\\/howood.fr\\\/wp-content\\\/uploads\\\/2025\\\/12\\\/RM-1225.02-Pommier-2.jpg\",\"contentUrl\":\"https:\\\/\\\/howood.fr\\\/wp-content\\\/uploads\\\/2025\\\/12\\\/RM-1225.02-Pommier-2.jpg\",\"width\":1051,\"height\":1356,\"caption\":\"Pendule de radiesth\u00e9sie moderne howood en pommier et m\u00e9tal\"},{\"@type\":\"BreadcrumbList\",\"@id\":\"https:\\\/\\\/howood.fr\\\/index.php\\\/produit\\\/pendule-en-bois-metal-radiesthesie-soin-energetique-howood-geobiologie-4\\\/#breadcrumb\",\"itemListElement\":[{\"@type\":\"ListItem\",\"position\":1,\"name\":\"Accueil\",\"item\":\"https:\\\/\\\/howood.fr\\\/\"},{\"@type\":\"ListItem\",\"position\":2,\"name\":\"Produits\",\"item\":\"https:\\\/\\\/howood.fr\\\/index.php\\\/shop\\\/\"},{\"@type\":\"ListItem\",\"position\":3,\"name\":\"Pendule de radiesth\u00e9sie Bois &#8211; M\u00e9tal\"}]},{\"@type\":\"WebSite\",\"@id\":\"https:\\\/\\\/howood.fr\\\/#website\",\"url\":\"https:\\\/\\\/howood.fr\\\/\",\"name\":\"HoWood\",\"description\":\"pendule de radiesth\u00e9sie Artisanal HoWood\",\"publisher\":{\"@id\":\"https:\\\/\\\/howood.fr\\\/#organization\"},\"potentialAction\":[{\"@type\":\"SearchAction\",\"target\":{\"@type\":\"EntryPoint\",\"urlTemplate\":\"https:\\\/\\\/howood.fr\\\/?s={search_term_string}\"},\"query-input\":{\"@type\":\"PropertyValueSpecification\",\"valueRequired\":true,\"valueName\":\"search_term_string\"}}],\"inLanguage\":\"fr-FR\"},{\"@type\":\"Organization\",\"@id\":\"https:\\\/\\\/howood.fr\\\/#organization\",\"name\":\"HoWood\",\"url\":\"https:\\\/\\\/howood.fr\\\/\",\"logo\":{\"@type\":\"ImageObject\",\"inLanguage\":\"fr-FR\",\"@id\":\"https:\\\/\\\/howood.fr\\\/#\\\/schema\\\/logo\\\/image\\\/\",\"url\":\"https:\\\/\\\/howood.fr\\\/wp-content\\\/uploads\\\/2024\\\/10\\\/logo-HW-150.webp\",\"contentUrl\":\"https:\\\/\\\/howood.fr\\\/wp-content\\\/uploads\\\/2024\\\/10\\\/logo-HW-150.webp\",\"width\":150,\"height\":150,\"caption\":\"HoWood\"},\"image\":{\"@id\":\"https:\\\/\\\/howood.fr\\\/#\\\/schema\\\/logo\\\/image\\\/\"}}]}<\/script>\n<!-- \/ Yoast SEO plugin. -->","yoast_head_json":{"title":"Pendule de radiesth\u00e9sie Bois - M\u00e9tal - HoWood","description":"Pendule de radiesth\u00e9sie moderne bois pommier et m\u00e9tal pour la radiesth\u00e9sie moderne, g\u00e9obiologie, soins \u00e9nerg\u00e9tiques capte ondes \u00e9lectriques et magn\u00e9tiques","robots":{"index":"index","follow":"follow","max-snippet":"max-snippet:-1","max-image-preview":"max-image-preview:large","max-video-preview":"max-video-preview:-1"},"canonical":"https:\/\/howood.fr\/index.php\/produit\/pendule-en-bois-metal-radiesthesie-soin-energetique-howood-geobiologie-4\/","og_locale":"fr_FR","og_type":"article","og_title":"Pendule de radiesth\u00e9sie Bois - M\u00e9tal - HoWood","og_description":"Pendule de radiesth\u00e9sie moderne bois pommier et m\u00e9tal pour la radiesth\u00e9sie moderne, g\u00e9obiologie, soins \u00e9nerg\u00e9tiques capte ondes \u00e9lectriques et magn\u00e9tiques","og_url":"https:\/\/howood.fr\/index.php\/produit\/pendule-en-bois-metal-radiesthesie-soin-energetique-howood-geobiologie-4\/","og_site_name":"HoWood","article_modified_time":"2026-03-14T13:48:20+00:00","og_image":[{"width":1051,"height":1356,"url":"https:\/\/howood.fr\/wp-content\/uploads\/2025\/12\/RM-1225.02-Pommier-2.jpg","type":"image\/jpeg"}],"twitter_card":"summary_large_image","twitter_misc":{"Dur\u00e9e de lecture estim\u00e9e":"1 minute"},"schema":{"@context":"https:\/\/schema.org","@graph":[{"@type":"WebPage","@id":"https:\/\/howood.fr\/index.php\/produit\/pendule-en-bois-metal-radiesthesie-soin-energetique-howood-geobiologie-4\/","url":"https:\/\/howood.fr\/index.php\/produit\/pendule-en-bois-metal-radiesthesie-soin-energetique-howood-geobiologie-4\/","name":"Pendule de radiesth\u00e9sie Bois - M\u00e9tal - HoWood","isPartOf":{"@id":"https:\/\/howood.fr\/#website"},"primaryImageOfPage":{"@id":"https:\/\/howood.fr\/index.php\/produit\/pendule-en-bois-metal-radiesthesie-soin-energetique-howood-geobiologie-4\/#primaryimage"},"image":{"@id":"https:\/\/howood.fr\/index.php\/produit\/pendule-en-bois-metal-radiesthesie-soin-energetique-howood-geobiologie-4\/#primaryimage"},"thumbnailUrl":"https:\/\/howood.fr\/wp-content\/uploads\/2025\/12\/RM-1225.02-Pommier-2.jpg","datePublished":"2025-12-31T21:54:51+00:00","dateModified":"2026-03-14T13:48:20+00:00","description":"Pendule de radiesth\u00e9sie moderne bois pommier et m\u00e9tal pour la radiesth\u00e9sie moderne, g\u00e9obiologie, soins \u00e9nerg\u00e9tiques capte ondes \u00e9lectriques et magn\u00e9tiques","breadcrumb":{"@id":"https:\/\/howood.fr\/index.php\/produit\/pendule-en-bois-metal-radiesthesie-soin-energetique-howood-geobiologie-4\/#breadcrumb"},"inLanguage":"fr-FR","potentialAction":[{"@type":"ReadAction","target":["https:\/\/howood.fr\/index.php\/produit\/pendule-en-bois-metal-radiesthesie-soin-energetique-howood-geobiologie-4\/"]}]},{"@type":"ImageObject","inLanguage":"fr-FR","@id":"https:\/\/howood.fr\/index.php\/produit\/pendule-en-bois-metal-radiesthesie-soin-energetique-howood-geobiologie-4\/#primaryimage","url":"https:\/\/howood.fr\/wp-content\/uploads\/2025\/12\/RM-1225.02-Pommier-2.jpg","contentUrl":"https:\/\/howood.fr\/wp-content\/uploads\/2025\/12\/RM-1225.02-Pommier-2.jpg","width":1051,"height":1356,"caption":"Pendule de radiesth\u00e9sie moderne howood en pommier et m\u00e9tal"},{"@type":"BreadcrumbList","@id":"https:\/\/howood.fr\/index.php\/produit\/pendule-en-bois-metal-radiesthesie-soin-energetique-howood-geobiologie-4\/#breadcrumb","itemListElement":[{"@type":"ListItem","position":1,"name":"Accueil","item":"https:\/\/howood.fr\/"},{"@type":"ListItem","position":2,"name":"Produits","item":"https:\/\/howood.fr\/index.php\/shop\/"},{"@type":"ListItem","position":3,"name":"Pendule de radiesth\u00e9sie Bois &#8211; M\u00e9tal"}]},{"@type":"WebSite","@id":"https:\/\/howood.fr\/#website","url":"https:\/\/howood.fr\/","name":"HoWood","description":"pendule de radiesth\u00e9sie Artisanal HoWood","publisher":{"@id":"https:\/\/howood.fr\/#organization"},"potentialAction":[{"@type":"SearchAction","target":{"@type":"EntryPoint","urlTemplate":"https:\/\/howood.fr\/?s={search_term_string}"},"query-input":{"@type":"PropertyValueSpecification","valueRequired":true,"valueName":"search_term_string"}}],"inLanguage":"fr-FR"},{"@type":"Organization","@id":"https:\/\/howood.fr\/#organization","name":"HoWood","url":"https:\/\/howood.fr\/","logo":{"@type":"ImageObject","inLanguage":"fr-FR","@id":"https:\/\/howood.fr\/#\/schema\/logo\/image\/","url":"https:\/\/howood.fr\/wp-content\/uploads\/2024\/10\/logo-HW-150.webp","contentUrl":"https:\/\/howood.fr\/wp-content\/uploads\/2024\/10\/logo-HW-150.webp","width":150,"height":150,"caption":"HoWood"},"image":{"@id":"https:\/\/howood.fr\/#\/schema\/logo\/image\/"}}]}},"_links":{"self":[{"href":"https:\/\/howood.fr\/index.php\/wp-json\/wp\/v2\/product\/3251","targetHints":{"allow":["GET"]}}],"collection":[{"href":"https:\/\/howood.fr\/index.php\/wp-json\/wp\/v2\/product"}],"about":[{"href":"https:\/\/howood.fr\/index.php\/wp-json\/wp\/v2\/types\/product"}],"replies":[{"embeddable":true,"href":"https:\/\/howood.fr\/index.php\/wp-json\/wp\/v2\/comments?post=3251"}],"version-history":[{"count":1,"href":"https:\/\/howood.fr\/index.php\/wp-json\/wp\/v2\/product\/3251\/revisions"}],"predecessor-version":[{"id":3252,"href":"https:\/\/howood.fr\/index.php\/wp-json\/wp\/v2\/product\/3251\/revisions\/3252"}],"wp:featuredmedia":[{"embeddable":true,"href":"https:\/\/howood.fr\/index.php\/wp-json\/wp\/v2\/media\/3244"}],"wp:attachment":[{"href":"https:\/\/howood.fr\/index.php\/wp-json\/wp\/v2\/media?parent=3251"}],"wp:term":[{"taxonomy":"product_brand","embeddable":true,"href":"https:\/\/howood.fr\/index.php\/wp-json\/wp\/v2\/product_brand?post=3251"},{"taxonomy":"product_cat","embeddable":true,"href":"https:\/\/howood.fr\/index.php\/wp-json\/wp\/v2\/product_cat?post=3251"},{"taxonomy":"product_tag","embeddable":true,"href":"https:\/\/howood.fr\/index.php\/wp-json\/wp\/v2\/product_tag?post=3251"}],"curies":[{"name":"wp","href":"https:\/\/api.w.org\/{rel}","templated":true}]}}