{"id":3427,"date":"2026-01-09T23:00:28","date_gmt":"2026-01-09T22:00:28","guid":{"rendered":"https:\/\/howood.fr\/?post_type=product&#038;p=3427"},"modified":"2026-02-11T16:34:15","modified_gmt":"2026-02-11T15:34:15","slug":"pendule-de-radiesthesie-fait-main-bois-aubepine-howood","status":"publish","type":"product","link":"https:\/\/howood.fr\/index.php\/produit\/pendule-de-radiesthesie-fait-main-bois-aubepine-howood\/","title":{"rendered":"Pendule artisanal de radiesth\u00e9sie en Aub\u00e9pine"},"content":{"rendered":"<p align=\"left\"><span style=\"font-family: Comic Sans MS, serif;\"><span style=\"font-size: large;\">Pendule artisanal de radiesth\u00e9sie en <span class=\"BxUVEf ILfuVd\" lang=\"fr\"><span class=\"hgKElc pOOWX\">Aub\u00e9pine en langage des fleurs,elle symbolise la puret\u00e9, l&rsquo;innocence et la Renaissance. Les arbustes d&rsquo;aub\u00e9pine marquent souvent l&rsquo;entr\u00e9e vers les mondes magiques et sont souvent choisis par les f\u00e9es pour se r\u00e9unir&#8230;<\/span><\/span> L&rsquo;essence de ce pendule provient de Sablanceaux\u00a0 en Charente Maritime. Il vous fera probablement penser au pendule Osiris et vous invite \u00e0 travailler en g\u00e9obiologie<b>.M<\/b><span class=\"BxUVEf ILfuVd\" lang=\"fr\"><span class=\"hgKElc pOOWX\"><b>onter le taux vibratoire d&rsquo;un lieu pour \u00e9liminer les ondes nocives<\/b>. Il est d\u00e9tecteur efficace des ondes n\u00e9gatives <\/span><\/span>en tous lieux<\/span><\/span><\/p>\n<p align=\"left\"><span style=\"font-family: Comic Sans MS, serif;\"><b>Mesures \u00e0 quelques variables pr\u00e8s <\/b><\/span><\/p>\n<ul>\n<li>\n<p align=\"left\"><span style=\"font-family: Comic Sans MS, serif;\">Hauteur : 7.5 cm<\/span><\/p>\n<\/li>\n<li>\n<p align=\"left\"><span style=\"font-family: Comic Sans MS, serif;\">Largeur maxi : 2.5 cm<\/span><\/p>\n<\/li>\n<li>\n<p align=\"left\"><span style=\"font-family: Comic Sans MS, serif;\">Poids : 21.24 gr<\/span><\/p>\n<\/li>\n<li>\n<p align=\"left\"><span style=\"font-family: Comic Sans MS, serif;\">Cha\u00eene<\/span><span style=\"font-family: Comic Sans MS, serif;\">tte<\/span><span style=\"font-family: Comic Sans MS, serif;\"> : Acier argent\u00e9 19 cm<\/span><\/p>\n<\/li>\n<li>\n<p align=\"left\"><span style=\"font-family: Comic Sans MS, serif;\">Finition\u00a0: Cire de Carnauba (cire extraite des feuilles de palmier carnauba)<\/span><\/p>\n<\/li>\n<\/ul>\n<p align=\"left\"><span style=\"font-family: Comic Sans MS, serif;\"><b>Livraison<\/b><\/span><\/p>\n<ul>\n<li>\n<p align=\"left\"><span style=\"font-family: Comic Sans MS, serif;\">Frais de livraison offert pour un envoi en France M\u00e9tropolitaine (courrier suivi)<\/span><\/p>\n<\/li>\n<li>\n<p align=\"left\"><span style=\"font-family: Comic Sans MS, serif;\">Si besoin, vous pouvez me contacter par mail ou me t\u00e9l\u00e9phoner avant de valider votre achat dans le panier. Je r\u00e9pondrai \u00e0 vos questions avec plaisir.<\/span><\/p>\n<\/li>\n<\/ul>\n","protected":false},"excerpt":{"rendered":"<p>Pendule artisanal de radiesth\u00e9sie en Aub\u00e9pine en langage des fleurs,elle symbolise la puret\u00e9, l&rsquo;innocence et la Renaissance. Les arbustes d&rsquo;aub\u00e9pine marquent souvent l&rsquo;entr\u00e9e vers les mondes magiques et sont souvent choisis par les f\u00e9es pour se r\u00e9unir&#8230; L&rsquo;essence de ce pendule provient de Sablanceaux\u00a0 en Charente Maritime. Il vous fera probablement penser au pendule Osiris [&hellip;]<\/p>\n","protected":false},"featured_media":3404,"comment_status":"closed","ping_status":"closed","template":"","meta":[],"product_brand":[],"product_cat":[44],"product_tag":[34,71,33,66],"class_list":{"0":"post-3427","1":"product","2":"type-product","3":"status-publish","4":"has-post-thumbnail","6":"product_cat-vendu-pendule-stylo-bille-plume-bois-fait-main-royan","7":"product_tag-bois","8":"product_tag-geobiologie","9":"product_tag-pendule","10":"product_tag-radiesthesie","11":"product_shipping_class-pendules-colliers-porte-cles-stylo-a-bille-stylo-a-plume","13":"first","14":"outofstock","15":"product-type-simple"},"yoast_head":"<!-- This site is optimized with the Yoast SEO plugin v27.4 - https:\/\/yoast.com\/product\/yoast-seo-wordpress\/ -->\n<title>Pendule artisanal de radiesth\u00e9sie en Aub\u00e9pine - HoWood<\/title>\n<meta name=\"description\" content=\"Pendule de radiesth\u00e9sie howood en bois d&#039;aub\u00e9pine fait main bois noble artisanat local en tournage sur bois \u00e0 Royan pour soin et g\u00e9obiologie\" \/>\n<meta name=\"robots\" content=\"index, follow, max-snippet:-1, max-image-preview:large, max-video-preview:-1\" \/>\n<link rel=\"canonical\" href=\"https:\/\/howood.fr\/index.php\/produit\/pendule-de-radiesthesie-fait-main-bois-aubepine-howood\/\" \/>\n<meta property=\"og:locale\" content=\"fr_FR\" \/>\n<meta property=\"og:type\" content=\"article\" \/>\n<meta property=\"og:title\" content=\"Pendule artisanal de radiesth\u00e9sie en Aub\u00e9pine - HoWood\" \/>\n<meta property=\"og:description\" content=\"Pendule de radiesth\u00e9sie howood en bois d&#039;aub\u00e9pine fait main bois noble artisanat local en tournage sur bois \u00e0 Royan pour soin et g\u00e9obiologie\" \/>\n<meta property=\"og:url\" content=\"https:\/\/howood.fr\/index.php\/produit\/pendule-de-radiesthesie-fait-main-bois-aubepine-howood\/\" \/>\n<meta property=\"og:site_name\" content=\"HoWood\" \/>\n<meta property=\"article:modified_time\" content=\"2026-02-11T15:34:15+00:00\" \/>\n<meta property=\"og:image\" content=\"https:\/\/howood.fr\/wp-content\/uploads\/2026\/01\/0126.14-Aubepine-42e-2.jpg\" \/>\n\t<meta property=\"og:image:width\" content=\"1008\" \/>\n\t<meta property=\"og:image:height\" content=\"1352\" \/>\n\t<meta property=\"og:image:type\" content=\"image\/jpeg\" \/>\n<meta name=\"twitter:card\" content=\"summary_large_image\" \/>\n<meta name=\"twitter:label1\" content=\"Dur\u00e9e de lecture estim\u00e9e\" \/>\n\t<meta name=\"twitter:data1\" content=\"1 minute\" \/>\n<script type=\"application\/ld+json\" class=\"yoast-schema-graph\">{\"@context\":\"https:\\\/\\\/schema.org\",\"@graph\":[{\"@type\":\"WebPage\",\"@id\":\"https:\\\/\\\/howood.fr\\\/index.php\\\/produit\\\/pendule-de-radiesthesie-fait-main-bois-aubepine-howood\\\/\",\"url\":\"https:\\\/\\\/howood.fr\\\/index.php\\\/produit\\\/pendule-de-radiesthesie-fait-main-bois-aubepine-howood\\\/\",\"name\":\"Pendule artisanal de radiesth\u00e9sie en Aub\u00e9pine - HoWood\",\"isPartOf\":{\"@id\":\"https:\\\/\\\/howood.fr\\\/#website\"},\"primaryImageOfPage\":{\"@id\":\"https:\\\/\\\/howood.fr\\\/index.php\\\/produit\\\/pendule-de-radiesthesie-fait-main-bois-aubepine-howood\\\/#primaryimage\"},\"image\":{\"@id\":\"https:\\\/\\\/howood.fr\\\/index.php\\\/produit\\\/pendule-de-radiesthesie-fait-main-bois-aubepine-howood\\\/#primaryimage\"},\"thumbnailUrl\":\"https:\\\/\\\/howood.fr\\\/wp-content\\\/uploads\\\/2026\\\/01\\\/0126.14-Aubepine-42e-2.jpg\",\"datePublished\":\"2026-01-09T22:00:28+00:00\",\"dateModified\":\"2026-02-11T15:34:15+00:00\",\"description\":\"Pendule de radiesth\u00e9sie howood en bois d'aub\u00e9pine fait main bois noble artisanat local en tournage sur bois \u00e0 Royan pour soin et g\u00e9obiologie\",\"breadcrumb\":{\"@id\":\"https:\\\/\\\/howood.fr\\\/index.php\\\/produit\\\/pendule-de-radiesthesie-fait-main-bois-aubepine-howood\\\/#breadcrumb\"},\"inLanguage\":\"fr-FR\",\"potentialAction\":[{\"@type\":\"ReadAction\",\"target\":[\"https:\\\/\\\/howood.fr\\\/index.php\\\/produit\\\/pendule-de-radiesthesie-fait-main-bois-aubepine-howood\\\/\"]}]},{\"@type\":\"ImageObject\",\"inLanguage\":\"fr-FR\",\"@id\":\"https:\\\/\\\/howood.fr\\\/index.php\\\/produit\\\/pendule-de-radiesthesie-fait-main-bois-aubepine-howood\\\/#primaryimage\",\"url\":\"https:\\\/\\\/howood.fr\\\/wp-content\\\/uploads\\\/2026\\\/01\\\/0126.14-Aubepine-42e-2.jpg\",\"contentUrl\":\"https:\\\/\\\/howood.fr\\\/wp-content\\\/uploads\\\/2026\\\/01\\\/0126.14-Aubepine-42e-2.jpg\",\"width\":1008,\"height\":1352,\"caption\":\"Pendule Aub\u00e9pine\"},{\"@type\":\"BreadcrumbList\",\"@id\":\"https:\\\/\\\/howood.fr\\\/index.php\\\/produit\\\/pendule-de-radiesthesie-fait-main-bois-aubepine-howood\\\/#breadcrumb\",\"itemListElement\":[{\"@type\":\"ListItem\",\"position\":1,\"name\":\"Accueil\",\"item\":\"https:\\\/\\\/howood.fr\\\/\"},{\"@type\":\"ListItem\",\"position\":2,\"name\":\"Produits\",\"item\":\"https:\\\/\\\/howood.fr\\\/index.php\\\/shop\\\/\"},{\"@type\":\"ListItem\",\"position\":3,\"name\":\"Pendule artisanal de radiesth\u00e9sie en Aub\u00e9pine\"}]},{\"@type\":\"WebSite\",\"@id\":\"https:\\\/\\\/howood.fr\\\/#website\",\"url\":\"https:\\\/\\\/howood.fr\\\/\",\"name\":\"HoWood\",\"description\":\"pendule de radiesth\u00e9sie Artisanal HoWood\",\"publisher\":{\"@id\":\"https:\\\/\\\/howood.fr\\\/#organization\"},\"potentialAction\":[{\"@type\":\"SearchAction\",\"target\":{\"@type\":\"EntryPoint\",\"urlTemplate\":\"https:\\\/\\\/howood.fr\\\/?s={search_term_string}\"},\"query-input\":{\"@type\":\"PropertyValueSpecification\",\"valueRequired\":true,\"valueName\":\"search_term_string\"}}],\"inLanguage\":\"fr-FR\"},{\"@type\":\"Organization\",\"@id\":\"https:\\\/\\\/howood.fr\\\/#organization\",\"name\":\"HoWood\",\"url\":\"https:\\\/\\\/howood.fr\\\/\",\"logo\":{\"@type\":\"ImageObject\",\"inLanguage\":\"fr-FR\",\"@id\":\"https:\\\/\\\/howood.fr\\\/#\\\/schema\\\/logo\\\/image\\\/\",\"url\":\"https:\\\/\\\/howood.fr\\\/wp-content\\\/uploads\\\/2024\\\/10\\\/logo-HW-150.webp\",\"contentUrl\":\"https:\\\/\\\/howood.fr\\\/wp-content\\\/uploads\\\/2024\\\/10\\\/logo-HW-150.webp\",\"width\":150,\"height\":150,\"caption\":\"HoWood\"},\"image\":{\"@id\":\"https:\\\/\\\/howood.fr\\\/#\\\/schema\\\/logo\\\/image\\\/\"}}]}<\/script>\n<!-- \/ Yoast SEO plugin. -->","yoast_head_json":{"title":"Pendule artisanal de radiesth\u00e9sie en Aub\u00e9pine - HoWood","description":"Pendule de radiesth\u00e9sie howood en bois d'aub\u00e9pine fait main bois noble artisanat local en tournage sur bois \u00e0 Royan pour soin et g\u00e9obiologie","robots":{"index":"index","follow":"follow","max-snippet":"max-snippet:-1","max-image-preview":"max-image-preview:large","max-video-preview":"max-video-preview:-1"},"canonical":"https:\/\/howood.fr\/index.php\/produit\/pendule-de-radiesthesie-fait-main-bois-aubepine-howood\/","og_locale":"fr_FR","og_type":"article","og_title":"Pendule artisanal de radiesth\u00e9sie en Aub\u00e9pine - HoWood","og_description":"Pendule de radiesth\u00e9sie howood en bois d'aub\u00e9pine fait main bois noble artisanat local en tournage sur bois \u00e0 Royan pour soin et g\u00e9obiologie","og_url":"https:\/\/howood.fr\/index.php\/produit\/pendule-de-radiesthesie-fait-main-bois-aubepine-howood\/","og_site_name":"HoWood","article_modified_time":"2026-02-11T15:34:15+00:00","og_image":[{"width":1008,"height":1352,"url":"https:\/\/howood.fr\/wp-content\/uploads\/2026\/01\/0126.14-Aubepine-42e-2.jpg","type":"image\/jpeg"}],"twitter_card":"summary_large_image","twitter_misc":{"Dur\u00e9e de lecture estim\u00e9e":"1 minute"},"schema":{"@context":"https:\/\/schema.org","@graph":[{"@type":"WebPage","@id":"https:\/\/howood.fr\/index.php\/produit\/pendule-de-radiesthesie-fait-main-bois-aubepine-howood\/","url":"https:\/\/howood.fr\/index.php\/produit\/pendule-de-radiesthesie-fait-main-bois-aubepine-howood\/","name":"Pendule artisanal de radiesth\u00e9sie en Aub\u00e9pine - HoWood","isPartOf":{"@id":"https:\/\/howood.fr\/#website"},"primaryImageOfPage":{"@id":"https:\/\/howood.fr\/index.php\/produit\/pendule-de-radiesthesie-fait-main-bois-aubepine-howood\/#primaryimage"},"image":{"@id":"https:\/\/howood.fr\/index.php\/produit\/pendule-de-radiesthesie-fait-main-bois-aubepine-howood\/#primaryimage"},"thumbnailUrl":"https:\/\/howood.fr\/wp-content\/uploads\/2026\/01\/0126.14-Aubepine-42e-2.jpg","datePublished":"2026-01-09T22:00:28+00:00","dateModified":"2026-02-11T15:34:15+00:00","description":"Pendule de radiesth\u00e9sie howood en bois d'aub\u00e9pine fait main bois noble artisanat local en tournage sur bois \u00e0 Royan pour soin et g\u00e9obiologie","breadcrumb":{"@id":"https:\/\/howood.fr\/index.php\/produit\/pendule-de-radiesthesie-fait-main-bois-aubepine-howood\/#breadcrumb"},"inLanguage":"fr-FR","potentialAction":[{"@type":"ReadAction","target":["https:\/\/howood.fr\/index.php\/produit\/pendule-de-radiesthesie-fait-main-bois-aubepine-howood\/"]}]},{"@type":"ImageObject","inLanguage":"fr-FR","@id":"https:\/\/howood.fr\/index.php\/produit\/pendule-de-radiesthesie-fait-main-bois-aubepine-howood\/#primaryimage","url":"https:\/\/howood.fr\/wp-content\/uploads\/2026\/01\/0126.14-Aubepine-42e-2.jpg","contentUrl":"https:\/\/howood.fr\/wp-content\/uploads\/2026\/01\/0126.14-Aubepine-42e-2.jpg","width":1008,"height":1352,"caption":"Pendule Aub\u00e9pine"},{"@type":"BreadcrumbList","@id":"https:\/\/howood.fr\/index.php\/produit\/pendule-de-radiesthesie-fait-main-bois-aubepine-howood\/#breadcrumb","itemListElement":[{"@type":"ListItem","position":1,"name":"Accueil","item":"https:\/\/howood.fr\/"},{"@type":"ListItem","position":2,"name":"Produits","item":"https:\/\/howood.fr\/index.php\/shop\/"},{"@type":"ListItem","position":3,"name":"Pendule artisanal de radiesth\u00e9sie en Aub\u00e9pine"}]},{"@type":"WebSite","@id":"https:\/\/howood.fr\/#website","url":"https:\/\/howood.fr\/","name":"HoWood","description":"pendule de radiesth\u00e9sie Artisanal HoWood","publisher":{"@id":"https:\/\/howood.fr\/#organization"},"potentialAction":[{"@type":"SearchAction","target":{"@type":"EntryPoint","urlTemplate":"https:\/\/howood.fr\/?s={search_term_string}"},"query-input":{"@type":"PropertyValueSpecification","valueRequired":true,"valueName":"search_term_string"}}],"inLanguage":"fr-FR"},{"@type":"Organization","@id":"https:\/\/howood.fr\/#organization","name":"HoWood","url":"https:\/\/howood.fr\/","logo":{"@type":"ImageObject","inLanguage":"fr-FR","@id":"https:\/\/howood.fr\/#\/schema\/logo\/image\/","url":"https:\/\/howood.fr\/wp-content\/uploads\/2024\/10\/logo-HW-150.webp","contentUrl":"https:\/\/howood.fr\/wp-content\/uploads\/2024\/10\/logo-HW-150.webp","width":150,"height":150,"caption":"HoWood"},"image":{"@id":"https:\/\/howood.fr\/#\/schema\/logo\/image\/"}}]}},"_links":{"self":[{"href":"https:\/\/howood.fr\/index.php\/wp-json\/wp\/v2\/product\/3427","targetHints":{"allow":["GET"]}}],"collection":[{"href":"https:\/\/howood.fr\/index.php\/wp-json\/wp\/v2\/product"}],"about":[{"href":"https:\/\/howood.fr\/index.php\/wp-json\/wp\/v2\/types\/product"}],"replies":[{"embeddable":true,"href":"https:\/\/howood.fr\/index.php\/wp-json\/wp\/v2\/comments?post=3427"}],"version-history":[{"count":1,"href":"https:\/\/howood.fr\/index.php\/wp-json\/wp\/v2\/product\/3427\/revisions"}],"predecessor-version":[{"id":3428,"href":"https:\/\/howood.fr\/index.php\/wp-json\/wp\/v2\/product\/3427\/revisions\/3428"}],"wp:featuredmedia":[{"embeddable":true,"href":"https:\/\/howood.fr\/index.php\/wp-json\/wp\/v2\/media\/3404"}],"wp:attachment":[{"href":"https:\/\/howood.fr\/index.php\/wp-json\/wp\/v2\/media?parent=3427"}],"wp:term":[{"taxonomy":"product_brand","embeddable":true,"href":"https:\/\/howood.fr\/index.php\/wp-json\/wp\/v2\/product_brand?post=3427"},{"taxonomy":"product_cat","embeddable":true,"href":"https:\/\/howood.fr\/index.php\/wp-json\/wp\/v2\/product_cat?post=3427"},{"taxonomy":"product_tag","embeddable":true,"href":"https:\/\/howood.fr\/index.php\/wp-json\/wp\/v2\/product_tag?post=3427"}],"curies":[{"name":"wp","href":"https:\/\/api.w.org\/{rel}","templated":true}]}}