{"id":3433,"date":"2026-01-09T23:41:09","date_gmt":"2026-01-09T22:41:09","guid":{"rendered":"https:\/\/howood.fr\/?post_type=product&#038;p=3433"},"modified":"2026-03-20T21:58:55","modified_gmt":"2026-03-20T20:58:55","slug":"baton-de-soins-et-pendule-de-radiesthesie-en-olivier","status":"publish","type":"product","link":"https:\/\/howood.fr\/index.php\/produit\/baton-de-soins-et-pendule-de-radiesthesie-en-olivier\/","title":{"rendered":"B\u00e2ton de soin et pendule de radiesth\u00e9sie en Olivier"},"content":{"rendered":"<p align=\"left\"><span style=\"font-family: Comic Sans MS, serif;\"><span style=\"font-size: large;\">B\u00e2ton de soin artisanal mais \u00e9galement pendule de radiesth\u00e9sie. Cette cr\u00e9ation unique howood en bois d&rsquo;Olivier vous accompagnera dans vos soins \u00e9nerg\u00e9tiques, point d&rsquo;acupression \/ r\u00e9flexo. Un outil multi-fonctions qui ne vous a pas encore tout r\u00e9v\u00e9l\u00e9 de son potentiel&#8230;<\/span><\/span><\/p>\n<p align=\"left\">(Le cristal sur la photo n&rsquo;est pas \u00e0 vendre) !<\/p>\n<p align=\"left\"><span style=\"font-family: Comic Sans MS, serif;\"><b>Mesures \u00e0 quelques variables pr\u00e8s <\/b><\/span><\/p>\n<ul>\n<li>\n<p align=\"left\"><span style=\"font-family: Comic Sans MS, serif;\">Hauteur : 11cm<\/span><\/p>\n<\/li>\n<li>\n<p align=\"left\"><span style=\"font-family: Comic Sans MS, serif;\">Largeur maxi : 1.7cm<\/span><\/p>\n<\/li>\n<li>\n<p align=\"left\"><span style=\"font-family: Comic Sans MS, serif;\">Poids : 13.89 gr<\/span><\/p>\n<\/li>\n<li>\n<p align=\"left\"><span style=\"font-family: Comic Sans MS, serif;\">Cha\u00eene<\/span><span style=\"font-family: Comic Sans MS, serif;\">tte<\/span><span style=\"font-family: Comic Sans MS, serif;\"> : Acier dor\u00e9 19 cm<\/span><\/p>\n<\/li>\n<li>\n<p align=\"left\"><span style=\"font-family: Comic Sans MS, serif;\">Finition\u00a0: Cire de Carnauba (cire extraite des feuilles de palmier carnauba)<\/span><\/p>\n<\/li>\n<\/ul>\n<p align=\"left\"><span style=\"font-family: Comic Sans MS, serif;\"><b>Livraison<\/b><\/span><\/p>\n<ul>\n<li>\n<p align=\"left\"><span style=\"font-family: Comic Sans MS, serif;\">Frais de livraison offert pour un envoi en France M\u00e9tropolitaine (courrier suivi)<\/span><\/p>\n<\/li>\n<li>\n<p align=\"left\"><span style=\"font-family: Comic Sans MS, serif;\">Si besoin, vous pouvez me contacter par mail ou me t\u00e9l\u00e9phoner avant de valider votre achat dans le panier. Je r\u00e9pondrai \u00e0 vos questions avec plaisir.<\/span><\/p>\n<\/li>\n<\/ul>\n","protected":false},"excerpt":{"rendered":"<p>B\u00e2ton de soin artisanal mais \u00e9galement pendule de radiesth\u00e9sie. Cette cr\u00e9ation unique howood en bois d&rsquo;Olivier vous accompagnera dans vos soins \u00e9nerg\u00e9tiques, point d&rsquo;acupression \/ r\u00e9flexo. Un outil multi-fonctions qui ne vous a pas encore tout r\u00e9v\u00e9l\u00e9 de son potentiel&#8230; (Le cristal sur la photo n&rsquo;est pas \u00e0 vendre) ! Mesures \u00e0 quelques variables pr\u00e8s [&hellip;]<\/p>\n","protected":false},"featured_media":3439,"comment_status":"closed","ping_status":"closed","template":"","meta":[],"product_brand":[],"product_cat":[75],"product_tag":[34,59,33],"class_list":{"0":"post-3433","1":"product","2":"type-product","3":"status-publish","4":"has-post-thumbnail","6":"product_cat-baton-pendule-reflexo","7":"product_tag-bois","8":"product_tag-olivier","9":"product_tag-pendule","10":"product_shipping_class-pendules-colliers-porte-cles-stylo-a-bille-stylo-a-plume","12":"first","13":"instock","14":"purchasable","15":"product-type-simple"},"yoast_head":"<!-- This site is optimized with the Yoast SEO plugin v27.3 - https:\/\/yoast.com\/product\/yoast-seo-wordpress\/ -->\n<title>B\u00e2ton de soin et pendule de radiesth\u00e9sie en Olivier - HoWood<\/title>\n<meta name=\"robots\" content=\"index, follow, max-snippet:-1, max-image-preview:large, max-video-preview:-1\" \/>\n<link rel=\"canonical\" href=\"https:\/\/howood.fr\/index.php\/produit\/baton-de-soins-et-pendule-de-radiesthesie-en-olivier\/\" \/>\n<meta property=\"og:locale\" content=\"fr_FR\" \/>\n<meta property=\"og:type\" content=\"article\" \/>\n<meta property=\"og:title\" content=\"B\u00e2ton de soin et pendule de radiesth\u00e9sie en Olivier - HoWood\" \/>\n<meta property=\"og:description\" content=\"B\u00e2ton de soin artisanal mais \u00e9galement pendule de radiesth\u00e9sie. Cette cr\u00e9ation unique howood en bois d&rsquo;Olivier vous accompagnera dans vos soins \u00e9nerg\u00e9tiques, point d&rsquo;acupression \/ r\u00e9flexo. Un outil multi-fonctions qui ne vous a pas encore tout r\u00e9v\u00e9l\u00e9 de son potentiel&#8230; (Le cristal sur la photo n&rsquo;est pas \u00e0 vendre) ! Mesures \u00e0 quelques variables pr\u00e8s [&hellip;]\" \/>\n<meta property=\"og:url\" content=\"https:\/\/howood.fr\/index.php\/produit\/baton-de-soins-et-pendule-de-radiesthesie-en-olivier\/\" \/>\n<meta property=\"og:site_name\" content=\"HoWood\" \/>\n<meta property=\"article:modified_time\" content=\"2026-03-20T20:58:55+00:00\" \/>\n<meta property=\"og:image\" content=\"https:\/\/howood.fr\/wp-content\/uploads\/2026\/01\/BS-0126.17-olivier-42e-6.jpg\" \/>\n\t<meta property=\"og:image:width\" content=\"1235\" \/>\n\t<meta property=\"og:image:height\" content=\"1701\" \/>\n\t<meta property=\"og:image:type\" content=\"image\/jpeg\" \/>\n<meta name=\"twitter:card\" content=\"summary_large_image\" \/>\n<meta name=\"twitter:label1\" content=\"Dur\u00e9e de lecture estim\u00e9e\" \/>\n\t<meta name=\"twitter:data1\" content=\"1 minute\" \/>\n<script type=\"application\/ld+json\" class=\"yoast-schema-graph\">{\"@context\":\"https:\\\/\\\/schema.org\",\"@graph\":[{\"@type\":\"WebPage\",\"@id\":\"https:\\\/\\\/howood.fr\\\/index.php\\\/produit\\\/baton-de-soins-et-pendule-de-radiesthesie-en-olivier\\\/\",\"url\":\"https:\\\/\\\/howood.fr\\\/index.php\\\/produit\\\/baton-de-soins-et-pendule-de-radiesthesie-en-olivier\\\/\",\"name\":\"B\u00e2ton de soin et pendule de radiesth\u00e9sie en Olivier - HoWood\",\"isPartOf\":{\"@id\":\"https:\\\/\\\/howood.fr\\\/#website\"},\"primaryImageOfPage\":{\"@id\":\"https:\\\/\\\/howood.fr\\\/index.php\\\/produit\\\/baton-de-soins-et-pendule-de-radiesthesie-en-olivier\\\/#primaryimage\"},\"image\":{\"@id\":\"https:\\\/\\\/howood.fr\\\/index.php\\\/produit\\\/baton-de-soins-et-pendule-de-radiesthesie-en-olivier\\\/#primaryimage\"},\"thumbnailUrl\":\"https:\\\/\\\/howood.fr\\\/wp-content\\\/uploads\\\/2026\\\/01\\\/BS-0126.17-olivier-42e-6.jpg\",\"datePublished\":\"2026-01-09T22:41:09+00:00\",\"dateModified\":\"2026-03-20T20:58:55+00:00\",\"breadcrumb\":{\"@id\":\"https:\\\/\\\/howood.fr\\\/index.php\\\/produit\\\/baton-de-soins-et-pendule-de-radiesthesie-en-olivier\\\/#breadcrumb\"},\"inLanguage\":\"fr-FR\",\"potentialAction\":[{\"@type\":\"ReadAction\",\"target\":[\"https:\\\/\\\/howood.fr\\\/index.php\\\/produit\\\/baton-de-soins-et-pendule-de-radiesthesie-en-olivier\\\/\"]}]},{\"@type\":\"ImageObject\",\"inLanguage\":\"fr-FR\",\"@id\":\"https:\\\/\\\/howood.fr\\\/index.php\\\/produit\\\/baton-de-soins-et-pendule-de-radiesthesie-en-olivier\\\/#primaryimage\",\"url\":\"https:\\\/\\\/howood.fr\\\/wp-content\\\/uploads\\\/2026\\\/01\\\/BS-0126.17-olivier-42e-6.jpg\",\"contentUrl\":\"https:\\\/\\\/howood.fr\\\/wp-content\\\/uploads\\\/2026\\\/01\\\/BS-0126.17-olivier-42e-6.jpg\",\"width\":1235,\"height\":1701},{\"@type\":\"BreadcrumbList\",\"@id\":\"https:\\\/\\\/howood.fr\\\/index.php\\\/produit\\\/baton-de-soins-et-pendule-de-radiesthesie-en-olivier\\\/#breadcrumb\",\"itemListElement\":[{\"@type\":\"ListItem\",\"position\":1,\"name\":\"Accueil\",\"item\":\"https:\\\/\\\/howood.fr\\\/\"},{\"@type\":\"ListItem\",\"position\":2,\"name\":\"Produits\",\"item\":\"https:\\\/\\\/howood.fr\\\/index.php\\\/shop\\\/\"},{\"@type\":\"ListItem\",\"position\":3,\"name\":\"B\u00e2ton de soin et pendule de radiesth\u00e9sie en Olivier\"}]},{\"@type\":\"WebSite\",\"@id\":\"https:\\\/\\\/howood.fr\\\/#website\",\"url\":\"https:\\\/\\\/howood.fr\\\/\",\"name\":\"HoWood\",\"description\":\"pendule de radiesth\u00e9sie Artisanal HoWood\",\"publisher\":{\"@id\":\"https:\\\/\\\/howood.fr\\\/#organization\"},\"potentialAction\":[{\"@type\":\"SearchAction\",\"target\":{\"@type\":\"EntryPoint\",\"urlTemplate\":\"https:\\\/\\\/howood.fr\\\/?s={search_term_string}\"},\"query-input\":{\"@type\":\"PropertyValueSpecification\",\"valueRequired\":true,\"valueName\":\"search_term_string\"}}],\"inLanguage\":\"fr-FR\"},{\"@type\":\"Organization\",\"@id\":\"https:\\\/\\\/howood.fr\\\/#organization\",\"name\":\"HoWood\",\"url\":\"https:\\\/\\\/howood.fr\\\/\",\"logo\":{\"@type\":\"ImageObject\",\"inLanguage\":\"fr-FR\",\"@id\":\"https:\\\/\\\/howood.fr\\\/#\\\/schema\\\/logo\\\/image\\\/\",\"url\":\"https:\\\/\\\/howood.fr\\\/wp-content\\\/uploads\\\/2024\\\/10\\\/logo-HW-150.webp\",\"contentUrl\":\"https:\\\/\\\/howood.fr\\\/wp-content\\\/uploads\\\/2024\\\/10\\\/logo-HW-150.webp\",\"width\":150,\"height\":150,\"caption\":\"HoWood\"},\"image\":{\"@id\":\"https:\\\/\\\/howood.fr\\\/#\\\/schema\\\/logo\\\/image\\\/\"}}]}<\/script>\n<!-- \/ Yoast SEO plugin. -->","yoast_head_json":{"title":"B\u00e2ton de soin et pendule de radiesth\u00e9sie en Olivier - HoWood","robots":{"index":"index","follow":"follow","max-snippet":"max-snippet:-1","max-image-preview":"max-image-preview:large","max-video-preview":"max-video-preview:-1"},"canonical":"https:\/\/howood.fr\/index.php\/produit\/baton-de-soins-et-pendule-de-radiesthesie-en-olivier\/","og_locale":"fr_FR","og_type":"article","og_title":"B\u00e2ton de soin et pendule de radiesth\u00e9sie en Olivier - HoWood","og_description":"B\u00e2ton de soin artisanal mais \u00e9galement pendule de radiesth\u00e9sie. Cette cr\u00e9ation unique howood en bois d&rsquo;Olivier vous accompagnera dans vos soins \u00e9nerg\u00e9tiques, point d&rsquo;acupression \/ r\u00e9flexo. Un outil multi-fonctions qui ne vous a pas encore tout r\u00e9v\u00e9l\u00e9 de son potentiel&#8230; (Le cristal sur la photo n&rsquo;est pas \u00e0 vendre) ! Mesures \u00e0 quelques variables pr\u00e8s [&hellip;]","og_url":"https:\/\/howood.fr\/index.php\/produit\/baton-de-soins-et-pendule-de-radiesthesie-en-olivier\/","og_site_name":"HoWood","article_modified_time":"2026-03-20T20:58:55+00:00","og_image":[{"width":1235,"height":1701,"url":"https:\/\/howood.fr\/wp-content\/uploads\/2026\/01\/BS-0126.17-olivier-42e-6.jpg","type":"image\/jpeg"}],"twitter_card":"summary_large_image","twitter_misc":{"Dur\u00e9e de lecture estim\u00e9e":"1 minute"},"schema":{"@context":"https:\/\/schema.org","@graph":[{"@type":"WebPage","@id":"https:\/\/howood.fr\/index.php\/produit\/baton-de-soins-et-pendule-de-radiesthesie-en-olivier\/","url":"https:\/\/howood.fr\/index.php\/produit\/baton-de-soins-et-pendule-de-radiesthesie-en-olivier\/","name":"B\u00e2ton de soin et pendule de radiesth\u00e9sie en Olivier - HoWood","isPartOf":{"@id":"https:\/\/howood.fr\/#website"},"primaryImageOfPage":{"@id":"https:\/\/howood.fr\/index.php\/produit\/baton-de-soins-et-pendule-de-radiesthesie-en-olivier\/#primaryimage"},"image":{"@id":"https:\/\/howood.fr\/index.php\/produit\/baton-de-soins-et-pendule-de-radiesthesie-en-olivier\/#primaryimage"},"thumbnailUrl":"https:\/\/howood.fr\/wp-content\/uploads\/2026\/01\/BS-0126.17-olivier-42e-6.jpg","datePublished":"2026-01-09T22:41:09+00:00","dateModified":"2026-03-20T20:58:55+00:00","breadcrumb":{"@id":"https:\/\/howood.fr\/index.php\/produit\/baton-de-soins-et-pendule-de-radiesthesie-en-olivier\/#breadcrumb"},"inLanguage":"fr-FR","potentialAction":[{"@type":"ReadAction","target":["https:\/\/howood.fr\/index.php\/produit\/baton-de-soins-et-pendule-de-radiesthesie-en-olivier\/"]}]},{"@type":"ImageObject","inLanguage":"fr-FR","@id":"https:\/\/howood.fr\/index.php\/produit\/baton-de-soins-et-pendule-de-radiesthesie-en-olivier\/#primaryimage","url":"https:\/\/howood.fr\/wp-content\/uploads\/2026\/01\/BS-0126.17-olivier-42e-6.jpg","contentUrl":"https:\/\/howood.fr\/wp-content\/uploads\/2026\/01\/BS-0126.17-olivier-42e-6.jpg","width":1235,"height":1701},{"@type":"BreadcrumbList","@id":"https:\/\/howood.fr\/index.php\/produit\/baton-de-soins-et-pendule-de-radiesthesie-en-olivier\/#breadcrumb","itemListElement":[{"@type":"ListItem","position":1,"name":"Accueil","item":"https:\/\/howood.fr\/"},{"@type":"ListItem","position":2,"name":"Produits","item":"https:\/\/howood.fr\/index.php\/shop\/"},{"@type":"ListItem","position":3,"name":"B\u00e2ton de soin et pendule de radiesth\u00e9sie en Olivier"}]},{"@type":"WebSite","@id":"https:\/\/howood.fr\/#website","url":"https:\/\/howood.fr\/","name":"HoWood","description":"pendule de radiesth\u00e9sie Artisanal HoWood","publisher":{"@id":"https:\/\/howood.fr\/#organization"},"potentialAction":[{"@type":"SearchAction","target":{"@type":"EntryPoint","urlTemplate":"https:\/\/howood.fr\/?s={search_term_string}"},"query-input":{"@type":"PropertyValueSpecification","valueRequired":true,"valueName":"search_term_string"}}],"inLanguage":"fr-FR"},{"@type":"Organization","@id":"https:\/\/howood.fr\/#organization","name":"HoWood","url":"https:\/\/howood.fr\/","logo":{"@type":"ImageObject","inLanguage":"fr-FR","@id":"https:\/\/howood.fr\/#\/schema\/logo\/image\/","url":"https:\/\/howood.fr\/wp-content\/uploads\/2024\/10\/logo-HW-150.webp","contentUrl":"https:\/\/howood.fr\/wp-content\/uploads\/2024\/10\/logo-HW-150.webp","width":150,"height":150,"caption":"HoWood"},"image":{"@id":"https:\/\/howood.fr\/#\/schema\/logo\/image\/"}}]}},"_links":{"self":[{"href":"https:\/\/howood.fr\/index.php\/wp-json\/wp\/v2\/product\/3433","targetHints":{"allow":["GET"]}}],"collection":[{"href":"https:\/\/howood.fr\/index.php\/wp-json\/wp\/v2\/product"}],"about":[{"href":"https:\/\/howood.fr\/index.php\/wp-json\/wp\/v2\/types\/product"}],"replies":[{"embeddable":true,"href":"https:\/\/howood.fr\/index.php\/wp-json\/wp\/v2\/comments?post=3433"}],"version-history":[{"count":4,"href":"https:\/\/howood.fr\/index.php\/wp-json\/wp\/v2\/product\/3433\/revisions"}],"predecessor-version":[{"id":3451,"href":"https:\/\/howood.fr\/index.php\/wp-json\/wp\/v2\/product\/3433\/revisions\/3451"}],"wp:featuredmedia":[{"embeddable":true,"href":"https:\/\/howood.fr\/index.php\/wp-json\/wp\/v2\/media\/3439"}],"wp:attachment":[{"href":"https:\/\/howood.fr\/index.php\/wp-json\/wp\/v2\/media?parent=3433"}],"wp:term":[{"taxonomy":"product_brand","embeddable":true,"href":"https:\/\/howood.fr\/index.php\/wp-json\/wp\/v2\/product_brand?post=3433"},{"taxonomy":"product_cat","embeddable":true,"href":"https:\/\/howood.fr\/index.php\/wp-json\/wp\/v2\/product_cat?post=3433"},{"taxonomy":"product_tag","embeddable":true,"href":"https:\/\/howood.fr\/index.php\/wp-json\/wp\/v2\/product_tag?post=3433"}],"curies":[{"name":"wp","href":"https:\/\/api.w.org\/{rel}","templated":true}]}}