{"id":3532,"date":"2026-01-14T22:47:12","date_gmt":"2026-01-14T21:47:12","guid":{"rendered":"https:\/\/howood.fr\/?post_type=product&#038;p=3532"},"modified":"2026-01-16T00:39:29","modified_gmt":"2026-01-15T23:39:29","slug":"pendule-broche-en-olivier-metal-radiesthesie-soin-energetique","status":"publish","type":"product","link":"https:\/\/howood.fr\/index.php\/produit\/pendule-broche-en-olivier-metal-radiesthesie-soin-energetique\/","title":{"rendered":"Pendule de radiesth\u00e9sie olivier et m\u00e9tal"},"content":{"rendered":"<p align=\"left\"><span style=\"font-family: Comic Sans MS, serif;\"><span style=\"font-size: large;\">Pendule Broche en bois d&rsquo;olivier de Charente Maritime, avec encore son \u00e9corce, zone dont la surface est plate ! Pendule pour autant bien \u00e9quilibr\u00e9 un trait de caract\u00e8re bien \u00e0 lui !<\/span><\/span><\/p>\n<p align=\"left\"><span style=\"font-family: Comic Sans MS, serif;\"><b>Mesures \u00e0 quelques variables pr\u00e8s <\/b><\/span><\/p>\n<ul>\n<li>\n<p align=\"left\"><span style=\"font-family: Comic Sans MS, serif;\">Hauteur : 4 cm<\/span><\/p>\n<\/li>\n<li>\n<p align=\"left\"><span style=\"font-family: Comic Sans MS, serif;\">Largeur maxi :\u00a0 3,2 cm<\/span><\/p>\n<\/li>\n<li>\n<p align=\"left\"><span style=\"font-family: Comic Sans MS, serif;\">Poids : 7,75 gr<\/span><\/p>\n<\/li>\n<li>\n<p align=\"left\"><span style=\"font-family: Comic Sans MS, serif;\">Cha\u00eene<\/span><span style=\"font-family: Comic Sans MS, serif;\">tte<\/span><span style=\"font-family: Comic Sans MS, serif;\"> : Acier 19 cm<\/span><\/p>\n<\/li>\n<li>\n<p align=\"left\"><span style=\"font-family: Comic Sans MS, serif;\">Finition\u00a0: Cire de Carnauba (cire extraite des feuilles de palmier carnauba)<\/span><\/p>\n<\/li>\n<\/ul>\n<p align=\"left\"><span style=\"font-family: Comic Sans MS, serif;\"><b>Livraison<\/b><\/span><\/p>\n<ul>\n<li>\n<p align=\"left\"><span style=\"font-family: Comic Sans MS, serif;\">Frais de livraison offert pour un envoi en France M\u00e9tropolitaine (courrier suivi)\u00a0<\/span><\/p>\n<\/li>\n<li>\n<p align=\"left\"><span style=\"font-family: Comic Sans MS, serif;\">Si besoin, vous pouvez me contacter par mail ou me t\u00e9l\u00e9phoner avant de valider votre achat dans le panier. Je r\u00e9pondrai \u00e0 vos questions avec plaisir.<\/span><\/p>\n<\/li>\n<\/ul>\n","protected":false},"excerpt":{"rendered":"<p>Pendule Broche en bois d&rsquo;olivier de Charente Maritime, avec encore son \u00e9corce, zone dont la surface est plate ! Pendule pour autant bien \u00e9quilibr\u00e9 un trait de caract\u00e8re bien \u00e0 lui ! Mesures \u00e0 quelques variables pr\u00e8s Hauteur : 4 cm Largeur maxi :\u00a0 3,2 cm Poids : 7,75 gr Cha\u00eenette : Acier 19 cm [&hellip;]<\/p>\n","protected":false},"featured_media":3517,"comment_status":"closed","ping_status":"closed","template":"","meta":[],"product_brand":[],"product_cat":[44],"product_tag":[59],"class_list":{"0":"post-3532","1":"product","2":"type-product","3":"status-publish","4":"has-post-thumbnail","6":"product_cat-vendu-pendule-stylo-bille-plume-bois-fait-main-royan","7":"product_tag-olivier","8":"product_shipping_class-pendules-colliers-porte-cles-stylo-a-bille-stylo-a-plume","10":"first","11":"outofstock","12":"product-type-simple"},"yoast_head":"<!-- This site is optimized with the Yoast SEO plugin v27.3 - https:\/\/yoast.com\/product\/yoast-seo-wordpress\/ -->\n<title>Pendule de radiesth\u00e9sie olivier et m\u00e9tal - HoWood<\/title>\n<meta name=\"description\" content=\"Pendule broche de radiesth\u00e9sie howood en bois d&#039;olivier et m\u00e9tal fait main bois noble artisanat local en tournage sur bois \u00e0 Royan pour soin et g\u00e9obiologie\" \/>\n<meta name=\"robots\" content=\"index, follow, max-snippet:-1, max-image-preview:large, max-video-preview:-1\" \/>\n<link rel=\"canonical\" href=\"https:\/\/howood.fr\/index.php\/produit\/pendule-broche-en-olivier-metal-radiesthesie-soin-energetique\/\" \/>\n<meta property=\"og:locale\" content=\"fr_FR\" \/>\n<meta property=\"og:type\" content=\"article\" \/>\n<meta property=\"og:title\" content=\"Pendule de radiesth\u00e9sie olivier et m\u00e9tal - HoWood\" \/>\n<meta property=\"og:description\" content=\"Pendule broche de radiesth\u00e9sie howood en bois d&#039;olivier et m\u00e9tal fait main bois noble artisanat local en tournage sur bois \u00e0 Royan pour soin et g\u00e9obiologie\" \/>\n<meta property=\"og:url\" content=\"https:\/\/howood.fr\/index.php\/produit\/pendule-broche-en-olivier-metal-radiesthesie-soin-energetique\/\" \/>\n<meta property=\"og:site_name\" content=\"HoWood\" \/>\n<meta property=\"article:modified_time\" content=\"2026-01-15T23:39:29+00:00\" \/>\n<meta property=\"og:image\" content=\"https:\/\/howood.fr\/wp-content\/uploads\/2026\/01\/PB-0126.01-olivier-3.jpg\" \/>\n\t<meta property=\"og:image:width\" content=\"947\" \/>\n\t<meta property=\"og:image:height\" content=\"1781\" \/>\n\t<meta property=\"og:image:type\" content=\"image\/jpeg\" \/>\n<meta name=\"twitter:card\" content=\"summary_large_image\" \/>\n<meta name=\"twitter:label1\" content=\"Dur\u00e9e de lecture estim\u00e9e\" \/>\n\t<meta name=\"twitter:data1\" content=\"1 minute\" \/>\n<script type=\"application\/ld+json\" class=\"yoast-schema-graph\">{\"@context\":\"https:\\\/\\\/schema.org\",\"@graph\":[{\"@type\":\"WebPage\",\"@id\":\"https:\\\/\\\/howood.fr\\\/index.php\\\/produit\\\/pendule-broche-en-olivier-metal-radiesthesie-soin-energetique\\\/\",\"url\":\"https:\\\/\\\/howood.fr\\\/index.php\\\/produit\\\/pendule-broche-en-olivier-metal-radiesthesie-soin-energetique\\\/\",\"name\":\"Pendule de radiesth\u00e9sie olivier et m\u00e9tal - HoWood\",\"isPartOf\":{\"@id\":\"https:\\\/\\\/howood.fr\\\/#website\"},\"primaryImageOfPage\":{\"@id\":\"https:\\\/\\\/howood.fr\\\/index.php\\\/produit\\\/pendule-broche-en-olivier-metal-radiesthesie-soin-energetique\\\/#primaryimage\"},\"image\":{\"@id\":\"https:\\\/\\\/howood.fr\\\/index.php\\\/produit\\\/pendule-broche-en-olivier-metal-radiesthesie-soin-energetique\\\/#primaryimage\"},\"thumbnailUrl\":\"https:\\\/\\\/howood.fr\\\/wp-content\\\/uploads\\\/2026\\\/01\\\/PB-0126.01-olivier-3.jpg\",\"datePublished\":\"2026-01-14T21:47:12+00:00\",\"dateModified\":\"2026-01-15T23:39:29+00:00\",\"description\":\"Pendule broche de radiesth\u00e9sie howood en bois d'olivier et m\u00e9tal fait main bois noble artisanat local en tournage sur bois \u00e0 Royan pour soin et g\u00e9obiologie\",\"breadcrumb\":{\"@id\":\"https:\\\/\\\/howood.fr\\\/index.php\\\/produit\\\/pendule-broche-en-olivier-metal-radiesthesie-soin-energetique\\\/#breadcrumb\"},\"inLanguage\":\"fr-FR\",\"potentialAction\":[{\"@type\":\"ReadAction\",\"target\":[\"https:\\\/\\\/howood.fr\\\/index.php\\\/produit\\\/pendule-broche-en-olivier-metal-radiesthesie-soin-energetique\\\/\"]}]},{\"@type\":\"ImageObject\",\"inLanguage\":\"fr-FR\",\"@id\":\"https:\\\/\\\/howood.fr\\\/index.php\\\/produit\\\/pendule-broche-en-olivier-metal-radiesthesie-soin-energetique\\\/#primaryimage\",\"url\":\"https:\\\/\\\/howood.fr\\\/wp-content\\\/uploads\\\/2026\\\/01\\\/PB-0126.01-olivier-3.jpg\",\"contentUrl\":\"https:\\\/\\\/howood.fr\\\/wp-content\\\/uploads\\\/2026\\\/01\\\/PB-0126.01-olivier-3.jpg\",\"width\":947,\"height\":1781,\"caption\":\"PB olivier\"},{\"@type\":\"BreadcrumbList\",\"@id\":\"https:\\\/\\\/howood.fr\\\/index.php\\\/produit\\\/pendule-broche-en-olivier-metal-radiesthesie-soin-energetique\\\/#breadcrumb\",\"itemListElement\":[{\"@type\":\"ListItem\",\"position\":1,\"name\":\"Accueil\",\"item\":\"https:\\\/\\\/howood.fr\\\/\"},{\"@type\":\"ListItem\",\"position\":2,\"name\":\"Produits\",\"item\":\"https:\\\/\\\/howood.fr\\\/index.php\\\/shop\\\/\"},{\"@type\":\"ListItem\",\"position\":3,\"name\":\"Pendule de radiesth\u00e9sie olivier et m\u00e9tal\"}]},{\"@type\":\"WebSite\",\"@id\":\"https:\\\/\\\/howood.fr\\\/#website\",\"url\":\"https:\\\/\\\/howood.fr\\\/\",\"name\":\"HoWood\",\"description\":\"pendule de radiesth\u00e9sie Artisanal HoWood\",\"publisher\":{\"@id\":\"https:\\\/\\\/howood.fr\\\/#organization\"},\"potentialAction\":[{\"@type\":\"SearchAction\",\"target\":{\"@type\":\"EntryPoint\",\"urlTemplate\":\"https:\\\/\\\/howood.fr\\\/?s={search_term_string}\"},\"query-input\":{\"@type\":\"PropertyValueSpecification\",\"valueRequired\":true,\"valueName\":\"search_term_string\"}}],\"inLanguage\":\"fr-FR\"},{\"@type\":\"Organization\",\"@id\":\"https:\\\/\\\/howood.fr\\\/#organization\",\"name\":\"HoWood\",\"url\":\"https:\\\/\\\/howood.fr\\\/\",\"logo\":{\"@type\":\"ImageObject\",\"inLanguage\":\"fr-FR\",\"@id\":\"https:\\\/\\\/howood.fr\\\/#\\\/schema\\\/logo\\\/image\\\/\",\"url\":\"https:\\\/\\\/howood.fr\\\/wp-content\\\/uploads\\\/2024\\\/10\\\/logo-HW-150.webp\",\"contentUrl\":\"https:\\\/\\\/howood.fr\\\/wp-content\\\/uploads\\\/2024\\\/10\\\/logo-HW-150.webp\",\"width\":150,\"height\":150,\"caption\":\"HoWood\"},\"image\":{\"@id\":\"https:\\\/\\\/howood.fr\\\/#\\\/schema\\\/logo\\\/image\\\/\"}}]}<\/script>\n<!-- \/ Yoast SEO plugin. -->","yoast_head_json":{"title":"Pendule de radiesth\u00e9sie olivier et m\u00e9tal - HoWood","description":"Pendule broche de radiesth\u00e9sie howood en bois d'olivier et m\u00e9tal fait main bois noble artisanat local en tournage sur bois \u00e0 Royan pour soin et g\u00e9obiologie","robots":{"index":"index","follow":"follow","max-snippet":"max-snippet:-1","max-image-preview":"max-image-preview:large","max-video-preview":"max-video-preview:-1"},"canonical":"https:\/\/howood.fr\/index.php\/produit\/pendule-broche-en-olivier-metal-radiesthesie-soin-energetique\/","og_locale":"fr_FR","og_type":"article","og_title":"Pendule de radiesth\u00e9sie olivier et m\u00e9tal - HoWood","og_description":"Pendule broche de radiesth\u00e9sie howood en bois d'olivier et m\u00e9tal fait main bois noble artisanat local en tournage sur bois \u00e0 Royan pour soin et g\u00e9obiologie","og_url":"https:\/\/howood.fr\/index.php\/produit\/pendule-broche-en-olivier-metal-radiesthesie-soin-energetique\/","og_site_name":"HoWood","article_modified_time":"2026-01-15T23:39:29+00:00","og_image":[{"width":947,"height":1781,"url":"https:\/\/howood.fr\/wp-content\/uploads\/2026\/01\/PB-0126.01-olivier-3.jpg","type":"image\/jpeg"}],"twitter_card":"summary_large_image","twitter_misc":{"Dur\u00e9e de lecture estim\u00e9e":"1 minute"},"schema":{"@context":"https:\/\/schema.org","@graph":[{"@type":"WebPage","@id":"https:\/\/howood.fr\/index.php\/produit\/pendule-broche-en-olivier-metal-radiesthesie-soin-energetique\/","url":"https:\/\/howood.fr\/index.php\/produit\/pendule-broche-en-olivier-metal-radiesthesie-soin-energetique\/","name":"Pendule de radiesth\u00e9sie olivier et m\u00e9tal - HoWood","isPartOf":{"@id":"https:\/\/howood.fr\/#website"},"primaryImageOfPage":{"@id":"https:\/\/howood.fr\/index.php\/produit\/pendule-broche-en-olivier-metal-radiesthesie-soin-energetique\/#primaryimage"},"image":{"@id":"https:\/\/howood.fr\/index.php\/produit\/pendule-broche-en-olivier-metal-radiesthesie-soin-energetique\/#primaryimage"},"thumbnailUrl":"https:\/\/howood.fr\/wp-content\/uploads\/2026\/01\/PB-0126.01-olivier-3.jpg","datePublished":"2026-01-14T21:47:12+00:00","dateModified":"2026-01-15T23:39:29+00:00","description":"Pendule broche de radiesth\u00e9sie howood en bois d'olivier et m\u00e9tal fait main bois noble artisanat local en tournage sur bois \u00e0 Royan pour soin et g\u00e9obiologie","breadcrumb":{"@id":"https:\/\/howood.fr\/index.php\/produit\/pendule-broche-en-olivier-metal-radiesthesie-soin-energetique\/#breadcrumb"},"inLanguage":"fr-FR","potentialAction":[{"@type":"ReadAction","target":["https:\/\/howood.fr\/index.php\/produit\/pendule-broche-en-olivier-metal-radiesthesie-soin-energetique\/"]}]},{"@type":"ImageObject","inLanguage":"fr-FR","@id":"https:\/\/howood.fr\/index.php\/produit\/pendule-broche-en-olivier-metal-radiesthesie-soin-energetique\/#primaryimage","url":"https:\/\/howood.fr\/wp-content\/uploads\/2026\/01\/PB-0126.01-olivier-3.jpg","contentUrl":"https:\/\/howood.fr\/wp-content\/uploads\/2026\/01\/PB-0126.01-olivier-3.jpg","width":947,"height":1781,"caption":"PB olivier"},{"@type":"BreadcrumbList","@id":"https:\/\/howood.fr\/index.php\/produit\/pendule-broche-en-olivier-metal-radiesthesie-soin-energetique\/#breadcrumb","itemListElement":[{"@type":"ListItem","position":1,"name":"Accueil","item":"https:\/\/howood.fr\/"},{"@type":"ListItem","position":2,"name":"Produits","item":"https:\/\/howood.fr\/index.php\/shop\/"},{"@type":"ListItem","position":3,"name":"Pendule de radiesth\u00e9sie olivier et m\u00e9tal"}]},{"@type":"WebSite","@id":"https:\/\/howood.fr\/#website","url":"https:\/\/howood.fr\/","name":"HoWood","description":"pendule de radiesth\u00e9sie Artisanal HoWood","publisher":{"@id":"https:\/\/howood.fr\/#organization"},"potentialAction":[{"@type":"SearchAction","target":{"@type":"EntryPoint","urlTemplate":"https:\/\/howood.fr\/?s={search_term_string}"},"query-input":{"@type":"PropertyValueSpecification","valueRequired":true,"valueName":"search_term_string"}}],"inLanguage":"fr-FR"},{"@type":"Organization","@id":"https:\/\/howood.fr\/#organization","name":"HoWood","url":"https:\/\/howood.fr\/","logo":{"@type":"ImageObject","inLanguage":"fr-FR","@id":"https:\/\/howood.fr\/#\/schema\/logo\/image\/","url":"https:\/\/howood.fr\/wp-content\/uploads\/2024\/10\/logo-HW-150.webp","contentUrl":"https:\/\/howood.fr\/wp-content\/uploads\/2024\/10\/logo-HW-150.webp","width":150,"height":150,"caption":"HoWood"},"image":{"@id":"https:\/\/howood.fr\/#\/schema\/logo\/image\/"}}]}},"_links":{"self":[{"href":"https:\/\/howood.fr\/index.php\/wp-json\/wp\/v2\/product\/3532","targetHints":{"allow":["GET"]}}],"collection":[{"href":"https:\/\/howood.fr\/index.php\/wp-json\/wp\/v2\/product"}],"about":[{"href":"https:\/\/howood.fr\/index.php\/wp-json\/wp\/v2\/types\/product"}],"replies":[{"embeddable":true,"href":"https:\/\/howood.fr\/index.php\/wp-json\/wp\/v2\/comments?post=3532"}],"version-history":[{"count":2,"href":"https:\/\/howood.fr\/index.php\/wp-json\/wp\/v2\/product\/3532\/revisions"}],"predecessor-version":[{"id":3544,"href":"https:\/\/howood.fr\/index.php\/wp-json\/wp\/v2\/product\/3532\/revisions\/3544"}],"wp:featuredmedia":[{"embeddable":true,"href":"https:\/\/howood.fr\/index.php\/wp-json\/wp\/v2\/media\/3517"}],"wp:attachment":[{"href":"https:\/\/howood.fr\/index.php\/wp-json\/wp\/v2\/media?parent=3532"}],"wp:term":[{"taxonomy":"product_brand","embeddable":true,"href":"https:\/\/howood.fr\/index.php\/wp-json\/wp\/v2\/product_brand?post=3532"},{"taxonomy":"product_cat","embeddable":true,"href":"https:\/\/howood.fr\/index.php\/wp-json\/wp\/v2\/product_cat?post=3532"},{"taxonomy":"product_tag","embeddable":true,"href":"https:\/\/howood.fr\/index.php\/wp-json\/wp\/v2\/product_tag?post=3532"}],"curies":[{"name":"wp","href":"https:\/\/api.w.org\/{rel}","templated":true}]}}