{"id":3542,"date":"2026-01-14T23:30:16","date_gmt":"2026-01-14T22:30:16","guid":{"rendered":"https:\/\/howood.fr\/?post_type=product&#038;p=3542"},"modified":"2026-03-02T19:25:04","modified_gmt":"2026-03-02T18:25:04","slug":"pendule-en-bois-metal-radiesthesie-moderne-soin-energetique-howood-geobiologie-radionique-onde-electrique-15","status":"publish","type":"product","link":"https:\/\/howood.fr\/index.php\/produit\/pendule-en-bois-metal-radiesthesie-moderne-soin-energetique-howood-geobiologie-radionique-onde-electrique-15\/","title":{"rendered":"Pendule Radiesth\u00e9sie Moderne en Olivier"},"content":{"rendered":"<p align=\"left\"><span style=\"font-family: Comic Sans MS, serif;\">Pendule de Radiesth\u00e9sie Moderne bois d&rsquo;OLIVIER du Sud de la France EZE (06) &#8211; M\u00e9tal<\/span><\/p>\n<p align=\"left\"><span style=\"font-family: Comic Sans MS, serif;\">D\u00e9di\u00e9 aux soins \u00e9nerg\u00e9tiques, \u00e0 la g\u00e9obiologie ce pendule capte les ondes magn\u00e9tiques et les ondes \u00e9lectriques gr\u00e2ce \u00e0 sa mati\u00e8re m\u00e9tallique inoxydable et sa forme. <\/span><\/p>\n<p align=\"left\"><span style=\"font-family: Comic Sans MS, serif;\"><b>Mesures \u00e0 quelques variables pr\u00e8s <\/b><\/span><\/p>\n<ul>\n<li>\n<p align=\"left\"><span style=\"font-family: Comic Sans MS, serif;\">Hauteur : 7 cm<\/span><\/p>\n<\/li>\n<li>\n<p align=\"left\"><span style=\"font-family: Comic Sans MS, serif;\">Largeur maxi : 2,3 cm<\/span><\/p>\n<\/li>\n<li>\n<p align=\"left\"><span style=\"font-family: Comic Sans MS, serif;\">Poids : 15,89 gr<\/span><\/p>\n<\/li>\n<li>\n<p align=\"left\"><span style=\"font-family: Comic Sans MS, serif;\">Cha\u00eene<\/span><span style=\"font-family: Comic Sans MS, serif;\">tte<\/span><span style=\"font-family: Comic Sans MS, serif;\"> : Cordon + perle c\u00e9ramique vert 19 cm<\/span><\/p>\n<\/li>\n<li>\n<p align=\"left\"><span style=\"font-family: Comic Sans MS, serif;\">Finition\u00a0: Cire de Carnauba (cire extraite des feuilles de palmier carnauba)<\/span><\/p>\n<\/li>\n<\/ul>\n<p align=\"left\"><span style=\"font-family: Comic Sans MS, serif;\"><b>Livraison<\/b><\/span><\/p>\n<ul>\n<li>\n<p align=\"left\"><span style=\"font-family: Comic Sans MS, serif;\">Frais de livraison offert pour un envoi en France M\u00e9tropolitaine (courrier suivi) &#8211; <\/span><span style=\"font-family: Comic Sans MS, serif;\">Frais de livraison pour les envois vers l&rsquo;Europe<\/span><\/p>\n<\/li>\n<li>\n<p align=\"left\"><span style=\"font-family: Comic Sans MS, serif;\">Si besoin, vous pouvez me contacter par mail ou me t\u00e9l\u00e9phoner avant de valider votre achat dans le panier. Je r\u00e9pondrai \u00e0 vos questions avec plaisir.<\/span><\/p>\n<\/li>\n<\/ul>\n","protected":false},"excerpt":{"rendered":"<p>Pendule de Radiesth\u00e9sie Moderne bois d&rsquo;OLIVIER du Sud de la France EZE (06) &#8211; M\u00e9tal D\u00e9di\u00e9 aux soins \u00e9nerg\u00e9tiques, \u00e0 la g\u00e9obiologie ce pendule capte les ondes magn\u00e9tiques et les ondes \u00e9lectriques gr\u00e2ce \u00e0 sa mati\u00e8re m\u00e9tallique inoxydable et sa forme. Mesures \u00e0 quelques variables pr\u00e8s Hauteur : 7 cm Largeur maxi : 2,3 cm [&hellip;]<\/p>\n","protected":false},"featured_media":3670,"comment_status":"closed","ping_status":"closed","template":"","meta":[],"product_brand":[],"product_cat":[44],"product_tag":[101,59],"class_list":{"0":"post-3542","1":"product","2":"type-product","3":"status-publish","4":"has-post-thumbnail","6":"product_cat-vendu-pendule-stylo-bille-plume-bois-fait-main-royan","7":"product_tag-moderne","8":"product_tag-olivier","9":"product_shipping_class-pendules-colliers-porte-cles-stylo-a-bille-stylo-a-plume","11":"first","12":"outofstock","13":"product-type-simple"},"yoast_head":"<!-- This site is optimized with the Yoast SEO plugin v27.3 - https:\/\/yoast.com\/product\/yoast-seo-wordpress\/ -->\n<title>Pendule Radiesth\u00e9sie Moderne en Olivier - HoWood<\/title>\n<meta name=\"description\" content=\"Pendule de radiesth\u00e9sie moderne bois d&#039;olivier et m\u00e9tal pour la radiesth\u00e9sie moderne, g\u00e9obiologie, soins \u00e9nerg\u00e9tiques capte ondes \u00e9lectriques et magn\u00e9tiques\" \/>\n<meta name=\"robots\" content=\"index, follow, max-snippet:-1, max-image-preview:large, max-video-preview:-1\" \/>\n<link rel=\"canonical\" href=\"https:\/\/howood.fr\/index.php\/produit\/pendule-en-bois-metal-radiesthesie-moderne-soin-energetique-howood-geobiologie-radionique-onde-electrique-15\/\" \/>\n<meta property=\"og:locale\" content=\"fr_FR\" \/>\n<meta property=\"og:type\" content=\"article\" \/>\n<meta property=\"og:title\" content=\"Pendule Radiesth\u00e9sie Moderne en Olivier - HoWood\" \/>\n<meta property=\"og:description\" content=\"Pendule de radiesth\u00e9sie moderne bois d&#039;olivier et m\u00e9tal pour la radiesth\u00e9sie moderne, g\u00e9obiologie, soins \u00e9nerg\u00e9tiques capte ondes \u00e9lectriques et magn\u00e9tiques\" \/>\n<meta property=\"og:url\" content=\"https:\/\/howood.fr\/index.php\/produit\/pendule-en-bois-metal-radiesthesie-moderne-soin-energetique-howood-geobiologie-radionique-onde-electrique-15\/\" \/>\n<meta property=\"og:site_name\" content=\"HoWood\" \/>\n<meta property=\"article:modified_time\" content=\"2026-03-02T18:25:04+00:00\" \/>\n<meta property=\"og:image\" content=\"https:\/\/howood.fr\/wp-content\/uploads\/2026\/01\/RM-0126.18-olivier-42e-3.jpg\" \/>\n\t<meta property=\"og:image:width\" content=\"1260\" \/>\n\t<meta property=\"og:image:height\" content=\"1683\" \/>\n\t<meta property=\"og:image:type\" content=\"image\/jpeg\" \/>\n<meta name=\"twitter:card\" content=\"summary_large_image\" \/>\n<meta name=\"twitter:label1\" content=\"Dur\u00e9e de lecture estim\u00e9e\" \/>\n\t<meta name=\"twitter:data1\" content=\"1 minute\" \/>\n<script type=\"application\/ld+json\" class=\"yoast-schema-graph\">{\"@context\":\"https:\\\/\\\/schema.org\",\"@graph\":[{\"@type\":\"WebPage\",\"@id\":\"https:\\\/\\\/howood.fr\\\/index.php\\\/produit\\\/pendule-en-bois-metal-radiesthesie-moderne-soin-energetique-howood-geobiologie-radionique-onde-electrique-15\\\/\",\"url\":\"https:\\\/\\\/howood.fr\\\/index.php\\\/produit\\\/pendule-en-bois-metal-radiesthesie-moderne-soin-energetique-howood-geobiologie-radionique-onde-electrique-15\\\/\",\"name\":\"Pendule Radiesth\u00e9sie Moderne en Olivier - HoWood\",\"isPartOf\":{\"@id\":\"https:\\\/\\\/howood.fr\\\/#website\"},\"primaryImageOfPage\":{\"@id\":\"https:\\\/\\\/howood.fr\\\/index.php\\\/produit\\\/pendule-en-bois-metal-radiesthesie-moderne-soin-energetique-howood-geobiologie-radionique-onde-electrique-15\\\/#primaryimage\"},\"image\":{\"@id\":\"https:\\\/\\\/howood.fr\\\/index.php\\\/produit\\\/pendule-en-bois-metal-radiesthesie-moderne-soin-energetique-howood-geobiologie-radionique-onde-electrique-15\\\/#primaryimage\"},\"thumbnailUrl\":\"https:\\\/\\\/howood.fr\\\/wp-content\\\/uploads\\\/2026\\\/01\\\/RM-0126.18-olivier-42e-3.jpg\",\"datePublished\":\"2026-01-14T22:30:16+00:00\",\"dateModified\":\"2026-03-02T18:25:04+00:00\",\"description\":\"Pendule de radiesth\u00e9sie moderne bois d'olivier et m\u00e9tal pour la radiesth\u00e9sie moderne, g\u00e9obiologie, soins \u00e9nerg\u00e9tiques capte ondes \u00e9lectriques et magn\u00e9tiques\",\"breadcrumb\":{\"@id\":\"https:\\\/\\\/howood.fr\\\/index.php\\\/produit\\\/pendule-en-bois-metal-radiesthesie-moderne-soin-energetique-howood-geobiologie-radionique-onde-electrique-15\\\/#breadcrumb\"},\"inLanguage\":\"fr-FR\",\"potentialAction\":[{\"@type\":\"ReadAction\",\"target\":[\"https:\\\/\\\/howood.fr\\\/index.php\\\/produit\\\/pendule-en-bois-metal-radiesthesie-moderne-soin-energetique-howood-geobiologie-radionique-onde-electrique-15\\\/\"]}]},{\"@type\":\"ImageObject\",\"inLanguage\":\"fr-FR\",\"@id\":\"https:\\\/\\\/howood.fr\\\/index.php\\\/produit\\\/pendule-en-bois-metal-radiesthesie-moderne-soin-energetique-howood-geobiologie-radionique-onde-electrique-15\\\/#primaryimage\",\"url\":\"https:\\\/\\\/howood.fr\\\/wp-content\\\/uploads\\\/2026\\\/01\\\/RM-0126.18-olivier-42e-3.jpg\",\"contentUrl\":\"https:\\\/\\\/howood.fr\\\/wp-content\\\/uploads\\\/2026\\\/01\\\/RM-0126.18-olivier-42e-3.jpg\",\"width\":1260,\"height\":1683,\"caption\":\"RM olivier\"},{\"@type\":\"BreadcrumbList\",\"@id\":\"https:\\\/\\\/howood.fr\\\/index.php\\\/produit\\\/pendule-en-bois-metal-radiesthesie-moderne-soin-energetique-howood-geobiologie-radionique-onde-electrique-15\\\/#breadcrumb\",\"itemListElement\":[{\"@type\":\"ListItem\",\"position\":1,\"name\":\"Accueil\",\"item\":\"https:\\\/\\\/howood.fr\\\/\"},{\"@type\":\"ListItem\",\"position\":2,\"name\":\"Produits\",\"item\":\"https:\\\/\\\/howood.fr\\\/index.php\\\/shop\\\/\"},{\"@type\":\"ListItem\",\"position\":3,\"name\":\"Pendule Radiesth\u00e9sie Moderne en Olivier\"}]},{\"@type\":\"WebSite\",\"@id\":\"https:\\\/\\\/howood.fr\\\/#website\",\"url\":\"https:\\\/\\\/howood.fr\\\/\",\"name\":\"HoWood\",\"description\":\"pendule de radiesth\u00e9sie Artisanal HoWood\",\"publisher\":{\"@id\":\"https:\\\/\\\/howood.fr\\\/#organization\"},\"potentialAction\":[{\"@type\":\"SearchAction\",\"target\":{\"@type\":\"EntryPoint\",\"urlTemplate\":\"https:\\\/\\\/howood.fr\\\/?s={search_term_string}\"},\"query-input\":{\"@type\":\"PropertyValueSpecification\",\"valueRequired\":true,\"valueName\":\"search_term_string\"}}],\"inLanguage\":\"fr-FR\"},{\"@type\":\"Organization\",\"@id\":\"https:\\\/\\\/howood.fr\\\/#organization\",\"name\":\"HoWood\",\"url\":\"https:\\\/\\\/howood.fr\\\/\",\"logo\":{\"@type\":\"ImageObject\",\"inLanguage\":\"fr-FR\",\"@id\":\"https:\\\/\\\/howood.fr\\\/#\\\/schema\\\/logo\\\/image\\\/\",\"url\":\"https:\\\/\\\/howood.fr\\\/wp-content\\\/uploads\\\/2024\\\/10\\\/logo-HW-150.webp\",\"contentUrl\":\"https:\\\/\\\/howood.fr\\\/wp-content\\\/uploads\\\/2024\\\/10\\\/logo-HW-150.webp\",\"width\":150,\"height\":150,\"caption\":\"HoWood\"},\"image\":{\"@id\":\"https:\\\/\\\/howood.fr\\\/#\\\/schema\\\/logo\\\/image\\\/\"}}]}<\/script>\n<!-- \/ Yoast SEO plugin. -->","yoast_head_json":{"title":"Pendule Radiesth\u00e9sie Moderne en Olivier - HoWood","description":"Pendule de radiesth\u00e9sie moderne bois d'olivier et m\u00e9tal pour la radiesth\u00e9sie moderne, g\u00e9obiologie, soins \u00e9nerg\u00e9tiques capte ondes \u00e9lectriques et magn\u00e9tiques","robots":{"index":"index","follow":"follow","max-snippet":"max-snippet:-1","max-image-preview":"max-image-preview:large","max-video-preview":"max-video-preview:-1"},"canonical":"https:\/\/howood.fr\/index.php\/produit\/pendule-en-bois-metal-radiesthesie-moderne-soin-energetique-howood-geobiologie-radionique-onde-electrique-15\/","og_locale":"fr_FR","og_type":"article","og_title":"Pendule Radiesth\u00e9sie Moderne en Olivier - HoWood","og_description":"Pendule de radiesth\u00e9sie moderne bois d'olivier et m\u00e9tal pour la radiesth\u00e9sie moderne, g\u00e9obiologie, soins \u00e9nerg\u00e9tiques capte ondes \u00e9lectriques et magn\u00e9tiques","og_url":"https:\/\/howood.fr\/index.php\/produit\/pendule-en-bois-metal-radiesthesie-moderne-soin-energetique-howood-geobiologie-radionique-onde-electrique-15\/","og_site_name":"HoWood","article_modified_time":"2026-03-02T18:25:04+00:00","og_image":[{"width":1260,"height":1683,"url":"https:\/\/howood.fr\/wp-content\/uploads\/2026\/01\/RM-0126.18-olivier-42e-3.jpg","type":"image\/jpeg"}],"twitter_card":"summary_large_image","twitter_misc":{"Dur\u00e9e de lecture estim\u00e9e":"1 minute"},"schema":{"@context":"https:\/\/schema.org","@graph":[{"@type":"WebPage","@id":"https:\/\/howood.fr\/index.php\/produit\/pendule-en-bois-metal-radiesthesie-moderne-soin-energetique-howood-geobiologie-radionique-onde-electrique-15\/","url":"https:\/\/howood.fr\/index.php\/produit\/pendule-en-bois-metal-radiesthesie-moderne-soin-energetique-howood-geobiologie-radionique-onde-electrique-15\/","name":"Pendule Radiesth\u00e9sie Moderne en Olivier - HoWood","isPartOf":{"@id":"https:\/\/howood.fr\/#website"},"primaryImageOfPage":{"@id":"https:\/\/howood.fr\/index.php\/produit\/pendule-en-bois-metal-radiesthesie-moderne-soin-energetique-howood-geobiologie-radionique-onde-electrique-15\/#primaryimage"},"image":{"@id":"https:\/\/howood.fr\/index.php\/produit\/pendule-en-bois-metal-radiesthesie-moderne-soin-energetique-howood-geobiologie-radionique-onde-electrique-15\/#primaryimage"},"thumbnailUrl":"https:\/\/howood.fr\/wp-content\/uploads\/2026\/01\/RM-0126.18-olivier-42e-3.jpg","datePublished":"2026-01-14T22:30:16+00:00","dateModified":"2026-03-02T18:25:04+00:00","description":"Pendule de radiesth\u00e9sie moderne bois d'olivier et m\u00e9tal pour la radiesth\u00e9sie moderne, g\u00e9obiologie, soins \u00e9nerg\u00e9tiques capte ondes \u00e9lectriques et magn\u00e9tiques","breadcrumb":{"@id":"https:\/\/howood.fr\/index.php\/produit\/pendule-en-bois-metal-radiesthesie-moderne-soin-energetique-howood-geobiologie-radionique-onde-electrique-15\/#breadcrumb"},"inLanguage":"fr-FR","potentialAction":[{"@type":"ReadAction","target":["https:\/\/howood.fr\/index.php\/produit\/pendule-en-bois-metal-radiesthesie-moderne-soin-energetique-howood-geobiologie-radionique-onde-electrique-15\/"]}]},{"@type":"ImageObject","inLanguage":"fr-FR","@id":"https:\/\/howood.fr\/index.php\/produit\/pendule-en-bois-metal-radiesthesie-moderne-soin-energetique-howood-geobiologie-radionique-onde-electrique-15\/#primaryimage","url":"https:\/\/howood.fr\/wp-content\/uploads\/2026\/01\/RM-0126.18-olivier-42e-3.jpg","contentUrl":"https:\/\/howood.fr\/wp-content\/uploads\/2026\/01\/RM-0126.18-olivier-42e-3.jpg","width":1260,"height":1683,"caption":"RM olivier"},{"@type":"BreadcrumbList","@id":"https:\/\/howood.fr\/index.php\/produit\/pendule-en-bois-metal-radiesthesie-moderne-soin-energetique-howood-geobiologie-radionique-onde-electrique-15\/#breadcrumb","itemListElement":[{"@type":"ListItem","position":1,"name":"Accueil","item":"https:\/\/howood.fr\/"},{"@type":"ListItem","position":2,"name":"Produits","item":"https:\/\/howood.fr\/index.php\/shop\/"},{"@type":"ListItem","position":3,"name":"Pendule Radiesth\u00e9sie Moderne en Olivier"}]},{"@type":"WebSite","@id":"https:\/\/howood.fr\/#website","url":"https:\/\/howood.fr\/","name":"HoWood","description":"pendule de radiesth\u00e9sie Artisanal HoWood","publisher":{"@id":"https:\/\/howood.fr\/#organization"},"potentialAction":[{"@type":"SearchAction","target":{"@type":"EntryPoint","urlTemplate":"https:\/\/howood.fr\/?s={search_term_string}"},"query-input":{"@type":"PropertyValueSpecification","valueRequired":true,"valueName":"search_term_string"}}],"inLanguage":"fr-FR"},{"@type":"Organization","@id":"https:\/\/howood.fr\/#organization","name":"HoWood","url":"https:\/\/howood.fr\/","logo":{"@type":"ImageObject","inLanguage":"fr-FR","@id":"https:\/\/howood.fr\/#\/schema\/logo\/image\/","url":"https:\/\/howood.fr\/wp-content\/uploads\/2024\/10\/logo-HW-150.webp","contentUrl":"https:\/\/howood.fr\/wp-content\/uploads\/2024\/10\/logo-HW-150.webp","width":150,"height":150,"caption":"HoWood"},"image":{"@id":"https:\/\/howood.fr\/#\/schema\/logo\/image\/"}}]}},"_links":{"self":[{"href":"https:\/\/howood.fr\/index.php\/wp-json\/wp\/v2\/product\/3542","targetHints":{"allow":["GET"]}}],"collection":[{"href":"https:\/\/howood.fr\/index.php\/wp-json\/wp\/v2\/product"}],"about":[{"href":"https:\/\/howood.fr\/index.php\/wp-json\/wp\/v2\/types\/product"}],"replies":[{"embeddable":true,"href":"https:\/\/howood.fr\/index.php\/wp-json\/wp\/v2\/comments?post=3542"}],"version-history":[{"count":4,"href":"https:\/\/howood.fr\/index.php\/wp-json\/wp\/v2\/product\/3542\/revisions"}],"predecessor-version":[{"id":3673,"href":"https:\/\/howood.fr\/index.php\/wp-json\/wp\/v2\/product\/3542\/revisions\/3673"}],"wp:featuredmedia":[{"embeddable":true,"href":"https:\/\/howood.fr\/index.php\/wp-json\/wp\/v2\/media\/3670"}],"wp:attachment":[{"href":"https:\/\/howood.fr\/index.php\/wp-json\/wp\/v2\/media?parent=3542"}],"wp:term":[{"taxonomy":"product_brand","embeddable":true,"href":"https:\/\/howood.fr\/index.php\/wp-json\/wp\/v2\/product_brand?post=3542"},{"taxonomy":"product_cat","embeddable":true,"href":"https:\/\/howood.fr\/index.php\/wp-json\/wp\/v2\/product_cat?post=3542"},{"taxonomy":"product_tag","embeddable":true,"href":"https:\/\/howood.fr\/index.php\/wp-json\/wp\/v2\/product_tag?post=3542"}],"curies":[{"name":"wp","href":"https:\/\/api.w.org\/{rel}","templated":true}]}}