{"id":3628,"date":"2026-01-21T14:21:35","date_gmt":"2026-01-21T13:21:35","guid":{"rendered":"https:\/\/howood.fr\/?post_type=product&#038;p=3628"},"modified":"2026-04-29T19:16:00","modified_gmt":"2026-04-29T17:16:00","slug":"pendule-radiesthesie-catalyseur-en-bois-dabricotier-corinne-ligeard-baguette-sourcier-divinatoire-4","status":"publish","type":"product","link":"https:\/\/howood.fr\/index.php\/produit\/pendule-radiesthesie-catalyseur-en-bois-dabricotier-corinne-ligeard-baguette-sourcier-divinatoire-4\/","title":{"rendered":"Pendule de radiesth\u00e9sie Abricotier (Olade)"},"content":{"rendered":"<p align=\"left\"><span style=\"font-family: Comic Sans MS, serif;\"><span style=\"font-size: large;\"><b>Pendule artisanal de radiesth\u00e9sie en Abricotier de l&rsquo;arbre tomb\u00e9\u00a0<\/b><\/span><\/span><\/p>\n<p align=\"left\">Lorsque j&rsquo;ai tourn\u00e9 ce pendule il m&rsquo;a inspir\u00e9 un texte qui parlera peut-\u00eatre \u00e0 quelqu&rsquo;un :<\/p>\n<div><em>&#8211; \u00ab\u00a0Mon tronc s&rsquo;est fendu en deux comme pour se s\u00e9parer volontairement &#8211; cette d\u00e9chirure en moi jouerai le r\u00f4le d&rsquo;un pansement dont les extr\u00e9mit\u00e9s suturerai la<\/em> <em>blessure d&rsquo;origine. Celle qui me s\u00e9pare de ma terre natale m&rsquo;a toutefois permis un grand \u00e9cart entre la terre de mes anc\u00eatres et ma terre d&rsquo;accueil. Cette amplitude n&rsquo;a fait qu&rsquo;accentuer l\u2019\u00e9cart\u00e8lement en moi-m\u00eame.\u00a0<\/em><\/div>\n<div><em>Alors je tourne en rond sur place dans l&rsquo;illusion de s\u00e9paration o\u00f9 la col\u00e8re et la tristesse continuent de me d\u00e9finir me sentant seul.e, exclue, incompris.e, imposteur&#8230;<\/em><\/div>\n<div><em>Jusqu&rsquo;\u00e0 ce que je traverse le jardin d&rsquo;\u00e0 c\u00f4t\u00e9 et les barri\u00e8res et les cl\u00f4tures s&rsquo;effac\u00e8rent pour une seule terre de toutes les terres confondues.\u00a0<\/em><\/div>\n<div><em>Je n&rsquo;ai donc pas \u00e0 choisir.\u00a0<\/em><\/div>\n<div><em>Je suis l\u00e9gitime cette terre est la mienne la tienne et celle de ceux qui \u00e9taient l\u00e0 avant moi et qui seront l\u00e0 apr\u00e8s moi. C&rsquo;est notre Terre.<\/em><\/div>\n<div><em>Ma vibration s&rsquo;accorde avec elle. A ses c\u00f4t\u00e9s je retrouve mon axe. Ma fr\u00e9quence r\u00e9sonne jusqu&rsquo;aux portes des anc\u00eatres les plus lointains. Je reprends racine.<\/em><\/div>\n<div><em>Je m&rsquo;appelle <strong><mark class=\"marked\">OLADE<\/mark><\/strong> et dans cette verticalit\u00e9 il n&rsquo;y a aucune s\u00e9paration\u00a0\u00bb.<\/em><\/div>\n<p align=\"left\"><span style=\"font-family: Comic Sans MS, serif;\"><b>Mesures \u00e0 quelques variables pr\u00e8s <\/b><\/span><\/p>\n<ul>\n<li>\n<p align=\"left\"><span style=\"font-family: Comic Sans MS, serif;\">Hauteur : 4cm<\/span><\/p>\n<\/li>\n<li>\n<p align=\"left\"><span style=\"font-family: Comic Sans MS, serif;\">Largeur maxi : 3,5cm<\/span><\/p>\n<\/li>\n<li>\n<p align=\"left\"><span style=\"font-family: Comic Sans MS, serif;\">Poids : 17,17gr<\/span><\/p>\n<\/li>\n<li>\n<p align=\"left\"><span style=\"font-family: Comic Sans MS, serif;\">Cha\u00eene<\/span><span style=\"font-family: Comic Sans MS, serif;\">tte<\/span><span style=\"font-family: Comic Sans MS, serif;\"> : Acier marron 19 cm<\/span><\/p>\n<\/li>\n<li>\n<p align=\"left\"><span style=\"font-family: Comic Sans MS, serif;\">Finition\u00a0: Cire de Carnauba (cire extraite des feuilles de palmier carnauba)<\/span><\/p>\n<\/li>\n<\/ul>\n<p align=\"left\"><span style=\"font-family: Comic Sans MS, serif;\"><b>Livraison<\/b><\/span><\/p>\n<ul>\n<li>\n<p align=\"left\"><span style=\"font-family: Comic Sans MS, serif;\">Frais de livraison offert pour un envoi en France M\u00e9tropolitaine (courrier suivi) <\/span><span style=\"font-family: Comic Sans MS, serif;\">Frais de livraison pour les envois vers l&rsquo;Europe<\/span><\/p>\n<\/li>\n<li>\n<p align=\"left\"><span style=\"font-family: Comic Sans MS, serif;\">Si besoin, vous pouvez me contacter par mail ou me t\u00e9l\u00e9phoner avant de valider votre achat dans le panier. Je r\u00e9pondrai \u00e0 vos questions avec plaisir.<\/span><\/p>\n<\/li>\n<\/ul>\n","protected":false},"excerpt":{"rendered":"<p>Pendule artisanal de radiesth\u00e9sie en Abricotier de l&rsquo;arbre tomb\u00e9\u00a0 Lorsque j&rsquo;ai tourn\u00e9 ce pendule il m&rsquo;a inspir\u00e9 un texte qui parlera peut-\u00eatre \u00e0 quelqu&rsquo;un : &#8211; \u00ab\u00a0Mon tronc s&rsquo;est fendu en deux comme pour se s\u00e9parer volontairement &#8211; cette d\u00e9chirure en moi jouerai le r\u00f4le d&rsquo;un pansement dont les extr\u00e9mit\u00e9s suturerai la blessure d&rsquo;origine. Celle [&hellip;]<\/p>\n","protected":false},"featured_media":3626,"template":"","meta":[],"product_brand":[],"product_cat":[44],"product_tag":[36,71],"class_list":{"0":"post-3628","1":"product","2":"type-product","3":"status-publish","4":"has-post-thumbnail","6":"product_cat-vendu-pendule-stylo-bille-plume-bois-fait-main-royan","7":"product_tag-abricotier","8":"product_tag-geobiologie","9":"product_shipping_class-pendules-colliers-porte-cles-stylo-a-bille-stylo-a-plume","11":"first","12":"outofstock","13":"product-type-simple"},"yoast_head":"<!-- This site is optimized with the Yoast SEO plugin v27.5 - https:\/\/yoast.com\/product\/yoast-seo-wordpress\/ -->\n<title>Pendule de radiesth\u00e9sie Abricotier (Olade) - HoWood<\/title>\n<meta name=\"description\" content=\"Pendule de radiesth\u00e9sie howood en bois d&#039;if et m\u00e9tal fait main bois noble artisanat local en tournage sur bois \u00e0 Royan pour soin et g\u00e9obiologie\" \/>\n<meta name=\"robots\" content=\"index, follow, max-snippet:-1, max-image-preview:large, max-video-preview:-1\" \/>\n<link rel=\"canonical\" href=\"https:\/\/howood.fr\/index.php\/produit\/pendule-radiesthesie-catalyseur-en-bois-dabricotier-corinne-ligeard-baguette-sourcier-divinatoire-4\/\" \/>\n<meta property=\"og:locale\" content=\"fr_FR\" \/>\n<meta property=\"og:type\" content=\"article\" \/>\n<meta property=\"og:title\" content=\"Pendule de radiesth\u00e9sie Abricotier (Olade) - HoWood\" \/>\n<meta property=\"og:description\" content=\"Pendule de radiesth\u00e9sie howood en bois d&#039;if et m\u00e9tal fait main bois noble artisanat local en tournage sur bois \u00e0 Royan pour soin et g\u00e9obiologie\" \/>\n<meta property=\"og:url\" content=\"https:\/\/howood.fr\/index.php\/produit\/pendule-radiesthesie-catalyseur-en-bois-dabricotier-corinne-ligeard-baguette-sourcier-divinatoire-4\/\" \/>\n<meta property=\"og:site_name\" content=\"HoWood\" \/>\n<meta property=\"article:modified_time\" content=\"2026-04-29T17:16:00+00:00\" \/>\n<meta property=\"og:image\" content=\"https:\/\/howood.fr\/wp-content\/uploads\/2026\/01\/0126.18-Olade-abricot-3.jpg\" \/>\n\t<meta property=\"og:image:width\" content=\"1209\" \/>\n\t<meta property=\"og:image:height\" content=\"1801\" \/>\n\t<meta property=\"og:image:type\" content=\"image\/jpeg\" \/>\n<meta name=\"twitter:card\" content=\"summary_large_image\" \/>\n<meta name=\"twitter:label1\" content=\"Dur\u00e9e de lecture estim\u00e9e\" \/>\n\t<meta name=\"twitter:data1\" content=\"2 minutes\" \/>\n<script type=\"application\/ld+json\" class=\"yoast-schema-graph\">{\"@context\":\"https:\\\/\\\/schema.org\",\"@graph\":[{\"@type\":\"WebPage\",\"@id\":\"https:\\\/\\\/howood.fr\\\/index.php\\\/produit\\\/pendule-radiesthesie-catalyseur-en-bois-dabricotier-corinne-ligeard-baguette-sourcier-divinatoire-4\\\/\",\"url\":\"https:\\\/\\\/howood.fr\\\/index.php\\\/produit\\\/pendule-radiesthesie-catalyseur-en-bois-dabricotier-corinne-ligeard-baguette-sourcier-divinatoire-4\\\/\",\"name\":\"Pendule de radiesth\u00e9sie Abricotier (Olade) - HoWood\",\"isPartOf\":{\"@id\":\"https:\\\/\\\/howood.fr\\\/#website\"},\"primaryImageOfPage\":{\"@id\":\"https:\\\/\\\/howood.fr\\\/index.php\\\/produit\\\/pendule-radiesthesie-catalyseur-en-bois-dabricotier-corinne-ligeard-baguette-sourcier-divinatoire-4\\\/#primaryimage\"},\"image\":{\"@id\":\"https:\\\/\\\/howood.fr\\\/index.php\\\/produit\\\/pendule-radiesthesie-catalyseur-en-bois-dabricotier-corinne-ligeard-baguette-sourcier-divinatoire-4\\\/#primaryimage\"},\"thumbnailUrl\":\"https:\\\/\\\/howood.fr\\\/wp-content\\\/uploads\\\/2026\\\/01\\\/0126.18-Olade-abricot-3.jpg\",\"datePublished\":\"2026-01-21T13:21:35+00:00\",\"dateModified\":\"2026-04-29T17:16:00+00:00\",\"description\":\"Pendule de radiesth\u00e9sie howood en bois d'if et m\u00e9tal fait main bois noble artisanat local en tournage sur bois \u00e0 Royan pour soin et g\u00e9obiologie\",\"breadcrumb\":{\"@id\":\"https:\\\/\\\/howood.fr\\\/index.php\\\/produit\\\/pendule-radiesthesie-catalyseur-en-bois-dabricotier-corinne-ligeard-baguette-sourcier-divinatoire-4\\\/#breadcrumb\"},\"inLanguage\":\"fr-FR\",\"potentialAction\":[{\"@type\":\"ReadAction\",\"target\":[\"https:\\\/\\\/howood.fr\\\/index.php\\\/produit\\\/pendule-radiesthesie-catalyseur-en-bois-dabricotier-corinne-ligeard-baguette-sourcier-divinatoire-4\\\/\"]}]},{\"@type\":\"ImageObject\",\"inLanguage\":\"fr-FR\",\"@id\":\"https:\\\/\\\/howood.fr\\\/index.php\\\/produit\\\/pendule-radiesthesie-catalyseur-en-bois-dabricotier-corinne-ligeard-baguette-sourcier-divinatoire-4\\\/#primaryimage\",\"url\":\"https:\\\/\\\/howood.fr\\\/wp-content\\\/uploads\\\/2026\\\/01\\\/0126.18-Olade-abricot-3.jpg\",\"contentUrl\":\"https:\\\/\\\/howood.fr\\\/wp-content\\\/uploads\\\/2026\\\/01\\\/0126.18-Olade-abricot-3.jpg\",\"width\":1209,\"height\":1801,\"caption\":\"abricotier Olade\"},{\"@type\":\"BreadcrumbList\",\"@id\":\"https:\\\/\\\/howood.fr\\\/index.php\\\/produit\\\/pendule-radiesthesie-catalyseur-en-bois-dabricotier-corinne-ligeard-baguette-sourcier-divinatoire-4\\\/#breadcrumb\",\"itemListElement\":[{\"@type\":\"ListItem\",\"position\":1,\"name\":\"Accueil\",\"item\":\"https:\\\/\\\/howood.fr\\\/\"},{\"@type\":\"ListItem\",\"position\":2,\"name\":\"Produits\",\"item\":\"https:\\\/\\\/howood.fr\\\/index.php\\\/shop\\\/\"},{\"@type\":\"ListItem\",\"position\":3,\"name\":\"Pendule de radiesth\u00e9sie Abricotier (Olade)\"}]},{\"@type\":\"WebSite\",\"@id\":\"https:\\\/\\\/howood.fr\\\/#website\",\"url\":\"https:\\\/\\\/howood.fr\\\/\",\"name\":\"HoWood\",\"description\":\"pendule de radiesth\u00e9sie Artisanal HoWood\",\"publisher\":{\"@id\":\"https:\\\/\\\/howood.fr\\\/#organization\"},\"potentialAction\":[{\"@type\":\"SearchAction\",\"target\":{\"@type\":\"EntryPoint\",\"urlTemplate\":\"https:\\\/\\\/howood.fr\\\/?s={search_term_string}\"},\"query-input\":{\"@type\":\"PropertyValueSpecification\",\"valueRequired\":true,\"valueName\":\"search_term_string\"}}],\"inLanguage\":\"fr-FR\"},{\"@type\":\"Organization\",\"@id\":\"https:\\\/\\\/howood.fr\\\/#organization\",\"name\":\"HoWood\",\"url\":\"https:\\\/\\\/howood.fr\\\/\",\"logo\":{\"@type\":\"ImageObject\",\"inLanguage\":\"fr-FR\",\"@id\":\"https:\\\/\\\/howood.fr\\\/#\\\/schema\\\/logo\\\/image\\\/\",\"url\":\"https:\\\/\\\/howood.fr\\\/wp-content\\\/uploads\\\/2024\\\/10\\\/logo-HW-150.webp\",\"contentUrl\":\"https:\\\/\\\/howood.fr\\\/wp-content\\\/uploads\\\/2024\\\/10\\\/logo-HW-150.webp\",\"width\":150,\"height\":150,\"caption\":\"HoWood\"},\"image\":{\"@id\":\"https:\\\/\\\/howood.fr\\\/#\\\/schema\\\/logo\\\/image\\\/\"}}]}<\/script>\n<!-- \/ Yoast SEO plugin. -->","yoast_head_json":{"title":"Pendule de radiesth\u00e9sie Abricotier (Olade) - HoWood","description":"Pendule de radiesth\u00e9sie howood en bois d'if et m\u00e9tal fait main bois noble artisanat local en tournage sur bois \u00e0 Royan pour soin et g\u00e9obiologie","robots":{"index":"index","follow":"follow","max-snippet":"max-snippet:-1","max-image-preview":"max-image-preview:large","max-video-preview":"max-video-preview:-1"},"canonical":"https:\/\/howood.fr\/index.php\/produit\/pendule-radiesthesie-catalyseur-en-bois-dabricotier-corinne-ligeard-baguette-sourcier-divinatoire-4\/","og_locale":"fr_FR","og_type":"article","og_title":"Pendule de radiesth\u00e9sie Abricotier (Olade) - HoWood","og_description":"Pendule de radiesth\u00e9sie howood en bois d'if et m\u00e9tal fait main bois noble artisanat local en tournage sur bois \u00e0 Royan pour soin et g\u00e9obiologie","og_url":"https:\/\/howood.fr\/index.php\/produit\/pendule-radiesthesie-catalyseur-en-bois-dabricotier-corinne-ligeard-baguette-sourcier-divinatoire-4\/","og_site_name":"HoWood","article_modified_time":"2026-04-29T17:16:00+00:00","og_image":[{"width":1209,"height":1801,"url":"https:\/\/howood.fr\/wp-content\/uploads\/2026\/01\/0126.18-Olade-abricot-3.jpg","type":"image\/jpeg"}],"twitter_card":"summary_large_image","twitter_misc":{"Dur\u00e9e de lecture estim\u00e9e":"2 minutes"},"schema":{"@context":"https:\/\/schema.org","@graph":[{"@type":"WebPage","@id":"https:\/\/howood.fr\/index.php\/produit\/pendule-radiesthesie-catalyseur-en-bois-dabricotier-corinne-ligeard-baguette-sourcier-divinatoire-4\/","url":"https:\/\/howood.fr\/index.php\/produit\/pendule-radiesthesie-catalyseur-en-bois-dabricotier-corinne-ligeard-baguette-sourcier-divinatoire-4\/","name":"Pendule de radiesth\u00e9sie Abricotier (Olade) - HoWood","isPartOf":{"@id":"https:\/\/howood.fr\/#website"},"primaryImageOfPage":{"@id":"https:\/\/howood.fr\/index.php\/produit\/pendule-radiesthesie-catalyseur-en-bois-dabricotier-corinne-ligeard-baguette-sourcier-divinatoire-4\/#primaryimage"},"image":{"@id":"https:\/\/howood.fr\/index.php\/produit\/pendule-radiesthesie-catalyseur-en-bois-dabricotier-corinne-ligeard-baguette-sourcier-divinatoire-4\/#primaryimage"},"thumbnailUrl":"https:\/\/howood.fr\/wp-content\/uploads\/2026\/01\/0126.18-Olade-abricot-3.jpg","datePublished":"2026-01-21T13:21:35+00:00","dateModified":"2026-04-29T17:16:00+00:00","description":"Pendule de radiesth\u00e9sie howood en bois d'if et m\u00e9tal fait main bois noble artisanat local en tournage sur bois \u00e0 Royan pour soin et g\u00e9obiologie","breadcrumb":{"@id":"https:\/\/howood.fr\/index.php\/produit\/pendule-radiesthesie-catalyseur-en-bois-dabricotier-corinne-ligeard-baguette-sourcier-divinatoire-4\/#breadcrumb"},"inLanguage":"fr-FR","potentialAction":[{"@type":"ReadAction","target":["https:\/\/howood.fr\/index.php\/produit\/pendule-radiesthesie-catalyseur-en-bois-dabricotier-corinne-ligeard-baguette-sourcier-divinatoire-4\/"]}]},{"@type":"ImageObject","inLanguage":"fr-FR","@id":"https:\/\/howood.fr\/index.php\/produit\/pendule-radiesthesie-catalyseur-en-bois-dabricotier-corinne-ligeard-baguette-sourcier-divinatoire-4\/#primaryimage","url":"https:\/\/howood.fr\/wp-content\/uploads\/2026\/01\/0126.18-Olade-abricot-3.jpg","contentUrl":"https:\/\/howood.fr\/wp-content\/uploads\/2026\/01\/0126.18-Olade-abricot-3.jpg","width":1209,"height":1801,"caption":"abricotier Olade"},{"@type":"BreadcrumbList","@id":"https:\/\/howood.fr\/index.php\/produit\/pendule-radiesthesie-catalyseur-en-bois-dabricotier-corinne-ligeard-baguette-sourcier-divinatoire-4\/#breadcrumb","itemListElement":[{"@type":"ListItem","position":1,"name":"Accueil","item":"https:\/\/howood.fr\/"},{"@type":"ListItem","position":2,"name":"Produits","item":"https:\/\/howood.fr\/index.php\/shop\/"},{"@type":"ListItem","position":3,"name":"Pendule de radiesth\u00e9sie Abricotier (Olade)"}]},{"@type":"WebSite","@id":"https:\/\/howood.fr\/#website","url":"https:\/\/howood.fr\/","name":"HoWood","description":"pendule de radiesth\u00e9sie Artisanal HoWood","publisher":{"@id":"https:\/\/howood.fr\/#organization"},"potentialAction":[{"@type":"SearchAction","target":{"@type":"EntryPoint","urlTemplate":"https:\/\/howood.fr\/?s={search_term_string}"},"query-input":{"@type":"PropertyValueSpecification","valueRequired":true,"valueName":"search_term_string"}}],"inLanguage":"fr-FR"},{"@type":"Organization","@id":"https:\/\/howood.fr\/#organization","name":"HoWood","url":"https:\/\/howood.fr\/","logo":{"@type":"ImageObject","inLanguage":"fr-FR","@id":"https:\/\/howood.fr\/#\/schema\/logo\/image\/","url":"https:\/\/howood.fr\/wp-content\/uploads\/2024\/10\/logo-HW-150.webp","contentUrl":"https:\/\/howood.fr\/wp-content\/uploads\/2024\/10\/logo-HW-150.webp","width":150,"height":150,"caption":"HoWood"},"image":{"@id":"https:\/\/howood.fr\/#\/schema\/logo\/image\/"}}]}},"_links":{"self":[{"href":"https:\/\/howood.fr\/index.php\/wp-json\/wp\/v2\/product\/3628","targetHints":{"allow":["GET"]}}],"collection":[{"href":"https:\/\/howood.fr\/index.php\/wp-json\/wp\/v2\/product"}],"about":[{"href":"https:\/\/howood.fr\/index.php\/wp-json\/wp\/v2\/types\/product"}],"version-history":[{"count":2,"href":"https:\/\/howood.fr\/index.php\/wp-json\/wp\/v2\/product\/3628\/revisions"}],"predecessor-version":[{"id":3630,"href":"https:\/\/howood.fr\/index.php\/wp-json\/wp\/v2\/product\/3628\/revisions\/3630"}],"wp:featuredmedia":[{"embeddable":true,"href":"https:\/\/howood.fr\/index.php\/wp-json\/wp\/v2\/media\/3626"}],"wp:attachment":[{"href":"https:\/\/howood.fr\/index.php\/wp-json\/wp\/v2\/media?parent=3628"}],"wp:term":[{"taxonomy":"product_brand","embeddable":true,"href":"https:\/\/howood.fr\/index.php\/wp-json\/wp\/v2\/product_brand?post=3628"},{"taxonomy":"product_cat","embeddable":true,"href":"https:\/\/howood.fr\/index.php\/wp-json\/wp\/v2\/product_cat?post=3628"},{"taxonomy":"product_tag","embeddable":true,"href":"https:\/\/howood.fr\/index.php\/wp-json\/wp\/v2\/product_tag?post=3628"}],"curies":[{"name":"wp","href":"https:\/\/api.w.org\/{rel}","templated":true}]}}