{"id":3654,"date":"2026-01-21T21:13:54","date_gmt":"2026-01-21T20:13:54","guid":{"rendered":"https:\/\/howood.fr\/?post_type=product&#038;p=3654"},"modified":"2026-02-05T16:17:06","modified_gmt":"2026-02-05T15:17:06","slug":"collier-pendule-en-bois-arabricotier-radiesthesie-soin-energetique-howood-geobiologie","status":"publish","type":"product","link":"https:\/\/howood.fr\/index.php\/produit\/collier-pendule-en-bois-arabricotier-radiesthesie-soin-energetique-howood-geobiologie\/","title":{"rendered":"Pendule de radiesth\u00e9sie en Abricotier"},"content":{"rendered":"<p align=\"left\"><span style=\"font-family: Comic Sans MS, serif;\"><span style=\"font-size: large;\">Pendule artisanal de radiesth\u00e9sie en abricotier. Je suis un baby trop mignon, tr\u00e8s \u00e9l\u00e9gant, efficace, pas encombrant : Un p&rsquo;tit bijoux \u00e0 l&rsquo;\u00e9corce apparente et j&rsquo;ai un p&rsquo;tit nom, je m&rsquo;appelle : <strong><em>ARTIS<\/em><\/strong><\/span><\/span><\/p>\n<p align=\"left\"><span style=\"font-family: Comic Sans MS, serif;\"><b>Mesures \u00e0 quelques variables pr\u00e8s <\/b><\/span><\/p>\n<ul>\n<li>\n<p align=\"left\"><span style=\"font-family: Comic Sans MS, serif;\">Hauteur : 3,5 cm<\/span><\/p>\n<\/li>\n<li>\n<p align=\"left\"><span style=\"font-family: Comic Sans MS, serif;\">Largeur maxi : 2,2 cm<\/span><\/p>\n<\/li>\n<li>\n<p align=\"left\"><span style=\"font-family: Comic Sans MS, serif;\">Poids : 6g gr<\/span><\/p>\n<\/li>\n<li>\n<p align=\"left\"><span style=\"font-family: Comic Sans MS, serif;\">Cha\u00eene<\/span><span style=\"font-family: Comic Sans MS, serif;\">tte<\/span><span style=\"font-family: Comic Sans MS, serif;\">\u00a0: Acier cm<\/span><\/p>\n<\/li>\n<li>\n<p align=\"left\"><span style=\"font-family: Comic Sans MS, serif;\">Finition\u00a0: Cire de Carnauba (cire extraite des feuilles de palmier carnauba)<\/span><\/p>\n<\/li>\n<\/ul>\n<p align=\"left\"><span style=\"font-family: Comic Sans MS, serif;\"><b>Livraison<\/b><\/span><\/p>\n<ul>\n<li>\n<p align=\"left\"><span style=\"font-family: Comic Sans MS, serif;\">Frais de livraison offert pour un envoi en France M\u00e9tropolitaine (courrier suivi) <\/span><span style=\"font-family: Comic Sans MS, serif;\">Frais de livraison pour les envois vers l&rsquo;Europe<\/span><\/p>\n<\/li>\n<li>\n<p align=\"left\"><span style=\"font-family: Comic Sans MS, serif;\">Si besoin, vous pouvez me contacter par mail ou me t\u00e9l\u00e9phoner avant de valider votre achat dans le panier. Je r\u00e9pondrai \u00e0 vos questions avec plaisir.<\/span><\/p>\n<\/li>\n<\/ul>\n","protected":false},"excerpt":{"rendered":"<p>Pendule artisanal de radiesth\u00e9sie en abricotier. Je suis un baby trop mignon, tr\u00e8s \u00e9l\u00e9gant, efficace, pas encombrant : Un p&rsquo;tit bijoux \u00e0 l&rsquo;\u00e9corce apparente et j&rsquo;ai un p&rsquo;tit nom, je m&rsquo;appelle : ARTIS Mesures \u00e0 quelques variables pr\u00e8s Hauteur : 3,5 cm Largeur maxi : 2,2 cm Poids : 6g gr Cha\u00eenette\u00a0: Acier cm Finition\u00a0: [&hellip;]<\/p>\n","protected":false},"featured_media":3635,"comment_status":"closed","ping_status":"closed","template":"","meta":[],"product_brand":[],"product_cat":[32],"product_tag":[36],"class_list":{"0":"post-3654","1":"product","2":"type-product","3":"status-publish","4":"has-post-thumbnail","6":"product_cat-pendules-de-radiesthesie","7":"product_tag-abricotier","8":"product_shipping_class-pendules-colliers-porte-cles-stylo-a-bille-stylo-a-plume","10":"first","11":"instock","12":"purchasable","13":"product-type-simple"},"yoast_head":"<!-- This site is optimized with the Yoast SEO plugin v27.4 - https:\/\/yoast.com\/product\/yoast-seo-wordpress\/ -->\n<title>Pendule de radiesth\u00e9sie en Abricotier - HoWood<\/title>\n<meta name=\"description\" content=\"Pendule de radiesth\u00e9sie howood en bois d&#039;abricotier et m\u00e9tal fait main bois noble artisanat local en tournage sur bois \u00e0 Royan pour soin et g\u00e9obiologie\" \/>\n<meta name=\"robots\" content=\"index, follow, max-snippet:-1, max-image-preview:large, max-video-preview:-1\" \/>\n<link rel=\"canonical\" href=\"https:\/\/howood.fr\/index.php\/produit\/collier-pendule-en-bois-arabricotier-radiesthesie-soin-energetique-howood-geobiologie\/\" \/>\n<meta property=\"og:locale\" content=\"fr_FR\" \/>\n<meta property=\"og:type\" content=\"article\" \/>\n<meta property=\"og:title\" content=\"Pendule de radiesth\u00e9sie en Abricotier - HoWood\" \/>\n<meta property=\"og:description\" content=\"Pendule de radiesth\u00e9sie howood en bois d&#039;abricotier et m\u00e9tal fait main bois noble artisanat local en tournage sur bois \u00e0 Royan pour soin et g\u00e9obiologie\" \/>\n<meta property=\"og:url\" content=\"https:\/\/howood.fr\/index.php\/produit\/collier-pendule-en-bois-arabricotier-radiesthesie-soin-energetique-howood-geobiologie\/\" \/>\n<meta property=\"og:site_name\" content=\"HoWood\" \/>\n<meta property=\"article:modified_time\" content=\"2026-02-05T15:17:06+00:00\" \/>\n<meta property=\"og:image\" content=\"https:\/\/howood.fr\/wp-content\/uploads\/2026\/01\/0126.19-Artis-4.jpg\" \/>\n\t<meta property=\"og:image:width\" content=\"1728\" \/>\n\t<meta property=\"og:image:height\" content=\"2304\" \/>\n\t<meta property=\"og:image:type\" content=\"image\/jpeg\" \/>\n<meta name=\"twitter:card\" content=\"summary_large_image\" \/>\n<meta name=\"twitter:label1\" content=\"Dur\u00e9e de lecture estim\u00e9e\" \/>\n\t<meta name=\"twitter:data1\" content=\"1 minute\" \/>\n<script type=\"application\/ld+json\" class=\"yoast-schema-graph\">{\"@context\":\"https:\\\/\\\/schema.org\",\"@graph\":[{\"@type\":\"WebPage\",\"@id\":\"https:\\\/\\\/howood.fr\\\/index.php\\\/produit\\\/collier-pendule-en-bois-arabricotier-radiesthesie-soin-energetique-howood-geobiologie\\\/\",\"url\":\"https:\\\/\\\/howood.fr\\\/index.php\\\/produit\\\/collier-pendule-en-bois-arabricotier-radiesthesie-soin-energetique-howood-geobiologie\\\/\",\"name\":\"Pendule de radiesth\u00e9sie en Abricotier - HoWood\",\"isPartOf\":{\"@id\":\"https:\\\/\\\/howood.fr\\\/#website\"},\"primaryImageOfPage\":{\"@id\":\"https:\\\/\\\/howood.fr\\\/index.php\\\/produit\\\/collier-pendule-en-bois-arabricotier-radiesthesie-soin-energetique-howood-geobiologie\\\/#primaryimage\"},\"image\":{\"@id\":\"https:\\\/\\\/howood.fr\\\/index.php\\\/produit\\\/collier-pendule-en-bois-arabricotier-radiesthesie-soin-energetique-howood-geobiologie\\\/#primaryimage\"},\"thumbnailUrl\":\"https:\\\/\\\/howood.fr\\\/wp-content\\\/uploads\\\/2026\\\/01\\\/0126.19-Artis-4.jpg\",\"datePublished\":\"2026-01-21T20:13:54+00:00\",\"dateModified\":\"2026-02-05T15:17:06+00:00\",\"description\":\"Pendule de radiesth\u00e9sie howood en bois d'abricotier et m\u00e9tal fait main bois noble artisanat local en tournage sur bois \u00e0 Royan pour soin et g\u00e9obiologie\",\"breadcrumb\":{\"@id\":\"https:\\\/\\\/howood.fr\\\/index.php\\\/produit\\\/collier-pendule-en-bois-arabricotier-radiesthesie-soin-energetique-howood-geobiologie\\\/#breadcrumb\"},\"inLanguage\":\"fr-FR\",\"potentialAction\":[{\"@type\":\"ReadAction\",\"target\":[\"https:\\\/\\\/howood.fr\\\/index.php\\\/produit\\\/collier-pendule-en-bois-arabricotier-radiesthesie-soin-energetique-howood-geobiologie\\\/\"]}]},{\"@type\":\"ImageObject\",\"inLanguage\":\"fr-FR\",\"@id\":\"https:\\\/\\\/howood.fr\\\/index.php\\\/produit\\\/collier-pendule-en-bois-arabricotier-radiesthesie-soin-energetique-howood-geobiologie\\\/#primaryimage\",\"url\":\"https:\\\/\\\/howood.fr\\\/wp-content\\\/uploads\\\/2026\\\/01\\\/0126.19-Artis-4.jpg\",\"contentUrl\":\"https:\\\/\\\/howood.fr\\\/wp-content\\\/uploads\\\/2026\\\/01\\\/0126.19-Artis-4.jpg\",\"width\":1728,\"height\":2304,\"caption\":\"Artis abricot\"},{\"@type\":\"BreadcrumbList\",\"@id\":\"https:\\\/\\\/howood.fr\\\/index.php\\\/produit\\\/collier-pendule-en-bois-arabricotier-radiesthesie-soin-energetique-howood-geobiologie\\\/#breadcrumb\",\"itemListElement\":[{\"@type\":\"ListItem\",\"position\":1,\"name\":\"Accueil\",\"item\":\"https:\\\/\\\/howood.fr\\\/\"},{\"@type\":\"ListItem\",\"position\":2,\"name\":\"Produits\",\"item\":\"https:\\\/\\\/howood.fr\\\/index.php\\\/shop\\\/\"},{\"@type\":\"ListItem\",\"position\":3,\"name\":\"Pendule de radiesth\u00e9sie en Abricotier\"}]},{\"@type\":\"WebSite\",\"@id\":\"https:\\\/\\\/howood.fr\\\/#website\",\"url\":\"https:\\\/\\\/howood.fr\\\/\",\"name\":\"HoWood\",\"description\":\"pendule de radiesth\u00e9sie Artisanal HoWood\",\"publisher\":{\"@id\":\"https:\\\/\\\/howood.fr\\\/#organization\"},\"potentialAction\":[{\"@type\":\"SearchAction\",\"target\":{\"@type\":\"EntryPoint\",\"urlTemplate\":\"https:\\\/\\\/howood.fr\\\/?s={search_term_string}\"},\"query-input\":{\"@type\":\"PropertyValueSpecification\",\"valueRequired\":true,\"valueName\":\"search_term_string\"}}],\"inLanguage\":\"fr-FR\"},{\"@type\":\"Organization\",\"@id\":\"https:\\\/\\\/howood.fr\\\/#organization\",\"name\":\"HoWood\",\"url\":\"https:\\\/\\\/howood.fr\\\/\",\"logo\":{\"@type\":\"ImageObject\",\"inLanguage\":\"fr-FR\",\"@id\":\"https:\\\/\\\/howood.fr\\\/#\\\/schema\\\/logo\\\/image\\\/\",\"url\":\"https:\\\/\\\/howood.fr\\\/wp-content\\\/uploads\\\/2024\\\/10\\\/logo-HW-150.webp\",\"contentUrl\":\"https:\\\/\\\/howood.fr\\\/wp-content\\\/uploads\\\/2024\\\/10\\\/logo-HW-150.webp\",\"width\":150,\"height\":150,\"caption\":\"HoWood\"},\"image\":{\"@id\":\"https:\\\/\\\/howood.fr\\\/#\\\/schema\\\/logo\\\/image\\\/\"}}]}<\/script>\n<!-- \/ Yoast SEO plugin. -->","yoast_head_json":{"title":"Pendule de radiesth\u00e9sie en Abricotier - HoWood","description":"Pendule de radiesth\u00e9sie howood en bois d'abricotier et m\u00e9tal fait main bois noble artisanat local en tournage sur bois \u00e0 Royan pour soin et g\u00e9obiologie","robots":{"index":"index","follow":"follow","max-snippet":"max-snippet:-1","max-image-preview":"max-image-preview:large","max-video-preview":"max-video-preview:-1"},"canonical":"https:\/\/howood.fr\/index.php\/produit\/collier-pendule-en-bois-arabricotier-radiesthesie-soin-energetique-howood-geobiologie\/","og_locale":"fr_FR","og_type":"article","og_title":"Pendule de radiesth\u00e9sie en Abricotier - HoWood","og_description":"Pendule de radiesth\u00e9sie howood en bois d'abricotier et m\u00e9tal fait main bois noble artisanat local en tournage sur bois \u00e0 Royan pour soin et g\u00e9obiologie","og_url":"https:\/\/howood.fr\/index.php\/produit\/collier-pendule-en-bois-arabricotier-radiesthesie-soin-energetique-howood-geobiologie\/","og_site_name":"HoWood","article_modified_time":"2026-02-05T15:17:06+00:00","og_image":[{"width":1728,"height":2304,"url":"https:\/\/howood.fr\/wp-content\/uploads\/2026\/01\/0126.19-Artis-4.jpg","type":"image\/jpeg"}],"twitter_card":"summary_large_image","twitter_misc":{"Dur\u00e9e de lecture estim\u00e9e":"1 minute"},"schema":{"@context":"https:\/\/schema.org","@graph":[{"@type":"WebPage","@id":"https:\/\/howood.fr\/index.php\/produit\/collier-pendule-en-bois-arabricotier-radiesthesie-soin-energetique-howood-geobiologie\/","url":"https:\/\/howood.fr\/index.php\/produit\/collier-pendule-en-bois-arabricotier-radiesthesie-soin-energetique-howood-geobiologie\/","name":"Pendule de radiesth\u00e9sie en Abricotier - HoWood","isPartOf":{"@id":"https:\/\/howood.fr\/#website"},"primaryImageOfPage":{"@id":"https:\/\/howood.fr\/index.php\/produit\/collier-pendule-en-bois-arabricotier-radiesthesie-soin-energetique-howood-geobiologie\/#primaryimage"},"image":{"@id":"https:\/\/howood.fr\/index.php\/produit\/collier-pendule-en-bois-arabricotier-radiesthesie-soin-energetique-howood-geobiologie\/#primaryimage"},"thumbnailUrl":"https:\/\/howood.fr\/wp-content\/uploads\/2026\/01\/0126.19-Artis-4.jpg","datePublished":"2026-01-21T20:13:54+00:00","dateModified":"2026-02-05T15:17:06+00:00","description":"Pendule de radiesth\u00e9sie howood en bois d'abricotier et m\u00e9tal fait main bois noble artisanat local en tournage sur bois \u00e0 Royan pour soin et g\u00e9obiologie","breadcrumb":{"@id":"https:\/\/howood.fr\/index.php\/produit\/collier-pendule-en-bois-arabricotier-radiesthesie-soin-energetique-howood-geobiologie\/#breadcrumb"},"inLanguage":"fr-FR","potentialAction":[{"@type":"ReadAction","target":["https:\/\/howood.fr\/index.php\/produit\/collier-pendule-en-bois-arabricotier-radiesthesie-soin-energetique-howood-geobiologie\/"]}]},{"@type":"ImageObject","inLanguage":"fr-FR","@id":"https:\/\/howood.fr\/index.php\/produit\/collier-pendule-en-bois-arabricotier-radiesthesie-soin-energetique-howood-geobiologie\/#primaryimage","url":"https:\/\/howood.fr\/wp-content\/uploads\/2026\/01\/0126.19-Artis-4.jpg","contentUrl":"https:\/\/howood.fr\/wp-content\/uploads\/2026\/01\/0126.19-Artis-4.jpg","width":1728,"height":2304,"caption":"Artis abricot"},{"@type":"BreadcrumbList","@id":"https:\/\/howood.fr\/index.php\/produit\/collier-pendule-en-bois-arabricotier-radiesthesie-soin-energetique-howood-geobiologie\/#breadcrumb","itemListElement":[{"@type":"ListItem","position":1,"name":"Accueil","item":"https:\/\/howood.fr\/"},{"@type":"ListItem","position":2,"name":"Produits","item":"https:\/\/howood.fr\/index.php\/shop\/"},{"@type":"ListItem","position":3,"name":"Pendule de radiesth\u00e9sie en Abricotier"}]},{"@type":"WebSite","@id":"https:\/\/howood.fr\/#website","url":"https:\/\/howood.fr\/","name":"HoWood","description":"pendule de radiesth\u00e9sie Artisanal HoWood","publisher":{"@id":"https:\/\/howood.fr\/#organization"},"potentialAction":[{"@type":"SearchAction","target":{"@type":"EntryPoint","urlTemplate":"https:\/\/howood.fr\/?s={search_term_string}"},"query-input":{"@type":"PropertyValueSpecification","valueRequired":true,"valueName":"search_term_string"}}],"inLanguage":"fr-FR"},{"@type":"Organization","@id":"https:\/\/howood.fr\/#organization","name":"HoWood","url":"https:\/\/howood.fr\/","logo":{"@type":"ImageObject","inLanguage":"fr-FR","@id":"https:\/\/howood.fr\/#\/schema\/logo\/image\/","url":"https:\/\/howood.fr\/wp-content\/uploads\/2024\/10\/logo-HW-150.webp","contentUrl":"https:\/\/howood.fr\/wp-content\/uploads\/2024\/10\/logo-HW-150.webp","width":150,"height":150,"caption":"HoWood"},"image":{"@id":"https:\/\/howood.fr\/#\/schema\/logo\/image\/"}}]}},"_links":{"self":[{"href":"https:\/\/howood.fr\/index.php\/wp-json\/wp\/v2\/product\/3654","targetHints":{"allow":["GET"]}}],"collection":[{"href":"https:\/\/howood.fr\/index.php\/wp-json\/wp\/v2\/product"}],"about":[{"href":"https:\/\/howood.fr\/index.php\/wp-json\/wp\/v2\/types\/product"}],"replies":[{"embeddable":true,"href":"https:\/\/howood.fr\/index.php\/wp-json\/wp\/v2\/comments?post=3654"}],"version-history":[{"count":1,"href":"https:\/\/howood.fr\/index.php\/wp-json\/wp\/v2\/product\/3654\/revisions"}],"predecessor-version":[{"id":3655,"href":"https:\/\/howood.fr\/index.php\/wp-json\/wp\/v2\/product\/3654\/revisions\/3655"}],"wp:featuredmedia":[{"embeddable":true,"href":"https:\/\/howood.fr\/index.php\/wp-json\/wp\/v2\/media\/3635"}],"wp:attachment":[{"href":"https:\/\/howood.fr\/index.php\/wp-json\/wp\/v2\/media?parent=3654"}],"wp:term":[{"taxonomy":"product_brand","embeddable":true,"href":"https:\/\/howood.fr\/index.php\/wp-json\/wp\/v2\/product_brand?post=3654"},{"taxonomy":"product_cat","embeddable":true,"href":"https:\/\/howood.fr\/index.php\/wp-json\/wp\/v2\/product_cat?post=3654"},{"taxonomy":"product_tag","embeddable":true,"href":"https:\/\/howood.fr\/index.php\/wp-json\/wp\/v2\/product_tag?post=3654"}],"curies":[{"name":"wp","href":"https:\/\/api.w.org\/{rel}","templated":true}]}}