{"id":3657,"date":"2026-01-21T21:30:54","date_gmt":"2026-01-21T20:30:54","guid":{"rendered":"https:\/\/howood.fr\/?post_type=product&#038;p=3657"},"modified":"2026-01-21T21:30:54","modified_gmt":"2026-01-21T20:30:54","slug":"collier-pendule-en-bois-abricotier-radiesthesie-soin-energetique-howood-geobiologie","status":"publish","type":"product","link":"https:\/\/howood.fr\/index.php\/produit\/collier-pendule-en-bois-abricotier-radiesthesie-soin-energetique-howood-geobiologie\/","title":{"rendered":"Pendule de radiesth\u00e9sie en Abricotier"},"content":{"rendered":"<p align=\"left\">Tr\u00e8s joli pendule de radiesth\u00e9sie artisanal inutile de souligner l&rsquo;\u00e9l\u00e9gance de son \u00e9corce, elle parle d&rsquo;elle m\u00eame.<\/p>\n<p align=\"left\"><b>Mesures \u00e0 quelques variables pr\u00e8s <\/b><\/p>\n<ul>\n<li>\n<p align=\"left\">Hauteur : 6,3 cm<\/p>\n<\/li>\n<li>\n<p align=\"left\">Largeur maxi : 1,8 cm<\/p>\n<\/li>\n<li>\n<p align=\"left\">Poids : 7,81 gr<\/p>\n<\/li>\n<li>\n<p align=\"left\">Cha\u00eenette : Acier marron 19 cm<\/p>\n<\/li>\n<li>\n<p align=\"left\">Finition\u00a0: Cire de Carnauba (cire extraite des feuilles de palmier carnauba)<\/p>\n<\/li>\n<\/ul>\n<p align=\"left\"><b>Livraison<\/b><\/p>\n<ul>\n<li>\n<p align=\"left\">Frais de livraison offert pour un envoi en France M\u00e9tropolitaine (courrier suivi) Frais de livraison pour les envois vers l&rsquo;Europe<\/p>\n<\/li>\n<li>\n<p align=\"left\">Si besoin, vous pouvez me contacter par mail ou me t\u00e9l\u00e9phoner avant de valider votre achat dans le panier. Je r\u00e9pondrai \u00e0 vos questions avec plaisir.<\/p>\n<\/li>\n<\/ul>\n","protected":false},"excerpt":{"rendered":"<p>Tr\u00e8s joli pendule de radiesth\u00e9sie artisanal inutile de souligner l&rsquo;\u00e9l\u00e9gance de son \u00e9corce, elle parle d&rsquo;elle m\u00eame. Mesures \u00e0 quelques variables pr\u00e8s Hauteur : 6,3 cm Largeur maxi : 1,8 cm Poids : 7,81 gr Cha\u00eenette : Acier marron 19 cm Finition\u00a0: Cire de Carnauba (cire extraite des feuilles de palmier carnauba) Livraison Frais de [&hellip;]<\/p>\n","protected":false},"featured_media":3647,"template":"","meta":[],"product_brand":[],"product_cat":[32],"product_tag":[36,33,66],"class_list":{"0":"post-3657","1":"product","2":"type-product","3":"status-publish","4":"has-post-thumbnail","6":"product_cat-pendules-de-radiesthesie","7":"product_tag-abricotier","8":"product_tag-pendule","9":"product_tag-radiesthesie","10":"product_shipping_class-pendules-colliers-porte-cles-stylo-a-bille-stylo-a-plume","12":"first","13":"instock","14":"purchasable","15":"product-type-simple"},"yoast_head":"<!-- This site is optimized with the Yoast SEO plugin v27.5 - https:\/\/yoast.com\/product\/yoast-seo-wordpress\/ -->\n<title>Pendule de radiesth\u00e9sie en Abricotier - HoWood<\/title>\n<meta name=\"description\" content=\"Pendule de radiesth\u00e9sie howood en bois d&#039;abricotier et m\u00e9tal fait main bois noble artisanat local en tournage sur bois \u00e0 Royan pour soin et g\u00e9obiologie\" \/>\n<meta name=\"robots\" content=\"index, follow, max-snippet:-1, max-image-preview:large, max-video-preview:-1\" \/>\n<link rel=\"canonical\" href=\"https:\/\/howood.fr\/index.php\/produit\/collier-pendule-en-bois-abricotier-radiesthesie-soin-energetique-howood-geobiologie\/\" \/>\n<meta property=\"og:locale\" content=\"fr_FR\" \/>\n<meta property=\"og:type\" content=\"article\" \/>\n<meta property=\"og:title\" content=\"Pendule de radiesth\u00e9sie en Abricotier - HoWood\" \/>\n<meta property=\"og:description\" content=\"Pendule de radiesth\u00e9sie howood en bois d&#039;abricotier et m\u00e9tal fait main bois noble artisanat local en tournage sur bois \u00e0 Royan pour soin et g\u00e9obiologie\" \/>\n<meta property=\"og:url\" content=\"https:\/\/howood.fr\/index.php\/produit\/collier-pendule-en-bois-abricotier-radiesthesie-soin-energetique-howood-geobiologie\/\" \/>\n<meta property=\"og:site_name\" content=\"HoWood\" \/>\n<meta property=\"og:image\" content=\"https:\/\/howood.fr\/wp-content\/uploads\/2026\/01\/0126.22-abricot-3.jpg\" \/>\n\t<meta property=\"og:image:width\" content=\"1411\" \/>\n\t<meta property=\"og:image:height\" content=\"1486\" \/>\n\t<meta property=\"og:image:type\" content=\"image\/jpeg\" \/>\n<meta name=\"twitter:card\" content=\"summary_large_image\" \/>\n<meta name=\"twitter:label1\" content=\"Dur\u00e9e de lecture estim\u00e9e\" \/>\n\t<meta name=\"twitter:data1\" content=\"1 minute\" \/>\n<script type=\"application\/ld+json\" class=\"yoast-schema-graph\">{\"@context\":\"https:\\\/\\\/schema.org\",\"@graph\":[{\"@type\":\"WebPage\",\"@id\":\"https:\\\/\\\/howood.fr\\\/index.php\\\/produit\\\/collier-pendule-en-bois-abricotier-radiesthesie-soin-energetique-howood-geobiologie\\\/\",\"url\":\"https:\\\/\\\/howood.fr\\\/index.php\\\/produit\\\/collier-pendule-en-bois-abricotier-radiesthesie-soin-energetique-howood-geobiologie\\\/\",\"name\":\"Pendule de radiesth\u00e9sie en Abricotier - HoWood\",\"isPartOf\":{\"@id\":\"https:\\\/\\\/howood.fr\\\/#website\"},\"primaryImageOfPage\":{\"@id\":\"https:\\\/\\\/howood.fr\\\/index.php\\\/produit\\\/collier-pendule-en-bois-abricotier-radiesthesie-soin-energetique-howood-geobiologie\\\/#primaryimage\"},\"image\":{\"@id\":\"https:\\\/\\\/howood.fr\\\/index.php\\\/produit\\\/collier-pendule-en-bois-abricotier-radiesthesie-soin-energetique-howood-geobiologie\\\/#primaryimage\"},\"thumbnailUrl\":\"https:\\\/\\\/howood.fr\\\/wp-content\\\/uploads\\\/2026\\\/01\\\/0126.22-abricot-3.jpg\",\"datePublished\":\"2026-01-21T20:30:54+00:00\",\"description\":\"Pendule de radiesth\u00e9sie howood en bois d'abricotier et m\u00e9tal fait main bois noble artisanat local en tournage sur bois \u00e0 Royan pour soin et g\u00e9obiologie\",\"breadcrumb\":{\"@id\":\"https:\\\/\\\/howood.fr\\\/index.php\\\/produit\\\/collier-pendule-en-bois-abricotier-radiesthesie-soin-energetique-howood-geobiologie\\\/#breadcrumb\"},\"inLanguage\":\"fr-FR\",\"potentialAction\":[{\"@type\":\"ReadAction\",\"target\":[\"https:\\\/\\\/howood.fr\\\/index.php\\\/produit\\\/collier-pendule-en-bois-abricotier-radiesthesie-soin-energetique-howood-geobiologie\\\/\"]}]},{\"@type\":\"ImageObject\",\"inLanguage\":\"fr-FR\",\"@id\":\"https:\\\/\\\/howood.fr\\\/index.php\\\/produit\\\/collier-pendule-en-bois-abricotier-radiesthesie-soin-energetique-howood-geobiologie\\\/#primaryimage\",\"url\":\"https:\\\/\\\/howood.fr\\\/wp-content\\\/uploads\\\/2026\\\/01\\\/0126.22-abricot-3.jpg\",\"contentUrl\":\"https:\\\/\\\/howood.fr\\\/wp-content\\\/uploads\\\/2026\\\/01\\\/0126.22-abricot-3.jpg\",\"width\":1411,\"height\":1486,\"caption\":\"abricotier\"},{\"@type\":\"BreadcrumbList\",\"@id\":\"https:\\\/\\\/howood.fr\\\/index.php\\\/produit\\\/collier-pendule-en-bois-abricotier-radiesthesie-soin-energetique-howood-geobiologie\\\/#breadcrumb\",\"itemListElement\":[{\"@type\":\"ListItem\",\"position\":1,\"name\":\"Accueil\",\"item\":\"https:\\\/\\\/howood.fr\\\/\"},{\"@type\":\"ListItem\",\"position\":2,\"name\":\"Produits\",\"item\":\"https:\\\/\\\/howood.fr\\\/index.php\\\/shop\\\/\"},{\"@type\":\"ListItem\",\"position\":3,\"name\":\"Pendule de radiesth\u00e9sie en Abricotier\"}]},{\"@type\":\"WebSite\",\"@id\":\"https:\\\/\\\/howood.fr\\\/#website\",\"url\":\"https:\\\/\\\/howood.fr\\\/\",\"name\":\"HoWood\",\"description\":\"pendule de radiesth\u00e9sie Artisanal HoWood\",\"publisher\":{\"@id\":\"https:\\\/\\\/howood.fr\\\/#organization\"},\"potentialAction\":[{\"@type\":\"SearchAction\",\"target\":{\"@type\":\"EntryPoint\",\"urlTemplate\":\"https:\\\/\\\/howood.fr\\\/?s={search_term_string}\"},\"query-input\":{\"@type\":\"PropertyValueSpecification\",\"valueRequired\":true,\"valueName\":\"search_term_string\"}}],\"inLanguage\":\"fr-FR\"},{\"@type\":\"Organization\",\"@id\":\"https:\\\/\\\/howood.fr\\\/#organization\",\"name\":\"HoWood\",\"url\":\"https:\\\/\\\/howood.fr\\\/\",\"logo\":{\"@type\":\"ImageObject\",\"inLanguage\":\"fr-FR\",\"@id\":\"https:\\\/\\\/howood.fr\\\/#\\\/schema\\\/logo\\\/image\\\/\",\"url\":\"https:\\\/\\\/howood.fr\\\/wp-content\\\/uploads\\\/2024\\\/10\\\/logo-HW-150.webp\",\"contentUrl\":\"https:\\\/\\\/howood.fr\\\/wp-content\\\/uploads\\\/2024\\\/10\\\/logo-HW-150.webp\",\"width\":150,\"height\":150,\"caption\":\"HoWood\"},\"image\":{\"@id\":\"https:\\\/\\\/howood.fr\\\/#\\\/schema\\\/logo\\\/image\\\/\"}}]}<\/script>\n<!-- \/ Yoast SEO plugin. -->","yoast_head_json":{"title":"Pendule de radiesth\u00e9sie en Abricotier - HoWood","description":"Pendule de radiesth\u00e9sie howood en bois d'abricotier et m\u00e9tal fait main bois noble artisanat local en tournage sur bois \u00e0 Royan pour soin et g\u00e9obiologie","robots":{"index":"index","follow":"follow","max-snippet":"max-snippet:-1","max-image-preview":"max-image-preview:large","max-video-preview":"max-video-preview:-1"},"canonical":"https:\/\/howood.fr\/index.php\/produit\/collier-pendule-en-bois-abricotier-radiesthesie-soin-energetique-howood-geobiologie\/","og_locale":"fr_FR","og_type":"article","og_title":"Pendule de radiesth\u00e9sie en Abricotier - HoWood","og_description":"Pendule de radiesth\u00e9sie howood en bois d'abricotier et m\u00e9tal fait main bois noble artisanat local en tournage sur bois \u00e0 Royan pour soin et g\u00e9obiologie","og_url":"https:\/\/howood.fr\/index.php\/produit\/collier-pendule-en-bois-abricotier-radiesthesie-soin-energetique-howood-geobiologie\/","og_site_name":"HoWood","og_image":[{"width":1411,"height":1486,"url":"https:\/\/howood.fr\/wp-content\/uploads\/2026\/01\/0126.22-abricot-3.jpg","type":"image\/jpeg"}],"twitter_card":"summary_large_image","twitter_misc":{"Dur\u00e9e de lecture estim\u00e9e":"1 minute"},"schema":{"@context":"https:\/\/schema.org","@graph":[{"@type":"WebPage","@id":"https:\/\/howood.fr\/index.php\/produit\/collier-pendule-en-bois-abricotier-radiesthesie-soin-energetique-howood-geobiologie\/","url":"https:\/\/howood.fr\/index.php\/produit\/collier-pendule-en-bois-abricotier-radiesthesie-soin-energetique-howood-geobiologie\/","name":"Pendule de radiesth\u00e9sie en Abricotier - HoWood","isPartOf":{"@id":"https:\/\/howood.fr\/#website"},"primaryImageOfPage":{"@id":"https:\/\/howood.fr\/index.php\/produit\/collier-pendule-en-bois-abricotier-radiesthesie-soin-energetique-howood-geobiologie\/#primaryimage"},"image":{"@id":"https:\/\/howood.fr\/index.php\/produit\/collier-pendule-en-bois-abricotier-radiesthesie-soin-energetique-howood-geobiologie\/#primaryimage"},"thumbnailUrl":"https:\/\/howood.fr\/wp-content\/uploads\/2026\/01\/0126.22-abricot-3.jpg","datePublished":"2026-01-21T20:30:54+00:00","description":"Pendule de radiesth\u00e9sie howood en bois d'abricotier et m\u00e9tal fait main bois noble artisanat local en tournage sur bois \u00e0 Royan pour soin et g\u00e9obiologie","breadcrumb":{"@id":"https:\/\/howood.fr\/index.php\/produit\/collier-pendule-en-bois-abricotier-radiesthesie-soin-energetique-howood-geobiologie\/#breadcrumb"},"inLanguage":"fr-FR","potentialAction":[{"@type":"ReadAction","target":["https:\/\/howood.fr\/index.php\/produit\/collier-pendule-en-bois-abricotier-radiesthesie-soin-energetique-howood-geobiologie\/"]}]},{"@type":"ImageObject","inLanguage":"fr-FR","@id":"https:\/\/howood.fr\/index.php\/produit\/collier-pendule-en-bois-abricotier-radiesthesie-soin-energetique-howood-geobiologie\/#primaryimage","url":"https:\/\/howood.fr\/wp-content\/uploads\/2026\/01\/0126.22-abricot-3.jpg","contentUrl":"https:\/\/howood.fr\/wp-content\/uploads\/2026\/01\/0126.22-abricot-3.jpg","width":1411,"height":1486,"caption":"abricotier"},{"@type":"BreadcrumbList","@id":"https:\/\/howood.fr\/index.php\/produit\/collier-pendule-en-bois-abricotier-radiesthesie-soin-energetique-howood-geobiologie\/#breadcrumb","itemListElement":[{"@type":"ListItem","position":1,"name":"Accueil","item":"https:\/\/howood.fr\/"},{"@type":"ListItem","position":2,"name":"Produits","item":"https:\/\/howood.fr\/index.php\/shop\/"},{"@type":"ListItem","position":3,"name":"Pendule de radiesth\u00e9sie en Abricotier"}]},{"@type":"WebSite","@id":"https:\/\/howood.fr\/#website","url":"https:\/\/howood.fr\/","name":"HoWood","description":"pendule de radiesth\u00e9sie Artisanal HoWood","publisher":{"@id":"https:\/\/howood.fr\/#organization"},"potentialAction":[{"@type":"SearchAction","target":{"@type":"EntryPoint","urlTemplate":"https:\/\/howood.fr\/?s={search_term_string}"},"query-input":{"@type":"PropertyValueSpecification","valueRequired":true,"valueName":"search_term_string"}}],"inLanguage":"fr-FR"},{"@type":"Organization","@id":"https:\/\/howood.fr\/#organization","name":"HoWood","url":"https:\/\/howood.fr\/","logo":{"@type":"ImageObject","inLanguage":"fr-FR","@id":"https:\/\/howood.fr\/#\/schema\/logo\/image\/","url":"https:\/\/howood.fr\/wp-content\/uploads\/2024\/10\/logo-HW-150.webp","contentUrl":"https:\/\/howood.fr\/wp-content\/uploads\/2024\/10\/logo-HW-150.webp","width":150,"height":150,"caption":"HoWood"},"image":{"@id":"https:\/\/howood.fr\/#\/schema\/logo\/image\/"}}]}},"_links":{"self":[{"href":"https:\/\/howood.fr\/index.php\/wp-json\/wp\/v2\/product\/3657","targetHints":{"allow":["GET"]}}],"collection":[{"href":"https:\/\/howood.fr\/index.php\/wp-json\/wp\/v2\/product"}],"about":[{"href":"https:\/\/howood.fr\/index.php\/wp-json\/wp\/v2\/types\/product"}],"version-history":[{"count":1,"href":"https:\/\/howood.fr\/index.php\/wp-json\/wp\/v2\/product\/3657\/revisions"}],"predecessor-version":[{"id":3658,"href":"https:\/\/howood.fr\/index.php\/wp-json\/wp\/v2\/product\/3657\/revisions\/3658"}],"wp:featuredmedia":[{"embeddable":true,"href":"https:\/\/howood.fr\/index.php\/wp-json\/wp\/v2\/media\/3647"}],"wp:attachment":[{"href":"https:\/\/howood.fr\/index.php\/wp-json\/wp\/v2\/media?parent=3657"}],"wp:term":[{"taxonomy":"product_brand","embeddable":true,"href":"https:\/\/howood.fr\/index.php\/wp-json\/wp\/v2\/product_brand?post=3657"},{"taxonomy":"product_cat","embeddable":true,"href":"https:\/\/howood.fr\/index.php\/wp-json\/wp\/v2\/product_cat?post=3657"},{"taxonomy":"product_tag","embeddable":true,"href":"https:\/\/howood.fr\/index.php\/wp-json\/wp\/v2\/product_tag?post=3657"}],"curies":[{"name":"wp","href":"https:\/\/api.w.org\/{rel}","templated":true}]}}