{"id":3693,"date":"2026-01-23T18:50:39","date_gmt":"2026-01-23T17:50:39","guid":{"rendered":"https:\/\/howood.fr\/?post_type=product&#038;p=3693"},"modified":"2026-02-16T21:02:30","modified_gmt":"2026-02-16T20:02:30","slug":"pendule-en-bois-buis-radiesthesie-soin-energetique-howood-desenvoutement-2","status":"publish","type":"product","link":"https:\/\/howood.fr\/index.php\/produit\/pendule-en-bois-buis-radiesthesie-soin-energetique-howood-desenvoutement-2\/","title":{"rendered":"Pendule de radiesth\u00e9sie en Buis"},"content":{"rendered":"<p align=\"left\"><b>Pi\u00e8ce Unique en bois de Buis pour des praticiens aguerris.<\/b><\/p>\n<p align=\"left\">Pendule de radiesth\u00e9sie forme sp\u00e9cifique du \u00ab\u00a0Pendule de d\u00e9senvo\u00fbtement\u00a0\u00bb. Destin\u00e9 \u00e0 \u00e9liminer les ondes n\u00e9gatives qui polluent l&rsquo;aura&#8230; Pendule \u00c9metteur et R\u00e9cepteur. Nettoyage des lieux etc. Partenaire des Voyants &#8211; M\u00e9diums<\/p>\n<p align=\"left\"><b>Mesures \u00e0 quelques variables pr\u00e8s <\/b><\/p>\n<ul>\n<li>\n<p align=\"left\">Hauteur : 11,3 cm<\/p>\n<\/li>\n<li>\n<p align=\"left\">Largeur\u00a0 maxi : 3,3 cm<\/p>\n<\/li>\n<li>\n<p align=\"left\">Poids : 47 gr<\/p>\n<\/li>\n<li>\n<p align=\"left\">Cha\u00eenette : cordon coton noir<\/p>\n<\/li>\n<li>\n<p align=\"left\">Finition\u00a0: Cire de Carnauba (cire extraite des feuilles de palmier carnauba)<\/p>\n<\/li>\n<\/ul>\n<p align=\"left\"><b>Livraison<\/b><\/p>\n<ul>\n<li>\n<p align=\"left\">Frais de livraison offert pour un envoi en France M\u00e9tropolitaine (courrier suivi) &#8211; Frais de livraison pour les envois vers l&rsquo;Europe<\/p>\n<\/li>\n<li>\n<p align=\"left\">Si besoin, vous pouvez me contacter par mail ou me t\u00e9l\u00e9phoner avant de valider votre achat dans le panier. Je r\u00e9pondrai \u00e0 vos questions avec plaisir.<\/p>\n<\/li>\n<\/ul>\n","protected":false},"excerpt":{"rendered":"<p>Pi\u00e8ce Unique en bois de Buis pour des praticiens aguerris. Pendule de radiesth\u00e9sie forme sp\u00e9cifique du \u00ab\u00a0Pendule de d\u00e9senvo\u00fbtement\u00a0\u00bb. Destin\u00e9 \u00e0 \u00e9liminer les ondes n\u00e9gatives qui polluent l&rsquo;aura&#8230; Pendule \u00c9metteur et R\u00e9cepteur. Nettoyage des lieux etc. Partenaire des Voyants &#8211; M\u00e9diums Mesures \u00e0 quelques variables pr\u00e8s Hauteur : 11,3 cm Largeur\u00a0 maxi : 3,3 cm [&hellip;]<\/p>\n","protected":false},"featured_media":3684,"comment_status":"closed","ping_status":"closed","template":"","meta":[],"product_brand":[],"product_cat":[44],"product_tag":[42,73],"class_list":{"0":"post-3693","1":"product","2":"type-product","3":"status-publish","4":"has-post-thumbnail","6":"product_cat-vendu-pendule-stylo-bille-plume-bois-fait-main-royan","7":"product_tag-buis","8":"product_tag-desenvoutement","9":"product_shipping_class-pendules-colliers-porte-cles-stylo-a-bille-stylo-a-plume","11":"first","12":"outofstock","13":"product-type-simple"},"yoast_head":"<!-- This site is optimized with the Yoast SEO plugin v27.4 - https:\/\/yoast.com\/product\/yoast-seo-wordpress\/ -->\n<title>Pendule de radiesth\u00e9sie en Buis - HoWood<\/title>\n<meta name=\"description\" content=\"&quot;Pendule de d\u00e9senvo\u00fbtement&quot;. Destin\u00e9 \u00e0 \u00e9liminer les ondes n\u00e9gatives qui polluent l&#039;aura... Pendule \u00c9metteur et R\u00e9cepteur. Nettoyage des lieux\" \/>\n<meta name=\"robots\" content=\"index, follow, max-snippet:-1, max-image-preview:large, max-video-preview:-1\" \/>\n<link rel=\"canonical\" href=\"https:\/\/howood.fr\/index.php\/produit\/pendule-en-bois-buis-radiesthesie-soin-energetique-howood-desenvoutement-2\/\" \/>\n<meta property=\"og:locale\" content=\"fr_FR\" \/>\n<meta property=\"og:type\" content=\"article\" \/>\n<meta property=\"og:title\" content=\"Pendule de radiesth\u00e9sie en Buis - HoWood\" \/>\n<meta property=\"og:description\" content=\"&quot;Pendule de d\u00e9senvo\u00fbtement&quot;. Destin\u00e9 \u00e0 \u00e9liminer les ondes n\u00e9gatives qui polluent l&#039;aura... Pendule \u00c9metteur et R\u00e9cepteur. Nettoyage des lieux\" \/>\n<meta property=\"og:url\" content=\"https:\/\/howood.fr\/index.php\/produit\/pendule-en-bois-buis-radiesthesie-soin-energetique-howood-desenvoutement-2\/\" \/>\n<meta property=\"og:site_name\" content=\"HoWood\" \/>\n<meta property=\"article:modified_time\" content=\"2026-02-16T20:02:30+00:00\" \/>\n<meta property=\"og:image\" content=\"https:\/\/howood.fr\/wp-content\/uploads\/2026\/01\/PSPE-0126.05-buis-2.jpg\" \/>\n\t<meta property=\"og:image:width\" content=\"1187\" \/>\n\t<meta property=\"og:image:height\" content=\"2126\" \/>\n\t<meta property=\"og:image:type\" content=\"image\/jpeg\" \/>\n<meta name=\"twitter:card\" content=\"summary_large_image\" \/>\n<meta name=\"twitter:label1\" content=\"Dur\u00e9e de lecture estim\u00e9e\" \/>\n\t<meta name=\"twitter:data1\" content=\"1 minute\" \/>\n<script type=\"application\/ld+json\" class=\"yoast-schema-graph\">{\"@context\":\"https:\\\/\\\/schema.org\",\"@graph\":[{\"@type\":\"WebPage\",\"@id\":\"https:\\\/\\\/howood.fr\\\/index.php\\\/produit\\\/pendule-en-bois-buis-radiesthesie-soin-energetique-howood-desenvoutement-2\\\/\",\"url\":\"https:\\\/\\\/howood.fr\\\/index.php\\\/produit\\\/pendule-en-bois-buis-radiesthesie-soin-energetique-howood-desenvoutement-2\\\/\",\"name\":\"Pendule de radiesth\u00e9sie en Buis - HoWood\",\"isPartOf\":{\"@id\":\"https:\\\/\\\/howood.fr\\\/#website\"},\"primaryImageOfPage\":{\"@id\":\"https:\\\/\\\/howood.fr\\\/index.php\\\/produit\\\/pendule-en-bois-buis-radiesthesie-soin-energetique-howood-desenvoutement-2\\\/#primaryimage\"},\"image\":{\"@id\":\"https:\\\/\\\/howood.fr\\\/index.php\\\/produit\\\/pendule-en-bois-buis-radiesthesie-soin-energetique-howood-desenvoutement-2\\\/#primaryimage\"},\"thumbnailUrl\":\"https:\\\/\\\/howood.fr\\\/wp-content\\\/uploads\\\/2026\\\/01\\\/PSPE-0126.05-buis-2.jpg\",\"datePublished\":\"2026-01-23T17:50:39+00:00\",\"dateModified\":\"2026-02-16T20:02:30+00:00\",\"description\":\"\\\"Pendule de d\u00e9senvo\u00fbtement\\\". Destin\u00e9 \u00e0 \u00e9liminer les ondes n\u00e9gatives qui polluent l'aura... Pendule \u00c9metteur et R\u00e9cepteur. Nettoyage des lieux\",\"breadcrumb\":{\"@id\":\"https:\\\/\\\/howood.fr\\\/index.php\\\/produit\\\/pendule-en-bois-buis-radiesthesie-soin-energetique-howood-desenvoutement-2\\\/#breadcrumb\"},\"inLanguage\":\"fr-FR\",\"potentialAction\":[{\"@type\":\"ReadAction\",\"target\":[\"https:\\\/\\\/howood.fr\\\/index.php\\\/produit\\\/pendule-en-bois-buis-radiesthesie-soin-energetique-howood-desenvoutement-2\\\/\"]}]},{\"@type\":\"ImageObject\",\"inLanguage\":\"fr-FR\",\"@id\":\"https:\\\/\\\/howood.fr\\\/index.php\\\/produit\\\/pendule-en-bois-buis-radiesthesie-soin-energetique-howood-desenvoutement-2\\\/#primaryimage\",\"url\":\"https:\\\/\\\/howood.fr\\\/wp-content\\\/uploads\\\/2026\\\/01\\\/PSPE-0126.05-buis-2.jpg\",\"contentUrl\":\"https:\\\/\\\/howood.fr\\\/wp-content\\\/uploads\\\/2026\\\/01\\\/PSPE-0126.05-buis-2.jpg\",\"width\":1187,\"height\":2126,\"caption\":\"buis d\u00e9senvoutement\"},{\"@type\":\"BreadcrumbList\",\"@id\":\"https:\\\/\\\/howood.fr\\\/index.php\\\/produit\\\/pendule-en-bois-buis-radiesthesie-soin-energetique-howood-desenvoutement-2\\\/#breadcrumb\",\"itemListElement\":[{\"@type\":\"ListItem\",\"position\":1,\"name\":\"Accueil\",\"item\":\"https:\\\/\\\/howood.fr\\\/\"},{\"@type\":\"ListItem\",\"position\":2,\"name\":\"Produits\",\"item\":\"https:\\\/\\\/howood.fr\\\/index.php\\\/shop\\\/\"},{\"@type\":\"ListItem\",\"position\":3,\"name\":\"Pendule de radiesth\u00e9sie en Buis\"}]},{\"@type\":\"WebSite\",\"@id\":\"https:\\\/\\\/howood.fr\\\/#website\",\"url\":\"https:\\\/\\\/howood.fr\\\/\",\"name\":\"HoWood\",\"description\":\"pendule de radiesth\u00e9sie Artisanal HoWood\",\"publisher\":{\"@id\":\"https:\\\/\\\/howood.fr\\\/#organization\"},\"potentialAction\":[{\"@type\":\"SearchAction\",\"target\":{\"@type\":\"EntryPoint\",\"urlTemplate\":\"https:\\\/\\\/howood.fr\\\/?s={search_term_string}\"},\"query-input\":{\"@type\":\"PropertyValueSpecification\",\"valueRequired\":true,\"valueName\":\"search_term_string\"}}],\"inLanguage\":\"fr-FR\"},{\"@type\":\"Organization\",\"@id\":\"https:\\\/\\\/howood.fr\\\/#organization\",\"name\":\"HoWood\",\"url\":\"https:\\\/\\\/howood.fr\\\/\",\"logo\":{\"@type\":\"ImageObject\",\"inLanguage\":\"fr-FR\",\"@id\":\"https:\\\/\\\/howood.fr\\\/#\\\/schema\\\/logo\\\/image\\\/\",\"url\":\"https:\\\/\\\/howood.fr\\\/wp-content\\\/uploads\\\/2024\\\/10\\\/logo-HW-150.webp\",\"contentUrl\":\"https:\\\/\\\/howood.fr\\\/wp-content\\\/uploads\\\/2024\\\/10\\\/logo-HW-150.webp\",\"width\":150,\"height\":150,\"caption\":\"HoWood\"},\"image\":{\"@id\":\"https:\\\/\\\/howood.fr\\\/#\\\/schema\\\/logo\\\/image\\\/\"}}]}<\/script>\n<!-- \/ Yoast SEO plugin. -->","yoast_head_json":{"title":"Pendule de radiesth\u00e9sie en Buis - HoWood","description":"\"Pendule de d\u00e9senvo\u00fbtement\". Destin\u00e9 \u00e0 \u00e9liminer les ondes n\u00e9gatives qui polluent l'aura... Pendule \u00c9metteur et R\u00e9cepteur. Nettoyage des lieux","robots":{"index":"index","follow":"follow","max-snippet":"max-snippet:-1","max-image-preview":"max-image-preview:large","max-video-preview":"max-video-preview:-1"},"canonical":"https:\/\/howood.fr\/index.php\/produit\/pendule-en-bois-buis-radiesthesie-soin-energetique-howood-desenvoutement-2\/","og_locale":"fr_FR","og_type":"article","og_title":"Pendule de radiesth\u00e9sie en Buis - HoWood","og_description":"\"Pendule de d\u00e9senvo\u00fbtement\". Destin\u00e9 \u00e0 \u00e9liminer les ondes n\u00e9gatives qui polluent l'aura... Pendule \u00c9metteur et R\u00e9cepteur. Nettoyage des lieux","og_url":"https:\/\/howood.fr\/index.php\/produit\/pendule-en-bois-buis-radiesthesie-soin-energetique-howood-desenvoutement-2\/","og_site_name":"HoWood","article_modified_time":"2026-02-16T20:02:30+00:00","og_image":[{"width":1187,"height":2126,"url":"https:\/\/howood.fr\/wp-content\/uploads\/2026\/01\/PSPE-0126.05-buis-2.jpg","type":"image\/jpeg"}],"twitter_card":"summary_large_image","twitter_misc":{"Dur\u00e9e de lecture estim\u00e9e":"1 minute"},"schema":{"@context":"https:\/\/schema.org","@graph":[{"@type":"WebPage","@id":"https:\/\/howood.fr\/index.php\/produit\/pendule-en-bois-buis-radiesthesie-soin-energetique-howood-desenvoutement-2\/","url":"https:\/\/howood.fr\/index.php\/produit\/pendule-en-bois-buis-radiesthesie-soin-energetique-howood-desenvoutement-2\/","name":"Pendule de radiesth\u00e9sie en Buis - HoWood","isPartOf":{"@id":"https:\/\/howood.fr\/#website"},"primaryImageOfPage":{"@id":"https:\/\/howood.fr\/index.php\/produit\/pendule-en-bois-buis-radiesthesie-soin-energetique-howood-desenvoutement-2\/#primaryimage"},"image":{"@id":"https:\/\/howood.fr\/index.php\/produit\/pendule-en-bois-buis-radiesthesie-soin-energetique-howood-desenvoutement-2\/#primaryimage"},"thumbnailUrl":"https:\/\/howood.fr\/wp-content\/uploads\/2026\/01\/PSPE-0126.05-buis-2.jpg","datePublished":"2026-01-23T17:50:39+00:00","dateModified":"2026-02-16T20:02:30+00:00","description":"\"Pendule de d\u00e9senvo\u00fbtement\". Destin\u00e9 \u00e0 \u00e9liminer les ondes n\u00e9gatives qui polluent l'aura... Pendule \u00c9metteur et R\u00e9cepteur. Nettoyage des lieux","breadcrumb":{"@id":"https:\/\/howood.fr\/index.php\/produit\/pendule-en-bois-buis-radiesthesie-soin-energetique-howood-desenvoutement-2\/#breadcrumb"},"inLanguage":"fr-FR","potentialAction":[{"@type":"ReadAction","target":["https:\/\/howood.fr\/index.php\/produit\/pendule-en-bois-buis-radiesthesie-soin-energetique-howood-desenvoutement-2\/"]}]},{"@type":"ImageObject","inLanguage":"fr-FR","@id":"https:\/\/howood.fr\/index.php\/produit\/pendule-en-bois-buis-radiesthesie-soin-energetique-howood-desenvoutement-2\/#primaryimage","url":"https:\/\/howood.fr\/wp-content\/uploads\/2026\/01\/PSPE-0126.05-buis-2.jpg","contentUrl":"https:\/\/howood.fr\/wp-content\/uploads\/2026\/01\/PSPE-0126.05-buis-2.jpg","width":1187,"height":2126,"caption":"buis d\u00e9senvoutement"},{"@type":"BreadcrumbList","@id":"https:\/\/howood.fr\/index.php\/produit\/pendule-en-bois-buis-radiesthesie-soin-energetique-howood-desenvoutement-2\/#breadcrumb","itemListElement":[{"@type":"ListItem","position":1,"name":"Accueil","item":"https:\/\/howood.fr\/"},{"@type":"ListItem","position":2,"name":"Produits","item":"https:\/\/howood.fr\/index.php\/shop\/"},{"@type":"ListItem","position":3,"name":"Pendule de radiesth\u00e9sie en Buis"}]},{"@type":"WebSite","@id":"https:\/\/howood.fr\/#website","url":"https:\/\/howood.fr\/","name":"HoWood","description":"pendule de radiesth\u00e9sie Artisanal HoWood","publisher":{"@id":"https:\/\/howood.fr\/#organization"},"potentialAction":[{"@type":"SearchAction","target":{"@type":"EntryPoint","urlTemplate":"https:\/\/howood.fr\/?s={search_term_string}"},"query-input":{"@type":"PropertyValueSpecification","valueRequired":true,"valueName":"search_term_string"}}],"inLanguage":"fr-FR"},{"@type":"Organization","@id":"https:\/\/howood.fr\/#organization","name":"HoWood","url":"https:\/\/howood.fr\/","logo":{"@type":"ImageObject","inLanguage":"fr-FR","@id":"https:\/\/howood.fr\/#\/schema\/logo\/image\/","url":"https:\/\/howood.fr\/wp-content\/uploads\/2024\/10\/logo-HW-150.webp","contentUrl":"https:\/\/howood.fr\/wp-content\/uploads\/2024\/10\/logo-HW-150.webp","width":150,"height":150,"caption":"HoWood"},"image":{"@id":"https:\/\/howood.fr\/#\/schema\/logo\/image\/"}}]}},"_links":{"self":[{"href":"https:\/\/howood.fr\/index.php\/wp-json\/wp\/v2\/product\/3693","targetHints":{"allow":["GET"]}}],"collection":[{"href":"https:\/\/howood.fr\/index.php\/wp-json\/wp\/v2\/product"}],"about":[{"href":"https:\/\/howood.fr\/index.php\/wp-json\/wp\/v2\/types\/product"}],"replies":[{"embeddable":true,"href":"https:\/\/howood.fr\/index.php\/wp-json\/wp\/v2\/comments?post=3693"}],"version-history":[{"count":1,"href":"https:\/\/howood.fr\/index.php\/wp-json\/wp\/v2\/product\/3693\/revisions"}],"predecessor-version":[{"id":3694,"href":"https:\/\/howood.fr\/index.php\/wp-json\/wp\/v2\/product\/3693\/revisions\/3694"}],"wp:featuredmedia":[{"embeddable":true,"href":"https:\/\/howood.fr\/index.php\/wp-json\/wp\/v2\/media\/3684"}],"wp:attachment":[{"href":"https:\/\/howood.fr\/index.php\/wp-json\/wp\/v2\/media?parent=3693"}],"wp:term":[{"taxonomy":"product_brand","embeddable":true,"href":"https:\/\/howood.fr\/index.php\/wp-json\/wp\/v2\/product_brand?post=3693"},{"taxonomy":"product_cat","embeddable":true,"href":"https:\/\/howood.fr\/index.php\/wp-json\/wp\/v2\/product_cat?post=3693"},{"taxonomy":"product_tag","embeddable":true,"href":"https:\/\/howood.fr\/index.php\/wp-json\/wp\/v2\/product_tag?post=3693"}],"curies":[{"name":"wp","href":"https:\/\/api.w.org\/{rel}","templated":true}]}}