{"id":3698,"date":"2026-01-23T22:03:03","date_gmt":"2026-01-23T21:03:03","guid":{"rendered":"https:\/\/howood.fr\/?post_type=product&#038;p=3698"},"modified":"2026-04-29T19:16:00","modified_gmt":"2026-04-29T17:16:00","slug":"baton-de-soin-howood-en-laurier-du-jardin-artisanat-acupression-reflexo","status":"publish","type":"product","link":"https:\/\/howood.fr\/index.php\/produit\/baton-de-soin-howood-en-laurier-du-jardin-artisanat-acupression-reflexo\/","title":{"rendered":"B\u00e2ton de soin et pendule en Laurier"},"content":{"rendered":"<div class=\"elementor-element elementor-element-1c49f7e4 elementor-widget__width-initial elementor-widget elementor-widget-woocommerce-product-content\" data-id=\"1c49f7e4\" data-element_type=\"widget\" data-widget_type=\"woocommerce-product-content.default\">\n<div class=\"elementor-widget-container\">\n<p align=\"left\">B\u00e2ton de soin artisanal mais \u00e9galement pendule de radiesth\u00e9sie. Cette cr\u00e9ation unique howood en bois de Laurier et m\u00e9tal dor\u00e9 vous accompagnera dans vos soins \u00e9nerg\u00e9tiques, point d\u2019acupression \/ r\u00e9flexo. Retrouvez les couleurs des 7 chakras principaux. Beaucoup de potentiel pour cet outil, s&rsquo;il vous attire c&rsquo;est que avez vous-m\u00eame d\u00e9velopp\u00e9 plusieurs talents.<\/p>\n<p align=\"left\"><b>Mesures \u00e0 quelques variables pr\u00e8s <\/b><\/p>\n<ul>\n<li>\n<p align=\"left\">Hauteur : 15cm<\/p>\n<\/li>\n<li>\n<p align=\"left\">Largeur maxi : 2,7cm<\/p>\n<\/li>\n<li>\n<p align=\"left\">Poids : 37 gr<\/p>\n<\/li>\n<li>\n<p align=\"left\">Cha\u00eenette : Cordon blanc coton<\/p>\n<\/li>\n<li>\n<p align=\"left\">Finition\u00a0: Cire de Carnauba (cire extraite des feuilles de palmier carnauba)<\/p>\n<\/li>\n<\/ul>\n<p align=\"left\"><b>Livraison<\/b><\/p>\n<ul>\n<li>\n<p align=\"left\">Frais de livraison offert pour un envoi en France M\u00e9tropolitaine (courrier suivi) Frais de livraison \u00e0 pr\u00e9voir pour les envois UE<\/p>\n<\/li>\n<li>\n<p align=\"left\">Si besoin, vous pouvez me contacter par mail ou me t\u00e9l\u00e9phoner avant de valider votre achat dans le panier. Je r\u00e9pondrai \u00e0 vos questions avec plaisir.<\/p>\n<\/li>\n<\/ul>\n<\/div>\n<\/div>\n","protected":false},"excerpt":{"rendered":"<p>B\u00e2ton de soin artisanal mais \u00e9galement pendule de radiesth\u00e9sie. Cette cr\u00e9ation unique howood en bois de Laurier et m\u00e9tal dor\u00e9 vous accompagnera dans vos soins \u00e9nerg\u00e9tiques, point d\u2019acupression \/ r\u00e9flexo. Retrouvez les couleurs des 7 chakras principaux. Beaucoup de potentiel pour cet outil, s&rsquo;il vous attire c&rsquo;est que avez vous-m\u00eame d\u00e9velopp\u00e9 plusieurs talents. Mesures \u00e0 [&hellip;]<\/p>\n","protected":false},"featured_media":3697,"template":"","meta":[],"product_brand":[],"product_cat":[44],"product_tag":[72],"class_list":{"0":"post-3698","1":"product","2":"type-product","3":"status-publish","4":"has-post-thumbnail","6":"product_cat-vendu-pendule-stylo-bille-plume-bois-fait-main-royan","7":"product_tag-soins-energetiques","8":"product_shipping_class-pendules-colliers-porte-cles-stylo-a-bille-stylo-a-plume","10":"first","11":"outofstock","12":"purchasable","13":"product-type-simple"},"yoast_head":"<!-- This site is optimized with the Yoast SEO plugin v27.5 - https:\/\/yoast.com\/product\/yoast-seo-wordpress\/ -->\n<title>B\u00e2ton de soin et pendule en Laurier - HoWood<\/title>\n<meta name=\"description\" content=\"Un b\u00e2ton de soin et pendules de radiesth\u00e9sie multi fonction en bois de Laurier du jardin. Artisanat Howood couleur chakras.\" \/>\n<meta name=\"robots\" content=\"index, follow, max-snippet:-1, max-image-preview:large, max-video-preview:-1\" \/>\n<link rel=\"canonical\" href=\"https:\/\/howood.fr\/index.php\/produit\/baton-de-soin-howood-en-laurier-du-jardin-artisanat-acupression-reflexo\/\" \/>\n<meta property=\"og:locale\" content=\"fr_FR\" \/>\n<meta property=\"og:type\" content=\"article\" \/>\n<meta property=\"og:title\" content=\"B\u00e2ton de soin et pendule en Laurier - HoWood\" \/>\n<meta property=\"og:description\" content=\"Un b\u00e2ton de soin et pendules de radiesth\u00e9sie multi fonction en bois de Laurier du jardin. Artisanat Howood couleur chakras.\" \/>\n<meta property=\"og:url\" content=\"https:\/\/howood.fr\/index.php\/produit\/baton-de-soin-howood-en-laurier-du-jardin-artisanat-acupression-reflexo\/\" \/>\n<meta property=\"og:site_name\" content=\"HoWood\" \/>\n<meta property=\"article:modified_time\" content=\"2026-04-29T17:16:00+00:00\" \/>\n<meta property=\"og:image\" content=\"https:\/\/howood.fr\/wp-content\/uploads\/2026\/01\/BS-0126.03-Laurier-3.jpg\" \/>\n\t<meta property=\"og:image:width\" content=\"694\" \/>\n\t<meta property=\"og:image:height\" content=\"898\" \/>\n\t<meta property=\"og:image:type\" content=\"image\/jpeg\" \/>\n<meta name=\"twitter:card\" content=\"summary_large_image\" \/>\n<meta name=\"twitter:label1\" content=\"Dur\u00e9e de lecture estim\u00e9e\" \/>\n\t<meta name=\"twitter:data1\" content=\"1 minute\" \/>\n<script type=\"application\/ld+json\" class=\"yoast-schema-graph\">{\"@context\":\"https:\\\/\\\/schema.org\",\"@graph\":[{\"@type\":\"WebPage\",\"@id\":\"https:\\\/\\\/howood.fr\\\/index.php\\\/produit\\\/baton-de-soin-howood-en-laurier-du-jardin-artisanat-acupression-reflexo\\\/\",\"url\":\"https:\\\/\\\/howood.fr\\\/index.php\\\/produit\\\/baton-de-soin-howood-en-laurier-du-jardin-artisanat-acupression-reflexo\\\/\",\"name\":\"B\u00e2ton de soin et pendule en Laurier - HoWood\",\"isPartOf\":{\"@id\":\"https:\\\/\\\/howood.fr\\\/#website\"},\"primaryImageOfPage\":{\"@id\":\"https:\\\/\\\/howood.fr\\\/index.php\\\/produit\\\/baton-de-soin-howood-en-laurier-du-jardin-artisanat-acupression-reflexo\\\/#primaryimage\"},\"image\":{\"@id\":\"https:\\\/\\\/howood.fr\\\/index.php\\\/produit\\\/baton-de-soin-howood-en-laurier-du-jardin-artisanat-acupression-reflexo\\\/#primaryimage\"},\"thumbnailUrl\":\"https:\\\/\\\/howood.fr\\\/wp-content\\\/uploads\\\/2026\\\/01\\\/BS-0126.03-Laurier-3.jpg\",\"datePublished\":\"2026-01-23T21:03:03+00:00\",\"dateModified\":\"2026-04-29T17:16:00+00:00\",\"description\":\"Un b\u00e2ton de soin et pendules de radiesth\u00e9sie multi fonction en bois de Laurier du jardin. Artisanat Howood couleur chakras.\",\"breadcrumb\":{\"@id\":\"https:\\\/\\\/howood.fr\\\/index.php\\\/produit\\\/baton-de-soin-howood-en-laurier-du-jardin-artisanat-acupression-reflexo\\\/#breadcrumb\"},\"inLanguage\":\"fr-FR\",\"potentialAction\":[{\"@type\":\"ReadAction\",\"target\":[\"https:\\\/\\\/howood.fr\\\/index.php\\\/produit\\\/baton-de-soin-howood-en-laurier-du-jardin-artisanat-acupression-reflexo\\\/\"]}]},{\"@type\":\"ImageObject\",\"inLanguage\":\"fr-FR\",\"@id\":\"https:\\\/\\\/howood.fr\\\/index.php\\\/produit\\\/baton-de-soin-howood-en-laurier-du-jardin-artisanat-acupression-reflexo\\\/#primaryimage\",\"url\":\"https:\\\/\\\/howood.fr\\\/wp-content\\\/uploads\\\/2026\\\/01\\\/BS-0126.03-Laurier-3.jpg\",\"contentUrl\":\"https:\\\/\\\/howood.fr\\\/wp-content\\\/uploads\\\/2026\\\/01\\\/BS-0126.03-Laurier-3.jpg\",\"width\":694,\"height\":898,\"caption\":\"baton soin laurier\"},{\"@type\":\"BreadcrumbList\",\"@id\":\"https:\\\/\\\/howood.fr\\\/index.php\\\/produit\\\/baton-de-soin-howood-en-laurier-du-jardin-artisanat-acupression-reflexo\\\/#breadcrumb\",\"itemListElement\":[{\"@type\":\"ListItem\",\"position\":1,\"name\":\"Accueil\",\"item\":\"https:\\\/\\\/howood.fr\\\/\"},{\"@type\":\"ListItem\",\"position\":2,\"name\":\"Produits\",\"item\":\"https:\\\/\\\/howood.fr\\\/index.php\\\/shop\\\/\"},{\"@type\":\"ListItem\",\"position\":3,\"name\":\"B\u00e2ton de soin et pendule en Laurier\"}]},{\"@type\":\"WebSite\",\"@id\":\"https:\\\/\\\/howood.fr\\\/#website\",\"url\":\"https:\\\/\\\/howood.fr\\\/\",\"name\":\"HoWood\",\"description\":\"pendule de radiesth\u00e9sie Artisanal HoWood\",\"publisher\":{\"@id\":\"https:\\\/\\\/howood.fr\\\/#organization\"},\"potentialAction\":[{\"@type\":\"SearchAction\",\"target\":{\"@type\":\"EntryPoint\",\"urlTemplate\":\"https:\\\/\\\/howood.fr\\\/?s={search_term_string}\"},\"query-input\":{\"@type\":\"PropertyValueSpecification\",\"valueRequired\":true,\"valueName\":\"search_term_string\"}}],\"inLanguage\":\"fr-FR\"},{\"@type\":\"Organization\",\"@id\":\"https:\\\/\\\/howood.fr\\\/#organization\",\"name\":\"HoWood\",\"url\":\"https:\\\/\\\/howood.fr\\\/\",\"logo\":{\"@type\":\"ImageObject\",\"inLanguage\":\"fr-FR\",\"@id\":\"https:\\\/\\\/howood.fr\\\/#\\\/schema\\\/logo\\\/image\\\/\",\"url\":\"https:\\\/\\\/howood.fr\\\/wp-content\\\/uploads\\\/2024\\\/10\\\/logo-HW-150.webp\",\"contentUrl\":\"https:\\\/\\\/howood.fr\\\/wp-content\\\/uploads\\\/2024\\\/10\\\/logo-HW-150.webp\",\"width\":150,\"height\":150,\"caption\":\"HoWood\"},\"image\":{\"@id\":\"https:\\\/\\\/howood.fr\\\/#\\\/schema\\\/logo\\\/image\\\/\"}}]}<\/script>\n<!-- \/ Yoast SEO plugin. -->","yoast_head_json":{"title":"B\u00e2ton de soin et pendule en Laurier - HoWood","description":"Un b\u00e2ton de soin et pendules de radiesth\u00e9sie multi fonction en bois de Laurier du jardin. Artisanat Howood couleur chakras.","robots":{"index":"index","follow":"follow","max-snippet":"max-snippet:-1","max-image-preview":"max-image-preview:large","max-video-preview":"max-video-preview:-1"},"canonical":"https:\/\/howood.fr\/index.php\/produit\/baton-de-soin-howood-en-laurier-du-jardin-artisanat-acupression-reflexo\/","og_locale":"fr_FR","og_type":"article","og_title":"B\u00e2ton de soin et pendule en Laurier - HoWood","og_description":"Un b\u00e2ton de soin et pendules de radiesth\u00e9sie multi fonction en bois de Laurier du jardin. Artisanat Howood couleur chakras.","og_url":"https:\/\/howood.fr\/index.php\/produit\/baton-de-soin-howood-en-laurier-du-jardin-artisanat-acupression-reflexo\/","og_site_name":"HoWood","article_modified_time":"2026-04-29T17:16:00+00:00","og_image":[{"width":694,"height":898,"url":"https:\/\/howood.fr\/wp-content\/uploads\/2026\/01\/BS-0126.03-Laurier-3.jpg","type":"image\/jpeg"}],"twitter_card":"summary_large_image","twitter_misc":{"Dur\u00e9e de lecture estim\u00e9e":"1 minute"},"schema":{"@context":"https:\/\/schema.org","@graph":[{"@type":"WebPage","@id":"https:\/\/howood.fr\/index.php\/produit\/baton-de-soin-howood-en-laurier-du-jardin-artisanat-acupression-reflexo\/","url":"https:\/\/howood.fr\/index.php\/produit\/baton-de-soin-howood-en-laurier-du-jardin-artisanat-acupression-reflexo\/","name":"B\u00e2ton de soin et pendule en Laurier - HoWood","isPartOf":{"@id":"https:\/\/howood.fr\/#website"},"primaryImageOfPage":{"@id":"https:\/\/howood.fr\/index.php\/produit\/baton-de-soin-howood-en-laurier-du-jardin-artisanat-acupression-reflexo\/#primaryimage"},"image":{"@id":"https:\/\/howood.fr\/index.php\/produit\/baton-de-soin-howood-en-laurier-du-jardin-artisanat-acupression-reflexo\/#primaryimage"},"thumbnailUrl":"https:\/\/howood.fr\/wp-content\/uploads\/2026\/01\/BS-0126.03-Laurier-3.jpg","datePublished":"2026-01-23T21:03:03+00:00","dateModified":"2026-04-29T17:16:00+00:00","description":"Un b\u00e2ton de soin et pendules de radiesth\u00e9sie multi fonction en bois de Laurier du jardin. Artisanat Howood couleur chakras.","breadcrumb":{"@id":"https:\/\/howood.fr\/index.php\/produit\/baton-de-soin-howood-en-laurier-du-jardin-artisanat-acupression-reflexo\/#breadcrumb"},"inLanguage":"fr-FR","potentialAction":[{"@type":"ReadAction","target":["https:\/\/howood.fr\/index.php\/produit\/baton-de-soin-howood-en-laurier-du-jardin-artisanat-acupression-reflexo\/"]}]},{"@type":"ImageObject","inLanguage":"fr-FR","@id":"https:\/\/howood.fr\/index.php\/produit\/baton-de-soin-howood-en-laurier-du-jardin-artisanat-acupression-reflexo\/#primaryimage","url":"https:\/\/howood.fr\/wp-content\/uploads\/2026\/01\/BS-0126.03-Laurier-3.jpg","contentUrl":"https:\/\/howood.fr\/wp-content\/uploads\/2026\/01\/BS-0126.03-Laurier-3.jpg","width":694,"height":898,"caption":"baton soin laurier"},{"@type":"BreadcrumbList","@id":"https:\/\/howood.fr\/index.php\/produit\/baton-de-soin-howood-en-laurier-du-jardin-artisanat-acupression-reflexo\/#breadcrumb","itemListElement":[{"@type":"ListItem","position":1,"name":"Accueil","item":"https:\/\/howood.fr\/"},{"@type":"ListItem","position":2,"name":"Produits","item":"https:\/\/howood.fr\/index.php\/shop\/"},{"@type":"ListItem","position":3,"name":"B\u00e2ton de soin et pendule en Laurier"}]},{"@type":"WebSite","@id":"https:\/\/howood.fr\/#website","url":"https:\/\/howood.fr\/","name":"HoWood","description":"pendule de radiesth\u00e9sie Artisanal HoWood","publisher":{"@id":"https:\/\/howood.fr\/#organization"},"potentialAction":[{"@type":"SearchAction","target":{"@type":"EntryPoint","urlTemplate":"https:\/\/howood.fr\/?s={search_term_string}"},"query-input":{"@type":"PropertyValueSpecification","valueRequired":true,"valueName":"search_term_string"}}],"inLanguage":"fr-FR"},{"@type":"Organization","@id":"https:\/\/howood.fr\/#organization","name":"HoWood","url":"https:\/\/howood.fr\/","logo":{"@type":"ImageObject","inLanguage":"fr-FR","@id":"https:\/\/howood.fr\/#\/schema\/logo\/image\/","url":"https:\/\/howood.fr\/wp-content\/uploads\/2024\/10\/logo-HW-150.webp","contentUrl":"https:\/\/howood.fr\/wp-content\/uploads\/2024\/10\/logo-HW-150.webp","width":150,"height":150,"caption":"HoWood"},"image":{"@id":"https:\/\/howood.fr\/#\/schema\/logo\/image\/"}}]}},"_links":{"self":[{"href":"https:\/\/howood.fr\/index.php\/wp-json\/wp\/v2\/product\/3698","targetHints":{"allow":["GET"]}}],"collection":[{"href":"https:\/\/howood.fr\/index.php\/wp-json\/wp\/v2\/product"}],"about":[{"href":"https:\/\/howood.fr\/index.php\/wp-json\/wp\/v2\/types\/product"}],"version-history":[{"count":1,"href":"https:\/\/howood.fr\/index.php\/wp-json\/wp\/v2\/product\/3698\/revisions"}],"predecessor-version":[{"id":3699,"href":"https:\/\/howood.fr\/index.php\/wp-json\/wp\/v2\/product\/3698\/revisions\/3699"}],"wp:featuredmedia":[{"embeddable":true,"href":"https:\/\/howood.fr\/index.php\/wp-json\/wp\/v2\/media\/3697"}],"wp:attachment":[{"href":"https:\/\/howood.fr\/index.php\/wp-json\/wp\/v2\/media?parent=3698"}],"wp:term":[{"taxonomy":"product_brand","embeddable":true,"href":"https:\/\/howood.fr\/index.php\/wp-json\/wp\/v2\/product_brand?post=3698"},{"taxonomy":"product_cat","embeddable":true,"href":"https:\/\/howood.fr\/index.php\/wp-json\/wp\/v2\/product_cat?post=3698"},{"taxonomy":"product_tag","embeddable":true,"href":"https:\/\/howood.fr\/index.php\/wp-json\/wp\/v2\/product_tag?post=3698"}],"curies":[{"name":"wp","href":"https:\/\/api.w.org\/{rel}","templated":true}]}}