{"id":3798,"date":"2026-02-03T22:15:53","date_gmt":"2026-02-03T21:15:53","guid":{"rendered":"https:\/\/howood.fr\/?post_type=product&#038;p=3798"},"modified":"2026-02-03T22:15:53","modified_gmt":"2026-02-03T21:15:53","slug":"pendule-egyptien-bois-emetteur-recepteur-magnetiseur-radiesthesiste-8","status":"publish","type":"product","link":"https:\/\/howood.fr\/index.php\/produit\/pendule-egyptien-bois-emetteur-recepteur-magnetiseur-radiesthesiste-8\/","title":{"rendered":"Pendule \u00c9gyptien en bois de Buis"},"content":{"rendered":"<p align=\"left\">Pendule \u00c9gyptien Howood<\/p>\n<p align=\"left\">Magn\u00e9tiseurs, radiesth\u00e9sistes, voici votre partenaire <strong>en bois de BUIS. <\/strong>Symbole de l&rsquo;immortalit\u00e9.\u00a0Il sera votre allier dans le domaine de la g\u00e9obiologie, les soins \u00e9nerg\u00e9tiques,\u00a0 la d\u00e9tection des ondes n\u00e9gatives. Utilis\u00e9 pour certains travaux de \u00ab d\u00e9charge \u00bb et \u00ab recharge \u00bb d\u2019ondes au niveau d\u2019objets ou de lieux. Le pendule \u00e9gyptien \u00e9tait autrefois utilis\u00e9 par les marins des pharaons pour se guider sur les mers.<\/p>\n<p align=\"left\"><b>Mesures \u00e0 quelques variables pr\u00e8s <\/b><\/p>\n<ul>\n<li>\n<p align=\"left\">Hauteur : 9 cm<\/p>\n<\/li>\n<li>\n<p align=\"left\">Largeur maxi : 1,8 cm<\/p>\n<\/li>\n<li>\n<p align=\"left\">Poids : 15,64 gr<\/p>\n<\/li>\n<li>\n<p align=\"left\">Cha\u00eenette : Acier argent\u00e9 19 cm<\/p>\n<\/li>\n<li>\n<p align=\"left\">Finition\u00a0: Cire de Carnauba (cire extraite des feuilles de palmier carnauba)<\/p>\n<\/li>\n<\/ul>\n","protected":false},"excerpt":{"rendered":"<p>Pendule \u00c9gyptien Howood Magn\u00e9tiseurs, radiesth\u00e9sistes, voici votre partenaire en bois de BUIS. Symbole de l&rsquo;immortalit\u00e9.\u00a0Il sera votre allier dans le domaine de la g\u00e9obiologie, les soins \u00e9nerg\u00e9tiques,\u00a0 la d\u00e9tection des ondes n\u00e9gatives. Utilis\u00e9 pour certains travaux de \u00ab d\u00e9charge \u00bb et \u00ab recharge \u00bb d\u2019ondes au niveau d\u2019objets ou de lieux. Le pendule \u00e9gyptien \u00e9tait [&hellip;]<\/p>\n","protected":false},"featured_media":3764,"comment_status":"open","ping_status":"closed","template":"","meta":[],"product_brand":[],"product_cat":[106],"product_tag":[42,69],"class_list":{"0":"post-3798","1":"product","2":"type-product","3":"status-publish","4":"has-post-thumbnail","6":"product_cat-pendules-egyptiens","7":"product_tag-buis","8":"product_tag-egyptien","9":"product_shipping_class-pendules-colliers-porte-cles-stylo-a-bille-stylo-a-plume","11":"first","12":"instock","13":"purchasable","14":"product-type-simple"},"yoast_head":"<!-- This site is optimized with the Yoast SEO plugin v27.3 - https:\/\/yoast.com\/product\/yoast-seo-wordpress\/ -->\n<title>Pendule \u00c9gyptien en bois de Buis - HoWood<\/title>\n<meta name=\"description\" content=\"Pendule \u00e9gyptien Howood \u00e9metteur et r\u00e9cepteur d\u00e9tection des ondes n\u00e9gatives un vrai outil pour les pour les radiesth\u00e9sistes, magn\u00e9tiseurs, g\u00e9obiologues.\" \/>\n<meta name=\"robots\" content=\"index, follow, max-snippet:-1, max-image-preview:large, max-video-preview:-1\" \/>\n<link rel=\"canonical\" href=\"https:\/\/howood.fr\/index.php\/produit\/pendule-egyptien-bois-emetteur-recepteur-magnetiseur-radiesthesiste-8\/\" \/>\n<meta property=\"og:locale\" content=\"fr_FR\" \/>\n<meta property=\"og:type\" content=\"article\" \/>\n<meta property=\"og:title\" content=\"Pendule \u00c9gyptien en bois de Buis - HoWood\" \/>\n<meta property=\"og:description\" content=\"Pendule \u00e9gyptien Howood \u00e9metteur et r\u00e9cepteur d\u00e9tection des ondes n\u00e9gatives un vrai outil pour les pour les radiesth\u00e9sistes, magn\u00e9tiseurs, g\u00e9obiologues.\" \/>\n<meta property=\"og:url\" content=\"https:\/\/howood.fr\/index.php\/produit\/pendule-egyptien-bois-emetteur-recepteur-magnetiseur-radiesthesiste-8\/\" \/>\n<meta property=\"og:site_name\" content=\"HoWood\" \/>\n<meta property=\"og:image\" content=\"https:\/\/howood.fr\/wp-content\/uploads\/2026\/02\/EGY-0226.09-Buis-1.jpg\" \/>\n\t<meta property=\"og:image:width\" content=\"895\" \/>\n\t<meta property=\"og:image:height\" content=\"1407\" \/>\n\t<meta property=\"og:image:type\" content=\"image\/jpeg\" \/>\n<meta name=\"twitter:card\" content=\"summary_large_image\" \/>\n<meta name=\"twitter:label1\" content=\"Dur\u00e9e de lecture estim\u00e9e\" \/>\n\t<meta name=\"twitter:data1\" content=\"1 minute\" \/>\n<script type=\"application\/ld+json\" class=\"yoast-schema-graph\">{\"@context\":\"https:\\\/\\\/schema.org\",\"@graph\":[{\"@type\":\"WebPage\",\"@id\":\"https:\\\/\\\/howood.fr\\\/index.php\\\/produit\\\/pendule-egyptien-bois-emetteur-recepteur-magnetiseur-radiesthesiste-8\\\/\",\"url\":\"https:\\\/\\\/howood.fr\\\/index.php\\\/produit\\\/pendule-egyptien-bois-emetteur-recepteur-magnetiseur-radiesthesiste-8\\\/\",\"name\":\"Pendule \u00c9gyptien en bois de Buis - HoWood\",\"isPartOf\":{\"@id\":\"https:\\\/\\\/howood.fr\\\/#website\"},\"primaryImageOfPage\":{\"@id\":\"https:\\\/\\\/howood.fr\\\/index.php\\\/produit\\\/pendule-egyptien-bois-emetteur-recepteur-magnetiseur-radiesthesiste-8\\\/#primaryimage\"},\"image\":{\"@id\":\"https:\\\/\\\/howood.fr\\\/index.php\\\/produit\\\/pendule-egyptien-bois-emetteur-recepteur-magnetiseur-radiesthesiste-8\\\/#primaryimage\"},\"thumbnailUrl\":\"https:\\\/\\\/howood.fr\\\/wp-content\\\/uploads\\\/2026\\\/02\\\/EGY-0226.09-Buis-1.jpg\",\"datePublished\":\"2026-02-03T21:15:53+00:00\",\"description\":\"Pendule \u00e9gyptien Howood \u00e9metteur et r\u00e9cepteur d\u00e9tection des ondes n\u00e9gatives un vrai outil pour les pour les radiesth\u00e9sistes, magn\u00e9tiseurs, g\u00e9obiologues.\",\"breadcrumb\":{\"@id\":\"https:\\\/\\\/howood.fr\\\/index.php\\\/produit\\\/pendule-egyptien-bois-emetteur-recepteur-magnetiseur-radiesthesiste-8\\\/#breadcrumb\"},\"inLanguage\":\"fr-FR\",\"potentialAction\":[{\"@type\":\"ReadAction\",\"target\":[\"https:\\\/\\\/howood.fr\\\/index.php\\\/produit\\\/pendule-egyptien-bois-emetteur-recepteur-magnetiseur-radiesthesiste-8\\\/\"]}]},{\"@type\":\"ImageObject\",\"inLanguage\":\"fr-FR\",\"@id\":\"https:\\\/\\\/howood.fr\\\/index.php\\\/produit\\\/pendule-egyptien-bois-emetteur-recepteur-magnetiseur-radiesthesiste-8\\\/#primaryimage\",\"url\":\"https:\\\/\\\/howood.fr\\\/wp-content\\\/uploads\\\/2026\\\/02\\\/EGY-0226.09-Buis-1.jpg\",\"contentUrl\":\"https:\\\/\\\/howood.fr\\\/wp-content\\\/uploads\\\/2026\\\/02\\\/EGY-0226.09-Buis-1.jpg\",\"width\":895,\"height\":1407,\"caption\":\"egy buis\"},{\"@type\":\"BreadcrumbList\",\"@id\":\"https:\\\/\\\/howood.fr\\\/index.php\\\/produit\\\/pendule-egyptien-bois-emetteur-recepteur-magnetiseur-radiesthesiste-8\\\/#breadcrumb\",\"itemListElement\":[{\"@type\":\"ListItem\",\"position\":1,\"name\":\"Accueil\",\"item\":\"https:\\\/\\\/howood.fr\\\/\"},{\"@type\":\"ListItem\",\"position\":2,\"name\":\"Produits\",\"item\":\"https:\\\/\\\/howood.fr\\\/index.php\\\/shop\\\/\"},{\"@type\":\"ListItem\",\"position\":3,\"name\":\"Pendule \u00c9gyptien en bois de Buis\"}]},{\"@type\":\"WebSite\",\"@id\":\"https:\\\/\\\/howood.fr\\\/#website\",\"url\":\"https:\\\/\\\/howood.fr\\\/\",\"name\":\"HoWood\",\"description\":\"pendule de radiesth\u00e9sie Artisanal HoWood\",\"publisher\":{\"@id\":\"https:\\\/\\\/howood.fr\\\/#organization\"},\"potentialAction\":[{\"@type\":\"SearchAction\",\"target\":{\"@type\":\"EntryPoint\",\"urlTemplate\":\"https:\\\/\\\/howood.fr\\\/?s={search_term_string}\"},\"query-input\":{\"@type\":\"PropertyValueSpecification\",\"valueRequired\":true,\"valueName\":\"search_term_string\"}}],\"inLanguage\":\"fr-FR\"},{\"@type\":\"Organization\",\"@id\":\"https:\\\/\\\/howood.fr\\\/#organization\",\"name\":\"HoWood\",\"url\":\"https:\\\/\\\/howood.fr\\\/\",\"logo\":{\"@type\":\"ImageObject\",\"inLanguage\":\"fr-FR\",\"@id\":\"https:\\\/\\\/howood.fr\\\/#\\\/schema\\\/logo\\\/image\\\/\",\"url\":\"https:\\\/\\\/howood.fr\\\/wp-content\\\/uploads\\\/2024\\\/10\\\/logo-HW-150.webp\",\"contentUrl\":\"https:\\\/\\\/howood.fr\\\/wp-content\\\/uploads\\\/2024\\\/10\\\/logo-HW-150.webp\",\"width\":150,\"height\":150,\"caption\":\"HoWood\"},\"image\":{\"@id\":\"https:\\\/\\\/howood.fr\\\/#\\\/schema\\\/logo\\\/image\\\/\"}}]}<\/script>\n<!-- \/ Yoast SEO plugin. -->","yoast_head_json":{"title":"Pendule \u00c9gyptien en bois de Buis - HoWood","description":"Pendule \u00e9gyptien Howood \u00e9metteur et r\u00e9cepteur d\u00e9tection des ondes n\u00e9gatives un vrai outil pour les pour les radiesth\u00e9sistes, magn\u00e9tiseurs, g\u00e9obiologues.","robots":{"index":"index","follow":"follow","max-snippet":"max-snippet:-1","max-image-preview":"max-image-preview:large","max-video-preview":"max-video-preview:-1"},"canonical":"https:\/\/howood.fr\/index.php\/produit\/pendule-egyptien-bois-emetteur-recepteur-magnetiseur-radiesthesiste-8\/","og_locale":"fr_FR","og_type":"article","og_title":"Pendule \u00c9gyptien en bois de Buis - HoWood","og_description":"Pendule \u00e9gyptien Howood \u00e9metteur et r\u00e9cepteur d\u00e9tection des ondes n\u00e9gatives un vrai outil pour les pour les radiesth\u00e9sistes, magn\u00e9tiseurs, g\u00e9obiologues.","og_url":"https:\/\/howood.fr\/index.php\/produit\/pendule-egyptien-bois-emetteur-recepteur-magnetiseur-radiesthesiste-8\/","og_site_name":"HoWood","og_image":[{"width":895,"height":1407,"url":"https:\/\/howood.fr\/wp-content\/uploads\/2026\/02\/EGY-0226.09-Buis-1.jpg","type":"image\/jpeg"}],"twitter_card":"summary_large_image","twitter_misc":{"Dur\u00e9e de lecture estim\u00e9e":"1 minute"},"schema":{"@context":"https:\/\/schema.org","@graph":[{"@type":"WebPage","@id":"https:\/\/howood.fr\/index.php\/produit\/pendule-egyptien-bois-emetteur-recepteur-magnetiseur-radiesthesiste-8\/","url":"https:\/\/howood.fr\/index.php\/produit\/pendule-egyptien-bois-emetteur-recepteur-magnetiseur-radiesthesiste-8\/","name":"Pendule \u00c9gyptien en bois de Buis - HoWood","isPartOf":{"@id":"https:\/\/howood.fr\/#website"},"primaryImageOfPage":{"@id":"https:\/\/howood.fr\/index.php\/produit\/pendule-egyptien-bois-emetteur-recepteur-magnetiseur-radiesthesiste-8\/#primaryimage"},"image":{"@id":"https:\/\/howood.fr\/index.php\/produit\/pendule-egyptien-bois-emetteur-recepteur-magnetiseur-radiesthesiste-8\/#primaryimage"},"thumbnailUrl":"https:\/\/howood.fr\/wp-content\/uploads\/2026\/02\/EGY-0226.09-Buis-1.jpg","datePublished":"2026-02-03T21:15:53+00:00","description":"Pendule \u00e9gyptien Howood \u00e9metteur et r\u00e9cepteur d\u00e9tection des ondes n\u00e9gatives un vrai outil pour les pour les radiesth\u00e9sistes, magn\u00e9tiseurs, g\u00e9obiologues.","breadcrumb":{"@id":"https:\/\/howood.fr\/index.php\/produit\/pendule-egyptien-bois-emetteur-recepteur-magnetiseur-radiesthesiste-8\/#breadcrumb"},"inLanguage":"fr-FR","potentialAction":[{"@type":"ReadAction","target":["https:\/\/howood.fr\/index.php\/produit\/pendule-egyptien-bois-emetteur-recepteur-magnetiseur-radiesthesiste-8\/"]}]},{"@type":"ImageObject","inLanguage":"fr-FR","@id":"https:\/\/howood.fr\/index.php\/produit\/pendule-egyptien-bois-emetteur-recepteur-magnetiseur-radiesthesiste-8\/#primaryimage","url":"https:\/\/howood.fr\/wp-content\/uploads\/2026\/02\/EGY-0226.09-Buis-1.jpg","contentUrl":"https:\/\/howood.fr\/wp-content\/uploads\/2026\/02\/EGY-0226.09-Buis-1.jpg","width":895,"height":1407,"caption":"egy buis"},{"@type":"BreadcrumbList","@id":"https:\/\/howood.fr\/index.php\/produit\/pendule-egyptien-bois-emetteur-recepteur-magnetiseur-radiesthesiste-8\/#breadcrumb","itemListElement":[{"@type":"ListItem","position":1,"name":"Accueil","item":"https:\/\/howood.fr\/"},{"@type":"ListItem","position":2,"name":"Produits","item":"https:\/\/howood.fr\/index.php\/shop\/"},{"@type":"ListItem","position":3,"name":"Pendule \u00c9gyptien en bois de Buis"}]},{"@type":"WebSite","@id":"https:\/\/howood.fr\/#website","url":"https:\/\/howood.fr\/","name":"HoWood","description":"pendule de radiesth\u00e9sie Artisanal HoWood","publisher":{"@id":"https:\/\/howood.fr\/#organization"},"potentialAction":[{"@type":"SearchAction","target":{"@type":"EntryPoint","urlTemplate":"https:\/\/howood.fr\/?s={search_term_string}"},"query-input":{"@type":"PropertyValueSpecification","valueRequired":true,"valueName":"search_term_string"}}],"inLanguage":"fr-FR"},{"@type":"Organization","@id":"https:\/\/howood.fr\/#organization","name":"HoWood","url":"https:\/\/howood.fr\/","logo":{"@type":"ImageObject","inLanguage":"fr-FR","@id":"https:\/\/howood.fr\/#\/schema\/logo\/image\/","url":"https:\/\/howood.fr\/wp-content\/uploads\/2024\/10\/logo-HW-150.webp","contentUrl":"https:\/\/howood.fr\/wp-content\/uploads\/2024\/10\/logo-HW-150.webp","width":150,"height":150,"caption":"HoWood"},"image":{"@id":"https:\/\/howood.fr\/#\/schema\/logo\/image\/"}}]}},"_links":{"self":[{"href":"https:\/\/howood.fr\/index.php\/wp-json\/wp\/v2\/product\/3798","targetHints":{"allow":["GET"]}}],"collection":[{"href":"https:\/\/howood.fr\/index.php\/wp-json\/wp\/v2\/product"}],"about":[{"href":"https:\/\/howood.fr\/index.php\/wp-json\/wp\/v2\/types\/product"}],"replies":[{"embeddable":true,"href":"https:\/\/howood.fr\/index.php\/wp-json\/wp\/v2\/comments?post=3798"}],"version-history":[{"count":1,"href":"https:\/\/howood.fr\/index.php\/wp-json\/wp\/v2\/product\/3798\/revisions"}],"predecessor-version":[{"id":3799,"href":"https:\/\/howood.fr\/index.php\/wp-json\/wp\/v2\/product\/3798\/revisions\/3799"}],"wp:featuredmedia":[{"embeddable":true,"href":"https:\/\/howood.fr\/index.php\/wp-json\/wp\/v2\/media\/3764"}],"wp:attachment":[{"href":"https:\/\/howood.fr\/index.php\/wp-json\/wp\/v2\/media?parent=3798"}],"wp:term":[{"taxonomy":"product_brand","embeddable":true,"href":"https:\/\/howood.fr\/index.php\/wp-json\/wp\/v2\/product_brand?post=3798"},{"taxonomy":"product_cat","embeddable":true,"href":"https:\/\/howood.fr\/index.php\/wp-json\/wp\/v2\/product_cat?post=3798"},{"taxonomy":"product_tag","embeddable":true,"href":"https:\/\/howood.fr\/index.php\/wp-json\/wp\/v2\/product_tag?post=3798"}],"curies":[{"name":"wp","href":"https:\/\/api.w.org\/{rel}","templated":true}]}}