{"id":3835,"date":"2026-02-08T20:52:52","date_gmt":"2026-02-08T19:52:52","guid":{"rendered":"https:\/\/howood.fr\/?post_type=product&#038;p=3835"},"modified":"2026-02-24T23:05:50","modified_gmt":"2026-02-24T22:05:50","slug":"pendule-egyptien-en-buis-7-chakras","status":"publish","type":"product","link":"https:\/\/howood.fr\/index.php\/produit\/pendule-egyptien-en-buis-7-chakras\/","title":{"rendered":"Pendule \u00c9gyptien en buis 7 chakras"},"content":{"rendered":"<p align=\"left\"><span style=\"font-family: Comic Sans MS, serif;\">Magn\u00e9tiseurs, radiesth\u00e9sistes, voici votre nouveau partenaire <strong>en bois de buis. <\/strong>Il sera votre allier dans le domaine de la g\u00e9obiologie, les soins \u00e9nerg\u00e9tiques,\u00a0 la d\u00e9tection des ondes n\u00e9gatives. <\/span><\/p>\n<p align=\"left\"><span style=\"font-family: Comic Sans MS, serif;\"><b>Mesures \u00e0 quelques variables pr\u00e8s <\/b><\/span><\/p>\n<ul>\n<li>\n<p align=\"left\"><span style=\"font-family: Comic Sans MS, serif;\">Hauteur : 8,9 cm<\/span><\/p>\n<\/li>\n<li>\n<p align=\"left\"><span style=\"font-family: Comic Sans MS, serif;\">Largeur maxi : 1,9 cm<\/span><\/p>\n<\/li>\n<li>\n<p align=\"left\"><span style=\"font-family: Comic Sans MS, serif;\">Poids : 15,86 gr<\/span><\/p>\n<\/li>\n<li>\n<p align=\"left\"><span style=\"font-family: Comic Sans MS, serif;\">Cha\u00eene<\/span><span style=\"font-family: Comic Sans MS, serif;\">tte<\/span><span style=\"font-family: Comic Sans MS, serif;\"> : Acier marron 19 cm<\/span><\/p>\n<\/li>\n<li>\n<p align=\"left\"><span style=\"font-family: Comic Sans MS, serif;\">Finition\u00a0: Cire de Carnauba (cire extraite des feuilles de palmier carnauba)<\/span><\/p>\n<\/li>\n<\/ul>\n","protected":false},"excerpt":{"rendered":"<p>Magn\u00e9tiseurs, radiesth\u00e9sistes, voici votre nouveau partenaire en bois de buis. Il sera votre allier dans le domaine de la g\u00e9obiologie, les soins \u00e9nerg\u00e9tiques,\u00a0 la d\u00e9tection des ondes n\u00e9gatives. Mesures \u00e0 quelques variables pr\u00e8s Hauteur : 8,9 cm Largeur maxi : 1,9 cm Poids : 15,86 gr Cha\u00eenette : Acier marron 19 cm Finition\u00a0: Cire de [&hellip;]<\/p>\n","protected":false},"featured_media":3818,"comment_status":"open","ping_status":"closed","template":"","meta":[],"product_brand":[],"product_cat":[96,106],"product_tag":[42,107],"class_list":{"0":"post-3835","1":"product","2":"type-product","3":"status-publish","4":"has-post-thumbnail","6":"product_cat-pendule-radiesthesie-soins-energetiques-7-chakras-magnetisme","7":"product_cat-pendules-egyptiens","8":"product_tag-buis","9":"product_tag-egyptien-chakras","10":"product_shipping_class-pendules-colliers-porte-cles-stylo-a-bille-stylo-a-plume","12":"first","13":"instock","14":"purchasable","15":"product-type-simple"},"yoast_head":"<!-- This site is optimized with the Yoast SEO plugin v27.3 - https:\/\/yoast.com\/product\/yoast-seo-wordpress\/ -->\n<title>Pendule \u00c9gyptien en buis 7 chakras - HoWood<\/title>\n<meta name=\"description\" content=\"Pendule \u00e9gyptien Howood \u00e9metteur et r\u00e9cepteur d\u00e9tection des ondes n\u00e9gatives un vrai outil pour les pour les radiesth\u00e9sistes, magn\u00e9tiseurs, g\u00e9obiologues.\" \/>\n<meta name=\"robots\" content=\"index, follow, max-snippet:-1, max-image-preview:large, max-video-preview:-1\" \/>\n<link rel=\"canonical\" href=\"https:\/\/howood.fr\/index.php\/produit\/pendule-egyptien-en-buis-7-chakras\/\" \/>\n<meta property=\"og:locale\" content=\"fr_FR\" \/>\n<meta property=\"og:type\" content=\"article\" \/>\n<meta property=\"og:title\" content=\"Pendule \u00c9gyptien en buis 7 chakras - HoWood\" \/>\n<meta property=\"og:description\" content=\"Pendule \u00e9gyptien Howood \u00e9metteur et r\u00e9cepteur d\u00e9tection des ondes n\u00e9gatives un vrai outil pour les pour les radiesth\u00e9sistes, magn\u00e9tiseurs, g\u00e9obiologues.\" \/>\n<meta property=\"og:url\" content=\"https:\/\/howood.fr\/index.php\/produit\/pendule-egyptien-en-buis-7-chakras\/\" \/>\n<meta property=\"og:site_name\" content=\"HoWood\" \/>\n<meta property=\"article:modified_time\" content=\"2026-02-24T22:05:50+00:00\" \/>\n<meta property=\"og:image\" content=\"https:\/\/howood.fr\/wp-content\/uploads\/2026\/02\/EGY-0226.12-BUIS-4.jpg\" \/>\n\t<meta property=\"og:image:width\" content=\"1728\" \/>\n\t<meta property=\"og:image:height\" content=\"2304\" \/>\n\t<meta property=\"og:image:type\" content=\"image\/jpeg\" \/>\n<meta name=\"twitter:card\" content=\"summary_large_image\" \/>\n<meta name=\"twitter:label1\" content=\"Dur\u00e9e de lecture estim\u00e9e\" \/>\n\t<meta name=\"twitter:data1\" content=\"1 minute\" \/>\n<script type=\"application\/ld+json\" class=\"yoast-schema-graph\">{\"@context\":\"https:\\\/\\\/schema.org\",\"@graph\":[{\"@type\":\"WebPage\",\"@id\":\"https:\\\/\\\/howood.fr\\\/index.php\\\/produit\\\/pendule-egyptien-en-buis-7-chakras\\\/\",\"url\":\"https:\\\/\\\/howood.fr\\\/index.php\\\/produit\\\/pendule-egyptien-en-buis-7-chakras\\\/\",\"name\":\"Pendule \u00c9gyptien en buis 7 chakras - HoWood\",\"isPartOf\":{\"@id\":\"https:\\\/\\\/howood.fr\\\/#website\"},\"primaryImageOfPage\":{\"@id\":\"https:\\\/\\\/howood.fr\\\/index.php\\\/produit\\\/pendule-egyptien-en-buis-7-chakras\\\/#primaryimage\"},\"image\":{\"@id\":\"https:\\\/\\\/howood.fr\\\/index.php\\\/produit\\\/pendule-egyptien-en-buis-7-chakras\\\/#primaryimage\"},\"thumbnailUrl\":\"https:\\\/\\\/howood.fr\\\/wp-content\\\/uploads\\\/2026\\\/02\\\/EGY-0226.12-BUIS-4.jpg\",\"datePublished\":\"2026-02-08T19:52:52+00:00\",\"dateModified\":\"2026-02-24T22:05:50+00:00\",\"description\":\"Pendule \u00e9gyptien Howood \u00e9metteur et r\u00e9cepteur d\u00e9tection des ondes n\u00e9gatives un vrai outil pour les pour les radiesth\u00e9sistes, magn\u00e9tiseurs, g\u00e9obiologues.\",\"breadcrumb\":{\"@id\":\"https:\\\/\\\/howood.fr\\\/index.php\\\/produit\\\/pendule-egyptien-en-buis-7-chakras\\\/#breadcrumb\"},\"inLanguage\":\"fr-FR\",\"potentialAction\":[{\"@type\":\"ReadAction\",\"target\":[\"https:\\\/\\\/howood.fr\\\/index.php\\\/produit\\\/pendule-egyptien-en-buis-7-chakras\\\/\"]}]},{\"@type\":\"ImageObject\",\"inLanguage\":\"fr-FR\",\"@id\":\"https:\\\/\\\/howood.fr\\\/index.php\\\/produit\\\/pendule-egyptien-en-buis-7-chakras\\\/#primaryimage\",\"url\":\"https:\\\/\\\/howood.fr\\\/wp-content\\\/uploads\\\/2026\\\/02\\\/EGY-0226.12-BUIS-4.jpg\",\"contentUrl\":\"https:\\\/\\\/howood.fr\\\/wp-content\\\/uploads\\\/2026\\\/02\\\/EGY-0226.12-BUIS-4.jpg\",\"width\":1728,\"height\":2304,\"caption\":\"Pendule \u00c9gyptien buis 7 chakras\"},{\"@type\":\"BreadcrumbList\",\"@id\":\"https:\\\/\\\/howood.fr\\\/index.php\\\/produit\\\/pendule-egyptien-en-buis-7-chakras\\\/#breadcrumb\",\"itemListElement\":[{\"@type\":\"ListItem\",\"position\":1,\"name\":\"Accueil\",\"item\":\"https:\\\/\\\/howood.fr\\\/\"},{\"@type\":\"ListItem\",\"position\":2,\"name\":\"Produits\",\"item\":\"https:\\\/\\\/howood.fr\\\/index.php\\\/shop\\\/\"},{\"@type\":\"ListItem\",\"position\":3,\"name\":\"Pendule \u00c9gyptien en buis 7 chakras\"}]},{\"@type\":\"WebSite\",\"@id\":\"https:\\\/\\\/howood.fr\\\/#website\",\"url\":\"https:\\\/\\\/howood.fr\\\/\",\"name\":\"HoWood\",\"description\":\"pendule de radiesth\u00e9sie Artisanal HoWood\",\"publisher\":{\"@id\":\"https:\\\/\\\/howood.fr\\\/#organization\"},\"potentialAction\":[{\"@type\":\"SearchAction\",\"target\":{\"@type\":\"EntryPoint\",\"urlTemplate\":\"https:\\\/\\\/howood.fr\\\/?s={search_term_string}\"},\"query-input\":{\"@type\":\"PropertyValueSpecification\",\"valueRequired\":true,\"valueName\":\"search_term_string\"}}],\"inLanguage\":\"fr-FR\"},{\"@type\":\"Organization\",\"@id\":\"https:\\\/\\\/howood.fr\\\/#organization\",\"name\":\"HoWood\",\"url\":\"https:\\\/\\\/howood.fr\\\/\",\"logo\":{\"@type\":\"ImageObject\",\"inLanguage\":\"fr-FR\",\"@id\":\"https:\\\/\\\/howood.fr\\\/#\\\/schema\\\/logo\\\/image\\\/\",\"url\":\"https:\\\/\\\/howood.fr\\\/wp-content\\\/uploads\\\/2024\\\/10\\\/logo-HW-150.webp\",\"contentUrl\":\"https:\\\/\\\/howood.fr\\\/wp-content\\\/uploads\\\/2024\\\/10\\\/logo-HW-150.webp\",\"width\":150,\"height\":150,\"caption\":\"HoWood\"},\"image\":{\"@id\":\"https:\\\/\\\/howood.fr\\\/#\\\/schema\\\/logo\\\/image\\\/\"}}]}<\/script>\n<!-- \/ Yoast SEO plugin. -->","yoast_head_json":{"title":"Pendule \u00c9gyptien en buis 7 chakras - HoWood","description":"Pendule \u00e9gyptien Howood \u00e9metteur et r\u00e9cepteur d\u00e9tection des ondes n\u00e9gatives un vrai outil pour les pour les radiesth\u00e9sistes, magn\u00e9tiseurs, g\u00e9obiologues.","robots":{"index":"index","follow":"follow","max-snippet":"max-snippet:-1","max-image-preview":"max-image-preview:large","max-video-preview":"max-video-preview:-1"},"canonical":"https:\/\/howood.fr\/index.php\/produit\/pendule-egyptien-en-buis-7-chakras\/","og_locale":"fr_FR","og_type":"article","og_title":"Pendule \u00c9gyptien en buis 7 chakras - HoWood","og_description":"Pendule \u00e9gyptien Howood \u00e9metteur et r\u00e9cepteur d\u00e9tection des ondes n\u00e9gatives un vrai outil pour les pour les radiesth\u00e9sistes, magn\u00e9tiseurs, g\u00e9obiologues.","og_url":"https:\/\/howood.fr\/index.php\/produit\/pendule-egyptien-en-buis-7-chakras\/","og_site_name":"HoWood","article_modified_time":"2026-02-24T22:05:50+00:00","og_image":[{"width":1728,"height":2304,"url":"https:\/\/howood.fr\/wp-content\/uploads\/2026\/02\/EGY-0226.12-BUIS-4.jpg","type":"image\/jpeg"}],"twitter_card":"summary_large_image","twitter_misc":{"Dur\u00e9e de lecture estim\u00e9e":"1 minute"},"schema":{"@context":"https:\/\/schema.org","@graph":[{"@type":"WebPage","@id":"https:\/\/howood.fr\/index.php\/produit\/pendule-egyptien-en-buis-7-chakras\/","url":"https:\/\/howood.fr\/index.php\/produit\/pendule-egyptien-en-buis-7-chakras\/","name":"Pendule \u00c9gyptien en buis 7 chakras - HoWood","isPartOf":{"@id":"https:\/\/howood.fr\/#website"},"primaryImageOfPage":{"@id":"https:\/\/howood.fr\/index.php\/produit\/pendule-egyptien-en-buis-7-chakras\/#primaryimage"},"image":{"@id":"https:\/\/howood.fr\/index.php\/produit\/pendule-egyptien-en-buis-7-chakras\/#primaryimage"},"thumbnailUrl":"https:\/\/howood.fr\/wp-content\/uploads\/2026\/02\/EGY-0226.12-BUIS-4.jpg","datePublished":"2026-02-08T19:52:52+00:00","dateModified":"2026-02-24T22:05:50+00:00","description":"Pendule \u00e9gyptien Howood \u00e9metteur et r\u00e9cepteur d\u00e9tection des ondes n\u00e9gatives un vrai outil pour les pour les radiesth\u00e9sistes, magn\u00e9tiseurs, g\u00e9obiologues.","breadcrumb":{"@id":"https:\/\/howood.fr\/index.php\/produit\/pendule-egyptien-en-buis-7-chakras\/#breadcrumb"},"inLanguage":"fr-FR","potentialAction":[{"@type":"ReadAction","target":["https:\/\/howood.fr\/index.php\/produit\/pendule-egyptien-en-buis-7-chakras\/"]}]},{"@type":"ImageObject","inLanguage":"fr-FR","@id":"https:\/\/howood.fr\/index.php\/produit\/pendule-egyptien-en-buis-7-chakras\/#primaryimage","url":"https:\/\/howood.fr\/wp-content\/uploads\/2026\/02\/EGY-0226.12-BUIS-4.jpg","contentUrl":"https:\/\/howood.fr\/wp-content\/uploads\/2026\/02\/EGY-0226.12-BUIS-4.jpg","width":1728,"height":2304,"caption":"Pendule \u00c9gyptien buis 7 chakras"},{"@type":"BreadcrumbList","@id":"https:\/\/howood.fr\/index.php\/produit\/pendule-egyptien-en-buis-7-chakras\/#breadcrumb","itemListElement":[{"@type":"ListItem","position":1,"name":"Accueil","item":"https:\/\/howood.fr\/"},{"@type":"ListItem","position":2,"name":"Produits","item":"https:\/\/howood.fr\/index.php\/shop\/"},{"@type":"ListItem","position":3,"name":"Pendule \u00c9gyptien en buis 7 chakras"}]},{"@type":"WebSite","@id":"https:\/\/howood.fr\/#website","url":"https:\/\/howood.fr\/","name":"HoWood","description":"pendule de radiesth\u00e9sie Artisanal HoWood","publisher":{"@id":"https:\/\/howood.fr\/#organization"},"potentialAction":[{"@type":"SearchAction","target":{"@type":"EntryPoint","urlTemplate":"https:\/\/howood.fr\/?s={search_term_string}"},"query-input":{"@type":"PropertyValueSpecification","valueRequired":true,"valueName":"search_term_string"}}],"inLanguage":"fr-FR"},{"@type":"Organization","@id":"https:\/\/howood.fr\/#organization","name":"HoWood","url":"https:\/\/howood.fr\/","logo":{"@type":"ImageObject","inLanguage":"fr-FR","@id":"https:\/\/howood.fr\/#\/schema\/logo\/image\/","url":"https:\/\/howood.fr\/wp-content\/uploads\/2024\/10\/logo-HW-150.webp","contentUrl":"https:\/\/howood.fr\/wp-content\/uploads\/2024\/10\/logo-HW-150.webp","width":150,"height":150,"caption":"HoWood"},"image":{"@id":"https:\/\/howood.fr\/#\/schema\/logo\/image\/"}}]}},"_links":{"self":[{"href":"https:\/\/howood.fr\/index.php\/wp-json\/wp\/v2\/product\/3835","targetHints":{"allow":["GET"]}}],"collection":[{"href":"https:\/\/howood.fr\/index.php\/wp-json\/wp\/v2\/product"}],"about":[{"href":"https:\/\/howood.fr\/index.php\/wp-json\/wp\/v2\/types\/product"}],"replies":[{"embeddable":true,"href":"https:\/\/howood.fr\/index.php\/wp-json\/wp\/v2\/comments?post=3835"}],"version-history":[{"count":3,"href":"https:\/\/howood.fr\/index.php\/wp-json\/wp\/v2\/product\/3835\/revisions"}],"predecessor-version":[{"id":3838,"href":"https:\/\/howood.fr\/index.php\/wp-json\/wp\/v2\/product\/3835\/revisions\/3838"}],"wp:featuredmedia":[{"embeddable":true,"href":"https:\/\/howood.fr\/index.php\/wp-json\/wp\/v2\/media\/3818"}],"wp:attachment":[{"href":"https:\/\/howood.fr\/index.php\/wp-json\/wp\/v2\/media?parent=3835"}],"wp:term":[{"taxonomy":"product_brand","embeddable":true,"href":"https:\/\/howood.fr\/index.php\/wp-json\/wp\/v2\/product_brand?post=3835"},{"taxonomy":"product_cat","embeddable":true,"href":"https:\/\/howood.fr\/index.php\/wp-json\/wp\/v2\/product_cat?post=3835"},{"taxonomy":"product_tag","embeddable":true,"href":"https:\/\/howood.fr\/index.php\/wp-json\/wp\/v2\/product_tag?post=3835"}],"curies":[{"name":"wp","href":"https:\/\/api.w.org\/{rel}","templated":true}]}}