{"id":3890,"date":"2026-02-16T22:18:14","date_gmt":"2026-02-16T21:18:14","guid":{"rendered":"https:\/\/howood.fr\/?post_type=product&#038;p=3890"},"modified":"2026-02-16T22:18:14","modified_gmt":"2026-02-16T21:18:14","slug":"pendule-en-bois-metal-radiesthesie-moderne-soin-energetique-howood-geobiologie-radionique-onde-electrique-20","status":"publish","type":"product","link":"https:\/\/howood.fr\/index.php\/produit\/pendule-en-bois-metal-radiesthesie-moderne-soin-energetique-howood-geobiologie-radionique-onde-electrique-20\/","title":{"rendered":"Pendule de radiesth\u00e9sie en Aub\u00e9pine et m\u00e9tal"},"content":{"rendered":"<p align=\"left\">Pendule de radiesth\u00e9sie d\u00e9di\u00e9 \u00e0 de multiples disciplines comme la g\u00e9obiologie, les soins \u00e9nerg\u00e9tiques, la radiesth\u00e9sie moderne. Capte les ondes \u00e9lectro-magn\u00e9tiques. Lisse au touch\u00e9, rares sont les pendules de radiesth\u00e9sie en bois d&rsquo;aub\u00e9pine. Celui-ci provient d&rsquo;un grand jardin de Charente-Maritime qui vit au milieu de grands perroquets, d&rsquo;un Husky et d&rsquo;une jolie Berger-Allemand. Voil\u00e0, vous avez l&rsquo;ambiance !<\/p>\n<p align=\"left\"><b>Mesures \u00e0 quelques variables pr\u00e8s<\/b><\/p>\n<ul>\n<li>\n<p align=\"left\">Hauteur : 7,3 cm<\/p>\n<\/li>\n<li>\n<p align=\"left\">Largeur maxi : 2,5 cm<\/p>\n<\/li>\n<li>\n<p align=\"left\">Poids : 20,53 gr<\/p>\n<\/li>\n<li>\n<p align=\"left\">Cha\u00eenette : Acier dor\u00e9 19 cm<\/p>\n<\/li>\n<li>\n<p align=\"left\">Finition\u00a0: Cire de Carnauba (cire extraite des feuilles de palmier carnauba)<\/p>\n<\/li>\n<\/ul>\n","protected":false},"excerpt":{"rendered":"<p>Pendule de radiesth\u00e9sie d\u00e9di\u00e9 \u00e0 de multiples disciplines comme la g\u00e9obiologie, les soins \u00e9nerg\u00e9tiques, la radiesth\u00e9sie moderne. Capte les ondes \u00e9lectro-magn\u00e9tiques. Lisse au touch\u00e9, rares sont les pendules de radiesth\u00e9sie en bois d&rsquo;aub\u00e9pine. Celui-ci provient d&rsquo;un grand jardin de Charente-Maritime qui vit au milieu de grands perroquets, d&rsquo;un Husky et d&rsquo;une jolie Berger-Allemand. Voil\u00e0, vous [&hellip;]<\/p>\n","protected":false},"featured_media":3871,"comment_status":"open","ping_status":"closed","template":"","meta":[],"product_brand":[],"product_cat":[99],"product_tag":[108,40],"class_list":{"0":"post-3890","1":"product","2":"type-product","3":"status-publish","4":"has-post-thumbnail","6":"product_cat-radiesthesie-moderne","7":"product_tag-aubepine","8":"product_tag-metal","9":"product_shipping_class-pendules-colliers-porte-cles-stylo-a-bille-stylo-a-plume","11":"first","12":"instock","13":"purchasable","14":"product-type-simple"},"yoast_head":"<!-- This site is optimized with the Yoast SEO plugin v27.4 - https:\/\/yoast.com\/product\/yoast-seo-wordpress\/ -->\n<title>Pendule de radiesth\u00e9sie en Aub\u00e9pine et m\u00e9tal - HoWood<\/title>\n<meta name=\"description\" content=\"En bois d&#039;aub\u00e9pine et m\u00e9tal ce pendule de radiesth\u00e9sie howood capte les ondes \u00e9lectro-magn\u00e9tiques, id\u00e9al en g\u00e9obiologie, et soins \u00e9nerg\u00e9tiques\" \/>\n<meta name=\"robots\" content=\"index, follow, max-snippet:-1, max-image-preview:large, max-video-preview:-1\" \/>\n<link rel=\"canonical\" href=\"https:\/\/howood.fr\/index.php\/produit\/pendule-en-bois-metal-radiesthesie-moderne-soin-energetique-howood-geobiologie-radionique-onde-electrique-20\/\" \/>\n<meta property=\"og:locale\" content=\"fr_FR\" \/>\n<meta property=\"og:type\" content=\"article\" \/>\n<meta property=\"og:title\" content=\"Pendule de radiesth\u00e9sie en Aub\u00e9pine et m\u00e9tal - HoWood\" \/>\n<meta property=\"og:description\" content=\"En bois d&#039;aub\u00e9pine et m\u00e9tal ce pendule de radiesth\u00e9sie howood capte les ondes \u00e9lectro-magn\u00e9tiques, id\u00e9al en g\u00e9obiologie, et soins \u00e9nerg\u00e9tiques\" \/>\n<meta property=\"og:url\" content=\"https:\/\/howood.fr\/index.php\/produit\/pendule-en-bois-metal-radiesthesie-moderne-soin-energetique-howood-geobiologie-radionique-onde-electrique-20\/\" \/>\n<meta property=\"og:site_name\" content=\"HoWood\" \/>\n<meta property=\"og:image\" content=\"https:\/\/howood.fr\/wp-content\/uploads\/2026\/02\/RM-0226.21-Aubepine-1.jpg\" \/>\n\t<meta property=\"og:image:width\" content=\"1318\" \/>\n\t<meta property=\"og:image:height\" content=\"1902\" \/>\n\t<meta property=\"og:image:type\" content=\"image\/jpeg\" \/>\n<meta name=\"twitter:card\" content=\"summary_large_image\" \/>\n<meta name=\"twitter:label1\" content=\"Dur\u00e9e de lecture estim\u00e9e\" \/>\n\t<meta name=\"twitter:data1\" content=\"1 minute\" \/>\n<script type=\"application\/ld+json\" class=\"yoast-schema-graph\">{\"@context\":\"https:\\\/\\\/schema.org\",\"@graph\":[{\"@type\":\"WebPage\",\"@id\":\"https:\\\/\\\/howood.fr\\\/index.php\\\/produit\\\/pendule-en-bois-metal-radiesthesie-moderne-soin-energetique-howood-geobiologie-radionique-onde-electrique-20\\\/\",\"url\":\"https:\\\/\\\/howood.fr\\\/index.php\\\/produit\\\/pendule-en-bois-metal-radiesthesie-moderne-soin-energetique-howood-geobiologie-radionique-onde-electrique-20\\\/\",\"name\":\"Pendule de radiesth\u00e9sie en Aub\u00e9pine et m\u00e9tal - HoWood\",\"isPartOf\":{\"@id\":\"https:\\\/\\\/howood.fr\\\/#website\"},\"primaryImageOfPage\":{\"@id\":\"https:\\\/\\\/howood.fr\\\/index.php\\\/produit\\\/pendule-en-bois-metal-radiesthesie-moderne-soin-energetique-howood-geobiologie-radionique-onde-electrique-20\\\/#primaryimage\"},\"image\":{\"@id\":\"https:\\\/\\\/howood.fr\\\/index.php\\\/produit\\\/pendule-en-bois-metal-radiesthesie-moderne-soin-energetique-howood-geobiologie-radionique-onde-electrique-20\\\/#primaryimage\"},\"thumbnailUrl\":\"https:\\\/\\\/howood.fr\\\/wp-content\\\/uploads\\\/2026\\\/02\\\/RM-0226.21-Aubepine-1.jpg\",\"datePublished\":\"2026-02-16T21:18:14+00:00\",\"description\":\"En bois d'aub\u00e9pine et m\u00e9tal ce pendule de radiesth\u00e9sie howood capte les ondes \u00e9lectro-magn\u00e9tiques, id\u00e9al en g\u00e9obiologie, et soins \u00e9nerg\u00e9tiques\",\"breadcrumb\":{\"@id\":\"https:\\\/\\\/howood.fr\\\/index.php\\\/produit\\\/pendule-en-bois-metal-radiesthesie-moderne-soin-energetique-howood-geobiologie-radionique-onde-electrique-20\\\/#breadcrumb\"},\"inLanguage\":\"fr-FR\",\"potentialAction\":[{\"@type\":\"ReadAction\",\"target\":[\"https:\\\/\\\/howood.fr\\\/index.php\\\/produit\\\/pendule-en-bois-metal-radiesthesie-moderne-soin-energetique-howood-geobiologie-radionique-onde-electrique-20\\\/\"]}]},{\"@type\":\"ImageObject\",\"inLanguage\":\"fr-FR\",\"@id\":\"https:\\\/\\\/howood.fr\\\/index.php\\\/produit\\\/pendule-en-bois-metal-radiesthesie-moderne-soin-energetique-howood-geobiologie-radionique-onde-electrique-20\\\/#primaryimage\",\"url\":\"https:\\\/\\\/howood.fr\\\/wp-content\\\/uploads\\\/2026\\\/02\\\/RM-0226.21-Aubepine-1.jpg\",\"contentUrl\":\"https:\\\/\\\/howood.fr\\\/wp-content\\\/uploads\\\/2026\\\/02\\\/RM-0226.21-Aubepine-1.jpg\",\"width\":1318,\"height\":1902},{\"@type\":\"BreadcrumbList\",\"@id\":\"https:\\\/\\\/howood.fr\\\/index.php\\\/produit\\\/pendule-en-bois-metal-radiesthesie-moderne-soin-energetique-howood-geobiologie-radionique-onde-electrique-20\\\/#breadcrumb\",\"itemListElement\":[{\"@type\":\"ListItem\",\"position\":1,\"name\":\"Accueil\",\"item\":\"https:\\\/\\\/howood.fr\\\/\"},{\"@type\":\"ListItem\",\"position\":2,\"name\":\"Produits\",\"item\":\"https:\\\/\\\/howood.fr\\\/index.php\\\/shop\\\/\"},{\"@type\":\"ListItem\",\"position\":3,\"name\":\"Pendule de radiesth\u00e9sie en Aub\u00e9pine et m\u00e9tal\"}]},{\"@type\":\"WebSite\",\"@id\":\"https:\\\/\\\/howood.fr\\\/#website\",\"url\":\"https:\\\/\\\/howood.fr\\\/\",\"name\":\"HoWood\",\"description\":\"pendule de radiesth\u00e9sie Artisanal HoWood\",\"publisher\":{\"@id\":\"https:\\\/\\\/howood.fr\\\/#organization\"},\"potentialAction\":[{\"@type\":\"SearchAction\",\"target\":{\"@type\":\"EntryPoint\",\"urlTemplate\":\"https:\\\/\\\/howood.fr\\\/?s={search_term_string}\"},\"query-input\":{\"@type\":\"PropertyValueSpecification\",\"valueRequired\":true,\"valueName\":\"search_term_string\"}}],\"inLanguage\":\"fr-FR\"},{\"@type\":\"Organization\",\"@id\":\"https:\\\/\\\/howood.fr\\\/#organization\",\"name\":\"HoWood\",\"url\":\"https:\\\/\\\/howood.fr\\\/\",\"logo\":{\"@type\":\"ImageObject\",\"inLanguage\":\"fr-FR\",\"@id\":\"https:\\\/\\\/howood.fr\\\/#\\\/schema\\\/logo\\\/image\\\/\",\"url\":\"https:\\\/\\\/howood.fr\\\/wp-content\\\/uploads\\\/2024\\\/10\\\/logo-HW-150.webp\",\"contentUrl\":\"https:\\\/\\\/howood.fr\\\/wp-content\\\/uploads\\\/2024\\\/10\\\/logo-HW-150.webp\",\"width\":150,\"height\":150,\"caption\":\"HoWood\"},\"image\":{\"@id\":\"https:\\\/\\\/howood.fr\\\/#\\\/schema\\\/logo\\\/image\\\/\"}}]}<\/script>\n<!-- \/ Yoast SEO plugin. -->","yoast_head_json":{"title":"Pendule de radiesth\u00e9sie en Aub\u00e9pine et m\u00e9tal - HoWood","description":"En bois d'aub\u00e9pine et m\u00e9tal ce pendule de radiesth\u00e9sie howood capte les ondes \u00e9lectro-magn\u00e9tiques, id\u00e9al en g\u00e9obiologie, et soins \u00e9nerg\u00e9tiques","robots":{"index":"index","follow":"follow","max-snippet":"max-snippet:-1","max-image-preview":"max-image-preview:large","max-video-preview":"max-video-preview:-1"},"canonical":"https:\/\/howood.fr\/index.php\/produit\/pendule-en-bois-metal-radiesthesie-moderne-soin-energetique-howood-geobiologie-radionique-onde-electrique-20\/","og_locale":"fr_FR","og_type":"article","og_title":"Pendule de radiesth\u00e9sie en Aub\u00e9pine et m\u00e9tal - HoWood","og_description":"En bois d'aub\u00e9pine et m\u00e9tal ce pendule de radiesth\u00e9sie howood capte les ondes \u00e9lectro-magn\u00e9tiques, id\u00e9al en g\u00e9obiologie, et soins \u00e9nerg\u00e9tiques","og_url":"https:\/\/howood.fr\/index.php\/produit\/pendule-en-bois-metal-radiesthesie-moderne-soin-energetique-howood-geobiologie-radionique-onde-electrique-20\/","og_site_name":"HoWood","og_image":[{"width":1318,"height":1902,"url":"https:\/\/howood.fr\/wp-content\/uploads\/2026\/02\/RM-0226.21-Aubepine-1.jpg","type":"image\/jpeg"}],"twitter_card":"summary_large_image","twitter_misc":{"Dur\u00e9e de lecture estim\u00e9e":"1 minute"},"schema":{"@context":"https:\/\/schema.org","@graph":[{"@type":"WebPage","@id":"https:\/\/howood.fr\/index.php\/produit\/pendule-en-bois-metal-radiesthesie-moderne-soin-energetique-howood-geobiologie-radionique-onde-electrique-20\/","url":"https:\/\/howood.fr\/index.php\/produit\/pendule-en-bois-metal-radiesthesie-moderne-soin-energetique-howood-geobiologie-radionique-onde-electrique-20\/","name":"Pendule de radiesth\u00e9sie en Aub\u00e9pine et m\u00e9tal - HoWood","isPartOf":{"@id":"https:\/\/howood.fr\/#website"},"primaryImageOfPage":{"@id":"https:\/\/howood.fr\/index.php\/produit\/pendule-en-bois-metal-radiesthesie-moderne-soin-energetique-howood-geobiologie-radionique-onde-electrique-20\/#primaryimage"},"image":{"@id":"https:\/\/howood.fr\/index.php\/produit\/pendule-en-bois-metal-radiesthesie-moderne-soin-energetique-howood-geobiologie-radionique-onde-electrique-20\/#primaryimage"},"thumbnailUrl":"https:\/\/howood.fr\/wp-content\/uploads\/2026\/02\/RM-0226.21-Aubepine-1.jpg","datePublished":"2026-02-16T21:18:14+00:00","description":"En bois d'aub\u00e9pine et m\u00e9tal ce pendule de radiesth\u00e9sie howood capte les ondes \u00e9lectro-magn\u00e9tiques, id\u00e9al en g\u00e9obiologie, et soins \u00e9nerg\u00e9tiques","breadcrumb":{"@id":"https:\/\/howood.fr\/index.php\/produit\/pendule-en-bois-metal-radiesthesie-moderne-soin-energetique-howood-geobiologie-radionique-onde-electrique-20\/#breadcrumb"},"inLanguage":"fr-FR","potentialAction":[{"@type":"ReadAction","target":["https:\/\/howood.fr\/index.php\/produit\/pendule-en-bois-metal-radiesthesie-moderne-soin-energetique-howood-geobiologie-radionique-onde-electrique-20\/"]}]},{"@type":"ImageObject","inLanguage":"fr-FR","@id":"https:\/\/howood.fr\/index.php\/produit\/pendule-en-bois-metal-radiesthesie-moderne-soin-energetique-howood-geobiologie-radionique-onde-electrique-20\/#primaryimage","url":"https:\/\/howood.fr\/wp-content\/uploads\/2026\/02\/RM-0226.21-Aubepine-1.jpg","contentUrl":"https:\/\/howood.fr\/wp-content\/uploads\/2026\/02\/RM-0226.21-Aubepine-1.jpg","width":1318,"height":1902},{"@type":"BreadcrumbList","@id":"https:\/\/howood.fr\/index.php\/produit\/pendule-en-bois-metal-radiesthesie-moderne-soin-energetique-howood-geobiologie-radionique-onde-electrique-20\/#breadcrumb","itemListElement":[{"@type":"ListItem","position":1,"name":"Accueil","item":"https:\/\/howood.fr\/"},{"@type":"ListItem","position":2,"name":"Produits","item":"https:\/\/howood.fr\/index.php\/shop\/"},{"@type":"ListItem","position":3,"name":"Pendule de radiesth\u00e9sie en Aub\u00e9pine et m\u00e9tal"}]},{"@type":"WebSite","@id":"https:\/\/howood.fr\/#website","url":"https:\/\/howood.fr\/","name":"HoWood","description":"pendule de radiesth\u00e9sie Artisanal HoWood","publisher":{"@id":"https:\/\/howood.fr\/#organization"},"potentialAction":[{"@type":"SearchAction","target":{"@type":"EntryPoint","urlTemplate":"https:\/\/howood.fr\/?s={search_term_string}"},"query-input":{"@type":"PropertyValueSpecification","valueRequired":true,"valueName":"search_term_string"}}],"inLanguage":"fr-FR"},{"@type":"Organization","@id":"https:\/\/howood.fr\/#organization","name":"HoWood","url":"https:\/\/howood.fr\/","logo":{"@type":"ImageObject","inLanguage":"fr-FR","@id":"https:\/\/howood.fr\/#\/schema\/logo\/image\/","url":"https:\/\/howood.fr\/wp-content\/uploads\/2024\/10\/logo-HW-150.webp","contentUrl":"https:\/\/howood.fr\/wp-content\/uploads\/2024\/10\/logo-HW-150.webp","width":150,"height":150,"caption":"HoWood"},"image":{"@id":"https:\/\/howood.fr\/#\/schema\/logo\/image\/"}}]}},"_links":{"self":[{"href":"https:\/\/howood.fr\/index.php\/wp-json\/wp\/v2\/product\/3890","targetHints":{"allow":["GET"]}}],"collection":[{"href":"https:\/\/howood.fr\/index.php\/wp-json\/wp\/v2\/product"}],"about":[{"href":"https:\/\/howood.fr\/index.php\/wp-json\/wp\/v2\/types\/product"}],"replies":[{"embeddable":true,"href":"https:\/\/howood.fr\/index.php\/wp-json\/wp\/v2\/comments?post=3890"}],"version-history":[{"count":1,"href":"https:\/\/howood.fr\/index.php\/wp-json\/wp\/v2\/product\/3890\/revisions"}],"predecessor-version":[{"id":3891,"href":"https:\/\/howood.fr\/index.php\/wp-json\/wp\/v2\/product\/3890\/revisions\/3891"}],"wp:featuredmedia":[{"embeddable":true,"href":"https:\/\/howood.fr\/index.php\/wp-json\/wp\/v2\/media\/3871"}],"wp:attachment":[{"href":"https:\/\/howood.fr\/index.php\/wp-json\/wp\/v2\/media?parent=3890"}],"wp:term":[{"taxonomy":"product_brand","embeddable":true,"href":"https:\/\/howood.fr\/index.php\/wp-json\/wp\/v2\/product_brand?post=3890"},{"taxonomy":"product_cat","embeddable":true,"href":"https:\/\/howood.fr\/index.php\/wp-json\/wp\/v2\/product_cat?post=3890"},{"taxonomy":"product_tag","embeddable":true,"href":"https:\/\/howood.fr\/index.php\/wp-json\/wp\/v2\/product_tag?post=3890"}],"curies":[{"name":"wp","href":"https:\/\/api.w.org\/{rel}","templated":true}]}}