{"id":3938,"date":"2026-02-24T22:37:01","date_gmt":"2026-02-24T21:37:01","guid":{"rendered":"https:\/\/howood.fr\/?post_type=product&#038;p=3938"},"modified":"2026-02-24T22:37:01","modified_gmt":"2026-02-24T21:37:01","slug":"pendule-en-bois-buis-radiesthesie-soin-energetique-howood-desenvoutement-3","status":"publish","type":"product","link":"https:\/\/howood.fr\/index.php\/produit\/pendule-en-bois-buis-radiesthesie-soin-energetique-howood-desenvoutement-3\/","title":{"rendered":"Pendule de d\u00e9senvo\u00fbtement BUIS"},"content":{"rendered":"<p align=\"left\"><b>Pi\u00e8ce Unique en bois de Buis pour des praticiens aguerris.<\/b><\/p>\n<p align=\"left\">Pendule de radiesth\u00e9sie forme sp\u00e9cifique du \u00ab\u00a0Pendule de d\u00e9senvo\u00fbtement\u00a0\u00bb. Destin\u00e9 \u00e0 \u00e9liminer les ondes n\u00e9gatives qui polluent l&rsquo;aura&#8230; Pendule \u00c9metteur et R\u00e9cepteur. Nettoyage des lieux etc. Partenaire des Voyants &#8211; M\u00e9diums<\/p>\n<p align=\"left\"><b>Mesures \u00e0 quelques variables pr\u00e8s <\/b><\/p>\n<ul>\n<li>\n<p align=\"left\">Hauteur : 11 cm<\/p>\n<\/li>\n<li>\n<p align=\"left\">Largeur\u00a0 maxi : 3,5 cm<\/p>\n<\/li>\n<li>\n<p align=\"left\">Poids : 57 gr<\/p>\n<\/li>\n<li>\n<p align=\"left\">Cha\u00eenette : cha\u00eenette couleur argent<\/p>\n<\/li>\n<li>\n<p align=\"left\">Finition\u00a0: Cire de Carnauba (cire extraite des feuilles de palmier carnauba)<\/p>\n<\/li>\n<\/ul>\n","protected":false},"excerpt":{"rendered":"<p>Pi\u00e8ce Unique en bois de Buis pour des praticiens aguerris. Pendule de radiesth\u00e9sie forme sp\u00e9cifique du \u00ab\u00a0Pendule de d\u00e9senvo\u00fbtement\u00a0\u00bb. Destin\u00e9 \u00e0 \u00e9liminer les ondes n\u00e9gatives qui polluent l&rsquo;aura&#8230; Pendule \u00c9metteur et R\u00e9cepteur. Nettoyage des lieux etc. Partenaire des Voyants &#8211; M\u00e9diums Mesures \u00e0 quelques variables pr\u00e8s Hauteur : 11 cm Largeur\u00a0 maxi : 3,5 cm [&hellip;]<\/p>\n","protected":false},"featured_media":3934,"comment_status":"open","ping_status":"closed","template":"","meta":[],"product_brand":[],"product_cat":[98],"product_tag":[42,73],"class_list":{"0":"post-3938","1":"product","2":"type-product","3":"status-publish","4":"has-post-thumbnail","6":"product_cat-pendules-specifiques","7":"product_tag-buis","8":"product_tag-desenvoutement","9":"product_shipping_class-pendules-colliers-porte-cles-stylo-a-bille-stylo-a-plume","11":"first","12":"instock","13":"purchasable","14":"product-type-simple"},"yoast_head":"<!-- This site is optimized with the Yoast SEO plugin v27.4 - https:\/\/yoast.com\/product\/yoast-seo-wordpress\/ -->\n<title>Pendule de d\u00e9senvo\u00fbtement BUIS - HoWood<\/title>\n<meta name=\"description\" content=\"Pendule de radiesth\u00e9sie artisanal en bois de buis? Cr\u00e9ation Howood pour magn\u00e9tiseurs, m\u00e9diums, th\u00e9rapeutes. Soins \u00e9nerg\u00e9tiques, nettoyage maison, aura.\" \/>\n<meta name=\"robots\" content=\"index, follow, max-snippet:-1, max-image-preview:large, max-video-preview:-1\" \/>\n<link rel=\"canonical\" href=\"https:\/\/howood.fr\/index.php\/produit\/pendule-en-bois-buis-radiesthesie-soin-energetique-howood-desenvoutement-3\/\" \/>\n<meta property=\"og:locale\" content=\"fr_FR\" \/>\n<meta property=\"og:type\" content=\"article\" \/>\n<meta property=\"og:title\" content=\"Pendule de d\u00e9senvo\u00fbtement BUIS - HoWood\" \/>\n<meta property=\"og:description\" content=\"Pendule de radiesth\u00e9sie artisanal en bois de buis? Cr\u00e9ation Howood pour magn\u00e9tiseurs, m\u00e9diums, th\u00e9rapeutes. Soins \u00e9nerg\u00e9tiques, nettoyage maison, aura.\" \/>\n<meta property=\"og:url\" content=\"https:\/\/howood.fr\/index.php\/produit\/pendule-en-bois-buis-radiesthesie-soin-energetique-howood-desenvoutement-3\/\" \/>\n<meta property=\"og:site_name\" content=\"HoWood\" \/>\n<meta property=\"og:image\" content=\"https:\/\/howood.fr\/wp-content\/uploads\/2026\/02\/PSPE-0226.06-buis-1.jpg\" \/>\n\t<meta property=\"og:image:width\" content=\"1517\" \/>\n\t<meta property=\"og:image:height\" content=\"1954\" \/>\n\t<meta property=\"og:image:type\" content=\"image\/jpeg\" \/>\n<meta name=\"twitter:card\" content=\"summary_large_image\" \/>\n<meta name=\"twitter:label1\" content=\"Dur\u00e9e de lecture estim\u00e9e\" \/>\n\t<meta name=\"twitter:data1\" content=\"1 minute\" \/>\n<script type=\"application\/ld+json\" class=\"yoast-schema-graph\">{\"@context\":\"https:\\\/\\\/schema.org\",\"@graph\":[{\"@type\":\"WebPage\",\"@id\":\"https:\\\/\\\/howood.fr\\\/index.php\\\/produit\\\/pendule-en-bois-buis-radiesthesie-soin-energetique-howood-desenvoutement-3\\\/\",\"url\":\"https:\\\/\\\/howood.fr\\\/index.php\\\/produit\\\/pendule-en-bois-buis-radiesthesie-soin-energetique-howood-desenvoutement-3\\\/\",\"name\":\"Pendule de d\u00e9senvo\u00fbtement BUIS - HoWood\",\"isPartOf\":{\"@id\":\"https:\\\/\\\/howood.fr\\\/#website\"},\"primaryImageOfPage\":{\"@id\":\"https:\\\/\\\/howood.fr\\\/index.php\\\/produit\\\/pendule-en-bois-buis-radiesthesie-soin-energetique-howood-desenvoutement-3\\\/#primaryimage\"},\"image\":{\"@id\":\"https:\\\/\\\/howood.fr\\\/index.php\\\/produit\\\/pendule-en-bois-buis-radiesthesie-soin-energetique-howood-desenvoutement-3\\\/#primaryimage\"},\"thumbnailUrl\":\"https:\\\/\\\/howood.fr\\\/wp-content\\\/uploads\\\/2026\\\/02\\\/PSPE-0226.06-buis-1.jpg\",\"datePublished\":\"2026-02-24T21:37:01+00:00\",\"description\":\"Pendule de radiesth\u00e9sie artisanal en bois de buis? Cr\u00e9ation Howood pour magn\u00e9tiseurs, m\u00e9diums, th\u00e9rapeutes. Soins \u00e9nerg\u00e9tiques, nettoyage maison, aura.\",\"breadcrumb\":{\"@id\":\"https:\\\/\\\/howood.fr\\\/index.php\\\/produit\\\/pendule-en-bois-buis-radiesthesie-soin-energetique-howood-desenvoutement-3\\\/#breadcrumb\"},\"inLanguage\":\"fr-FR\",\"potentialAction\":[{\"@type\":\"ReadAction\",\"target\":[\"https:\\\/\\\/howood.fr\\\/index.php\\\/produit\\\/pendule-en-bois-buis-radiesthesie-soin-energetique-howood-desenvoutement-3\\\/\"]}]},{\"@type\":\"ImageObject\",\"inLanguage\":\"fr-FR\",\"@id\":\"https:\\\/\\\/howood.fr\\\/index.php\\\/produit\\\/pendule-en-bois-buis-radiesthesie-soin-energetique-howood-desenvoutement-3\\\/#primaryimage\",\"url\":\"https:\\\/\\\/howood.fr\\\/wp-content\\\/uploads\\\/2026\\\/02\\\/PSPE-0226.06-buis-1.jpg\",\"contentUrl\":\"https:\\\/\\\/howood.fr\\\/wp-content\\\/uploads\\\/2026\\\/02\\\/PSPE-0226.06-buis-1.jpg\",\"width\":1517,\"height\":1954},{\"@type\":\"BreadcrumbList\",\"@id\":\"https:\\\/\\\/howood.fr\\\/index.php\\\/produit\\\/pendule-en-bois-buis-radiesthesie-soin-energetique-howood-desenvoutement-3\\\/#breadcrumb\",\"itemListElement\":[{\"@type\":\"ListItem\",\"position\":1,\"name\":\"Accueil\",\"item\":\"https:\\\/\\\/howood.fr\\\/\"},{\"@type\":\"ListItem\",\"position\":2,\"name\":\"Produits\",\"item\":\"https:\\\/\\\/howood.fr\\\/index.php\\\/shop\\\/\"},{\"@type\":\"ListItem\",\"position\":3,\"name\":\"Pendule de d\u00e9senvo\u00fbtement BUIS\"}]},{\"@type\":\"WebSite\",\"@id\":\"https:\\\/\\\/howood.fr\\\/#website\",\"url\":\"https:\\\/\\\/howood.fr\\\/\",\"name\":\"HoWood\",\"description\":\"pendule de radiesth\u00e9sie Artisanal HoWood\",\"publisher\":{\"@id\":\"https:\\\/\\\/howood.fr\\\/#organization\"},\"potentialAction\":[{\"@type\":\"SearchAction\",\"target\":{\"@type\":\"EntryPoint\",\"urlTemplate\":\"https:\\\/\\\/howood.fr\\\/?s={search_term_string}\"},\"query-input\":{\"@type\":\"PropertyValueSpecification\",\"valueRequired\":true,\"valueName\":\"search_term_string\"}}],\"inLanguage\":\"fr-FR\"},{\"@type\":\"Organization\",\"@id\":\"https:\\\/\\\/howood.fr\\\/#organization\",\"name\":\"HoWood\",\"url\":\"https:\\\/\\\/howood.fr\\\/\",\"logo\":{\"@type\":\"ImageObject\",\"inLanguage\":\"fr-FR\",\"@id\":\"https:\\\/\\\/howood.fr\\\/#\\\/schema\\\/logo\\\/image\\\/\",\"url\":\"https:\\\/\\\/howood.fr\\\/wp-content\\\/uploads\\\/2024\\\/10\\\/logo-HW-150.webp\",\"contentUrl\":\"https:\\\/\\\/howood.fr\\\/wp-content\\\/uploads\\\/2024\\\/10\\\/logo-HW-150.webp\",\"width\":150,\"height\":150,\"caption\":\"HoWood\"},\"image\":{\"@id\":\"https:\\\/\\\/howood.fr\\\/#\\\/schema\\\/logo\\\/image\\\/\"}}]}<\/script>\n<!-- \/ Yoast SEO plugin. -->","yoast_head_json":{"title":"Pendule de d\u00e9senvo\u00fbtement BUIS - HoWood","description":"Pendule de radiesth\u00e9sie artisanal en bois de buis? Cr\u00e9ation Howood pour magn\u00e9tiseurs, m\u00e9diums, th\u00e9rapeutes. Soins \u00e9nerg\u00e9tiques, nettoyage maison, aura.","robots":{"index":"index","follow":"follow","max-snippet":"max-snippet:-1","max-image-preview":"max-image-preview:large","max-video-preview":"max-video-preview:-1"},"canonical":"https:\/\/howood.fr\/index.php\/produit\/pendule-en-bois-buis-radiesthesie-soin-energetique-howood-desenvoutement-3\/","og_locale":"fr_FR","og_type":"article","og_title":"Pendule de d\u00e9senvo\u00fbtement BUIS - HoWood","og_description":"Pendule de radiesth\u00e9sie artisanal en bois de buis? Cr\u00e9ation Howood pour magn\u00e9tiseurs, m\u00e9diums, th\u00e9rapeutes. Soins \u00e9nerg\u00e9tiques, nettoyage maison, aura.","og_url":"https:\/\/howood.fr\/index.php\/produit\/pendule-en-bois-buis-radiesthesie-soin-energetique-howood-desenvoutement-3\/","og_site_name":"HoWood","og_image":[{"width":1517,"height":1954,"url":"https:\/\/howood.fr\/wp-content\/uploads\/2026\/02\/PSPE-0226.06-buis-1.jpg","type":"image\/jpeg"}],"twitter_card":"summary_large_image","twitter_misc":{"Dur\u00e9e de lecture estim\u00e9e":"1 minute"},"schema":{"@context":"https:\/\/schema.org","@graph":[{"@type":"WebPage","@id":"https:\/\/howood.fr\/index.php\/produit\/pendule-en-bois-buis-radiesthesie-soin-energetique-howood-desenvoutement-3\/","url":"https:\/\/howood.fr\/index.php\/produit\/pendule-en-bois-buis-radiesthesie-soin-energetique-howood-desenvoutement-3\/","name":"Pendule de d\u00e9senvo\u00fbtement BUIS - HoWood","isPartOf":{"@id":"https:\/\/howood.fr\/#website"},"primaryImageOfPage":{"@id":"https:\/\/howood.fr\/index.php\/produit\/pendule-en-bois-buis-radiesthesie-soin-energetique-howood-desenvoutement-3\/#primaryimage"},"image":{"@id":"https:\/\/howood.fr\/index.php\/produit\/pendule-en-bois-buis-radiesthesie-soin-energetique-howood-desenvoutement-3\/#primaryimage"},"thumbnailUrl":"https:\/\/howood.fr\/wp-content\/uploads\/2026\/02\/PSPE-0226.06-buis-1.jpg","datePublished":"2026-02-24T21:37:01+00:00","description":"Pendule de radiesth\u00e9sie artisanal en bois de buis? Cr\u00e9ation Howood pour magn\u00e9tiseurs, m\u00e9diums, th\u00e9rapeutes. Soins \u00e9nerg\u00e9tiques, nettoyage maison, aura.","breadcrumb":{"@id":"https:\/\/howood.fr\/index.php\/produit\/pendule-en-bois-buis-radiesthesie-soin-energetique-howood-desenvoutement-3\/#breadcrumb"},"inLanguage":"fr-FR","potentialAction":[{"@type":"ReadAction","target":["https:\/\/howood.fr\/index.php\/produit\/pendule-en-bois-buis-radiesthesie-soin-energetique-howood-desenvoutement-3\/"]}]},{"@type":"ImageObject","inLanguage":"fr-FR","@id":"https:\/\/howood.fr\/index.php\/produit\/pendule-en-bois-buis-radiesthesie-soin-energetique-howood-desenvoutement-3\/#primaryimage","url":"https:\/\/howood.fr\/wp-content\/uploads\/2026\/02\/PSPE-0226.06-buis-1.jpg","contentUrl":"https:\/\/howood.fr\/wp-content\/uploads\/2026\/02\/PSPE-0226.06-buis-1.jpg","width":1517,"height":1954},{"@type":"BreadcrumbList","@id":"https:\/\/howood.fr\/index.php\/produit\/pendule-en-bois-buis-radiesthesie-soin-energetique-howood-desenvoutement-3\/#breadcrumb","itemListElement":[{"@type":"ListItem","position":1,"name":"Accueil","item":"https:\/\/howood.fr\/"},{"@type":"ListItem","position":2,"name":"Produits","item":"https:\/\/howood.fr\/index.php\/shop\/"},{"@type":"ListItem","position":3,"name":"Pendule de d\u00e9senvo\u00fbtement BUIS"}]},{"@type":"WebSite","@id":"https:\/\/howood.fr\/#website","url":"https:\/\/howood.fr\/","name":"HoWood","description":"pendule de radiesth\u00e9sie Artisanal HoWood","publisher":{"@id":"https:\/\/howood.fr\/#organization"},"potentialAction":[{"@type":"SearchAction","target":{"@type":"EntryPoint","urlTemplate":"https:\/\/howood.fr\/?s={search_term_string}"},"query-input":{"@type":"PropertyValueSpecification","valueRequired":true,"valueName":"search_term_string"}}],"inLanguage":"fr-FR"},{"@type":"Organization","@id":"https:\/\/howood.fr\/#organization","name":"HoWood","url":"https:\/\/howood.fr\/","logo":{"@type":"ImageObject","inLanguage":"fr-FR","@id":"https:\/\/howood.fr\/#\/schema\/logo\/image\/","url":"https:\/\/howood.fr\/wp-content\/uploads\/2024\/10\/logo-HW-150.webp","contentUrl":"https:\/\/howood.fr\/wp-content\/uploads\/2024\/10\/logo-HW-150.webp","width":150,"height":150,"caption":"HoWood"},"image":{"@id":"https:\/\/howood.fr\/#\/schema\/logo\/image\/"}}]}},"_links":{"self":[{"href":"https:\/\/howood.fr\/index.php\/wp-json\/wp\/v2\/product\/3938","targetHints":{"allow":["GET"]}}],"collection":[{"href":"https:\/\/howood.fr\/index.php\/wp-json\/wp\/v2\/product"}],"about":[{"href":"https:\/\/howood.fr\/index.php\/wp-json\/wp\/v2\/types\/product"}],"replies":[{"embeddable":true,"href":"https:\/\/howood.fr\/index.php\/wp-json\/wp\/v2\/comments?post=3938"}],"version-history":[{"count":1,"href":"https:\/\/howood.fr\/index.php\/wp-json\/wp\/v2\/product\/3938\/revisions"}],"predecessor-version":[{"id":3939,"href":"https:\/\/howood.fr\/index.php\/wp-json\/wp\/v2\/product\/3938\/revisions\/3939"}],"wp:featuredmedia":[{"embeddable":true,"href":"https:\/\/howood.fr\/index.php\/wp-json\/wp\/v2\/media\/3934"}],"wp:attachment":[{"href":"https:\/\/howood.fr\/index.php\/wp-json\/wp\/v2\/media?parent=3938"}],"wp:term":[{"taxonomy":"product_brand","embeddable":true,"href":"https:\/\/howood.fr\/index.php\/wp-json\/wp\/v2\/product_brand?post=3938"},{"taxonomy":"product_cat","embeddable":true,"href":"https:\/\/howood.fr\/index.php\/wp-json\/wp\/v2\/product_cat?post=3938"},{"taxonomy":"product_tag","embeddable":true,"href":"https:\/\/howood.fr\/index.php\/wp-json\/wp\/v2\/product_tag?post=3938"}],"curies":[{"name":"wp","href":"https:\/\/api.w.org\/{rel}","templated":true}]}}