{"id":3940,"date":"2026-02-24T22:49:23","date_gmt":"2026-02-24T21:49:23","guid":{"rendered":"https:\/\/howood.fr\/?post_type=product&#038;p=3940"},"modified":"2026-02-24T22:52:18","modified_gmt":"2026-02-24T21:52:18","slug":"pendule-broche-en-olivier-metal-radiesthesie-soin-energetique-3","status":"publish","type":"product","link":"https:\/\/howood.fr\/index.php\/produit\/pendule-broche-en-olivier-metal-radiesthesie-soin-energetique-3\/","title":{"rendered":"Pendule de radiesth\u00e9sie M\u00e9tal bois d&rsquo;olivier"},"content":{"rendered":"<p align=\"left\">Pendule artisanal de radiesth\u00e9sie en m\u00e9tal et bois d&rsquo;OLIVIER de Charente Maritime et son veinage apparent. Forme circulaire, petit dynamique, s&#8217;emm\u00e8ne partout comme dans une poche.<\/p>\n<p align=\"left\"><b>Mesures \u00e0 quelques variables pr\u00e8s <\/b><\/p>\n<ul>\n<li>\n<p align=\"left\">Hauteur : 4 cm<\/p>\n<\/li>\n<li>\n<p align=\"left\">Largeur maxi : 2,3 cm<\/p>\n<\/li>\n<li>\n<p align=\"left\">Poids : 11 gr<\/p>\n<\/li>\n<li>\n<p align=\"left\">Cha\u00eenette : Acier 19 cm<\/p>\n<\/li>\n<li>\n<p align=\"left\">Finition\u00a0: Cire de Carnauba (cire extraite des feuilles de palmier carnauba)<\/p>\n<\/li>\n<\/ul>\n","protected":false},"excerpt":{"rendered":"<p>Pendule artisanal de radiesth\u00e9sie en m\u00e9tal et bois d&rsquo;OLIVIER de Charente Maritime et son veinage apparent. Forme circulaire, petit dynamique, s&#8217;emm\u00e8ne partout comme dans une poche. Mesures \u00e0 quelques variables pr\u00e8s Hauteur : 4 cm Largeur maxi : 2,3 cm Poids : 11 gr Cha\u00eenette : Acier 19 cm Finition\u00a0: Cire de Carnauba (cire extraite [&hellip;]<\/p>\n","protected":false},"featured_media":3925,"comment_status":"open","ping_status":"closed","template":"","meta":[],"product_brand":[],"product_cat":[81],"product_tag":[40,59],"class_list":{"0":"post-3940","1":"product","2":"type-product","3":"status-publish","4":"has-post-thumbnail","6":"product_cat-pendule-broche","7":"product_tag-metal","8":"product_tag-olivier","9":"product_shipping_class-pendules-colliers-porte-cles-stylo-a-bille-stylo-a-plume","11":"first","12":"instock","13":"purchasable","14":"product-type-simple"},"yoast_head":"<!-- This site is optimized with the Yoast SEO plugin v27.4 - https:\/\/yoast.com\/product\/yoast-seo-wordpress\/ -->\n<title>Pendule de radiesth\u00e9sie M\u00e9tal bois d&#039;olivier - HoWood<\/title>\n<meta name=\"description\" content=\"Pendule artisanal en bois d&#039;olivier et m\u00e9tal pour des soins \u00e9nerg\u00e9tiques, il capte les ondes \u00e9lectriques et magn\u00e9tiques. Tient dans une poche.\" \/>\n<meta name=\"robots\" content=\"index, follow, max-snippet:-1, max-image-preview:large, max-video-preview:-1\" \/>\n<link rel=\"canonical\" href=\"https:\/\/howood.fr\/index.php\/produit\/pendule-broche-en-olivier-metal-radiesthesie-soin-energetique-3\/\" \/>\n<meta property=\"og:locale\" content=\"fr_FR\" \/>\n<meta property=\"og:type\" content=\"article\" \/>\n<meta property=\"og:title\" content=\"Pendule de radiesth\u00e9sie M\u00e9tal bois d&#039;olivier - HoWood\" \/>\n<meta property=\"og:description\" content=\"Pendule artisanal en bois d&#039;olivier et m\u00e9tal pour des soins \u00e9nerg\u00e9tiques, il capte les ondes \u00e9lectriques et magn\u00e9tiques. Tient dans une poche.\" \/>\n<meta property=\"og:url\" content=\"https:\/\/howood.fr\/index.php\/produit\/pendule-broche-en-olivier-metal-radiesthesie-soin-energetique-3\/\" \/>\n<meta property=\"og:site_name\" content=\"HoWood\" \/>\n<meta property=\"article:modified_time\" content=\"2026-02-24T21:52:18+00:00\" \/>\n<meta property=\"og:image\" content=\"https:\/\/howood.fr\/wp-content\/uploads\/2026\/02\/PB-0126.10-olivier-3.jpg\" \/>\n\t<meta property=\"og:image:width\" content=\"1052\" \/>\n\t<meta property=\"og:image:height\" content=\"1360\" \/>\n\t<meta property=\"og:image:type\" content=\"image\/jpeg\" \/>\n<meta name=\"twitter:card\" content=\"summary_large_image\" \/>\n<meta name=\"twitter:label1\" content=\"Dur\u00e9e de lecture estim\u00e9e\" \/>\n\t<meta name=\"twitter:data1\" content=\"1 minute\" \/>\n<script type=\"application\/ld+json\" class=\"yoast-schema-graph\">{\"@context\":\"https:\\\/\\\/schema.org\",\"@graph\":[{\"@type\":\"WebPage\",\"@id\":\"https:\\\/\\\/howood.fr\\\/index.php\\\/produit\\\/pendule-broche-en-olivier-metal-radiesthesie-soin-energetique-3\\\/\",\"url\":\"https:\\\/\\\/howood.fr\\\/index.php\\\/produit\\\/pendule-broche-en-olivier-metal-radiesthesie-soin-energetique-3\\\/\",\"name\":\"Pendule de radiesth\u00e9sie M\u00e9tal bois d'olivier - HoWood\",\"isPartOf\":{\"@id\":\"https:\\\/\\\/howood.fr\\\/#website\"},\"primaryImageOfPage\":{\"@id\":\"https:\\\/\\\/howood.fr\\\/index.php\\\/produit\\\/pendule-broche-en-olivier-metal-radiesthesie-soin-energetique-3\\\/#primaryimage\"},\"image\":{\"@id\":\"https:\\\/\\\/howood.fr\\\/index.php\\\/produit\\\/pendule-broche-en-olivier-metal-radiesthesie-soin-energetique-3\\\/#primaryimage\"},\"thumbnailUrl\":\"https:\\\/\\\/howood.fr\\\/wp-content\\\/uploads\\\/2026\\\/02\\\/PB-0126.10-olivier-3.jpg\",\"datePublished\":\"2026-02-24T21:49:23+00:00\",\"dateModified\":\"2026-02-24T21:52:18+00:00\",\"description\":\"Pendule artisanal en bois d'olivier et m\u00e9tal pour des soins \u00e9nerg\u00e9tiques, il capte les ondes \u00e9lectriques et magn\u00e9tiques. Tient dans une poche.\",\"breadcrumb\":{\"@id\":\"https:\\\/\\\/howood.fr\\\/index.php\\\/produit\\\/pendule-broche-en-olivier-metal-radiesthesie-soin-energetique-3\\\/#breadcrumb\"},\"inLanguage\":\"fr-FR\",\"potentialAction\":[{\"@type\":\"ReadAction\",\"target\":[\"https:\\\/\\\/howood.fr\\\/index.php\\\/produit\\\/pendule-broche-en-olivier-metal-radiesthesie-soin-energetique-3\\\/\"]}]},{\"@type\":\"ImageObject\",\"inLanguage\":\"fr-FR\",\"@id\":\"https:\\\/\\\/howood.fr\\\/index.php\\\/produit\\\/pendule-broche-en-olivier-metal-radiesthesie-soin-energetique-3\\\/#primaryimage\",\"url\":\"https:\\\/\\\/howood.fr\\\/wp-content\\\/uploads\\\/2026\\\/02\\\/PB-0126.10-olivier-3.jpg\",\"contentUrl\":\"https:\\\/\\\/howood.fr\\\/wp-content\\\/uploads\\\/2026\\\/02\\\/PB-0126.10-olivier-3.jpg\",\"width\":1052,\"height\":1360},{\"@type\":\"BreadcrumbList\",\"@id\":\"https:\\\/\\\/howood.fr\\\/index.php\\\/produit\\\/pendule-broche-en-olivier-metal-radiesthesie-soin-energetique-3\\\/#breadcrumb\",\"itemListElement\":[{\"@type\":\"ListItem\",\"position\":1,\"name\":\"Accueil\",\"item\":\"https:\\\/\\\/howood.fr\\\/\"},{\"@type\":\"ListItem\",\"position\":2,\"name\":\"Produits\",\"item\":\"https:\\\/\\\/howood.fr\\\/index.php\\\/shop\\\/\"},{\"@type\":\"ListItem\",\"position\":3,\"name\":\"Pendule de radiesth\u00e9sie M\u00e9tal bois d&rsquo;olivier\"}]},{\"@type\":\"WebSite\",\"@id\":\"https:\\\/\\\/howood.fr\\\/#website\",\"url\":\"https:\\\/\\\/howood.fr\\\/\",\"name\":\"HoWood\",\"description\":\"pendule de radiesth\u00e9sie Artisanal HoWood\",\"publisher\":{\"@id\":\"https:\\\/\\\/howood.fr\\\/#organization\"},\"potentialAction\":[{\"@type\":\"SearchAction\",\"target\":{\"@type\":\"EntryPoint\",\"urlTemplate\":\"https:\\\/\\\/howood.fr\\\/?s={search_term_string}\"},\"query-input\":{\"@type\":\"PropertyValueSpecification\",\"valueRequired\":true,\"valueName\":\"search_term_string\"}}],\"inLanguage\":\"fr-FR\"},{\"@type\":\"Organization\",\"@id\":\"https:\\\/\\\/howood.fr\\\/#organization\",\"name\":\"HoWood\",\"url\":\"https:\\\/\\\/howood.fr\\\/\",\"logo\":{\"@type\":\"ImageObject\",\"inLanguage\":\"fr-FR\",\"@id\":\"https:\\\/\\\/howood.fr\\\/#\\\/schema\\\/logo\\\/image\\\/\",\"url\":\"https:\\\/\\\/howood.fr\\\/wp-content\\\/uploads\\\/2024\\\/10\\\/logo-HW-150.webp\",\"contentUrl\":\"https:\\\/\\\/howood.fr\\\/wp-content\\\/uploads\\\/2024\\\/10\\\/logo-HW-150.webp\",\"width\":150,\"height\":150,\"caption\":\"HoWood\"},\"image\":{\"@id\":\"https:\\\/\\\/howood.fr\\\/#\\\/schema\\\/logo\\\/image\\\/\"}}]}<\/script>\n<!-- \/ Yoast SEO plugin. -->","yoast_head_json":{"title":"Pendule de radiesth\u00e9sie M\u00e9tal bois d'olivier - HoWood","description":"Pendule artisanal en bois d'olivier et m\u00e9tal pour des soins \u00e9nerg\u00e9tiques, il capte les ondes \u00e9lectriques et magn\u00e9tiques. Tient dans une poche.","robots":{"index":"index","follow":"follow","max-snippet":"max-snippet:-1","max-image-preview":"max-image-preview:large","max-video-preview":"max-video-preview:-1"},"canonical":"https:\/\/howood.fr\/index.php\/produit\/pendule-broche-en-olivier-metal-radiesthesie-soin-energetique-3\/","og_locale":"fr_FR","og_type":"article","og_title":"Pendule de radiesth\u00e9sie M\u00e9tal bois d'olivier - HoWood","og_description":"Pendule artisanal en bois d'olivier et m\u00e9tal pour des soins \u00e9nerg\u00e9tiques, il capte les ondes \u00e9lectriques et magn\u00e9tiques. Tient dans une poche.","og_url":"https:\/\/howood.fr\/index.php\/produit\/pendule-broche-en-olivier-metal-radiesthesie-soin-energetique-3\/","og_site_name":"HoWood","article_modified_time":"2026-02-24T21:52:18+00:00","og_image":[{"width":1052,"height":1360,"url":"https:\/\/howood.fr\/wp-content\/uploads\/2026\/02\/PB-0126.10-olivier-3.jpg","type":"image\/jpeg"}],"twitter_card":"summary_large_image","twitter_misc":{"Dur\u00e9e de lecture estim\u00e9e":"1 minute"},"schema":{"@context":"https:\/\/schema.org","@graph":[{"@type":"WebPage","@id":"https:\/\/howood.fr\/index.php\/produit\/pendule-broche-en-olivier-metal-radiesthesie-soin-energetique-3\/","url":"https:\/\/howood.fr\/index.php\/produit\/pendule-broche-en-olivier-metal-radiesthesie-soin-energetique-3\/","name":"Pendule de radiesth\u00e9sie M\u00e9tal bois d'olivier - HoWood","isPartOf":{"@id":"https:\/\/howood.fr\/#website"},"primaryImageOfPage":{"@id":"https:\/\/howood.fr\/index.php\/produit\/pendule-broche-en-olivier-metal-radiesthesie-soin-energetique-3\/#primaryimage"},"image":{"@id":"https:\/\/howood.fr\/index.php\/produit\/pendule-broche-en-olivier-metal-radiesthesie-soin-energetique-3\/#primaryimage"},"thumbnailUrl":"https:\/\/howood.fr\/wp-content\/uploads\/2026\/02\/PB-0126.10-olivier-3.jpg","datePublished":"2026-02-24T21:49:23+00:00","dateModified":"2026-02-24T21:52:18+00:00","description":"Pendule artisanal en bois d'olivier et m\u00e9tal pour des soins \u00e9nerg\u00e9tiques, il capte les ondes \u00e9lectriques et magn\u00e9tiques. Tient dans une poche.","breadcrumb":{"@id":"https:\/\/howood.fr\/index.php\/produit\/pendule-broche-en-olivier-metal-radiesthesie-soin-energetique-3\/#breadcrumb"},"inLanguage":"fr-FR","potentialAction":[{"@type":"ReadAction","target":["https:\/\/howood.fr\/index.php\/produit\/pendule-broche-en-olivier-metal-radiesthesie-soin-energetique-3\/"]}]},{"@type":"ImageObject","inLanguage":"fr-FR","@id":"https:\/\/howood.fr\/index.php\/produit\/pendule-broche-en-olivier-metal-radiesthesie-soin-energetique-3\/#primaryimage","url":"https:\/\/howood.fr\/wp-content\/uploads\/2026\/02\/PB-0126.10-olivier-3.jpg","contentUrl":"https:\/\/howood.fr\/wp-content\/uploads\/2026\/02\/PB-0126.10-olivier-3.jpg","width":1052,"height":1360},{"@type":"BreadcrumbList","@id":"https:\/\/howood.fr\/index.php\/produit\/pendule-broche-en-olivier-metal-radiesthesie-soin-energetique-3\/#breadcrumb","itemListElement":[{"@type":"ListItem","position":1,"name":"Accueil","item":"https:\/\/howood.fr\/"},{"@type":"ListItem","position":2,"name":"Produits","item":"https:\/\/howood.fr\/index.php\/shop\/"},{"@type":"ListItem","position":3,"name":"Pendule de radiesth\u00e9sie M\u00e9tal bois d&rsquo;olivier"}]},{"@type":"WebSite","@id":"https:\/\/howood.fr\/#website","url":"https:\/\/howood.fr\/","name":"HoWood","description":"pendule de radiesth\u00e9sie Artisanal HoWood","publisher":{"@id":"https:\/\/howood.fr\/#organization"},"potentialAction":[{"@type":"SearchAction","target":{"@type":"EntryPoint","urlTemplate":"https:\/\/howood.fr\/?s={search_term_string}"},"query-input":{"@type":"PropertyValueSpecification","valueRequired":true,"valueName":"search_term_string"}}],"inLanguage":"fr-FR"},{"@type":"Organization","@id":"https:\/\/howood.fr\/#organization","name":"HoWood","url":"https:\/\/howood.fr\/","logo":{"@type":"ImageObject","inLanguage":"fr-FR","@id":"https:\/\/howood.fr\/#\/schema\/logo\/image\/","url":"https:\/\/howood.fr\/wp-content\/uploads\/2024\/10\/logo-HW-150.webp","contentUrl":"https:\/\/howood.fr\/wp-content\/uploads\/2024\/10\/logo-HW-150.webp","width":150,"height":150,"caption":"HoWood"},"image":{"@id":"https:\/\/howood.fr\/#\/schema\/logo\/image\/"}}]}},"_links":{"self":[{"href":"https:\/\/howood.fr\/index.php\/wp-json\/wp\/v2\/product\/3940","targetHints":{"allow":["GET"]}}],"collection":[{"href":"https:\/\/howood.fr\/index.php\/wp-json\/wp\/v2\/product"}],"about":[{"href":"https:\/\/howood.fr\/index.php\/wp-json\/wp\/v2\/types\/product"}],"replies":[{"embeddable":true,"href":"https:\/\/howood.fr\/index.php\/wp-json\/wp\/v2\/comments?post=3940"}],"version-history":[{"count":1,"href":"https:\/\/howood.fr\/index.php\/wp-json\/wp\/v2\/product\/3940\/revisions"}],"predecessor-version":[{"id":3941,"href":"https:\/\/howood.fr\/index.php\/wp-json\/wp\/v2\/product\/3940\/revisions\/3941"}],"wp:featuredmedia":[{"embeddable":true,"href":"https:\/\/howood.fr\/index.php\/wp-json\/wp\/v2\/media\/3925"}],"wp:attachment":[{"href":"https:\/\/howood.fr\/index.php\/wp-json\/wp\/v2\/media?parent=3940"}],"wp:term":[{"taxonomy":"product_brand","embeddable":true,"href":"https:\/\/howood.fr\/index.php\/wp-json\/wp\/v2\/product_brand?post=3940"},{"taxonomy":"product_cat","embeddable":true,"href":"https:\/\/howood.fr\/index.php\/wp-json\/wp\/v2\/product_cat?post=3940"},{"taxonomy":"product_tag","embeddable":true,"href":"https:\/\/howood.fr\/index.php\/wp-json\/wp\/v2\/product_tag?post=3940"}],"curies":[{"name":"wp","href":"https:\/\/api.w.org\/{rel}","templated":true}]}}