{"id":3942,"date":"2026-02-24T23:00:44","date_gmt":"2026-02-24T22:00:44","guid":{"rendered":"https:\/\/howood.fr\/?post_type=product&#038;p=3942"},"modified":"2026-02-24T23:00:44","modified_gmt":"2026-02-24T22:00:44","slug":"pendule-en-bois-buis-radiesthesie-soin-energetique-howood","status":"publish","type":"product","link":"https:\/\/howood.fr\/index.php\/produit\/pendule-en-bois-buis-radiesthesie-soin-energetique-howood\/","title":{"rendered":"Petit Pendule de radiesth\u00e9sie en Buis"},"content":{"rendered":"<p>Ce charmant petit pendule de radiesth\u00e9sie en bois de buis vous accompagnera partout. Tout en discr\u00e9tion il sera votre partenaire id\u00e9al pour vous accompagner dans vos pratiques bienveillantes. Tient facilement dans une poche.<\/p>\n<p align=\"left\"><b>Mesures \u00e0 quelques variables pr\u00e8s <\/b><\/p>\n<ul>\n<li>\n<p align=\"left\">Hauteur : 4 cm<\/p>\n<\/li>\n<li>\n<p align=\"left\">Largeur\u00a0 maxi : 2,3 cm<\/p>\n<\/li>\n<li>\n<p align=\"left\">Poids : 9 gr<\/p>\n<\/li>\n<li>\n<p align=\"left\">Cha\u00eenette : Acier 19 cm<\/p>\n<\/li>\n<li>\n<p align=\"left\">Finition\u00a0: Cire de Carnauba (cire extraite des feuilles de palmier carnauba)<\/p>\n<\/li>\n<\/ul>\n","protected":false},"excerpt":{"rendered":"<p>Ce charmant petit pendule de radiesth\u00e9sie en bois de buis vous accompagnera partout. Tout en discr\u00e9tion il sera votre partenaire id\u00e9al pour vous accompagner dans vos pratiques bienveillantes. Tient facilement dans une poche. Mesures \u00e0 quelques variables pr\u00e8s Hauteur : 4 cm Largeur\u00a0 maxi : 2,3 cm Poids : 9 gr Cha\u00eenette : Acier 19 [&hellip;]<\/p>\n","protected":false},"featured_media":3931,"comment_status":"open","ping_status":"closed","template":"","meta":[],"product_brand":[],"product_cat":[32],"product_tag":[42],"class_list":{"0":"post-3942","1":"product","2":"type-product","3":"status-publish","4":"has-post-thumbnail","6":"product_cat-pendules-de-radiesthesie","7":"product_tag-buis","8":"product_shipping_class-pendules-colliers-porte-cles-stylo-a-bille-stylo-a-plume","10":"first","11":"instock","12":"purchasable","13":"product-type-simple"},"yoast_head":"<!-- This site is optimized with the Yoast SEO plugin v27.4 - https:\/\/yoast.com\/product\/yoast-seo-wordpress\/ -->\n<title>Petit Pendule de radiesth\u00e9sie en Buis - HoWood<\/title>\n<meta name=\"description\" content=\"Pendule de radiesth\u00e9sie artisanal en buis, symbole de l&#039;immortalit\u00e9. Dynamique vous l\u2019emm\u00e8nerez partout. Petit, mignon efficace dans vos pratiques.\" \/>\n<meta name=\"robots\" content=\"index, follow, max-snippet:-1, max-image-preview:large, max-video-preview:-1\" \/>\n<link rel=\"canonical\" href=\"https:\/\/howood.fr\/index.php\/produit\/pendule-en-bois-buis-radiesthesie-soin-energetique-howood\/\" \/>\n<meta property=\"og:locale\" content=\"fr_FR\" \/>\n<meta property=\"og:type\" content=\"article\" \/>\n<meta property=\"og:title\" content=\"Petit Pendule de radiesth\u00e9sie en Buis - HoWood\" \/>\n<meta property=\"og:description\" content=\"Pendule de radiesth\u00e9sie artisanal en buis, symbole de l&#039;immortalit\u00e9. Dynamique vous l\u2019emm\u00e8nerez partout. Petit, mignon efficace dans vos pratiques.\" \/>\n<meta property=\"og:url\" content=\"https:\/\/howood.fr\/index.php\/produit\/pendule-en-bois-buis-radiesthesie-soin-energetique-howood\/\" \/>\n<meta property=\"og:site_name\" content=\"HoWood\" \/>\n<meta property=\"og:image\" content=\"https:\/\/howood.fr\/wp-content\/uploads\/2026\/02\/0226.225-buis-3.jpg\" \/>\n\t<meta property=\"og:image:width\" content=\"914\" \/>\n\t<meta property=\"og:image:height\" content=\"1380\" \/>\n\t<meta property=\"og:image:type\" content=\"image\/jpeg\" \/>\n<meta name=\"twitter:card\" content=\"summary_large_image\" \/>\n<meta name=\"twitter:label1\" content=\"Dur\u00e9e de lecture estim\u00e9e\" \/>\n\t<meta name=\"twitter:data1\" content=\"1 minute\" \/>\n<script type=\"application\/ld+json\" class=\"yoast-schema-graph\">{\"@context\":\"https:\\\/\\\/schema.org\",\"@graph\":[{\"@type\":\"WebPage\",\"@id\":\"https:\\\/\\\/howood.fr\\\/index.php\\\/produit\\\/pendule-en-bois-buis-radiesthesie-soin-energetique-howood\\\/\",\"url\":\"https:\\\/\\\/howood.fr\\\/index.php\\\/produit\\\/pendule-en-bois-buis-radiesthesie-soin-energetique-howood\\\/\",\"name\":\"Petit Pendule de radiesth\u00e9sie en Buis - HoWood\",\"isPartOf\":{\"@id\":\"https:\\\/\\\/howood.fr\\\/#website\"},\"primaryImageOfPage\":{\"@id\":\"https:\\\/\\\/howood.fr\\\/index.php\\\/produit\\\/pendule-en-bois-buis-radiesthesie-soin-energetique-howood\\\/#primaryimage\"},\"image\":{\"@id\":\"https:\\\/\\\/howood.fr\\\/index.php\\\/produit\\\/pendule-en-bois-buis-radiesthesie-soin-energetique-howood\\\/#primaryimage\"},\"thumbnailUrl\":\"https:\\\/\\\/howood.fr\\\/wp-content\\\/uploads\\\/2026\\\/02\\\/0226.225-buis-3.jpg\",\"datePublished\":\"2026-02-24T22:00:44+00:00\",\"description\":\"Pendule de radiesth\u00e9sie artisanal en buis, symbole de l'immortalit\u00e9. Dynamique vous l\u2019emm\u00e8nerez partout. Petit, mignon efficace dans vos pratiques.\",\"breadcrumb\":{\"@id\":\"https:\\\/\\\/howood.fr\\\/index.php\\\/produit\\\/pendule-en-bois-buis-radiesthesie-soin-energetique-howood\\\/#breadcrumb\"},\"inLanguage\":\"fr-FR\",\"potentialAction\":[{\"@type\":\"ReadAction\",\"target\":[\"https:\\\/\\\/howood.fr\\\/index.php\\\/produit\\\/pendule-en-bois-buis-radiesthesie-soin-energetique-howood\\\/\"]}]},{\"@type\":\"ImageObject\",\"inLanguage\":\"fr-FR\",\"@id\":\"https:\\\/\\\/howood.fr\\\/index.php\\\/produit\\\/pendule-en-bois-buis-radiesthesie-soin-energetique-howood\\\/#primaryimage\",\"url\":\"https:\\\/\\\/howood.fr\\\/wp-content\\\/uploads\\\/2026\\\/02\\\/0226.225-buis-3.jpg\",\"contentUrl\":\"https:\\\/\\\/howood.fr\\\/wp-content\\\/uploads\\\/2026\\\/02\\\/0226.225-buis-3.jpg\",\"width\":914,\"height\":1380},{\"@type\":\"BreadcrumbList\",\"@id\":\"https:\\\/\\\/howood.fr\\\/index.php\\\/produit\\\/pendule-en-bois-buis-radiesthesie-soin-energetique-howood\\\/#breadcrumb\",\"itemListElement\":[{\"@type\":\"ListItem\",\"position\":1,\"name\":\"Accueil\",\"item\":\"https:\\\/\\\/howood.fr\\\/\"},{\"@type\":\"ListItem\",\"position\":2,\"name\":\"Produits\",\"item\":\"https:\\\/\\\/howood.fr\\\/index.php\\\/shop\\\/\"},{\"@type\":\"ListItem\",\"position\":3,\"name\":\"Petit Pendule de radiesth\u00e9sie en Buis\"}]},{\"@type\":\"WebSite\",\"@id\":\"https:\\\/\\\/howood.fr\\\/#website\",\"url\":\"https:\\\/\\\/howood.fr\\\/\",\"name\":\"HoWood\",\"description\":\"pendule de radiesth\u00e9sie Artisanal HoWood\",\"publisher\":{\"@id\":\"https:\\\/\\\/howood.fr\\\/#organization\"},\"potentialAction\":[{\"@type\":\"SearchAction\",\"target\":{\"@type\":\"EntryPoint\",\"urlTemplate\":\"https:\\\/\\\/howood.fr\\\/?s={search_term_string}\"},\"query-input\":{\"@type\":\"PropertyValueSpecification\",\"valueRequired\":true,\"valueName\":\"search_term_string\"}}],\"inLanguage\":\"fr-FR\"},{\"@type\":\"Organization\",\"@id\":\"https:\\\/\\\/howood.fr\\\/#organization\",\"name\":\"HoWood\",\"url\":\"https:\\\/\\\/howood.fr\\\/\",\"logo\":{\"@type\":\"ImageObject\",\"inLanguage\":\"fr-FR\",\"@id\":\"https:\\\/\\\/howood.fr\\\/#\\\/schema\\\/logo\\\/image\\\/\",\"url\":\"https:\\\/\\\/howood.fr\\\/wp-content\\\/uploads\\\/2024\\\/10\\\/logo-HW-150.webp\",\"contentUrl\":\"https:\\\/\\\/howood.fr\\\/wp-content\\\/uploads\\\/2024\\\/10\\\/logo-HW-150.webp\",\"width\":150,\"height\":150,\"caption\":\"HoWood\"},\"image\":{\"@id\":\"https:\\\/\\\/howood.fr\\\/#\\\/schema\\\/logo\\\/image\\\/\"}}]}<\/script>\n<!-- \/ Yoast SEO plugin. -->","yoast_head_json":{"title":"Petit Pendule de radiesth\u00e9sie en Buis - HoWood","description":"Pendule de radiesth\u00e9sie artisanal en buis, symbole de l'immortalit\u00e9. Dynamique vous l\u2019emm\u00e8nerez partout. Petit, mignon efficace dans vos pratiques.","robots":{"index":"index","follow":"follow","max-snippet":"max-snippet:-1","max-image-preview":"max-image-preview:large","max-video-preview":"max-video-preview:-1"},"canonical":"https:\/\/howood.fr\/index.php\/produit\/pendule-en-bois-buis-radiesthesie-soin-energetique-howood\/","og_locale":"fr_FR","og_type":"article","og_title":"Petit Pendule de radiesth\u00e9sie en Buis - HoWood","og_description":"Pendule de radiesth\u00e9sie artisanal en buis, symbole de l'immortalit\u00e9. Dynamique vous l\u2019emm\u00e8nerez partout. Petit, mignon efficace dans vos pratiques.","og_url":"https:\/\/howood.fr\/index.php\/produit\/pendule-en-bois-buis-radiesthesie-soin-energetique-howood\/","og_site_name":"HoWood","og_image":[{"width":914,"height":1380,"url":"https:\/\/howood.fr\/wp-content\/uploads\/2026\/02\/0226.225-buis-3.jpg","type":"image\/jpeg"}],"twitter_card":"summary_large_image","twitter_misc":{"Dur\u00e9e de lecture estim\u00e9e":"1 minute"},"schema":{"@context":"https:\/\/schema.org","@graph":[{"@type":"WebPage","@id":"https:\/\/howood.fr\/index.php\/produit\/pendule-en-bois-buis-radiesthesie-soin-energetique-howood\/","url":"https:\/\/howood.fr\/index.php\/produit\/pendule-en-bois-buis-radiesthesie-soin-energetique-howood\/","name":"Petit Pendule de radiesth\u00e9sie en Buis - HoWood","isPartOf":{"@id":"https:\/\/howood.fr\/#website"},"primaryImageOfPage":{"@id":"https:\/\/howood.fr\/index.php\/produit\/pendule-en-bois-buis-radiesthesie-soin-energetique-howood\/#primaryimage"},"image":{"@id":"https:\/\/howood.fr\/index.php\/produit\/pendule-en-bois-buis-radiesthesie-soin-energetique-howood\/#primaryimage"},"thumbnailUrl":"https:\/\/howood.fr\/wp-content\/uploads\/2026\/02\/0226.225-buis-3.jpg","datePublished":"2026-02-24T22:00:44+00:00","description":"Pendule de radiesth\u00e9sie artisanal en buis, symbole de l'immortalit\u00e9. Dynamique vous l\u2019emm\u00e8nerez partout. Petit, mignon efficace dans vos pratiques.","breadcrumb":{"@id":"https:\/\/howood.fr\/index.php\/produit\/pendule-en-bois-buis-radiesthesie-soin-energetique-howood\/#breadcrumb"},"inLanguage":"fr-FR","potentialAction":[{"@type":"ReadAction","target":["https:\/\/howood.fr\/index.php\/produit\/pendule-en-bois-buis-radiesthesie-soin-energetique-howood\/"]}]},{"@type":"ImageObject","inLanguage":"fr-FR","@id":"https:\/\/howood.fr\/index.php\/produit\/pendule-en-bois-buis-radiesthesie-soin-energetique-howood\/#primaryimage","url":"https:\/\/howood.fr\/wp-content\/uploads\/2026\/02\/0226.225-buis-3.jpg","contentUrl":"https:\/\/howood.fr\/wp-content\/uploads\/2026\/02\/0226.225-buis-3.jpg","width":914,"height":1380},{"@type":"BreadcrumbList","@id":"https:\/\/howood.fr\/index.php\/produit\/pendule-en-bois-buis-radiesthesie-soin-energetique-howood\/#breadcrumb","itemListElement":[{"@type":"ListItem","position":1,"name":"Accueil","item":"https:\/\/howood.fr\/"},{"@type":"ListItem","position":2,"name":"Produits","item":"https:\/\/howood.fr\/index.php\/shop\/"},{"@type":"ListItem","position":3,"name":"Petit Pendule de radiesth\u00e9sie en Buis"}]},{"@type":"WebSite","@id":"https:\/\/howood.fr\/#website","url":"https:\/\/howood.fr\/","name":"HoWood","description":"pendule de radiesth\u00e9sie Artisanal HoWood","publisher":{"@id":"https:\/\/howood.fr\/#organization"},"potentialAction":[{"@type":"SearchAction","target":{"@type":"EntryPoint","urlTemplate":"https:\/\/howood.fr\/?s={search_term_string}"},"query-input":{"@type":"PropertyValueSpecification","valueRequired":true,"valueName":"search_term_string"}}],"inLanguage":"fr-FR"},{"@type":"Organization","@id":"https:\/\/howood.fr\/#organization","name":"HoWood","url":"https:\/\/howood.fr\/","logo":{"@type":"ImageObject","inLanguage":"fr-FR","@id":"https:\/\/howood.fr\/#\/schema\/logo\/image\/","url":"https:\/\/howood.fr\/wp-content\/uploads\/2024\/10\/logo-HW-150.webp","contentUrl":"https:\/\/howood.fr\/wp-content\/uploads\/2024\/10\/logo-HW-150.webp","width":150,"height":150,"caption":"HoWood"},"image":{"@id":"https:\/\/howood.fr\/#\/schema\/logo\/image\/"}}]}},"_links":{"self":[{"href":"https:\/\/howood.fr\/index.php\/wp-json\/wp\/v2\/product\/3942","targetHints":{"allow":["GET"]}}],"collection":[{"href":"https:\/\/howood.fr\/index.php\/wp-json\/wp\/v2\/product"}],"about":[{"href":"https:\/\/howood.fr\/index.php\/wp-json\/wp\/v2\/types\/product"}],"replies":[{"embeddable":true,"href":"https:\/\/howood.fr\/index.php\/wp-json\/wp\/v2\/comments?post=3942"}],"version-history":[{"count":2,"href":"https:\/\/howood.fr\/index.php\/wp-json\/wp\/v2\/product\/3942\/revisions"}],"predecessor-version":[{"id":3944,"href":"https:\/\/howood.fr\/index.php\/wp-json\/wp\/v2\/product\/3942\/revisions\/3944"}],"wp:featuredmedia":[{"embeddable":true,"href":"https:\/\/howood.fr\/index.php\/wp-json\/wp\/v2\/media\/3931"}],"wp:attachment":[{"href":"https:\/\/howood.fr\/index.php\/wp-json\/wp\/v2\/media?parent=3942"}],"wp:term":[{"taxonomy":"product_brand","embeddable":true,"href":"https:\/\/howood.fr\/index.php\/wp-json\/wp\/v2\/product_brand?post=3942"},{"taxonomy":"product_cat","embeddable":true,"href":"https:\/\/howood.fr\/index.php\/wp-json\/wp\/v2\/product_cat?post=3942"},{"taxonomy":"product_tag","embeddable":true,"href":"https:\/\/howood.fr\/index.php\/wp-json\/wp\/v2\/product_tag?post=3942"}],"curies":[{"name":"wp","href":"https:\/\/api.w.org\/{rel}","templated":true}]}}