{"id":3987,"date":"2026-03-14T14:35:45","date_gmt":"2026-03-14T13:35:45","guid":{"rendered":"https:\/\/howood.fr\/?post_type=product&#038;p=3987"},"modified":"2026-03-14T14:40:39","modified_gmt":"2026-03-14T13:40:39","slug":"pendule-en-bois-metal-radiesthesie-moderne-soin-energetique-howood-geobiologie-radionique-onde-electrique-21","status":"publish","type":"product","link":"https:\/\/howood.fr\/index.php\/produit\/pendule-en-bois-metal-radiesthesie-moderne-soin-energetique-howood-geobiologie-radionique-onde-electrique-21\/","title":{"rendered":"Pendule radiesth\u00e9sie en bois d&rsquo;if et m\u00e9tal dor\u00e9"},"content":{"rendered":"<p align=\"left\">Pendule de radiesth\u00e9sie Howood, d\u00e9di\u00e9 aux soins \u00e9nerg\u00e9tiques, \u00e0 la g\u00e9obiologie, radiesth\u00e9sie moderne, ce pendule capte les ondes magn\u00e9tiques et les ondes \u00e9lectriques gr\u00e2ce \u00e0 sa mati\u00e8re m\u00e9tallique inoxydable et sa forme. Bois d&rsquo;if de plus de 500 ans du d\u00e9partement de la Vienne 86, son arbre est class\u00e9.<\/p>\n<p align=\"left\"><b>Mesures \u00e0 quelques variables pr\u00e8s<\/b><\/p>\n<ul>\n<li>\n<p align=\"left\">Hauteur : 7,3 cm<\/p>\n<\/li>\n<li>\n<p align=\"left\">Largeur maxi : 1,8 cm<\/p>\n<\/li>\n<li>\n<p align=\"left\">Poids : 21 gr<\/p>\n<\/li>\n<li>\n<p align=\"left\">Cha\u00eenette : Acier dor\u00e9 16,50 cm<\/p>\n<\/li>\n<li>\n<p align=\"left\">Finition\u00a0: Cire de Carnauba (cire extraite des feuilles de palmier carnauba)<\/p>\n<\/li>\n<\/ul>\n","protected":false},"excerpt":{"rendered":"<p>Pendule de radiesth\u00e9sie Howood, d\u00e9di\u00e9 aux soins \u00e9nerg\u00e9tiques, \u00e0 la g\u00e9obiologie, radiesth\u00e9sie moderne, ce pendule capte les ondes magn\u00e9tiques et les ondes \u00e9lectriques gr\u00e2ce \u00e0 sa mati\u00e8re m\u00e9tallique inoxydable et sa forme. Bois d&rsquo;if de plus de 500 ans du d\u00e9partement de la Vienne 86, son arbre est class\u00e9. Mesures \u00e0 quelques variables pr\u00e8s Hauteur [&hellip;]<\/p>\n","protected":false},"featured_media":3953,"comment_status":"open","ping_status":"closed","template":"","meta":[],"product_brand":[],"product_cat":[99],"product_tag":[43,40,66],"class_list":{"0":"post-3987","1":"product","2":"type-product","3":"status-publish","4":"has-post-thumbnail","6":"product_cat-radiesthesie-moderne","7":"product_tag-if","8":"product_tag-metal","9":"product_tag-radiesthesie","10":"product_shipping_class-pendules-colliers-porte-cles-stylo-a-bille-stylo-a-plume","12":"first","13":"instock","14":"purchasable","15":"product-type-simple"},"yoast_head":"<!-- This site is optimized with the Yoast SEO plugin v27.3 - https:\/\/yoast.com\/product\/yoast-seo-wordpress\/ -->\n<title>Pendule radiesth\u00e9sie en bois d&#039;if et m\u00e9tal dor\u00e9 - HoWood<\/title>\n<meta name=\"description\" content=\"Pendule de radiesth\u00e9sie moderne et classique pour soins \u00e9nerg\u00e9tiques et capte les ondes \u00e9lectriques et magn\u00e9tique. Artisanat howood.\" \/>\n<meta name=\"robots\" content=\"index, follow, max-snippet:-1, max-image-preview:large, max-video-preview:-1\" \/>\n<link rel=\"canonical\" href=\"https:\/\/howood.fr\/index.php\/produit\/pendule-en-bois-metal-radiesthesie-moderne-soin-energetique-howood-geobiologie-radionique-onde-electrique-21\/\" \/>\n<meta property=\"og:locale\" content=\"fr_FR\" \/>\n<meta property=\"og:type\" content=\"article\" \/>\n<meta property=\"og:title\" content=\"Pendule radiesth\u00e9sie en bois d&#039;if et m\u00e9tal dor\u00e9 - HoWood\" \/>\n<meta property=\"og:description\" content=\"Pendule de radiesth\u00e9sie moderne et classique pour soins \u00e9nerg\u00e9tiques et capte les ondes \u00e9lectriques et magn\u00e9tique. Artisanat howood.\" \/>\n<meta property=\"og:url\" content=\"https:\/\/howood.fr\/index.php\/produit\/pendule-en-bois-metal-radiesthesie-moderne-soin-energetique-howood-geobiologie-radionique-onde-electrique-21\/\" \/>\n<meta property=\"og:site_name\" content=\"HoWood\" \/>\n<meta property=\"article:modified_time\" content=\"2026-03-14T13:40:39+00:00\" \/>\n<meta property=\"og:image\" content=\"https:\/\/howood.fr\/wp-content\/uploads\/2026\/03\/RM-0326.23-if-3-scaled.jpg\" \/>\n\t<meta property=\"og:image:width\" content=\"1748\" \/>\n\t<meta property=\"og:image:height\" content=\"2560\" \/>\n\t<meta property=\"og:image:type\" content=\"image\/jpeg\" \/>\n<meta name=\"twitter:card\" content=\"summary_large_image\" \/>\n<meta name=\"twitter:label1\" content=\"Dur\u00e9e de lecture estim\u00e9e\" \/>\n\t<meta name=\"twitter:data1\" content=\"1 minute\" \/>\n<script type=\"application\/ld+json\" class=\"yoast-schema-graph\">{\"@context\":\"https:\\\/\\\/schema.org\",\"@graph\":[{\"@type\":\"WebPage\",\"@id\":\"https:\\\/\\\/howood.fr\\\/index.php\\\/produit\\\/pendule-en-bois-metal-radiesthesie-moderne-soin-energetique-howood-geobiologie-radionique-onde-electrique-21\\\/\",\"url\":\"https:\\\/\\\/howood.fr\\\/index.php\\\/produit\\\/pendule-en-bois-metal-radiesthesie-moderne-soin-energetique-howood-geobiologie-radionique-onde-electrique-21\\\/\",\"name\":\"Pendule radiesth\u00e9sie en bois d'if et m\u00e9tal dor\u00e9 - HoWood\",\"isPartOf\":{\"@id\":\"https:\\\/\\\/howood.fr\\\/#website\"},\"primaryImageOfPage\":{\"@id\":\"https:\\\/\\\/howood.fr\\\/index.php\\\/produit\\\/pendule-en-bois-metal-radiesthesie-moderne-soin-energetique-howood-geobiologie-radionique-onde-electrique-21\\\/#primaryimage\"},\"image\":{\"@id\":\"https:\\\/\\\/howood.fr\\\/index.php\\\/produit\\\/pendule-en-bois-metal-radiesthesie-moderne-soin-energetique-howood-geobiologie-radionique-onde-electrique-21\\\/#primaryimage\"},\"thumbnailUrl\":\"https:\\\/\\\/howood.fr\\\/wp-content\\\/uploads\\\/2026\\\/03\\\/RM-0326.23-if-3-scaled.jpg\",\"datePublished\":\"2026-03-14T13:35:45+00:00\",\"dateModified\":\"2026-03-14T13:40:39+00:00\",\"description\":\"Pendule de radiesth\u00e9sie moderne et classique pour soins \u00e9nerg\u00e9tiques et capte les ondes \u00e9lectriques et magn\u00e9tique. Artisanat howood.\",\"breadcrumb\":{\"@id\":\"https:\\\/\\\/howood.fr\\\/index.php\\\/produit\\\/pendule-en-bois-metal-radiesthesie-moderne-soin-energetique-howood-geobiologie-radionique-onde-electrique-21\\\/#breadcrumb\"},\"inLanguage\":\"fr-FR\",\"potentialAction\":[{\"@type\":\"ReadAction\",\"target\":[\"https:\\\/\\\/howood.fr\\\/index.php\\\/produit\\\/pendule-en-bois-metal-radiesthesie-moderne-soin-energetique-howood-geobiologie-radionique-onde-electrique-21\\\/\"]}]},{\"@type\":\"ImageObject\",\"inLanguage\":\"fr-FR\",\"@id\":\"https:\\\/\\\/howood.fr\\\/index.php\\\/produit\\\/pendule-en-bois-metal-radiesthesie-moderne-soin-energetique-howood-geobiologie-radionique-onde-electrique-21\\\/#primaryimage\",\"url\":\"https:\\\/\\\/howood.fr\\\/wp-content\\\/uploads\\\/2026\\\/03\\\/RM-0326.23-if-3-scaled.jpg\",\"contentUrl\":\"https:\\\/\\\/howood.fr\\\/wp-content\\\/uploads\\\/2026\\\/03\\\/RM-0326.23-if-3-scaled.jpg\",\"width\":1748,\"height\":2560,\"caption\":\"RM if\"},{\"@type\":\"BreadcrumbList\",\"@id\":\"https:\\\/\\\/howood.fr\\\/index.php\\\/produit\\\/pendule-en-bois-metal-radiesthesie-moderne-soin-energetique-howood-geobiologie-radionique-onde-electrique-21\\\/#breadcrumb\",\"itemListElement\":[{\"@type\":\"ListItem\",\"position\":1,\"name\":\"Accueil\",\"item\":\"https:\\\/\\\/howood.fr\\\/\"},{\"@type\":\"ListItem\",\"position\":2,\"name\":\"Produits\",\"item\":\"https:\\\/\\\/howood.fr\\\/index.php\\\/shop\\\/\"},{\"@type\":\"ListItem\",\"position\":3,\"name\":\"Pendule radiesth\u00e9sie en bois d&rsquo;if et m\u00e9tal dor\u00e9\"}]},{\"@type\":\"WebSite\",\"@id\":\"https:\\\/\\\/howood.fr\\\/#website\",\"url\":\"https:\\\/\\\/howood.fr\\\/\",\"name\":\"HoWood\",\"description\":\"pendule de radiesth\u00e9sie Artisanal HoWood\",\"publisher\":{\"@id\":\"https:\\\/\\\/howood.fr\\\/#organization\"},\"potentialAction\":[{\"@type\":\"SearchAction\",\"target\":{\"@type\":\"EntryPoint\",\"urlTemplate\":\"https:\\\/\\\/howood.fr\\\/?s={search_term_string}\"},\"query-input\":{\"@type\":\"PropertyValueSpecification\",\"valueRequired\":true,\"valueName\":\"search_term_string\"}}],\"inLanguage\":\"fr-FR\"},{\"@type\":\"Organization\",\"@id\":\"https:\\\/\\\/howood.fr\\\/#organization\",\"name\":\"HoWood\",\"url\":\"https:\\\/\\\/howood.fr\\\/\",\"logo\":{\"@type\":\"ImageObject\",\"inLanguage\":\"fr-FR\",\"@id\":\"https:\\\/\\\/howood.fr\\\/#\\\/schema\\\/logo\\\/image\\\/\",\"url\":\"https:\\\/\\\/howood.fr\\\/wp-content\\\/uploads\\\/2024\\\/10\\\/logo-HW-150.webp\",\"contentUrl\":\"https:\\\/\\\/howood.fr\\\/wp-content\\\/uploads\\\/2024\\\/10\\\/logo-HW-150.webp\",\"width\":150,\"height\":150,\"caption\":\"HoWood\"},\"image\":{\"@id\":\"https:\\\/\\\/howood.fr\\\/#\\\/schema\\\/logo\\\/image\\\/\"}}]}<\/script>\n<!-- \/ Yoast SEO plugin. -->","yoast_head_json":{"title":"Pendule radiesth\u00e9sie en bois d'if et m\u00e9tal dor\u00e9 - HoWood","description":"Pendule de radiesth\u00e9sie moderne et classique pour soins \u00e9nerg\u00e9tiques et capte les ondes \u00e9lectriques et magn\u00e9tique. Artisanat howood.","robots":{"index":"index","follow":"follow","max-snippet":"max-snippet:-1","max-image-preview":"max-image-preview:large","max-video-preview":"max-video-preview:-1"},"canonical":"https:\/\/howood.fr\/index.php\/produit\/pendule-en-bois-metal-radiesthesie-moderne-soin-energetique-howood-geobiologie-radionique-onde-electrique-21\/","og_locale":"fr_FR","og_type":"article","og_title":"Pendule radiesth\u00e9sie en bois d'if et m\u00e9tal dor\u00e9 - HoWood","og_description":"Pendule de radiesth\u00e9sie moderne et classique pour soins \u00e9nerg\u00e9tiques et capte les ondes \u00e9lectriques et magn\u00e9tique. Artisanat howood.","og_url":"https:\/\/howood.fr\/index.php\/produit\/pendule-en-bois-metal-radiesthesie-moderne-soin-energetique-howood-geobiologie-radionique-onde-electrique-21\/","og_site_name":"HoWood","article_modified_time":"2026-03-14T13:40:39+00:00","og_image":[{"width":1748,"height":2560,"url":"https:\/\/howood.fr\/wp-content\/uploads\/2026\/03\/RM-0326.23-if-3-scaled.jpg","type":"image\/jpeg"}],"twitter_card":"summary_large_image","twitter_misc":{"Dur\u00e9e de lecture estim\u00e9e":"1 minute"},"schema":{"@context":"https:\/\/schema.org","@graph":[{"@type":"WebPage","@id":"https:\/\/howood.fr\/index.php\/produit\/pendule-en-bois-metal-radiesthesie-moderne-soin-energetique-howood-geobiologie-radionique-onde-electrique-21\/","url":"https:\/\/howood.fr\/index.php\/produit\/pendule-en-bois-metal-radiesthesie-moderne-soin-energetique-howood-geobiologie-radionique-onde-electrique-21\/","name":"Pendule radiesth\u00e9sie en bois d'if et m\u00e9tal dor\u00e9 - HoWood","isPartOf":{"@id":"https:\/\/howood.fr\/#website"},"primaryImageOfPage":{"@id":"https:\/\/howood.fr\/index.php\/produit\/pendule-en-bois-metal-radiesthesie-moderne-soin-energetique-howood-geobiologie-radionique-onde-electrique-21\/#primaryimage"},"image":{"@id":"https:\/\/howood.fr\/index.php\/produit\/pendule-en-bois-metal-radiesthesie-moderne-soin-energetique-howood-geobiologie-radionique-onde-electrique-21\/#primaryimage"},"thumbnailUrl":"https:\/\/howood.fr\/wp-content\/uploads\/2026\/03\/RM-0326.23-if-3-scaled.jpg","datePublished":"2026-03-14T13:35:45+00:00","dateModified":"2026-03-14T13:40:39+00:00","description":"Pendule de radiesth\u00e9sie moderne et classique pour soins \u00e9nerg\u00e9tiques et capte les ondes \u00e9lectriques et magn\u00e9tique. Artisanat howood.","breadcrumb":{"@id":"https:\/\/howood.fr\/index.php\/produit\/pendule-en-bois-metal-radiesthesie-moderne-soin-energetique-howood-geobiologie-radionique-onde-electrique-21\/#breadcrumb"},"inLanguage":"fr-FR","potentialAction":[{"@type":"ReadAction","target":["https:\/\/howood.fr\/index.php\/produit\/pendule-en-bois-metal-radiesthesie-moderne-soin-energetique-howood-geobiologie-radionique-onde-electrique-21\/"]}]},{"@type":"ImageObject","inLanguage":"fr-FR","@id":"https:\/\/howood.fr\/index.php\/produit\/pendule-en-bois-metal-radiesthesie-moderne-soin-energetique-howood-geobiologie-radionique-onde-electrique-21\/#primaryimage","url":"https:\/\/howood.fr\/wp-content\/uploads\/2026\/03\/RM-0326.23-if-3-scaled.jpg","contentUrl":"https:\/\/howood.fr\/wp-content\/uploads\/2026\/03\/RM-0326.23-if-3-scaled.jpg","width":1748,"height":2560,"caption":"RM if"},{"@type":"BreadcrumbList","@id":"https:\/\/howood.fr\/index.php\/produit\/pendule-en-bois-metal-radiesthesie-moderne-soin-energetique-howood-geobiologie-radionique-onde-electrique-21\/#breadcrumb","itemListElement":[{"@type":"ListItem","position":1,"name":"Accueil","item":"https:\/\/howood.fr\/"},{"@type":"ListItem","position":2,"name":"Produits","item":"https:\/\/howood.fr\/index.php\/shop\/"},{"@type":"ListItem","position":3,"name":"Pendule radiesth\u00e9sie en bois d&rsquo;if et m\u00e9tal dor\u00e9"}]},{"@type":"WebSite","@id":"https:\/\/howood.fr\/#website","url":"https:\/\/howood.fr\/","name":"HoWood","description":"pendule de radiesth\u00e9sie Artisanal HoWood","publisher":{"@id":"https:\/\/howood.fr\/#organization"},"potentialAction":[{"@type":"SearchAction","target":{"@type":"EntryPoint","urlTemplate":"https:\/\/howood.fr\/?s={search_term_string}"},"query-input":{"@type":"PropertyValueSpecification","valueRequired":true,"valueName":"search_term_string"}}],"inLanguage":"fr-FR"},{"@type":"Organization","@id":"https:\/\/howood.fr\/#organization","name":"HoWood","url":"https:\/\/howood.fr\/","logo":{"@type":"ImageObject","inLanguage":"fr-FR","@id":"https:\/\/howood.fr\/#\/schema\/logo\/image\/","url":"https:\/\/howood.fr\/wp-content\/uploads\/2024\/10\/logo-HW-150.webp","contentUrl":"https:\/\/howood.fr\/wp-content\/uploads\/2024\/10\/logo-HW-150.webp","width":150,"height":150,"caption":"HoWood"},"image":{"@id":"https:\/\/howood.fr\/#\/schema\/logo\/image\/"}}]}},"_links":{"self":[{"href":"https:\/\/howood.fr\/index.php\/wp-json\/wp\/v2\/product\/3987","targetHints":{"allow":["GET"]}}],"collection":[{"href":"https:\/\/howood.fr\/index.php\/wp-json\/wp\/v2\/product"}],"about":[{"href":"https:\/\/howood.fr\/index.php\/wp-json\/wp\/v2\/types\/product"}],"replies":[{"embeddable":true,"href":"https:\/\/howood.fr\/index.php\/wp-json\/wp\/v2\/comments?post=3987"}],"version-history":[{"count":2,"href":"https:\/\/howood.fr\/index.php\/wp-json\/wp\/v2\/product\/3987\/revisions"}],"predecessor-version":[{"id":3989,"href":"https:\/\/howood.fr\/index.php\/wp-json\/wp\/v2\/product\/3987\/revisions\/3989"}],"wp:featuredmedia":[{"embeddable":true,"href":"https:\/\/howood.fr\/index.php\/wp-json\/wp\/v2\/media\/3953"}],"wp:attachment":[{"href":"https:\/\/howood.fr\/index.php\/wp-json\/wp\/v2\/media?parent=3987"}],"wp:term":[{"taxonomy":"product_brand","embeddable":true,"href":"https:\/\/howood.fr\/index.php\/wp-json\/wp\/v2\/product_brand?post=3987"},{"taxonomy":"product_cat","embeddable":true,"href":"https:\/\/howood.fr\/index.php\/wp-json\/wp\/v2\/product_cat?post=3987"},{"taxonomy":"product_tag","embeddable":true,"href":"https:\/\/howood.fr\/index.php\/wp-json\/wp\/v2\/product_tag?post=3987"}],"curies":[{"name":"wp","href":"https:\/\/api.w.org\/{rel}","templated":true}]}}