{"id":4004,"date":"2026-03-14T15:11:53","date_gmt":"2026-03-14T14:11:53","guid":{"rendered":"https:\/\/howood.fr\/?post_type=product&#038;p=4004"},"modified":"2026-03-14T15:11:53","modified_gmt":"2026-03-14T14:11:53","slug":"pendule-en-bois-metal-radiesthesie-moderne-soin-energetique-howood-geobiologie-radionique-onde-electrique-26","status":"publish","type":"product","link":"https:\/\/howood.fr\/index.php\/produit\/pendule-en-bois-metal-radiesthesie-moderne-soin-energetique-howood-geobiologie-radionique-onde-electrique-26\/","title":{"rendered":"Pendule de radiesth\u00e9sie ACACIA et m\u00e9tal dor\u00e9"},"content":{"rendered":"<p>Pendule imposant par sa pr\u00e9sence et sa couleur en bois d&rsquo;ACACIA de Charente-Maritime. D\u00e9di\u00e9 aux soins \u00e9nerg\u00e9tiques, \u00e0 la g\u00e9obiologie il capte les <em>ondes magn\u00e9tiques<\/em> et les <em>ondes \u00e9lectriques<\/em>. Bien pour la radiesth\u00e9sie classique et moderne.<\/p>\n<p align=\"left\"><b>Mesures \u00e0 quelques variables pr\u00e8s <\/b><\/p>\n<ul>\n<li>\n<p align=\"left\">Hauteur : 7 cm<\/p>\n<\/li>\n<li>\n<p align=\"left\">Largeur\u00a0 maxi : 3 cm<\/p>\n<\/li>\n<li>\n<p align=\"left\">Poids : 27gr<\/p>\n<\/li>\n<li>\n<p align=\"left\">Cha\u00eenette : Acier 19 cm<\/p>\n<\/li>\n<li>\n<p align=\"left\">Finition\u00a0: Cire de Carnauba (cire extraite des feuilles de palmier carnauba)<\/p>\n<\/li>\n<\/ul>\n","protected":false},"excerpt":{"rendered":"<p>Pendule imposant par sa pr\u00e9sence et sa couleur en bois d&rsquo;ACACIA de Charente-Maritime. D\u00e9di\u00e9 aux soins \u00e9nerg\u00e9tiques, \u00e0 la g\u00e9obiologie il capte les ondes magn\u00e9tiques et les ondes \u00e9lectriques. Bien pour la radiesth\u00e9sie classique et moderne. Mesures \u00e0 quelques variables pr\u00e8s Hauteur : 7 cm Largeur\u00a0 maxi : 3 cm Poids : 27gr Cha\u00eenette : [&hellip;]<\/p>\n","protected":false},"featured_media":3979,"template":"","meta":[],"product_brand":[],"product_cat":[99],"product_tag":[50,40,66],"class_list":{"0":"post-4004","1":"product","2":"type-product","3":"status-publish","4":"has-post-thumbnail","6":"product_cat-radiesthesie-moderne","7":"product_tag-acacia","8":"product_tag-metal","9":"product_tag-radiesthesie","10":"product_shipping_class-pendules-colliers-porte-cles-stylo-a-bille-stylo-a-plume","12":"first","13":"instock","14":"purchasable","15":"product-type-simple"},"yoast_head":"<!-- This site is optimized with the Yoast SEO plugin v27.5 - https:\/\/yoast.com\/product\/yoast-seo-wordpress\/ -->\n<title>Pendule de radiesth\u00e9sie ACACIA et m\u00e9tal dor\u00e9 - HoWood<\/title>\n<meta name=\"description\" content=\"Pendule de Radiesth\u00e9sie en acacia et M\u00e9tal. Parfais pour les soins \u00e9nerg\u00e9tiques, la g\u00e9obiologie. Capte les ondes magn\u00e9tiques et \u00e9lectriques.\" \/>\n<meta name=\"robots\" content=\"index, follow, max-snippet:-1, max-image-preview:large, max-video-preview:-1\" \/>\n<link rel=\"canonical\" href=\"https:\/\/howood.fr\/index.php\/produit\/pendule-en-bois-metal-radiesthesie-moderne-soin-energetique-howood-geobiologie-radionique-onde-electrique-26\/\" \/>\n<meta property=\"og:locale\" content=\"fr_FR\" \/>\n<meta property=\"og:type\" content=\"article\" \/>\n<meta property=\"og:title\" content=\"Pendule de radiesth\u00e9sie ACACIA et m\u00e9tal dor\u00e9 - HoWood\" \/>\n<meta property=\"og:description\" content=\"Pendule de Radiesth\u00e9sie en acacia et M\u00e9tal. Parfais pour les soins \u00e9nerg\u00e9tiques, la g\u00e9obiologie. Capte les ondes magn\u00e9tiques et \u00e9lectriques.\" \/>\n<meta property=\"og:url\" content=\"https:\/\/howood.fr\/index.php\/produit\/pendule-en-bois-metal-radiesthesie-moderne-soin-energetique-howood-geobiologie-radionique-onde-electrique-26\/\" \/>\n<meta property=\"og:site_name\" content=\"HoWood\" \/>\n<meta property=\"og:image\" content=\"https:\/\/howood.fr\/wp-content\/uploads\/2026\/03\/RM-0326.29-Acacia-3-scaled.jpg\" \/>\n\t<meta property=\"og:image:width\" content=\"1354\" \/>\n\t<meta property=\"og:image:height\" content=\"2560\" \/>\n\t<meta property=\"og:image:type\" content=\"image\/jpeg\" \/>\n<meta name=\"twitter:card\" content=\"summary_large_image\" \/>\n<meta name=\"twitter:label1\" content=\"Dur\u00e9e de lecture estim\u00e9e\" \/>\n\t<meta name=\"twitter:data1\" content=\"1 minute\" \/>\n<script type=\"application\/ld+json\" class=\"yoast-schema-graph\">{\"@context\":\"https:\\\/\\\/schema.org\",\"@graph\":[{\"@type\":\"WebPage\",\"@id\":\"https:\\\/\\\/howood.fr\\\/index.php\\\/produit\\\/pendule-en-bois-metal-radiesthesie-moderne-soin-energetique-howood-geobiologie-radionique-onde-electrique-26\\\/\",\"url\":\"https:\\\/\\\/howood.fr\\\/index.php\\\/produit\\\/pendule-en-bois-metal-radiesthesie-moderne-soin-energetique-howood-geobiologie-radionique-onde-electrique-26\\\/\",\"name\":\"Pendule de radiesth\u00e9sie ACACIA et m\u00e9tal dor\u00e9 - HoWood\",\"isPartOf\":{\"@id\":\"https:\\\/\\\/howood.fr\\\/#website\"},\"primaryImageOfPage\":{\"@id\":\"https:\\\/\\\/howood.fr\\\/index.php\\\/produit\\\/pendule-en-bois-metal-radiesthesie-moderne-soin-energetique-howood-geobiologie-radionique-onde-electrique-26\\\/#primaryimage\"},\"image\":{\"@id\":\"https:\\\/\\\/howood.fr\\\/index.php\\\/produit\\\/pendule-en-bois-metal-radiesthesie-moderne-soin-energetique-howood-geobiologie-radionique-onde-electrique-26\\\/#primaryimage\"},\"thumbnailUrl\":\"https:\\\/\\\/howood.fr\\\/wp-content\\\/uploads\\\/2026\\\/03\\\/RM-0326.29-Acacia-3-scaled.jpg\",\"datePublished\":\"2026-03-14T14:11:53+00:00\",\"description\":\"Pendule de Radiesth\u00e9sie en acacia et M\u00e9tal. Parfais pour les soins \u00e9nerg\u00e9tiques, la g\u00e9obiologie. Capte les ondes magn\u00e9tiques et \u00e9lectriques.\",\"breadcrumb\":{\"@id\":\"https:\\\/\\\/howood.fr\\\/index.php\\\/produit\\\/pendule-en-bois-metal-radiesthesie-moderne-soin-energetique-howood-geobiologie-radionique-onde-electrique-26\\\/#breadcrumb\"},\"inLanguage\":\"fr-FR\",\"potentialAction\":[{\"@type\":\"ReadAction\",\"target\":[\"https:\\\/\\\/howood.fr\\\/index.php\\\/produit\\\/pendule-en-bois-metal-radiesthesie-moderne-soin-energetique-howood-geobiologie-radionique-onde-electrique-26\\\/\"]}]},{\"@type\":\"ImageObject\",\"inLanguage\":\"fr-FR\",\"@id\":\"https:\\\/\\\/howood.fr\\\/index.php\\\/produit\\\/pendule-en-bois-metal-radiesthesie-moderne-soin-energetique-howood-geobiologie-radionique-onde-electrique-26\\\/#primaryimage\",\"url\":\"https:\\\/\\\/howood.fr\\\/wp-content\\\/uploads\\\/2026\\\/03\\\/RM-0326.29-Acacia-3-scaled.jpg\",\"contentUrl\":\"https:\\\/\\\/howood.fr\\\/wp-content\\\/uploads\\\/2026\\\/03\\\/RM-0326.29-Acacia-3-scaled.jpg\",\"width\":1354,\"height\":2560,\"caption\":\"RM ACACIA\"},{\"@type\":\"BreadcrumbList\",\"@id\":\"https:\\\/\\\/howood.fr\\\/index.php\\\/produit\\\/pendule-en-bois-metal-radiesthesie-moderne-soin-energetique-howood-geobiologie-radionique-onde-electrique-26\\\/#breadcrumb\",\"itemListElement\":[{\"@type\":\"ListItem\",\"position\":1,\"name\":\"Accueil\",\"item\":\"https:\\\/\\\/howood.fr\\\/\"},{\"@type\":\"ListItem\",\"position\":2,\"name\":\"Produits\",\"item\":\"https:\\\/\\\/howood.fr\\\/index.php\\\/shop\\\/\"},{\"@type\":\"ListItem\",\"position\":3,\"name\":\"Pendule de radiesth\u00e9sie ACACIA et m\u00e9tal dor\u00e9\"}]},{\"@type\":\"WebSite\",\"@id\":\"https:\\\/\\\/howood.fr\\\/#website\",\"url\":\"https:\\\/\\\/howood.fr\\\/\",\"name\":\"HoWood\",\"description\":\"pendule de radiesth\u00e9sie Artisanal HoWood\",\"publisher\":{\"@id\":\"https:\\\/\\\/howood.fr\\\/#organization\"},\"potentialAction\":[{\"@type\":\"SearchAction\",\"target\":{\"@type\":\"EntryPoint\",\"urlTemplate\":\"https:\\\/\\\/howood.fr\\\/?s={search_term_string}\"},\"query-input\":{\"@type\":\"PropertyValueSpecification\",\"valueRequired\":true,\"valueName\":\"search_term_string\"}}],\"inLanguage\":\"fr-FR\"},{\"@type\":\"Organization\",\"@id\":\"https:\\\/\\\/howood.fr\\\/#organization\",\"name\":\"HoWood\",\"url\":\"https:\\\/\\\/howood.fr\\\/\",\"logo\":{\"@type\":\"ImageObject\",\"inLanguage\":\"fr-FR\",\"@id\":\"https:\\\/\\\/howood.fr\\\/#\\\/schema\\\/logo\\\/image\\\/\",\"url\":\"https:\\\/\\\/howood.fr\\\/wp-content\\\/uploads\\\/2024\\\/10\\\/logo-HW-150.webp\",\"contentUrl\":\"https:\\\/\\\/howood.fr\\\/wp-content\\\/uploads\\\/2024\\\/10\\\/logo-HW-150.webp\",\"width\":150,\"height\":150,\"caption\":\"HoWood\"},\"image\":{\"@id\":\"https:\\\/\\\/howood.fr\\\/#\\\/schema\\\/logo\\\/image\\\/\"}}]}<\/script>\n<!-- \/ Yoast SEO plugin. -->","yoast_head_json":{"title":"Pendule de radiesth\u00e9sie ACACIA et m\u00e9tal dor\u00e9 - HoWood","description":"Pendule de Radiesth\u00e9sie en acacia et M\u00e9tal. Parfais pour les soins \u00e9nerg\u00e9tiques, la g\u00e9obiologie. Capte les ondes magn\u00e9tiques et \u00e9lectriques.","robots":{"index":"index","follow":"follow","max-snippet":"max-snippet:-1","max-image-preview":"max-image-preview:large","max-video-preview":"max-video-preview:-1"},"canonical":"https:\/\/howood.fr\/index.php\/produit\/pendule-en-bois-metal-radiesthesie-moderne-soin-energetique-howood-geobiologie-radionique-onde-electrique-26\/","og_locale":"fr_FR","og_type":"article","og_title":"Pendule de radiesth\u00e9sie ACACIA et m\u00e9tal dor\u00e9 - HoWood","og_description":"Pendule de Radiesth\u00e9sie en acacia et M\u00e9tal. Parfais pour les soins \u00e9nerg\u00e9tiques, la g\u00e9obiologie. Capte les ondes magn\u00e9tiques et \u00e9lectriques.","og_url":"https:\/\/howood.fr\/index.php\/produit\/pendule-en-bois-metal-radiesthesie-moderne-soin-energetique-howood-geobiologie-radionique-onde-electrique-26\/","og_site_name":"HoWood","og_image":[{"width":1354,"height":2560,"url":"https:\/\/howood.fr\/wp-content\/uploads\/2026\/03\/RM-0326.29-Acacia-3-scaled.jpg","type":"image\/jpeg"}],"twitter_card":"summary_large_image","twitter_misc":{"Dur\u00e9e de lecture estim\u00e9e":"1 minute"},"schema":{"@context":"https:\/\/schema.org","@graph":[{"@type":"WebPage","@id":"https:\/\/howood.fr\/index.php\/produit\/pendule-en-bois-metal-radiesthesie-moderne-soin-energetique-howood-geobiologie-radionique-onde-electrique-26\/","url":"https:\/\/howood.fr\/index.php\/produit\/pendule-en-bois-metal-radiesthesie-moderne-soin-energetique-howood-geobiologie-radionique-onde-electrique-26\/","name":"Pendule de radiesth\u00e9sie ACACIA et m\u00e9tal dor\u00e9 - HoWood","isPartOf":{"@id":"https:\/\/howood.fr\/#website"},"primaryImageOfPage":{"@id":"https:\/\/howood.fr\/index.php\/produit\/pendule-en-bois-metal-radiesthesie-moderne-soin-energetique-howood-geobiologie-radionique-onde-electrique-26\/#primaryimage"},"image":{"@id":"https:\/\/howood.fr\/index.php\/produit\/pendule-en-bois-metal-radiesthesie-moderne-soin-energetique-howood-geobiologie-radionique-onde-electrique-26\/#primaryimage"},"thumbnailUrl":"https:\/\/howood.fr\/wp-content\/uploads\/2026\/03\/RM-0326.29-Acacia-3-scaled.jpg","datePublished":"2026-03-14T14:11:53+00:00","description":"Pendule de Radiesth\u00e9sie en acacia et M\u00e9tal. Parfais pour les soins \u00e9nerg\u00e9tiques, la g\u00e9obiologie. Capte les ondes magn\u00e9tiques et \u00e9lectriques.","breadcrumb":{"@id":"https:\/\/howood.fr\/index.php\/produit\/pendule-en-bois-metal-radiesthesie-moderne-soin-energetique-howood-geobiologie-radionique-onde-electrique-26\/#breadcrumb"},"inLanguage":"fr-FR","potentialAction":[{"@type":"ReadAction","target":["https:\/\/howood.fr\/index.php\/produit\/pendule-en-bois-metal-radiesthesie-moderne-soin-energetique-howood-geobiologie-radionique-onde-electrique-26\/"]}]},{"@type":"ImageObject","inLanguage":"fr-FR","@id":"https:\/\/howood.fr\/index.php\/produit\/pendule-en-bois-metal-radiesthesie-moderne-soin-energetique-howood-geobiologie-radionique-onde-electrique-26\/#primaryimage","url":"https:\/\/howood.fr\/wp-content\/uploads\/2026\/03\/RM-0326.29-Acacia-3-scaled.jpg","contentUrl":"https:\/\/howood.fr\/wp-content\/uploads\/2026\/03\/RM-0326.29-Acacia-3-scaled.jpg","width":1354,"height":2560,"caption":"RM ACACIA"},{"@type":"BreadcrumbList","@id":"https:\/\/howood.fr\/index.php\/produit\/pendule-en-bois-metal-radiesthesie-moderne-soin-energetique-howood-geobiologie-radionique-onde-electrique-26\/#breadcrumb","itemListElement":[{"@type":"ListItem","position":1,"name":"Accueil","item":"https:\/\/howood.fr\/"},{"@type":"ListItem","position":2,"name":"Produits","item":"https:\/\/howood.fr\/index.php\/shop\/"},{"@type":"ListItem","position":3,"name":"Pendule de radiesth\u00e9sie ACACIA et m\u00e9tal dor\u00e9"}]},{"@type":"WebSite","@id":"https:\/\/howood.fr\/#website","url":"https:\/\/howood.fr\/","name":"HoWood","description":"pendule de radiesth\u00e9sie Artisanal HoWood","publisher":{"@id":"https:\/\/howood.fr\/#organization"},"potentialAction":[{"@type":"SearchAction","target":{"@type":"EntryPoint","urlTemplate":"https:\/\/howood.fr\/?s={search_term_string}"},"query-input":{"@type":"PropertyValueSpecification","valueRequired":true,"valueName":"search_term_string"}}],"inLanguage":"fr-FR"},{"@type":"Organization","@id":"https:\/\/howood.fr\/#organization","name":"HoWood","url":"https:\/\/howood.fr\/","logo":{"@type":"ImageObject","inLanguage":"fr-FR","@id":"https:\/\/howood.fr\/#\/schema\/logo\/image\/","url":"https:\/\/howood.fr\/wp-content\/uploads\/2024\/10\/logo-HW-150.webp","contentUrl":"https:\/\/howood.fr\/wp-content\/uploads\/2024\/10\/logo-HW-150.webp","width":150,"height":150,"caption":"HoWood"},"image":{"@id":"https:\/\/howood.fr\/#\/schema\/logo\/image\/"}}]}},"_links":{"self":[{"href":"https:\/\/howood.fr\/index.php\/wp-json\/wp\/v2\/product\/4004","targetHints":{"allow":["GET"]}}],"collection":[{"href":"https:\/\/howood.fr\/index.php\/wp-json\/wp\/v2\/product"}],"about":[{"href":"https:\/\/howood.fr\/index.php\/wp-json\/wp\/v2\/types\/product"}],"version-history":[{"count":1,"href":"https:\/\/howood.fr\/index.php\/wp-json\/wp\/v2\/product\/4004\/revisions"}],"predecessor-version":[{"id":4005,"href":"https:\/\/howood.fr\/index.php\/wp-json\/wp\/v2\/product\/4004\/revisions\/4005"}],"wp:featuredmedia":[{"embeddable":true,"href":"https:\/\/howood.fr\/index.php\/wp-json\/wp\/v2\/media\/3979"}],"wp:attachment":[{"href":"https:\/\/howood.fr\/index.php\/wp-json\/wp\/v2\/media?parent=4004"}],"wp:term":[{"taxonomy":"product_brand","embeddable":true,"href":"https:\/\/howood.fr\/index.php\/wp-json\/wp\/v2\/product_brand?post=4004"},{"taxonomy":"product_cat","embeddable":true,"href":"https:\/\/howood.fr\/index.php\/wp-json\/wp\/v2\/product_cat?post=4004"},{"taxonomy":"product_tag","embeddable":true,"href":"https:\/\/howood.fr\/index.php\/wp-json\/wp\/v2\/product_tag?post=4004"}],"curies":[{"name":"wp","href":"https:\/\/api.w.org\/{rel}","templated":true}]}}