{"id":458,"date":"2024-10-30T14:53:17","date_gmt":"2024-10-30T13:53:17","guid":{"rendered":"https:\/\/monpendulehowood.com\/?post_type=product&#038;p=458"},"modified":"2025-12-11T22:51:33","modified_gmt":"2025-12-11T21:51:33","slug":"pendule-en-bois-de-judee-pendule-en-bois-abricotier-fait-main-royan-charente-maritime-divinatoire-radiesthesie","status":"publish","type":"product","link":"https:\/\/howood.fr\/index.php\/produit\/pendule-en-bois-de-judee-pendule-en-bois-abricotier-fait-main-royan-charente-maritime-divinatoire-radiesthesie\/","title":{"rendered":"Pendule en bois de jud\u00e9e"},"content":{"rendered":"<p>Je suis un pendule de radiesth\u00e9sie et je proviens du jardin du \u00ab\u00a0Val Joyeux\u00a0\u00bb car ici les oiseaux chantent toujours, c\u2019est pourquoi c\u2019est joyeux. Vous verriez mon arbre \u00e0 sa floraison, rose pourpr\u00e9, je suis magnifique\u00a0! Le veinage de mon bois l\u2019est tout autant avec des variations de couleur \u00e9tonnantes. Ce qui fait tout mon charme et me rend tellement unique. D\u2019ailleurs as-tu d\u00e9j\u00e0 rencontr\u00e9 un pendule en Arbre de Jud\u00e9e ?<span class=\"Apple-converted-space\">\u00a0<\/span><\/p>\n<p><b>Mesures \u00e0 quelques variables pr\u00e8s<span class=\"Apple-converted-space\">\u00a0<\/span><\/b><b><\/b><\/p>\n<ul>\n<li>Hauteur\u00a0: 6,4 cm<\/li>\n<li>Largeur\u00a0 maxi : 1,8 cm<\/li>\n<li>Poids\u00a0: 6,57 gr<\/li>\n<li>Cha\u00eenette\u00a0: Acier 19 cm<\/li>\n<li>Finition\u00a0: Cire de Carnauba (cire extraite des feuilles de palmier carnauba)<\/li>\n<\/ul>\n<p><b>Livraison<\/b><b><\/b><\/p>\n<ul>\n<li>Frais de livraison offert pour un envoi en France M\u00e9tropolitaine (courrier suivi)<\/li>\n<\/ul>\n","protected":false},"excerpt":{"rendered":"<p>Pendule fait main en bois de jud\u00e9e, exemplaire unique.<\/p>\n","protected":false},"featured_media":450,"comment_status":"open","ping_status":"closed","template":"","meta":[],"product_brand":[],"product_cat":[44],"product_tag":[34,38,33],"class_list":{"0":"post-458","1":"product","2":"type-product","3":"status-publish","4":"has-post-thumbnail","6":"product_cat-vendu-pendule-stylo-bille-plume-bois-fait-main-royan","7":"product_tag-bois","8":"product_tag-judee","9":"product_tag-pendule","11":"first","12":"outofstock","13":"sold-individually","14":"product-type-simple"},"yoast_head":"<!-- This site is optimized with the Yoast SEO plugin v27.4 - https:\/\/yoast.com\/product\/yoast-seo-wordpress\/ -->\n<title>Pendule en bois de jud\u00e9e - HoWood<\/title>\n<meta name=\"description\" content=\"Pendule de radiesth\u00e9sie. Le veinage de mon bois est avec des variations de couleur \u00e9tonnantes. Ce qui me rend unique. D\u2019ailleurs as-tu d\u00e9j\u00e0 rencontr\u00e9 un pendule en Arbre de Jud\u00e9e ?\" \/>\n<meta name=\"robots\" content=\"index, follow, max-snippet:-1, max-image-preview:large, max-video-preview:-1\" \/>\n<link rel=\"canonical\" href=\"https:\/\/howood.fr\/index.php\/produit\/pendule-en-bois-de-judee-pendule-en-bois-abricotier-fait-main-royan-charente-maritime-divinatoire-radiesthesie\/\" \/>\n<meta property=\"og:locale\" content=\"fr_FR\" \/>\n<meta property=\"og:type\" content=\"article\" \/>\n<meta property=\"og:title\" content=\"Pendule en bois de jud\u00e9e - HoWood\" \/>\n<meta property=\"og:description\" content=\"Pendule de radiesth\u00e9sie. Le veinage de mon bois est avec des variations de couleur \u00e9tonnantes. Ce qui me rend unique. D\u2019ailleurs as-tu d\u00e9j\u00e0 rencontr\u00e9 un pendule en Arbre de Jud\u00e9e ?\" \/>\n<meta property=\"og:url\" content=\"https:\/\/howood.fr\/index.php\/produit\/pendule-en-bois-de-judee-pendule-en-bois-abricotier-fait-main-royan-charente-maritime-divinatoire-radiesthesie\/\" \/>\n<meta property=\"og:site_name\" content=\"HoWood\" \/>\n<meta property=\"article:modified_time\" content=\"2025-12-11T21:51:33+00:00\" \/>\n<meta property=\"og:image\" content=\"https:\/\/howood.fr\/wp-content\/uploads\/2024\/10\/1024.02-Arbre-de-judee-32E-6.jpg\" \/>\n\t<meta property=\"og:image:width\" content=\"1080\" \/>\n\t<meta property=\"og:image:height\" content=\"1080\" \/>\n\t<meta property=\"og:image:type\" content=\"image\/jpeg\" \/>\n<meta name=\"twitter:card\" content=\"summary_large_image\" \/>\n<meta name=\"twitter:label1\" content=\"Dur\u00e9e de lecture estim\u00e9e\" \/>\n\t<meta name=\"twitter:data1\" content=\"1 minute\" \/>\n<script type=\"application\/ld+json\" class=\"yoast-schema-graph\">{\"@context\":\"https:\\\/\\\/schema.org\",\"@graph\":[{\"@type\":\"WebPage\",\"@id\":\"https:\\\/\\\/howood.fr\\\/index.php\\\/produit\\\/pendule-en-bois-de-judee-pendule-en-bois-abricotier-fait-main-royan-charente-maritime-divinatoire-radiesthesie\\\/\",\"url\":\"https:\\\/\\\/howood.fr\\\/index.php\\\/produit\\\/pendule-en-bois-de-judee-pendule-en-bois-abricotier-fait-main-royan-charente-maritime-divinatoire-radiesthesie\\\/\",\"name\":\"Pendule en bois de jud\u00e9e - HoWood\",\"isPartOf\":{\"@id\":\"https:\\\/\\\/howood.fr\\\/#website\"},\"primaryImageOfPage\":{\"@id\":\"https:\\\/\\\/howood.fr\\\/index.php\\\/produit\\\/pendule-en-bois-de-judee-pendule-en-bois-abricotier-fait-main-royan-charente-maritime-divinatoire-radiesthesie\\\/#primaryimage\"},\"image\":{\"@id\":\"https:\\\/\\\/howood.fr\\\/index.php\\\/produit\\\/pendule-en-bois-de-judee-pendule-en-bois-abricotier-fait-main-royan-charente-maritime-divinatoire-radiesthesie\\\/#primaryimage\"},\"thumbnailUrl\":\"https:\\\/\\\/howood.fr\\\/wp-content\\\/uploads\\\/2024\\\/10\\\/1024.02-Arbre-de-judee-32E-6.jpg\",\"datePublished\":\"2024-10-30T13:53:17+00:00\",\"dateModified\":\"2025-12-11T21:51:33+00:00\",\"description\":\"Pendule de radiesth\u00e9sie. Le veinage de mon bois est avec des variations de couleur \u00e9tonnantes. Ce qui me rend unique. D\u2019ailleurs as-tu d\u00e9j\u00e0 rencontr\u00e9 un pendule en Arbre de Jud\u00e9e ?\",\"breadcrumb\":{\"@id\":\"https:\\\/\\\/howood.fr\\\/index.php\\\/produit\\\/pendule-en-bois-de-judee-pendule-en-bois-abricotier-fait-main-royan-charente-maritime-divinatoire-radiesthesie\\\/#breadcrumb\"},\"inLanguage\":\"fr-FR\",\"potentialAction\":[{\"@type\":\"ReadAction\",\"target\":[\"https:\\\/\\\/howood.fr\\\/index.php\\\/produit\\\/pendule-en-bois-de-judee-pendule-en-bois-abricotier-fait-main-royan-charente-maritime-divinatoire-radiesthesie\\\/\"]}]},{\"@type\":\"ImageObject\",\"inLanguage\":\"fr-FR\",\"@id\":\"https:\\\/\\\/howood.fr\\\/index.php\\\/produit\\\/pendule-en-bois-de-judee-pendule-en-bois-abricotier-fait-main-royan-charente-maritime-divinatoire-radiesthesie\\\/#primaryimage\",\"url\":\"https:\\\/\\\/howood.fr\\\/wp-content\\\/uploads\\\/2024\\\/10\\\/1024.02-Arbre-de-judee-32E-6.jpg\",\"contentUrl\":\"https:\\\/\\\/howood.fr\\\/wp-content\\\/uploads\\\/2024\\\/10\\\/1024.02-Arbre-de-judee-32E-6.jpg\",\"width\":1080,\"height\":1080,\"caption\":\"Je suis un pendule de radiesth\u00e9sie et je proviens du jardin du \u00ab\u00a0Val Joyeux\u00a0\u00bb car ici les oiseaux chantent toujours, c\u2019est pourquoi c\u2019est joyeux. Vous verriez mon arbre \u00e0 sa floraison, rose pourpr\u00e9, je suis magnifique\u00a0! Le veinage de mon bois l\u2019est tout autant avec des variations de couleur \u00e9tonnantes. Ce qui fait tout mon charme et me rend tellement unique.\"},{\"@type\":\"BreadcrumbList\",\"@id\":\"https:\\\/\\\/howood.fr\\\/index.php\\\/produit\\\/pendule-en-bois-de-judee-pendule-en-bois-abricotier-fait-main-royan-charente-maritime-divinatoire-radiesthesie\\\/#breadcrumb\",\"itemListElement\":[{\"@type\":\"ListItem\",\"position\":1,\"name\":\"Accueil\",\"item\":\"https:\\\/\\\/howood.fr\\\/\"},{\"@type\":\"ListItem\",\"position\":2,\"name\":\"Produits\",\"item\":\"https:\\\/\\\/howood.fr\\\/index.php\\\/shop\\\/\"},{\"@type\":\"ListItem\",\"position\":3,\"name\":\"Pendule en bois de jud\u00e9e\"}]},{\"@type\":\"WebSite\",\"@id\":\"https:\\\/\\\/howood.fr\\\/#website\",\"url\":\"https:\\\/\\\/howood.fr\\\/\",\"name\":\"HoWood\",\"description\":\"pendule de radiesth\u00e9sie Artisanal HoWood\",\"publisher\":{\"@id\":\"https:\\\/\\\/howood.fr\\\/#organization\"},\"potentialAction\":[{\"@type\":\"SearchAction\",\"target\":{\"@type\":\"EntryPoint\",\"urlTemplate\":\"https:\\\/\\\/howood.fr\\\/?s={search_term_string}\"},\"query-input\":{\"@type\":\"PropertyValueSpecification\",\"valueRequired\":true,\"valueName\":\"search_term_string\"}}],\"inLanguage\":\"fr-FR\"},{\"@type\":\"Organization\",\"@id\":\"https:\\\/\\\/howood.fr\\\/#organization\",\"name\":\"HoWood\",\"url\":\"https:\\\/\\\/howood.fr\\\/\",\"logo\":{\"@type\":\"ImageObject\",\"inLanguage\":\"fr-FR\",\"@id\":\"https:\\\/\\\/howood.fr\\\/#\\\/schema\\\/logo\\\/image\\\/\",\"url\":\"https:\\\/\\\/howood.fr\\\/wp-content\\\/uploads\\\/2024\\\/10\\\/logo-HW-150.webp\",\"contentUrl\":\"https:\\\/\\\/howood.fr\\\/wp-content\\\/uploads\\\/2024\\\/10\\\/logo-HW-150.webp\",\"width\":150,\"height\":150,\"caption\":\"HoWood\"},\"image\":{\"@id\":\"https:\\\/\\\/howood.fr\\\/#\\\/schema\\\/logo\\\/image\\\/\"}}]}<\/script>\n<!-- \/ Yoast SEO plugin. -->","yoast_head_json":{"title":"Pendule en bois de jud\u00e9e - HoWood","description":"Pendule de radiesth\u00e9sie. Le veinage de mon bois est avec des variations de couleur \u00e9tonnantes. Ce qui me rend unique. D\u2019ailleurs as-tu d\u00e9j\u00e0 rencontr\u00e9 un pendule en Arbre de Jud\u00e9e ?","robots":{"index":"index","follow":"follow","max-snippet":"max-snippet:-1","max-image-preview":"max-image-preview:large","max-video-preview":"max-video-preview:-1"},"canonical":"https:\/\/howood.fr\/index.php\/produit\/pendule-en-bois-de-judee-pendule-en-bois-abricotier-fait-main-royan-charente-maritime-divinatoire-radiesthesie\/","og_locale":"fr_FR","og_type":"article","og_title":"Pendule en bois de jud\u00e9e - HoWood","og_description":"Pendule de radiesth\u00e9sie. Le veinage de mon bois est avec des variations de couleur \u00e9tonnantes. Ce qui me rend unique. D\u2019ailleurs as-tu d\u00e9j\u00e0 rencontr\u00e9 un pendule en Arbre de Jud\u00e9e ?","og_url":"https:\/\/howood.fr\/index.php\/produit\/pendule-en-bois-de-judee-pendule-en-bois-abricotier-fait-main-royan-charente-maritime-divinatoire-radiesthesie\/","og_site_name":"HoWood","article_modified_time":"2025-12-11T21:51:33+00:00","og_image":[{"width":1080,"height":1080,"url":"https:\/\/howood.fr\/wp-content\/uploads\/2024\/10\/1024.02-Arbre-de-judee-32E-6.jpg","type":"image\/jpeg"}],"twitter_card":"summary_large_image","twitter_misc":{"Dur\u00e9e de lecture estim\u00e9e":"1 minute"},"schema":{"@context":"https:\/\/schema.org","@graph":[{"@type":"WebPage","@id":"https:\/\/howood.fr\/index.php\/produit\/pendule-en-bois-de-judee-pendule-en-bois-abricotier-fait-main-royan-charente-maritime-divinatoire-radiesthesie\/","url":"https:\/\/howood.fr\/index.php\/produit\/pendule-en-bois-de-judee-pendule-en-bois-abricotier-fait-main-royan-charente-maritime-divinatoire-radiesthesie\/","name":"Pendule en bois de jud\u00e9e - HoWood","isPartOf":{"@id":"https:\/\/howood.fr\/#website"},"primaryImageOfPage":{"@id":"https:\/\/howood.fr\/index.php\/produit\/pendule-en-bois-de-judee-pendule-en-bois-abricotier-fait-main-royan-charente-maritime-divinatoire-radiesthesie\/#primaryimage"},"image":{"@id":"https:\/\/howood.fr\/index.php\/produit\/pendule-en-bois-de-judee-pendule-en-bois-abricotier-fait-main-royan-charente-maritime-divinatoire-radiesthesie\/#primaryimage"},"thumbnailUrl":"https:\/\/howood.fr\/wp-content\/uploads\/2024\/10\/1024.02-Arbre-de-judee-32E-6.jpg","datePublished":"2024-10-30T13:53:17+00:00","dateModified":"2025-12-11T21:51:33+00:00","description":"Pendule de radiesth\u00e9sie. Le veinage de mon bois est avec des variations de couleur \u00e9tonnantes. Ce qui me rend unique. D\u2019ailleurs as-tu d\u00e9j\u00e0 rencontr\u00e9 un pendule en Arbre de Jud\u00e9e ?","breadcrumb":{"@id":"https:\/\/howood.fr\/index.php\/produit\/pendule-en-bois-de-judee-pendule-en-bois-abricotier-fait-main-royan-charente-maritime-divinatoire-radiesthesie\/#breadcrumb"},"inLanguage":"fr-FR","potentialAction":[{"@type":"ReadAction","target":["https:\/\/howood.fr\/index.php\/produit\/pendule-en-bois-de-judee-pendule-en-bois-abricotier-fait-main-royan-charente-maritime-divinatoire-radiesthesie\/"]}]},{"@type":"ImageObject","inLanguage":"fr-FR","@id":"https:\/\/howood.fr\/index.php\/produit\/pendule-en-bois-de-judee-pendule-en-bois-abricotier-fait-main-royan-charente-maritime-divinatoire-radiesthesie\/#primaryimage","url":"https:\/\/howood.fr\/wp-content\/uploads\/2024\/10\/1024.02-Arbre-de-judee-32E-6.jpg","contentUrl":"https:\/\/howood.fr\/wp-content\/uploads\/2024\/10\/1024.02-Arbre-de-judee-32E-6.jpg","width":1080,"height":1080,"caption":"Je suis un pendule de radiesth\u00e9sie et je proviens du jardin du \u00ab\u00a0Val Joyeux\u00a0\u00bb car ici les oiseaux chantent toujours, c\u2019est pourquoi c\u2019est joyeux. Vous verriez mon arbre \u00e0 sa floraison, rose pourpr\u00e9, je suis magnifique\u00a0! Le veinage de mon bois l\u2019est tout autant avec des variations de couleur \u00e9tonnantes. Ce qui fait tout mon charme et me rend tellement unique."},{"@type":"BreadcrumbList","@id":"https:\/\/howood.fr\/index.php\/produit\/pendule-en-bois-de-judee-pendule-en-bois-abricotier-fait-main-royan-charente-maritime-divinatoire-radiesthesie\/#breadcrumb","itemListElement":[{"@type":"ListItem","position":1,"name":"Accueil","item":"https:\/\/howood.fr\/"},{"@type":"ListItem","position":2,"name":"Produits","item":"https:\/\/howood.fr\/index.php\/shop\/"},{"@type":"ListItem","position":3,"name":"Pendule en bois de jud\u00e9e"}]},{"@type":"WebSite","@id":"https:\/\/howood.fr\/#website","url":"https:\/\/howood.fr\/","name":"HoWood","description":"pendule de radiesth\u00e9sie Artisanal HoWood","publisher":{"@id":"https:\/\/howood.fr\/#organization"},"potentialAction":[{"@type":"SearchAction","target":{"@type":"EntryPoint","urlTemplate":"https:\/\/howood.fr\/?s={search_term_string}"},"query-input":{"@type":"PropertyValueSpecification","valueRequired":true,"valueName":"search_term_string"}}],"inLanguage":"fr-FR"},{"@type":"Organization","@id":"https:\/\/howood.fr\/#organization","name":"HoWood","url":"https:\/\/howood.fr\/","logo":{"@type":"ImageObject","inLanguage":"fr-FR","@id":"https:\/\/howood.fr\/#\/schema\/logo\/image\/","url":"https:\/\/howood.fr\/wp-content\/uploads\/2024\/10\/logo-HW-150.webp","contentUrl":"https:\/\/howood.fr\/wp-content\/uploads\/2024\/10\/logo-HW-150.webp","width":150,"height":150,"caption":"HoWood"},"image":{"@id":"https:\/\/howood.fr\/#\/schema\/logo\/image\/"}}]}},"_links":{"self":[{"href":"https:\/\/howood.fr\/index.php\/wp-json\/wp\/v2\/product\/458","targetHints":{"allow":["GET"]}}],"collection":[{"href":"https:\/\/howood.fr\/index.php\/wp-json\/wp\/v2\/product"}],"about":[{"href":"https:\/\/howood.fr\/index.php\/wp-json\/wp\/v2\/types\/product"}],"replies":[{"embeddable":true,"href":"https:\/\/howood.fr\/index.php\/wp-json\/wp\/v2\/comments?post=458"}],"version-history":[{"count":1,"href":"https:\/\/howood.fr\/index.php\/wp-json\/wp\/v2\/product\/458\/revisions"}],"predecessor-version":[{"id":459,"href":"https:\/\/howood.fr\/index.php\/wp-json\/wp\/v2\/product\/458\/revisions\/459"}],"wp:featuredmedia":[{"embeddable":true,"href":"https:\/\/howood.fr\/index.php\/wp-json\/wp\/v2\/media\/450"}],"wp:attachment":[{"href":"https:\/\/howood.fr\/index.php\/wp-json\/wp\/v2\/media?parent=458"}],"wp:term":[{"taxonomy":"product_brand","embeddable":true,"href":"https:\/\/howood.fr\/index.php\/wp-json\/wp\/v2\/product_brand?post=458"},{"taxonomy":"product_cat","embeddable":true,"href":"https:\/\/howood.fr\/index.php\/wp-json\/wp\/v2\/product_cat?post=458"},{"taxonomy":"product_tag","embeddable":true,"href":"https:\/\/howood.fr\/index.php\/wp-json\/wp\/v2\/product_tag?post=458"}],"curies":[{"name":"wp","href":"https:\/\/api.w.org\/{rel}","templated":true}]}}