{"id":503,"date":"2024-10-30T16:32:14","date_gmt":"2024-10-30T15:32:14","guid":{"rendered":"https:\/\/monpendulehowood.com\/?post_type=product&#038;p=503"},"modified":"2026-01-08T22:12:54","modified_gmt":"2026-01-08T21:12:54","slug":"pendule-artisanal-de-radiesthesie-en-bouleau-et-metal-dore-fait-main-royan-charente-maritime-divinatoire-radiesthesie-geobiologie-nouvelle-aquitaine","status":"publish","type":"product","link":"https:\/\/howood.fr\/index.php\/produit\/pendule-artisanal-de-radiesthesie-en-bouleau-et-metal-dore-fait-main-royan-charente-maritime-divinatoire-radiesthesie-geobiologie-nouvelle-aquitaine\/","title":{"rendered":"Pendule artisanal de radiesth\u00e9sie en BOULEAU et m\u00e9tal dor\u00e9"},"content":{"rendered":"<p>Je suis un pendule tr\u00e8s particulier. Mon travail avec toi sera celui de quelqu\u2019un d\u2019exp\u00e9riment\u00e9. (pas pour les d\u00e9butant)\u00a0! Je pourrai t\u2019aider lorsqu\u2019il sera utile de d\u00e9gager des lieux par exemple.<span class=\"Apple-converted-space\">\u00a0<\/span><\/p>\n<p>Pendule t\u00e9moin ou de recherche, j\u2019ai de multiples capacit\u00e9s. Mon ouverture te permettra d\u2019ins\u00e9rer quelques grains de pierre, une huile essentielle, des herbes etc. suivant le travail \u00e0 accomplir. Tout comme mes partenaires Actarus et Alcor (vendus) nous faisons partie de la collection \u00ab\u00a0char d\u2019assaut\u00a0\u00bb ce qui en dit long sur notre travail. Je suis en bois de bouleau et je t\u2019attends pour me mettre au service des travaux qui nous attendent.<\/p>\n<p><b>Mesures \u00e0 quelques variables pr\u00e8s<span class=\"Apple-converted-space\">\u00a0<\/span><\/b><b><\/b><\/p>\n<ul>\n<li>Hauteur\u00a0: 13,3 cm<\/li>\n<li>Largeur\u00a0 maxi : 3 cm<\/li>\n<li>Poids\u00a0: 40,67 gr<\/li>\n<li>Cha\u00eenette\u00a0: corde en jute<\/li>\n<li>Finition\u00a0: Cire de Carnauba (cire extraite des feuilles de palmier carnauba)<\/li>\n<\/ul>\n<p><b>Livraison<\/b><b><\/b><\/p>\n<ul>\n<li>Frais de livraison offert pour un envoi en France M\u00e9tropolitaine (courrier suivi)<\/li>\n<\/ul>\n","protected":false},"excerpt":{"rendered":"<p>Je suis un pendule tr\u00e8s particulier. Mon travail avec toi sera celui de quelqu\u2019un d\u2019exp\u00e9riment\u00e9. (pas pour les d\u00e9butant)\u00a0! Je pourrai t\u2019aider lorsqu\u2019il sera utile de d\u00e9gager des lieux par exemple.\u00a0 Pendule t\u00e9moin ou de recherche, j\u2019ai de multiples capacit\u00e9s. Mon ouverture te permettra d\u2019ins\u00e9rer quelques grains de pierre, une huile essentielle, des herbes etc. [&hellip;]<\/p>\n","protected":false},"featured_media":504,"comment_status":"open","ping_status":"closed","template":"","meta":[],"product_brand":[],"product_cat":[44],"product_tag":[34,41,40,33],"class_list":{"0":"post-503","1":"product","2":"type-product","3":"status-publish","4":"has-post-thumbnail","6":"product_cat-vendu-pendule-stylo-bille-plume-bois-fait-main-royan","7":"product_tag-bois","8":"product_tag-bouleau","9":"product_tag-metal","10":"product_tag-pendule","11":"product_shipping_class-pendules-colliers-porte-cles-stylo-a-bille-stylo-a-plume","13":"first","14":"outofstock","15":"featured","16":"sold-individually","17":"product-type-simple"},"yoast_head":"<!-- This site is optimized with the Yoast SEO plugin v27.4 - https:\/\/yoast.com\/product\/yoast-seo-wordpress\/ -->\n<title>Pendule artisanal de radiesth\u00e9sie en BOULEAU et m\u00e9tal dor\u00e9 - HoWood<\/title>\n<meta name=\"description\" content=\"D\u00e9couvrez le pendule &quot;char d&#039;assaut&quot; : un alli\u00e9 puissant pour les praticiens exp\u00e9riment\u00e9s. D\u00e9gagement de lieux, recherche \u00e9nerg\u00e9tique...\" \/>\n<meta name=\"robots\" content=\"index, follow, max-snippet:-1, max-image-preview:large, max-video-preview:-1\" \/>\n<link rel=\"canonical\" href=\"https:\/\/howood.fr\/index.php\/produit\/pendule-artisanal-de-radiesthesie-en-bouleau-et-metal-dore-fait-main-royan-charente-maritime-divinatoire-radiesthesie-geobiologie-nouvelle-aquitaine\/\" \/>\n<meta property=\"og:locale\" content=\"fr_FR\" \/>\n<meta property=\"og:type\" content=\"article\" \/>\n<meta property=\"og:title\" content=\"Pendule artisanal de radiesth\u00e9sie en BOULEAU et m\u00e9tal dor\u00e9 - HoWood\" \/>\n<meta property=\"og:description\" content=\"D\u00e9couvrez le pendule &quot;char d&#039;assaut&quot; : un alli\u00e9 puissant pour les praticiens exp\u00e9riment\u00e9s. D\u00e9gagement de lieux, recherche \u00e9nerg\u00e9tique...\" \/>\n<meta property=\"og:url\" content=\"https:\/\/howood.fr\/index.php\/produit\/pendule-artisanal-de-radiesthesie-en-bouleau-et-metal-dore-fait-main-royan-charente-maritime-divinatoire-radiesthesie-geobiologie-nouvelle-aquitaine\/\" \/>\n<meta property=\"og:site_name\" content=\"HoWood\" \/>\n<meta property=\"article:modified_time\" content=\"2026-01-08T21:12:54+00:00\" \/>\n<meta property=\"og:image\" content=\"https:\/\/howood.fr\/wp-content\/uploads\/2024\/10\/1024.07-Bouleau-Metal-VENUSIA-1.jpg\" \/>\n\t<meta property=\"og:image:width\" content=\"1080\" \/>\n\t<meta property=\"og:image:height\" content=\"1080\" \/>\n\t<meta property=\"og:image:type\" content=\"image\/jpeg\" \/>\n<meta name=\"twitter:card\" content=\"summary_large_image\" \/>\n<meta name=\"twitter:label1\" content=\"Dur\u00e9e de lecture estim\u00e9e\" \/>\n\t<meta name=\"twitter:data1\" content=\"1 minute\" \/>\n<script type=\"application\/ld+json\" class=\"yoast-schema-graph\">{\"@context\":\"https:\\\/\\\/schema.org\",\"@graph\":[{\"@type\":\"WebPage\",\"@id\":\"https:\\\/\\\/howood.fr\\\/index.php\\\/produit\\\/pendule-artisanal-de-radiesthesie-en-bouleau-et-metal-dore-fait-main-royan-charente-maritime-divinatoire-radiesthesie-geobiologie-nouvelle-aquitaine\\\/\",\"url\":\"https:\\\/\\\/howood.fr\\\/index.php\\\/produit\\\/pendule-artisanal-de-radiesthesie-en-bouleau-et-metal-dore-fait-main-royan-charente-maritime-divinatoire-radiesthesie-geobiologie-nouvelle-aquitaine\\\/\",\"name\":\"Pendule artisanal de radiesth\u00e9sie en BOULEAU et m\u00e9tal dor\u00e9 - HoWood\",\"isPartOf\":{\"@id\":\"https:\\\/\\\/howood.fr\\\/#website\"},\"primaryImageOfPage\":{\"@id\":\"https:\\\/\\\/howood.fr\\\/index.php\\\/produit\\\/pendule-artisanal-de-radiesthesie-en-bouleau-et-metal-dore-fait-main-royan-charente-maritime-divinatoire-radiesthesie-geobiologie-nouvelle-aquitaine\\\/#primaryimage\"},\"image\":{\"@id\":\"https:\\\/\\\/howood.fr\\\/index.php\\\/produit\\\/pendule-artisanal-de-radiesthesie-en-bouleau-et-metal-dore-fait-main-royan-charente-maritime-divinatoire-radiesthesie-geobiologie-nouvelle-aquitaine\\\/#primaryimage\"},\"thumbnailUrl\":\"https:\\\/\\\/howood.fr\\\/wp-content\\\/uploads\\\/2024\\\/10\\\/1024.07-Bouleau-Metal-VENUSIA-1.jpg\",\"datePublished\":\"2024-10-30T15:32:14+00:00\",\"dateModified\":\"2026-01-08T21:12:54+00:00\",\"description\":\"D\u00e9couvrez le pendule \\\"char d'assaut\\\" : un alli\u00e9 puissant pour les praticiens exp\u00e9riment\u00e9s. D\u00e9gagement de lieux, recherche \u00e9nerg\u00e9tique...\",\"breadcrumb\":{\"@id\":\"https:\\\/\\\/howood.fr\\\/index.php\\\/produit\\\/pendule-artisanal-de-radiesthesie-en-bouleau-et-metal-dore-fait-main-royan-charente-maritime-divinatoire-radiesthesie-geobiologie-nouvelle-aquitaine\\\/#breadcrumb\"},\"inLanguage\":\"fr-FR\",\"potentialAction\":[{\"@type\":\"ReadAction\",\"target\":[\"https:\\\/\\\/howood.fr\\\/index.php\\\/produit\\\/pendule-artisanal-de-radiesthesie-en-bouleau-et-metal-dore-fait-main-royan-charente-maritime-divinatoire-radiesthesie-geobiologie-nouvelle-aquitaine\\\/\"]}]},{\"@type\":\"ImageObject\",\"inLanguage\":\"fr-FR\",\"@id\":\"https:\\\/\\\/howood.fr\\\/index.php\\\/produit\\\/pendule-artisanal-de-radiesthesie-en-bouleau-et-metal-dore-fait-main-royan-charente-maritime-divinatoire-radiesthesie-geobiologie-nouvelle-aquitaine\\\/#primaryimage\",\"url\":\"https:\\\/\\\/howood.fr\\\/wp-content\\\/uploads\\\/2024\\\/10\\\/1024.07-Bouleau-Metal-VENUSIA-1.jpg\",\"contentUrl\":\"https:\\\/\\\/howood.fr\\\/wp-content\\\/uploads\\\/2024\\\/10\\\/1024.07-Bouleau-Metal-VENUSIA-1.jpg\",\"width\":1080,\"height\":1080,\"caption\":\"Pendule artisanal de radiesth\u00e9sie en BOULEAU et m\u00e9tal dor\u00e9\"},{\"@type\":\"BreadcrumbList\",\"@id\":\"https:\\\/\\\/howood.fr\\\/index.php\\\/produit\\\/pendule-artisanal-de-radiesthesie-en-bouleau-et-metal-dore-fait-main-royan-charente-maritime-divinatoire-radiesthesie-geobiologie-nouvelle-aquitaine\\\/#breadcrumb\",\"itemListElement\":[{\"@type\":\"ListItem\",\"position\":1,\"name\":\"Accueil\",\"item\":\"https:\\\/\\\/howood.fr\\\/\"},{\"@type\":\"ListItem\",\"position\":2,\"name\":\"Produits\",\"item\":\"https:\\\/\\\/howood.fr\\\/index.php\\\/shop\\\/\"},{\"@type\":\"ListItem\",\"position\":3,\"name\":\"Pendule artisanal de radiesth\u00e9sie en BOULEAU et m\u00e9tal dor\u00e9\"}]},{\"@type\":\"WebSite\",\"@id\":\"https:\\\/\\\/howood.fr\\\/#website\",\"url\":\"https:\\\/\\\/howood.fr\\\/\",\"name\":\"HoWood\",\"description\":\"pendule de radiesth\u00e9sie Artisanal HoWood\",\"publisher\":{\"@id\":\"https:\\\/\\\/howood.fr\\\/#organization\"},\"potentialAction\":[{\"@type\":\"SearchAction\",\"target\":{\"@type\":\"EntryPoint\",\"urlTemplate\":\"https:\\\/\\\/howood.fr\\\/?s={search_term_string}\"},\"query-input\":{\"@type\":\"PropertyValueSpecification\",\"valueRequired\":true,\"valueName\":\"search_term_string\"}}],\"inLanguage\":\"fr-FR\"},{\"@type\":\"Organization\",\"@id\":\"https:\\\/\\\/howood.fr\\\/#organization\",\"name\":\"HoWood\",\"url\":\"https:\\\/\\\/howood.fr\\\/\",\"logo\":{\"@type\":\"ImageObject\",\"inLanguage\":\"fr-FR\",\"@id\":\"https:\\\/\\\/howood.fr\\\/#\\\/schema\\\/logo\\\/image\\\/\",\"url\":\"https:\\\/\\\/howood.fr\\\/wp-content\\\/uploads\\\/2024\\\/10\\\/logo-HW-150.webp\",\"contentUrl\":\"https:\\\/\\\/howood.fr\\\/wp-content\\\/uploads\\\/2024\\\/10\\\/logo-HW-150.webp\",\"width\":150,\"height\":150,\"caption\":\"HoWood\"},\"image\":{\"@id\":\"https:\\\/\\\/howood.fr\\\/#\\\/schema\\\/logo\\\/image\\\/\"}}]}<\/script>\n<!-- \/ Yoast SEO plugin. -->","yoast_head_json":{"title":"Pendule artisanal de radiesth\u00e9sie en BOULEAU et m\u00e9tal dor\u00e9 - HoWood","description":"D\u00e9couvrez le pendule \"char d'assaut\" : un alli\u00e9 puissant pour les praticiens exp\u00e9riment\u00e9s. D\u00e9gagement de lieux, recherche \u00e9nerg\u00e9tique...","robots":{"index":"index","follow":"follow","max-snippet":"max-snippet:-1","max-image-preview":"max-image-preview:large","max-video-preview":"max-video-preview:-1"},"canonical":"https:\/\/howood.fr\/index.php\/produit\/pendule-artisanal-de-radiesthesie-en-bouleau-et-metal-dore-fait-main-royan-charente-maritime-divinatoire-radiesthesie-geobiologie-nouvelle-aquitaine\/","og_locale":"fr_FR","og_type":"article","og_title":"Pendule artisanal de radiesth\u00e9sie en BOULEAU et m\u00e9tal dor\u00e9 - HoWood","og_description":"D\u00e9couvrez le pendule \"char d'assaut\" : un alli\u00e9 puissant pour les praticiens exp\u00e9riment\u00e9s. D\u00e9gagement de lieux, recherche \u00e9nerg\u00e9tique...","og_url":"https:\/\/howood.fr\/index.php\/produit\/pendule-artisanal-de-radiesthesie-en-bouleau-et-metal-dore-fait-main-royan-charente-maritime-divinatoire-radiesthesie-geobiologie-nouvelle-aquitaine\/","og_site_name":"HoWood","article_modified_time":"2026-01-08T21:12:54+00:00","og_image":[{"width":1080,"height":1080,"url":"https:\/\/howood.fr\/wp-content\/uploads\/2024\/10\/1024.07-Bouleau-Metal-VENUSIA-1.jpg","type":"image\/jpeg"}],"twitter_card":"summary_large_image","twitter_misc":{"Dur\u00e9e de lecture estim\u00e9e":"1 minute"},"schema":{"@context":"https:\/\/schema.org","@graph":[{"@type":"WebPage","@id":"https:\/\/howood.fr\/index.php\/produit\/pendule-artisanal-de-radiesthesie-en-bouleau-et-metal-dore-fait-main-royan-charente-maritime-divinatoire-radiesthesie-geobiologie-nouvelle-aquitaine\/","url":"https:\/\/howood.fr\/index.php\/produit\/pendule-artisanal-de-radiesthesie-en-bouleau-et-metal-dore-fait-main-royan-charente-maritime-divinatoire-radiesthesie-geobiologie-nouvelle-aquitaine\/","name":"Pendule artisanal de radiesth\u00e9sie en BOULEAU et m\u00e9tal dor\u00e9 - HoWood","isPartOf":{"@id":"https:\/\/howood.fr\/#website"},"primaryImageOfPage":{"@id":"https:\/\/howood.fr\/index.php\/produit\/pendule-artisanal-de-radiesthesie-en-bouleau-et-metal-dore-fait-main-royan-charente-maritime-divinatoire-radiesthesie-geobiologie-nouvelle-aquitaine\/#primaryimage"},"image":{"@id":"https:\/\/howood.fr\/index.php\/produit\/pendule-artisanal-de-radiesthesie-en-bouleau-et-metal-dore-fait-main-royan-charente-maritime-divinatoire-radiesthesie-geobiologie-nouvelle-aquitaine\/#primaryimage"},"thumbnailUrl":"https:\/\/howood.fr\/wp-content\/uploads\/2024\/10\/1024.07-Bouleau-Metal-VENUSIA-1.jpg","datePublished":"2024-10-30T15:32:14+00:00","dateModified":"2026-01-08T21:12:54+00:00","description":"D\u00e9couvrez le pendule \"char d'assaut\" : un alli\u00e9 puissant pour les praticiens exp\u00e9riment\u00e9s. D\u00e9gagement de lieux, recherche \u00e9nerg\u00e9tique...","breadcrumb":{"@id":"https:\/\/howood.fr\/index.php\/produit\/pendule-artisanal-de-radiesthesie-en-bouleau-et-metal-dore-fait-main-royan-charente-maritime-divinatoire-radiesthesie-geobiologie-nouvelle-aquitaine\/#breadcrumb"},"inLanguage":"fr-FR","potentialAction":[{"@type":"ReadAction","target":["https:\/\/howood.fr\/index.php\/produit\/pendule-artisanal-de-radiesthesie-en-bouleau-et-metal-dore-fait-main-royan-charente-maritime-divinatoire-radiesthesie-geobiologie-nouvelle-aquitaine\/"]}]},{"@type":"ImageObject","inLanguage":"fr-FR","@id":"https:\/\/howood.fr\/index.php\/produit\/pendule-artisanal-de-radiesthesie-en-bouleau-et-metal-dore-fait-main-royan-charente-maritime-divinatoire-radiesthesie-geobiologie-nouvelle-aquitaine\/#primaryimage","url":"https:\/\/howood.fr\/wp-content\/uploads\/2024\/10\/1024.07-Bouleau-Metal-VENUSIA-1.jpg","contentUrl":"https:\/\/howood.fr\/wp-content\/uploads\/2024\/10\/1024.07-Bouleau-Metal-VENUSIA-1.jpg","width":1080,"height":1080,"caption":"Pendule artisanal de radiesth\u00e9sie en BOULEAU et m\u00e9tal dor\u00e9"},{"@type":"BreadcrumbList","@id":"https:\/\/howood.fr\/index.php\/produit\/pendule-artisanal-de-radiesthesie-en-bouleau-et-metal-dore-fait-main-royan-charente-maritime-divinatoire-radiesthesie-geobiologie-nouvelle-aquitaine\/#breadcrumb","itemListElement":[{"@type":"ListItem","position":1,"name":"Accueil","item":"https:\/\/howood.fr\/"},{"@type":"ListItem","position":2,"name":"Produits","item":"https:\/\/howood.fr\/index.php\/shop\/"},{"@type":"ListItem","position":3,"name":"Pendule artisanal de radiesth\u00e9sie en BOULEAU et m\u00e9tal dor\u00e9"}]},{"@type":"WebSite","@id":"https:\/\/howood.fr\/#website","url":"https:\/\/howood.fr\/","name":"HoWood","description":"pendule de radiesth\u00e9sie Artisanal HoWood","publisher":{"@id":"https:\/\/howood.fr\/#organization"},"potentialAction":[{"@type":"SearchAction","target":{"@type":"EntryPoint","urlTemplate":"https:\/\/howood.fr\/?s={search_term_string}"},"query-input":{"@type":"PropertyValueSpecification","valueRequired":true,"valueName":"search_term_string"}}],"inLanguage":"fr-FR"},{"@type":"Organization","@id":"https:\/\/howood.fr\/#organization","name":"HoWood","url":"https:\/\/howood.fr\/","logo":{"@type":"ImageObject","inLanguage":"fr-FR","@id":"https:\/\/howood.fr\/#\/schema\/logo\/image\/","url":"https:\/\/howood.fr\/wp-content\/uploads\/2024\/10\/logo-HW-150.webp","contentUrl":"https:\/\/howood.fr\/wp-content\/uploads\/2024\/10\/logo-HW-150.webp","width":150,"height":150,"caption":"HoWood"},"image":{"@id":"https:\/\/howood.fr\/#\/schema\/logo\/image\/"}}]}},"_links":{"self":[{"href":"https:\/\/howood.fr\/index.php\/wp-json\/wp\/v2\/product\/503","targetHints":{"allow":["GET"]}}],"collection":[{"href":"https:\/\/howood.fr\/index.php\/wp-json\/wp\/v2\/product"}],"about":[{"href":"https:\/\/howood.fr\/index.php\/wp-json\/wp\/v2\/types\/product"}],"replies":[{"embeddable":true,"href":"https:\/\/howood.fr\/index.php\/wp-json\/wp\/v2\/comments?post=503"}],"version-history":[{"count":1,"href":"https:\/\/howood.fr\/index.php\/wp-json\/wp\/v2\/product\/503\/revisions"}],"predecessor-version":[{"id":511,"href":"https:\/\/howood.fr\/index.php\/wp-json\/wp\/v2\/product\/503\/revisions\/511"}],"wp:featuredmedia":[{"embeddable":true,"href":"https:\/\/howood.fr\/index.php\/wp-json\/wp\/v2\/media\/504"}],"wp:attachment":[{"href":"https:\/\/howood.fr\/index.php\/wp-json\/wp\/v2\/media?parent=503"}],"wp:term":[{"taxonomy":"product_brand","embeddable":true,"href":"https:\/\/howood.fr\/index.php\/wp-json\/wp\/v2\/product_brand?post=503"},{"taxonomy":"product_cat","embeddable":true,"href":"https:\/\/howood.fr\/index.php\/wp-json\/wp\/v2\/product_cat?post=503"},{"taxonomy":"product_tag","embeddable":true,"href":"https:\/\/howood.fr\/index.php\/wp-json\/wp\/v2\/product_tag?post=503"}],"curies":[{"name":"wp","href":"https:\/\/api.w.org\/{rel}","templated":true}]}}